{"id":16170,"date":"2023-09-01T11:35:37","date_gmt":"2023-09-01T11:35:37","guid":{"rendered":"https:\/\/procleanroom.com\/?page_id=16170"},"modified":"2025-06-02T11:37:52","modified_gmt":"2025-06-02T11:37:52","slug":"reinraume","status":"publish","type":"page","link":"https:\/\/procleanroom.com\/de\/reinraume\/","title":{"rendered":"REINR\u00c4UME"},"content":{"rendered":"<section class=\"l-section wpb_row height_medium\"><div class=\"l-section-h i-cf\"><div class=\"g-cols type_default\"><div class=\"vc_col-sm-12 wpb_column vc_column_container\"><div class=\"vc_column-inner\"><div class=\"wpb_wrapper\"><div class=\"g-cols wpb_row type_default vc_inner \"><div class=\"vc_col-sm-12 wpb_column vc_column_container\"><div class=\"vc_column-inner\"><div class=\"wpb_wrapper\"><div class=\"w-image\"><div class=\"us-frame\"><img loading=\"lazy\" decoding=\"async\" width=\"798\" height=\"350\" src=\"https:\/\/procleanroom.com\/wp-content\/uploads\/2016\/12\/1.jpg\" class=\"attachment-full size-full\" alt=\"Producten verpakken in cleanrooms\" srcset=\"https:\/\/procleanroom.com\/wp-content\/uploads\/2016\/12\/1.jpg 798w, https:\/\/procleanroom.com\/wp-content\/uploads\/2016\/12\/1-300x132.jpg 300w, https:\/\/procleanroom.com\/wp-content\/uploads\/2016\/12\/1-600x263.jpg 600w, https:\/\/procleanroom.com\/wp-content\/uploads\/2016\/12\/1-150x66.jpg 150w\" sizes=\"auto, (max-width: 798px) 100vw, 798px\" \/><\/div><\/div><div class=\"wpb_text_column \"><div class=\"wpb_wrapper\">\n<h2>ProCleanroom: der Experte f\u00fcr Kontaminationsfragen.<\/h2>\n<p>Erweitern Sie Ihre Expertise mit einem energieeffizienten Reinraum von ProCleanroom. Ihr Partner f\u00fcr kritische Umgebungen, die den Gesetzen und Vorschriften in Ihrer Branche entsprechen. Dank seiner langj\u00e4hrigen Erfahrung und seines Know-hows garantiert ProCleanroom nicht nur eine ultra-saubere Arbeitsumgebung, sondern durch den Einsatz der energieeffizientesten Komponenten und Konzepte auch die niedrigsten Betriebskosten f\u00fcr Ihren Reinraum. Sie k\u00f6nnen sich also auf ma\u00dfgeschneiderte Qualit\u00e4t zum besten Preis verlassen.<\/p>\n<p><strong>Die Reinr\u00e4ume von ProCleanroom:<\/strong><\/p>\n<ul>\n<li>Verschiedene Konzepte &#8211; immer perfekt auf Ihre Bed\u00fcrfnisse abgestimmt<\/li>\n<li>Standardl\u00f6sungen mit kurzer Vorlaufzeit oder extrem hochwertige Ma\u00dfanfertigungen, f\u00fcr die anspruchsvollsten Anwendungen<\/li>\n<li>Umfassende volldigitale Steuerung \u00fcber HMI oder einfache effektive Steuerung<\/li>\n<li>Niedrigste Betriebskosten auf dem Markt<\/li>\n<li>Unerreichte Effizienz und funktionelles Design<\/li>\n<li>In \u00dcbereinstimmung mit der internationalen Reinraumnorm ISO14644-1\/3<\/li>\n<\/ul>\n<\/div> <\/div> <div class=\"w-separator type_invisible size_medium thick_1 style_solid color_border cont_none\"><span class=\"w-separator-h\"><\/span><\/div><div class=\"wpb_text_column \"><div class=\"wpb_wrapper\">\n<h4><strong>Vergleichsmatrix<\/strong><\/h4>\n<\/div> <\/div> <div class=\"w-image\"><div class=\"us-frame\"><img loading=\"lazy\" decoding=\"async\" width=\"859\" height=\"572\" src=\"https:\/\/procleanroom.com\/wp-content\/uploads\/2023\/08\/ProCleanroom-vergelijkingsmatrix-DE.jpg\" class=\"attachment-large size-large\" alt=\"\" srcset=\"https:\/\/procleanroom.com\/wp-content\/uploads\/2023\/08\/ProCleanroom-vergelijkingsmatrix-DE.jpg 859w, https:\/\/procleanroom.com\/wp-content\/uploads\/2023\/08\/ProCleanroom-vergelijkingsmatrix-DE-300x200.jpg 300w, https:\/\/procleanroom.com\/wp-content\/uploads\/2023\/08\/ProCleanroom-vergelijkingsmatrix-DE-768x511.jpg 768w, https:\/\/procleanroom.com\/wp-content\/uploads\/2023\/08\/ProCleanroom-vergelijkingsmatrix-DE-600x400.jpg 600w, https:\/\/procleanroom.com\/wp-content\/uploads\/2023\/08\/ProCleanroom-vergelijkingsmatrix-DE-526x350.jpg 526w\" sizes=\"auto, (max-width: 859px) 100vw, 859px\" \/><\/div><\/div><\/div><\/div><\/div><\/div><div class=\"g-cols wpb_row type_default vc_inner \"><div class=\"vc_col-sm-3 wpb_column vc_column_container\"><div class=\"vc_column-inner\"><div class=\"wpb_wrapper\"><\/div><\/div><\/div><div class=\"vc_col-sm-3 wpb_column vc_column_container\"><div class=\"vc_column-inner\"><div class=\"wpb_wrapper\"><div class=\"w-btn-wrapper align_left\"><a class=\"w-btn style_solid color_primary icon_none Matrixbutton\" href=\"https:\/\/procleanroom.com\/de\/reinraume\/modulare-reinraume\/softwall-reinraume\/\"><span class=\"w-btn-label\">Softwall<\/span><\/a><\/div><\/div><\/div><\/div><div class=\"vc_col-sm-3 wpb_column vc_column_container\"><div class=\"vc_column-inner\"><div class=\"wpb_wrapper\"><div class=\"w-btn-wrapper align_left\"><a class=\"w-btn style_solid color_primary icon_none Matrixbutton\" href=\"https:\/\/procleanroom.com\/de\/reinraume\/modulare-reinraume\/hardwall-reinraume\/\"><span class=\"w-btn-label\">Hardwall<\/span><\/a><\/div><\/div><\/div><\/div><div class=\"vc_col-sm-3 wpb_column vc_column_container\"><div class=\"vc_column-inner\"><div class=\"wpb_wrapper\"><div class=\"w-btn-wrapper align_left\"><a class=\"w-btn style_solid color_primary icon_none Matrixbutton\" href=\"https:\/\/procleanroom.com\/de\/reinraume\/panelbloc-reinraume\/\"><span class=\"w-btn-label\">PanelBloc<\/span><\/a><\/div><\/div><\/div><\/div><\/div><div class=\"w-separator type_invisible size_medium thick_1 style_solid color_border cont_none\"><span class=\"w-separator-h\"><\/span><\/div><div class=\"g-cols wpb_row type_default vc_inner \"><div class=\"vc_col-sm-12 wpb_column vc_column_container\"><div class=\"vc_column-inner\"><div class=\"wpb_wrapper\"><div class=\"wpb_text_column \"><div class=\"wpb_wrapper\"><p>Werfen Sie einen Blick auf die Fallstudien von ProCleanroom und lesen Sie \u00fcber die erfolgreiche Zusammenarbeit mit vielen Organisationen in den Beneluxl\u00e4ndern und Europa. Die M\u00f6glichkeiten f\u00fcr Reinr\u00e4ume sind vielf\u00e4ltig. ProCleanroom bietet f\u00fcr jede Branche und Situation die beste L\u00f6sung.<\/p>\n<p><strong>ProCleanroom: Build your expertise.<\/strong><\/p><\/div> <\/div> <\/div><\/div><\/div><\/div><div class=\"g-cols wpb_row type_default vc_inner \"><div class=\"vc_col-sm-12 wpb_column vc_column_container\"><div class=\"vc_column-inner\"><div class=\"wpb_wrapper\"><div class=\"w-separator type_invisible size_small thick_1 style_solid color_border cont_none\"><span class=\"w-separator-h\"><\/span><\/div><div class=\"w-actionbox color_primary controls_right\"><div class=\"w-actionbox-text\"><h2>M\u00f6chten Sie mehr erfahren?<\/h2><\/div><div class=\"w-actionbox-controls\"><a class=\"w-btn color_white style_outlined icon_none\" href=\"https:\/\/procleanroom.com\/de\/kontakt\/\"><span class=\"w-btn-label\">INFORMATIONSANFRAGE<\/span><\/a><\/div><\/div><div class=\"w-separator type_invisible size_medium thick_1 style_solid color_border cont_none\"><span class=\"w-separator-h\"><\/span><\/div><div class=\"wpb_text_column \"><div class=\"wpb_wrapper\">\n<h3>Fallstudien<\/h3>\n<\/div> <\/div> \t<div class=\"w-portfolio style_18 cols_3 align_center ratio_1x1 with_indents\">\t<div class=\"w-portfolio-list\"><div class=\"w-portfolio-item feinmechanik panelbloc-de size_1x1\" data-id=\"15809\" data-categories=\"feinmechanik,panelbloc-de\">\n\t<a class=\"w-portfolio-item-anchor\" href=\"https:\/\/procleanroom.com\/de\/portfolio\/hardwall-reinraum-metalnet-precision-components\/\">\n\t\t<div class=\"w-portfolio-item-image\" style=\"background-image: url(https:\/\/procleanroom.com\/wp-content\/uploads\/2021\/01\/ProCleanroom-Metalnet-ISO-klasse6-cleanroom-wire-frame-tumbnail-600x507.jpg)\">\n\t\t\t<img loading=\"lazy\" decoding=\"async\" src=\"https:\/\/procleanroom.com\/wp-content\/uploads\/2021\/01\/ProCleanroom-Metalnet-ISO-klasse6-cleanroom-wire-frame-tumbnail-600x507.jpg\" width=\"600\" height=\"507\" alt=\"HARDWALL-REINRAUM \u2013 METALNET PRECISION COMPONENTS\" \/>\t\t<\/div>\n\t\t\t\t\t\t\t<div class=\"w-portfolio-item-meta\">\n\t\t\t\t<div class=\"w-portfolio-item-meta-h\">\n\t\t\t\t\t<h2 class=\"w-portfolio-item-title\">HARDWALL-REINRAUM \u2013 METALNET PRECISION COMPONENTS<\/h2>\t\t\t\t\t<span class=\"w-portfolio-item-arrow\"><\/span>\n\t\t\t\t<\/div>\n\t\t\t<\/div>\n\t\t\t<\/a>\n<\/div>\n<div class=\"w-portfolio-item elektronik maschinenbau softwall-de size_1x1\" data-id=\"15636\" data-categories=\"elektronik,maschinenbau,softwall-de\">\n\t<a class=\"w-portfolio-item-anchor\" href=\"https:\/\/procleanroom.com\/de\/portfolio\/softwall-reinraum-vdl-etg\/\">\n\t\t<div class=\"w-portfolio-item-image\" style=\"background-image: url(https:\/\/procleanroom.com\/wp-content\/uploads\/2021\/12\/1000m2-softwall-cleanroom-ISO-7-Wireframe-1.jpg)\">\n\t\t\t<img loading=\"lazy\" decoding=\"async\" src=\"https:\/\/procleanroom.com\/wp-content\/uploads\/2021\/12\/1000m2-softwall-cleanroom-ISO-7-Wireframe-1.jpg\" width=\"600\" height=\"480\" alt=\"SOFTWALL-REINRAUM \u2013 VDL ETG\" \/>\t\t<\/div>\n\t\t\t\t\t\t\t<div class=\"w-portfolio-item-meta\">\n\t\t\t\t<div class=\"w-portfolio-item-meta-h\">\n\t\t\t\t\t<h2 class=\"w-portfolio-item-title\">SOFTWALL-REINRAUM \u2013 VDL ETG<\/h2>\t\t\t\t\t<span class=\"w-portfolio-item-arrow\"><\/span>\n\t\t\t\t<\/div>\n\t\t\t<\/div>\n\t\t\t<\/a>\n<\/div>\n<div class=\"w-portfolio-item hardwall-de lebensmittelindustrie size_1x1\" data-id=\"15732\" data-categories=\"hardwall-de,lebensmittelindustrie\">\n\t<a class=\"w-portfolio-item-anchor\" href=\"https:\/\/procleanroom.com\/de\/portfolio\/hardwall-reinraum-e-liquid\/\" style=\"background-color: #1e73be;color: #ffffff;\">\n\t\t<div class=\"w-portfolio-item-image\" style=\"background-image: url(https:\/\/procleanroom.com\/wp-content\/uploads\/2016\/12\/Modulaire-hardwall-cleanroom-1-featured.jpg)\">\n\t\t\t<img loading=\"lazy\" decoding=\"async\" src=\"https:\/\/procleanroom.com\/wp-content\/uploads\/2016\/12\/Modulaire-hardwall-cleanroom-1-featured.jpg\" width=\"547\" height=\"438\" alt=\"HARDWALL-REINRAUM \u2013 E-LIQUID\" \/>\t\t<\/div>\n\t\t\t\t\t\t\t<div class=\"w-portfolio-item-meta\">\n\t\t\t\t<div class=\"w-portfolio-item-meta-h\">\n\t\t\t\t\t<h2 class=\"w-portfolio-item-title\">HARDWALL-REINRAUM \u2013 E-LIQUID<\/h2>\t\t\t\t\t<span class=\"w-portfolio-item-arrow\"><\/span>\n\t\t\t\t<\/div>\n\t\t\t<\/div>\n\t\t\t<\/a>\n<\/div>\n<\/div><\/div><div class=\"w-logos style_2 with_indents type_carousel cols_4\" data-items=\"4\" data-autoplay=\"1\" data-timeout=\"3000\" data-nav=\"0\" data-dots=\"0\"><div class=\"w-logos-item\"><img loading=\"lazy\" decoding=\"async\" width=\"300\" height=\"300\" src=\"https:\/\/procleanroom.com\/wp-content\/uploads\/2015\/07\/ASML2-300x300.png\" class=\"attachment-medium size-medium\" alt=\"\" srcset=\"https:\/\/procleanroom.com\/wp-content\/uploads\/2015\/07\/ASML2-300x300.png 300w, https:\/\/procleanroom.com\/wp-content\/uploads\/2015\/07\/ASML2-150x150.png 150w, https:\/\/procleanroom.com\/wp-content\/uploads\/2015\/07\/ASML2-350x350.png 350w, https:\/\/procleanroom.com\/wp-content\/uploads\/2015\/07\/ASML2-200x200.png 200w, https:\/\/procleanroom.com\/wp-content\/uploads\/2015\/07\/ASML2.png 500w\" sizes=\"auto, (max-width: 300px) 100vw, 300px\" \/><\/div><div class=\"w-logos-item\"><img loading=\"lazy\" decoding=\"async\" width=\"300\" height=\"300\" src=\"https:\/\/procleanroom.com\/wp-content\/uploads\/2023\/04\/logo-anvil-300x300.png\" class=\"attachment-medium size-medium\" alt=\"\" srcset=\"https:\/\/procleanroom.com\/wp-content\/uploads\/2023\/04\/logo-anvil-300x300.png 300w, https:\/\/procleanroom.com\/wp-content\/uploads\/2023\/04\/logo-anvil-150x150.png 150w, https:\/\/procleanroom.com\/wp-content\/uploads\/2023\/04\/logo-anvil-600x600.png 600w, https:\/\/procleanroom.com\/wp-content\/uploads\/2023\/04\/logo-anvil-350x350.png 350w, https:\/\/procleanroom.com\/wp-content\/uploads\/2023\/04\/logo-anvil.png 700w\" sizes=\"auto, (max-width: 300px) 100vw, 300px\" \/><\/div><div class=\"w-logos-item\"><img loading=\"lazy\" decoding=\"async\" width=\"150\" height=\"150\" src=\"https:\/\/procleanroom.com\/wp-content\/uploads\/2023\/04\/VDL-groep-logo.png\" class=\"attachment-medium size-medium\" alt=\"\" \/><\/div><div class=\"w-logos-item\"><img loading=\"lazy\" decoding=\"async\" width=\"150\" height=\"150\" src=\"https:\/\/procleanroom.com\/wp-content\/uploads\/2023\/04\/NTS-group-logo.png\" class=\"attachment-medium size-medium\" alt=\"\" \/><\/div><div class=\"w-logos-item\"><img loading=\"lazy\" decoding=\"async\" width=\"150\" height=\"150\" src=\"https:\/\/procleanroom.com\/wp-content\/uploads\/2023\/04\/Faes-group-logo-1.png\" class=\"attachment-medium size-medium\" alt=\"\" \/><\/div><div class=\"w-logos-item\"><img loading=\"lazy\" decoding=\"async\" width=\"300\" height=\"300\" src=\"https:\/\/procleanroom.com\/wp-content\/uploads\/2015\/07\/Philips_logo_neu-300x300.png\" class=\"attachment-medium size-medium\" alt=\"\" srcset=\"https:\/\/procleanroom.com\/wp-content\/uploads\/2015\/07\/Philips_logo_neu-300x300.png 300w, https:\/\/procleanroom.com\/wp-content\/uploads\/2015\/07\/Philips_logo_neu-150x150.png 150w, https:\/\/procleanroom.com\/wp-content\/uploads\/2015\/07\/Philips_logo_neu-350x350.png 350w, https:\/\/procleanroom.com\/wp-content\/uploads\/2015\/07\/Philips_logo_neu-200x200.png 200w, https:\/\/procleanroom.com\/wp-content\/uploads\/2015\/07\/Philips_logo_neu.png 500w\" sizes=\"auto, (max-width: 300px) 100vw, 300px\" \/><\/div><div class=\"w-logos-item\"><img loading=\"lazy\" decoding=\"async\" width=\"150\" height=\"150\" src=\"https:\/\/procleanroom.com\/wp-content\/uploads\/2023\/04\/Sioux-technologies-logo-1.png\" class=\"attachment-medium size-medium\" alt=\"\" \/><\/div><div class=\"w-logos-item\"><img loading=\"lazy\" decoding=\"async\" width=\"300\" height=\"300\" src=\"https:\/\/procleanroom.com\/wp-content\/uploads\/2015\/07\/Thales1-300x300.png\" class=\"attachment-medium size-medium\" alt=\"\" srcset=\"https:\/\/procleanroom.com\/wp-content\/uploads\/2015\/07\/Thales1-300x300.png 300w, https:\/\/procleanroom.com\/wp-content\/uploads\/2015\/07\/Thales1-150x150.png 150w, https:\/\/procleanroom.com\/wp-content\/uploads\/2015\/07\/Thales1-350x350.png 350w, https:\/\/procleanroom.com\/wp-content\/uploads\/2015\/07\/Thales1-200x200.png 200w, https:\/\/procleanroom.com\/wp-content\/uploads\/2015\/07\/Thales1.png 500w\" sizes=\"auto, (max-width: 300px) 100vw, 300px\" \/><\/div><div class=\"w-logos-item\"><img loading=\"lazy\" decoding=\"async\" width=\"300\" height=\"300\" src=\"https:\/\/procleanroom.com\/wp-content\/uploads\/2015\/07\/kmarine1-300x300.png\" class=\"attachment-medium size-medium\" alt=\"\" srcset=\"https:\/\/procleanroom.com\/wp-content\/uploads\/2015\/07\/kmarine1-300x300.png 300w, https:\/\/procleanroom.com\/wp-content\/uploads\/2015\/07\/kmarine1-150x150.png 150w, https:\/\/procleanroom.com\/wp-content\/uploads\/2015\/07\/kmarine1-350x350.png 350w, https:\/\/procleanroom.com\/wp-content\/uploads\/2015\/07\/kmarine1-200x200.png 200w, https:\/\/procleanroom.com\/wp-content\/uploads\/2015\/07\/kmarine1.png 521w\" sizes=\"auto, (max-width: 300px) 100vw, 300px\" \/><\/div><div class=\"w-logos-item\"><img loading=\"lazy\" decoding=\"async\" width=\"300\" height=\"300\" src=\"https:\/\/procleanroom.com\/wp-content\/uploads\/2015\/07\/Syncreon1-300x300.png\" class=\"attachment-medium size-medium\" alt=\"\" srcset=\"https:\/\/procleanroom.com\/wp-content\/uploads\/2015\/07\/Syncreon1-300x300.png 300w, https:\/\/procleanroom.com\/wp-content\/uploads\/2015\/07\/Syncreon1-150x150.png 150w, https:\/\/procleanroom.com\/wp-content\/uploads\/2015\/07\/Syncreon1-350x350.png 350w, https:\/\/procleanroom.com\/wp-content\/uploads\/2015\/07\/Syncreon1-200x200.png 200w, https:\/\/procleanroom.com\/wp-content\/uploads\/2015\/07\/Syncreon1.png 500w\" sizes=\"auto, (max-width: 300px) 100vw, 300px\" \/><\/div><div class=\"w-logos-item\"><img loading=\"lazy\" decoding=\"async\" width=\"300\" height=\"300\" src=\"https:\/\/procleanroom.com\/wp-content\/uploads\/2015\/07\/logo-300x300.png\" class=\"attachment-medium size-medium\" alt=\"\" srcset=\"https:\/\/procleanroom.com\/wp-content\/uploads\/2015\/07\/logo-300x300.png 300w, https:\/\/procleanroom.com\/wp-content\/uploads\/2015\/07\/logo-150x150.png 150w, https:\/\/procleanroom.com\/wp-content\/uploads\/2015\/07\/logo-350x350.png 350w, https:\/\/procleanroom.com\/wp-content\/uploads\/2015\/07\/logo-200x200.png 200w, https:\/\/procleanroom.com\/wp-content\/uploads\/2015\/07\/logo.png 500w\" sizes=\"auto, (max-width: 300px) 100vw, 300px\" \/><\/div><div class=\"w-logos-item\"><img loading=\"lazy\" decoding=\"async\" width=\"300\" height=\"300\" src=\"https:\/\/procleanroom.com\/wp-content\/uploads\/2015\/07\/Neways1-300x300.png\" class=\"attachment-medium size-medium\" alt=\"\" srcset=\"https:\/\/procleanroom.com\/wp-content\/uploads\/2015\/07\/Neways1-300x300.png 300w, https:\/\/procleanroom.com\/wp-content\/uploads\/2015\/07\/Neways1-150x150.png 150w, https:\/\/procleanroom.com\/wp-content\/uploads\/2015\/07\/Neways1-350x350.png 350w, https:\/\/procleanroom.com\/wp-content\/uploads\/2015\/07\/Neways1-200x200.png 200w, https:\/\/procleanroom.com\/wp-content\/uploads\/2015\/07\/Neways1.png 500w\" sizes=\"auto, (max-width: 300px) 100vw, 300px\" \/><\/div><div class=\"w-logos-item\"><img loading=\"lazy\" decoding=\"async\" width=\"300\" height=\"300\" src=\"https:\/\/procleanroom.com\/wp-content\/uploads\/2015\/07\/Molnlycke1-300x300.png\" class=\"attachment-medium size-medium\" alt=\"\" srcset=\"https:\/\/procleanroom.com\/wp-content\/uploads\/2015\/07\/Molnlycke1-300x300.png 300w, https:\/\/procleanroom.com\/wp-content\/uploads\/2015\/07\/Molnlycke1-150x150.png 150w, https:\/\/procleanroom.com\/wp-content\/uploads\/2015\/07\/Molnlycke1-350x350.png 350w, https:\/\/procleanroom.com\/wp-content\/uploads\/2015\/07\/Molnlycke1-200x200.png 200w, https:\/\/procleanroom.com\/wp-content\/uploads\/2015\/07\/Molnlycke1.png 500w\" sizes=\"auto, (max-width: 300px) 100vw, 300px\" \/><\/div><div class=\"w-logos-item\"><img loading=\"lazy\" decoding=\"async\" width=\"300\" height=\"300\" src=\"https:\/\/procleanroom.com\/wp-content\/uploads\/2015\/07\/Medisize1-300x300.png\" class=\"attachment-medium size-medium\" alt=\"\" srcset=\"https:\/\/procleanroom.com\/wp-content\/uploads\/2015\/07\/Medisize1-300x300.png 300w, https:\/\/procleanroom.com\/wp-content\/uploads\/2015\/07\/Medisize1-150x150.png 150w, https:\/\/procleanroom.com\/wp-content\/uploads\/2015\/07\/Medisize1-350x350.png 350w, https:\/\/procleanroom.com\/wp-content\/uploads\/2015\/07\/Medisize1-200x200.png 200w, https:\/\/procleanroom.com\/wp-content\/uploads\/2015\/07\/Medisize1.png 500w\" sizes=\"auto, (max-width: 300px) 100vw, 300px\" \/><\/div><div class=\"w-logos-item\"><img loading=\"lazy\" decoding=\"async\" width=\"300\" height=\"300\" src=\"https:\/\/procleanroom.com\/wp-content\/uploads\/2015\/07\/KONI1-300x300.png\" class=\"attachment-medium size-medium\" alt=\"\" srcset=\"https:\/\/procleanroom.com\/wp-content\/uploads\/2015\/07\/KONI1-300x300.png 300w, https:\/\/procleanroom.com\/wp-content\/uploads\/2015\/07\/KONI1-150x150.png 150w, https:\/\/procleanroom.com\/wp-content\/uploads\/2015\/07\/KONI1-600x600.png 600w, https:\/\/procleanroom.com\/wp-content\/uploads\/2015\/07\/KONI1-350x350.png 350w, https:\/\/procleanroom.com\/wp-content\/uploads\/2015\/07\/KONI1-200x200.png 200w, https:\/\/procleanroom.com\/wp-content\/uploads\/2015\/07\/KONI1.png 715w\" sizes=\"auto, (max-width: 300px) 100vw, 300px\" \/><\/div><div class=\"w-logos-item\"><img loading=\"lazy\" decoding=\"async\" width=\"300\" height=\"300\" src=\"https:\/\/procleanroom.com\/wp-content\/uploads\/2015\/07\/Flextronics1-300x300.png\" class=\"attachment-medium size-medium\" alt=\"\" srcset=\"https:\/\/procleanroom.com\/wp-content\/uploads\/2015\/07\/Flextronics1-300x300.png 300w, https:\/\/procleanroom.com\/wp-content\/uploads\/2015\/07\/Flextronics1-150x150.png 150w, https:\/\/procleanroom.com\/wp-content\/uploads\/2015\/07\/Flextronics1-350x350.png 350w, https:\/\/procleanroom.com\/wp-content\/uploads\/2015\/07\/Flextronics1-200x200.png 200w, https:\/\/procleanroom.com\/wp-content\/uploads\/2015\/07\/Flextronics1.png 500w\" sizes=\"auto, (max-width: 300px) 100vw, 300px\" \/><\/div><div class=\"w-logos-item\"><img loading=\"lazy\" decoding=\"async\" width=\"300\" height=\"300\" src=\"https:\/\/procleanroom.com\/wp-content\/uploads\/2015\/07\/ESA1-300x300.png\" class=\"attachment-medium size-medium\" alt=\"\" srcset=\"https:\/\/procleanroom.com\/wp-content\/uploads\/2015\/07\/ESA1-300x300.png 300w, https:\/\/procleanroom.com\/wp-content\/uploads\/2015\/07\/ESA1-150x150.png 150w, https:\/\/procleanroom.com\/wp-content\/uploads\/2015\/07\/ESA1-350x350.png 350w, https:\/\/procleanroom.com\/wp-content\/uploads\/2015\/07\/ESA1-200x200.png 200w, https:\/\/procleanroom.com\/wp-content\/uploads\/2015\/07\/ESA1.png 440w\" sizes=\"auto, (max-width: 300px) 100vw, 300px\" \/><\/div><div class=\"w-logos-item\"><img loading=\"lazy\" decoding=\"async\" width=\"300\" height=\"300\" src=\"https:\/\/procleanroom.com\/wp-content\/uploads\/2015\/07\/ECN1-300x300.png\" class=\"attachment-medium size-medium\" alt=\"\" srcset=\"https:\/\/procleanroom.com\/wp-content\/uploads\/2015\/07\/ECN1-300x300.png 300w, https:\/\/procleanroom.com\/wp-content\/uploads\/2015\/07\/ECN1-150x150.png 150w, https:\/\/procleanroom.com\/wp-content\/uploads\/2015\/07\/ECN1-350x350.png 350w, https:\/\/procleanroom.com\/wp-content\/uploads\/2015\/07\/ECN1-200x200.png 200w, https:\/\/procleanroom.com\/wp-content\/uploads\/2015\/07\/ECN1.png 500w\" sizes=\"auto, (max-width: 300px) 100vw, 300px\" \/><\/div><div class=\"w-logos-item\"><img loading=\"lazy\" decoding=\"async\" width=\"300\" height=\"300\" src=\"https:\/\/procleanroom.com\/wp-content\/uploads\/2015\/07\/Abbott2-300x300.png\" class=\"attachment-medium size-medium\" alt=\"\" srcset=\"https:\/\/procleanroom.com\/wp-content\/uploads\/2015\/07\/Abbott2-300x300.png 300w, https:\/\/procleanroom.com\/wp-content\/uploads\/2015\/07\/Abbott2-150x150.png 150w, https:\/\/procleanroom.com\/wp-content\/uploads\/2015\/07\/Abbott2-600x599.png 600w, https:\/\/procleanroom.com\/wp-content\/uploads\/2015\/07\/Abbott2-350x350.png 350w, https:\/\/procleanroom.com\/wp-content\/uploads\/2015\/07\/Abbott2-200x200.png 200w, https:\/\/procleanroom.com\/wp-content\/uploads\/2015\/07\/Abbott2-351x350.png 351w, https:\/\/procleanroom.com\/wp-content\/uploads\/2015\/07\/Abbott2.png 634w\" sizes=\"auto, (max-width: 300px) 100vw, 300px\" \/><\/div><\/div><\/div><\/div><\/div><\/div><\/div><\/div><\/div><\/div><\/div><\/section><section class=\"l-section wpb_row height_medium\"><div class=\"l-section-h i-cf\"><div class=\"g-cols type_default\"><div class=\"vc_col-sm-12 wpb_column vc_column_container\"><div class=\"vc_column-inner\"><div class=\"wpb_wrapper\"><div class=\"wpb_text_column \"><div class=\"wpb_wrapper\"><p>\n<\/p><\/div> <\/div> <\/div><\/div><\/div><\/div><\/div><\/section>\n","protected":false},"excerpt":{"rendered":"Reinraumspezifikationen ISO-Klasse 8 (ISO 14644-Teil 1) ca. 40 Luftwechsel pro Stunde 4 St\u00fcck HEPA-Fan-Filter-Units vom Typ H14 Ma\u00dfe: ca. 115 m2 (16,5 x 7m) x 2,8m H\u00f6he 1 Waschraum, 5 Warenr\u00e4ume und 1 Umkleideraum Stabiler pulverbeschichteter Stahlrahmen, selbsttragend Transparente und...","protected":false},"author":5,"featured_media":0,"parent":0,"menu_order":20,"comment_status":"closed","ping_status":"closed","template":"","meta":{"footnotes":""},"class_list":["post-16170","page","type-page","status-publish","hentry"],"_links":{"self":[{"href":"https:\/\/procleanroom.com\/de\/wp-json\/wp\/v2\/pages\/16170","targetHints":{"allow":["GET"]}}],"collection":[{"href":"https:\/\/procleanroom.com\/de\/wp-json\/wp\/v2\/pages"}],"about":[{"href":"https:\/\/procleanroom.com\/de\/wp-json\/wp\/v2\/types\/page"}],"author":[{"embeddable":true,"href":"https:\/\/procleanroom.com\/de\/wp-json\/wp\/v2\/users\/5"}],"replies":[{"embeddable":true,"href":"https:\/\/procleanroom.com\/de\/wp-json\/wp\/v2\/comments?post=16170"}],"version-history":[{"count":6,"href":"https:\/\/procleanroom.com\/de\/wp-json\/wp\/v2\/pages\/16170\/revisions"}],"predecessor-version":[{"id":18408,"href":"https:\/\/procleanroom.com\/de\/wp-json\/wp\/v2\/pages\/16170\/revisions\/18408"}],"wp:attachment":[{"href":"https:\/\/procleanroom.com\/de\/wp-json\/wp\/v2\/media?parent=16170"}],"curies":[{"name":"wp","href":"https:\/\/api.w.org\/{rel}","templated":true}]}}