{"id":16134,"date":"2023-09-01T12:12:22","date_gmt":"2023-09-01T12:12:22","guid":{"rendered":"https:\/\/procleanroom.com\/?page_id=16134"},"modified":"2025-06-02T11:56:41","modified_gmt":"2025-06-02T11:56:41","slug":"modulare-reinraume","status":"publish","type":"page","link":"https:\/\/procleanroom.com\/de\/reinraume\/modulare-reinraume\/","title":{"rendered":"Modulare Reinr\u00e4ume"},"content":{"rendered":"<section class=\"l-section wpb_row height_medium\"><div class=\"l-section-h i-cf\"><div class=\"g-cols type_default\"><div class=\"vc_col-sm-12 wpb_column vc_column_container\"><div class=\"vc_column-inner\"><div class=\"wpb_wrapper\"><div class=\"g-cols wpb_row type_default vc_inner \"><div class=\"vc_col-sm-12 wpb_column vc_column_container\"><div class=\"vc_column-inner\"><div class=\"wpb_wrapper\"><div class=\"w-image\"><div class=\"us-frame\"><img loading=\"lazy\" decoding=\"async\" width=\"798\" height=\"350\" src=\"https:\/\/procleanroom.com\/wp-content\/uploads\/2016\/12\/2.jpg\" class=\"attachment-full size-full\" alt=\"Modulaire Softwall cleanroom operator\" srcset=\"https:\/\/procleanroom.com\/wp-content\/uploads\/2016\/12\/2.jpg 798w, https:\/\/procleanroom.com\/wp-content\/uploads\/2016\/12\/2-300x132.jpg 300w, https:\/\/procleanroom.com\/wp-content\/uploads\/2016\/12\/2-600x263.jpg 600w, https:\/\/procleanroom.com\/wp-content\/uploads\/2016\/12\/2-150x66.jpg 150w\" sizes=\"auto, (max-width: 798px) 100vw, 798px\" \/><\/div><\/div><div class=\"wpb_text_column \"><div class=\"wpb_wrapper\">\n<h2>Warum ein modularer Reinraum?<\/h2>\n<p>In der heutigen Wirtschaft folgen die neuen technologischen Entwicklungen rasch aufeinander. Aufgrund regelm\u00e4\u00dfiger \u00c4nderungen von Vorschriften oder Prozessen \u00e4ndern sich auch die Anforderungen an Reinr\u00e4ume f\u00fcr den Prozess- und Produktschutz. ProCleanroom bietet Reinr\u00e4ume, die effizient auf die Dynamik in Ihrem Markt reagieren. Die modulare Bauweise von ProCleanroom ist flexibel, abnehmbar, mobil und erweiterbar.<\/div> <\/div> <div class=\"wpb_text_column \"><div class=\"wpb_wrapper\"><p>Technologische Entwicklungen schreiten in der heutigen Zeit in schneller Folge voran. \u00c4nderungen von Vorschriften oder Prozessen ver\u00e4ndern auch die Anforderungen an kritische Umgebungen im Hinblick auf den Prozess- oder Produktschutz. ProCleanroom bietet freistehende Reinr\u00e4ume, die optimal auf die Dynamik in Ihrem Markt reagieren. Das modulare System von ProCleanroom ist extrem flexibel und kann leicht erweitert oder versetzt werden.<\/p>\n<p><strong>Vorteile eines modularen Reinraums<br \/>\n<\/strong>Modulare Reinr\u00e4ume bieten eine Reihe von Vorteilen gegen\u00fcber der traditionellen Reinraumkonstruktion. Die Vorfertigung erm\u00f6glicht eine k\u00fcrzere Lieferzeit und gew\u00e4hrleistet eine effiziente Installation vor Ort. Wenn sich die Anforderungen innerhalb eines Unternehmens oder eines Prozesses \u00e4ndern, k\u00f6nnen modulare Reinr\u00e4ume leicht erweitert, umorganisiert oder sogar komplett verlegt werden. Die Anfangsinvestition f\u00fcr einen modularen Reinraum ist niedriger als bei einer herk\u00f6mmlichen Konstruktion. Diese Vorteile bieten ein H\u00f6chstma\u00df an Flexibilit\u00e4t und Mehrwert.<\/p>\n<p><strong>Die modularen Reinr\u00e4ume von ProCleanroom:<\/strong><\/p>\n<ul>\n<li>Flexibles Design &#8211; kann demontiert, verlegt und an wechselnde Bed\u00fcrfnisse angepasst werdenFreistehende Konstruktion durch selbsttragenden RahmenSowohl ma\u00dfgeschneiderte als auch schnelle Standardl\u00f6sungen sind verf\u00fcgbar, von 1 bis 2.000 m2Innovatives b\u00fcndiges Deckensystem bietet maximale Reinigbarkeit und geringes KontaminationsrisikoIntelligente Reinraumsteuerung mit benutzerdefinierten ProgrammenFan-Filter-Units der neuesten Generation mit DC (EC)-Motoren f\u00fcr niedrigsten StromverbrauchNiedrigste Betriebskosten auf dem MarktIn \u00dcbereinstimmung mit der internationalen Reinraumnorm ISO14644-1\/3<\/li>\n<\/ul>\n<p><strong>Umfang:<\/strong><\/p>\n<ul>\n<li>Freistehende Reinr\u00e4ume in jeder Gr\u00f6\u00dfe, Anordnung und H\u00f6he<\/li>\n<li>Geeignet f\u00fcr die ISO-Klassen 4 bis 9<\/li>\n<li>Kann auch als ultrasaubere Mini-Umgebung f\u00fcr lokale Reinraumarbeiten in einem bestehenden Reinraum genutzt werden<\/li>\n<li>M\u00e4rkte: z.B. Hightech-Industrie (Fertigung, Reinigung, Montage, Verpackung), Luft- und Raumfahrt, Biowissenschaften, medizinische Ger\u00e4te, Lebensmittel, Kunststoffe, Halbleiter und vieles mehr.<\/li>\n<\/ul>\n<\/p><\/div> <\/div> <div class=\"w-separator type_invisible size_medium thick_1 style_solid color_border cont_none\"><span class=\"w-separator-h\"><\/span><\/div><div class=\"wpb_text_column \"><div class=\"wpb_wrapper\">\n<h4><strong>Vergleichsmatrix<\/strong><\/h4>\n<\/div> <\/div> <div class=\"w-image\"><div class=\"us-frame\"><img loading=\"lazy\" decoding=\"async\" width=\"859\" height=\"572\" src=\"https:\/\/procleanroom.com\/wp-content\/uploads\/2023\/08\/ProCleanroom-vergelijkingsmatrix-DE.jpg\" class=\"attachment-large size-large\" alt=\"\" srcset=\"https:\/\/procleanroom.com\/wp-content\/uploads\/2023\/08\/ProCleanroom-vergelijkingsmatrix-DE.jpg 859w, https:\/\/procleanroom.com\/wp-content\/uploads\/2023\/08\/ProCleanroom-vergelijkingsmatrix-DE-300x200.jpg 300w, https:\/\/procleanroom.com\/wp-content\/uploads\/2023\/08\/ProCleanroom-vergelijkingsmatrix-DE-768x511.jpg 768w, https:\/\/procleanroom.com\/wp-content\/uploads\/2023\/08\/ProCleanroom-vergelijkingsmatrix-DE-600x400.jpg 600w, https:\/\/procleanroom.com\/wp-content\/uploads\/2023\/08\/ProCleanroom-vergelijkingsmatrix-DE-526x350.jpg 526w\" sizes=\"auto, (max-width: 859px) 100vw, 859px\" \/><\/div><\/div><\/div><\/div><\/div><\/div><div class=\"g-cols wpb_row type_default vc_inner \"><div class=\"vc_col-sm-3 wpb_column vc_column_container\"><div class=\"vc_column-inner\"><div class=\"wpb_wrapper\"><\/div><\/div><\/div><div class=\"vc_col-sm-3 wpb_column vc_column_container\"><div class=\"vc_column-inner\"><div class=\"wpb_wrapper\"><div class=\"w-btn-wrapper align_center\"><a class=\"w-btn style_solid color_primary icon_none Matrixbutton\" href=\"https:\/\/procleanroom.com\/de\/reinraume\/modulare-reinraume\/softwall-reinraume\/\"><span class=\"w-btn-label\">Softwall<\/span><\/a><\/div><\/div><\/div><\/div><div class=\"vc_col-sm-3 wpb_column vc_column_container\"><div class=\"vc_column-inner\"><div class=\"wpb_wrapper\"><div class=\"w-btn-wrapper align_left\"><a class=\"w-btn style_solid color_primary icon_none Matrixbutton\" href=\"https:\/\/procleanroom.com\/de\/reinraume\/modulare-reinraume\/hardwall-reinraume\/\"><span class=\"w-btn-label\">Hardwall<\/span><\/a><\/div><\/div><\/div><\/div><div class=\"vc_col-sm-3 wpb_column vc_column_container\"><div class=\"vc_column-inner\"><div class=\"wpb_wrapper\"><div class=\"w-btn-wrapper align_left\"><a class=\"w-btn style_solid color_primary icon_none Matrixbutton\" href=\"https:\/\/procleanroom.com\/de\/reinraume\/panelbloc-reinraume\/\"><span class=\"w-btn-label\">PanelBloc<\/span><\/a><\/div><\/div><\/div><\/div><\/div><div class=\"w-separator type_invisible size_medium thick_1 style_solid color_border cont_none\"><span class=\"w-separator-h\"><\/span><\/div><div class=\"g-cols wpb_row type_default vc_inner \"><div class=\"vc_col-sm-12 wpb_column vc_column_container\"><div class=\"vc_column-inner\"><div class=\"wpb_wrapper\"><div class=\"wpb_text_column \"><div class=\"wpb_wrapper\"><p>Werfen Sie einen Blick auf die Fallstudien von ProCleanroom und lesen Sie \u00fcber die erfolgreiche Zusammenarbeit mit vielen Organisationen in den Beneluxl\u00e4ndern und Europa. Die M\u00f6glichkeiten f\u00fcr Reinr\u00e4ume sind vielf\u00e4ltig. ProCleanroom bietet f\u00fcr jede Branche und Situation die beste L\u00f6sung.<\/p>\n<p><strong>ProCleanroom: Build your expertise.<\/strong><\/p><\/div> <\/div> <\/div><\/div><\/div><\/div><div class=\"g-cols wpb_row type_default vc_inner \"><div class=\"vc_col-sm-12 wpb_column vc_column_container\"><div class=\"vc_column-inner\"><div class=\"wpb_wrapper\"><div class=\"w-separator type_invisible size_small thick_1 style_solid color_border cont_none\"><span class=\"w-separator-h\"><\/span><\/div><div class=\"w-actionbox color_primary controls_right\"><div class=\"w-actionbox-text\"><h2>M\u00f6chten Sie mehr erfahren?<\/h2><\/div><div class=\"w-actionbox-controls\"><a class=\"w-btn color_white style_outlined icon_atleft\" href=\"https:\/\/procleanroom.com\/wp-content\/uploads\/2024\/11\/Modular-Cleanrooms-brochure-EN.pdf\" target=\"_blank\"><i class=\"fa fa-file-pdf-o\"><\/i><span class=\"w-btn-label\">BROSCH\u00dcRE MODULARE REINR\u00c4UME HERUNTERLADEN (EN)<\/span><\/a><\/div><\/div><div class=\"w-separator type_invisible size_medium thick_1 style_solid color_border cont_none\"><span class=\"w-separator-h\"><\/span><\/div><div class=\"wpb_text_column \"><div class=\"wpb_wrapper\">\n<h3 style=\"text-align: center;\">Fallstudien<\/h3>\n<\/div> <\/div> \t<div class=\"w-portfolio style_18 cols_3 align_center ratio_1x1 with_indents\">\t<div class=\"w-portfolio-list\"><div class=\"w-portfolio-item elektronik feinmechanik size_1x1\" data-id=\"15737\" data-categories=\"elektronik,feinmechanik\">\n\t<a class=\"w-portfolio-item-anchor\" href=\"https:\/\/procleanroom.com\/de\/portfolio\/modularer-reinraum-elektronik\/\" style=\"background-color: #1e73be;color: #ffffff;\">\n\t\t<div class=\"w-portfolio-item-image\" style=\"background-image: url(https:\/\/procleanroom.com\/wp-content\/uploads\/2016\/12\/Modulaire-hybride-cleanroom-1-featured.jpg)\">\n\t\t\t<img loading=\"lazy\" decoding=\"async\" src=\"https:\/\/procleanroom.com\/wp-content\/uploads\/2016\/12\/Modulaire-hybride-cleanroom-1-featured.jpg\" width=\"547\" height=\"438\" alt=\"MODULARER REINRAUM \u2013 ELEKTRONIK\" \/>\t\t<\/div>\n\t\t\t\t\t\t\t<div class=\"w-portfolio-item-meta\">\n\t\t\t\t<div class=\"w-portfolio-item-meta-h\">\n\t\t\t\t\t<h2 class=\"w-portfolio-item-title\">MODULARER REINRAUM \u2013 ELEKTRONIK<\/h2>\t\t\t\t\t<span class=\"w-portfolio-item-arrow\"><\/span>\n\t\t\t\t<\/div>\n\t\t\t<\/div>\n\t\t\t<\/a>\n<\/div>\n<div class=\"w-portfolio-item feinmechanik maschinenbau panelbloc-2-de size_1x1\" data-id=\"18920\" data-categories=\"feinmechanik,maschinenbau,panelbloc-2-de\">\n\t<a class=\"w-portfolio-item-anchor\" href=\"https:\/\/procleanroom.com\/de\/portfolio\/panelbloc-reinraum-rm-precision-b-v\/\">\n\t\t<div class=\"w-portfolio-item-image\" style=\"background-image: url(https:\/\/procleanroom.com\/wp-content\/uploads\/2025\/05\/ProCleanroom-PanelBloc-cleanroom-RM-Precision-wire-frame-1-600x491.jpg)\">\n\t\t\t<img loading=\"lazy\" decoding=\"async\" src=\"https:\/\/procleanroom.com\/wp-content\/uploads\/2025\/05\/ProCleanroom-PanelBloc-cleanroom-RM-Precision-wire-frame-1-600x491.jpg\" width=\"600\" height=\"491\" alt=\"PanelBloc Reinraum \u2013 RM Precision B.V.\" \/>\t\t<\/div>\n\t\t\t\t\t\t\t<div class=\"w-portfolio-item-meta\">\n\t\t\t\t<div class=\"w-portfolio-item-meta-h\">\n\t\t\t\t\t<h2 class=\"w-portfolio-item-title\">PanelBloc Reinraum \u2013 RM Precision B.V.<\/h2>\t\t\t\t\t<span class=\"w-portfolio-item-arrow\"><\/span>\n\t\t\t\t<\/div>\n\t\t\t<\/div>\n\t\t\t<\/a>\n<\/div>\n<div class=\"w-portfolio-item elektronik feinmechanik hardwall-de maschinenbau size_1x1\" data-id=\"15741\" data-categories=\"elektronik,feinmechanik,hardwall-de,maschinenbau\">\n\t<a class=\"w-portfolio-item-anchor\" href=\"https:\/\/procleanroom.com\/de\/portfolio\/hardwall-reinraum-reinigung-montage-und-verpackung\/\">\n\t\t<div class=\"w-portfolio-item-image\" style=\"background-image: url(https:\/\/procleanroom.com\/wp-content\/uploads\/2019\/04\/Draadtekening-cleanroom-DD-_Draadtekening-DD-tumbnail-600x503.jpg)\">\n\t\t\t<img loading=\"lazy\" decoding=\"async\" src=\"https:\/\/procleanroom.com\/wp-content\/uploads\/2019\/04\/Draadtekening-cleanroom-DD-_Draadtekening-DD-tumbnail-600x503.jpg\" width=\"600\" height=\"503\" alt=\"HARDWALL-REINRAUM &#8211; REINIGUNG, MONTAGE UND VERPACKUNG\" \/>\t\t<\/div>\n\t\t\t\t\t\t\t<div class=\"w-portfolio-item-meta\">\n\t\t\t\t<div class=\"w-portfolio-item-meta-h\">\n\t\t\t\t\t<h2 class=\"w-portfolio-item-title\">HARDWALL-REINRAUM &#8211; REINIGUNG, MONTAGE UND VERPACKUNG<\/h2>\t\t\t\t\t<span class=\"w-portfolio-item-arrow\"><\/span>\n\t\t\t\t<\/div>\n\t\t\t<\/div>\n\t\t\t<\/a>\n<\/div>\n<\/div><\/div><div class=\"w-logos style_2 with_indents type_carousel cols_4\" data-items=\"4\" data-autoplay=\"1\" data-timeout=\"3000\" data-nav=\"0\" data-dots=\"0\"><div class=\"w-logos-item\"><img loading=\"lazy\" decoding=\"async\" width=\"300\" height=\"300\" src=\"https:\/\/procleanroom.com\/wp-content\/uploads\/2015\/07\/ASML2-300x300.png\" class=\"attachment-medium size-medium\" alt=\"\" srcset=\"https:\/\/procleanroom.com\/wp-content\/uploads\/2015\/07\/ASML2-300x300.png 300w, https:\/\/procleanroom.com\/wp-content\/uploads\/2015\/07\/ASML2-150x150.png 150w, https:\/\/procleanroom.com\/wp-content\/uploads\/2015\/07\/ASML2-350x350.png 350w, https:\/\/procleanroom.com\/wp-content\/uploads\/2015\/07\/ASML2-200x200.png 200w, https:\/\/procleanroom.com\/wp-content\/uploads\/2015\/07\/ASML2.png 500w\" sizes=\"auto, (max-width: 300px) 100vw, 300px\" \/><\/div><div class=\"w-logos-item\"><img loading=\"lazy\" decoding=\"async\" width=\"300\" height=\"300\" src=\"https:\/\/procleanroom.com\/wp-content\/uploads\/2023\/04\/logo-anvil-300x300.png\" class=\"attachment-medium size-medium\" alt=\"\" srcset=\"https:\/\/procleanroom.com\/wp-content\/uploads\/2023\/04\/logo-anvil-300x300.png 300w, https:\/\/procleanroom.com\/wp-content\/uploads\/2023\/04\/logo-anvil-150x150.png 150w, https:\/\/procleanroom.com\/wp-content\/uploads\/2023\/04\/logo-anvil-600x600.png 600w, https:\/\/procleanroom.com\/wp-content\/uploads\/2023\/04\/logo-anvil-350x350.png 350w, https:\/\/procleanroom.com\/wp-content\/uploads\/2023\/04\/logo-anvil.png 700w\" sizes=\"auto, (max-width: 300px) 100vw, 300px\" \/><\/div><div class=\"w-logos-item\"><img loading=\"lazy\" decoding=\"async\" width=\"150\" height=\"150\" src=\"https:\/\/procleanroom.com\/wp-content\/uploads\/2023\/04\/VDL-groep-logo.png\" class=\"attachment-medium size-medium\" alt=\"\" \/><\/div><div class=\"w-logos-item\"><img loading=\"lazy\" decoding=\"async\" width=\"150\" height=\"150\" src=\"https:\/\/procleanroom.com\/wp-content\/uploads\/2023\/04\/NTS-group-logo.png\" class=\"attachment-medium size-medium\" alt=\"\" \/><\/div><div class=\"w-logos-item\"><img loading=\"lazy\" decoding=\"async\" width=\"150\" height=\"150\" src=\"https:\/\/procleanroom.com\/wp-content\/uploads\/2023\/04\/Faes-group-logo-1.png\" class=\"attachment-medium size-medium\" alt=\"\" \/><\/div><div class=\"w-logos-item\"><img loading=\"lazy\" decoding=\"async\" width=\"300\" height=\"300\" src=\"https:\/\/procleanroom.com\/wp-content\/uploads\/2015\/07\/Philips_logo_neu-300x300.png\" class=\"attachment-medium size-medium\" alt=\"\" srcset=\"https:\/\/procleanroom.com\/wp-content\/uploads\/2015\/07\/Philips_logo_neu-300x300.png 300w, https:\/\/procleanroom.com\/wp-content\/uploads\/2015\/07\/Philips_logo_neu-150x150.png 150w, https:\/\/procleanroom.com\/wp-content\/uploads\/2015\/07\/Philips_logo_neu-350x350.png 350w, https:\/\/procleanroom.com\/wp-content\/uploads\/2015\/07\/Philips_logo_neu-200x200.png 200w, https:\/\/procleanroom.com\/wp-content\/uploads\/2015\/07\/Philips_logo_neu.png 500w\" sizes=\"auto, (max-width: 300px) 100vw, 300px\" \/><\/div><div class=\"w-logos-item\"><img loading=\"lazy\" decoding=\"async\" width=\"150\" height=\"150\" src=\"https:\/\/procleanroom.com\/wp-content\/uploads\/2023\/04\/Sioux-technologies-logo-1.png\" class=\"attachment-medium size-medium\" alt=\"\" \/><\/div><div class=\"w-logos-item\"><img loading=\"lazy\" decoding=\"async\" width=\"300\" height=\"300\" src=\"https:\/\/procleanroom.com\/wp-content\/uploads\/2015\/07\/Thales1-300x300.png\" class=\"attachment-medium size-medium\" alt=\"\" srcset=\"https:\/\/procleanroom.com\/wp-content\/uploads\/2015\/07\/Thales1-300x300.png 300w, https:\/\/procleanroom.com\/wp-content\/uploads\/2015\/07\/Thales1-150x150.png 150w, https:\/\/procleanroom.com\/wp-content\/uploads\/2015\/07\/Thales1-350x350.png 350w, https:\/\/procleanroom.com\/wp-content\/uploads\/2015\/07\/Thales1-200x200.png 200w, https:\/\/procleanroom.com\/wp-content\/uploads\/2015\/07\/Thales1.png 500w\" sizes=\"auto, (max-width: 300px) 100vw, 300px\" \/><\/div><div class=\"w-logos-item\"><img loading=\"lazy\" decoding=\"async\" width=\"300\" height=\"300\" src=\"https:\/\/procleanroom.com\/wp-content\/uploads\/2015\/07\/kmarine1-300x300.png\" class=\"attachment-medium size-medium\" alt=\"\" srcset=\"https:\/\/procleanroom.com\/wp-content\/uploads\/2015\/07\/kmarine1-300x300.png 300w, https:\/\/procleanroom.com\/wp-content\/uploads\/2015\/07\/kmarine1-150x150.png 150w, https:\/\/procleanroom.com\/wp-content\/uploads\/2015\/07\/kmarine1-350x350.png 350w, https:\/\/procleanroom.com\/wp-content\/uploads\/2015\/07\/kmarine1-200x200.png 200w, https:\/\/procleanroom.com\/wp-content\/uploads\/2015\/07\/kmarine1.png 521w\" sizes=\"auto, (max-width: 300px) 100vw, 300px\" \/><\/div><div class=\"w-logos-item\"><img loading=\"lazy\" decoding=\"async\" width=\"300\" height=\"300\" src=\"https:\/\/procleanroom.com\/wp-content\/uploads\/2015\/07\/Syncreon1-300x300.png\" class=\"attachment-medium size-medium\" alt=\"\" srcset=\"https:\/\/procleanroom.com\/wp-content\/uploads\/2015\/07\/Syncreon1-300x300.png 300w, https:\/\/procleanroom.com\/wp-content\/uploads\/2015\/07\/Syncreon1-150x150.png 150w, https:\/\/procleanroom.com\/wp-content\/uploads\/2015\/07\/Syncreon1-350x350.png 350w, https:\/\/procleanroom.com\/wp-content\/uploads\/2015\/07\/Syncreon1-200x200.png 200w, https:\/\/procleanroom.com\/wp-content\/uploads\/2015\/07\/Syncreon1.png 500w\" sizes=\"auto, (max-width: 300px) 100vw, 300px\" \/><\/div><div class=\"w-logos-item\"><img loading=\"lazy\" decoding=\"async\" width=\"300\" height=\"300\" src=\"https:\/\/procleanroom.com\/wp-content\/uploads\/2015\/07\/logo-300x300.png\" class=\"attachment-medium size-medium\" alt=\"\" srcset=\"https:\/\/procleanroom.com\/wp-content\/uploads\/2015\/07\/logo-300x300.png 300w, https:\/\/procleanroom.com\/wp-content\/uploads\/2015\/07\/logo-150x150.png 150w, https:\/\/procleanroom.com\/wp-content\/uploads\/2015\/07\/logo-350x350.png 350w, https:\/\/procleanroom.com\/wp-content\/uploads\/2015\/07\/logo-200x200.png 200w, https:\/\/procleanroom.com\/wp-content\/uploads\/2015\/07\/logo.png 500w\" sizes=\"auto, (max-width: 300px) 100vw, 300px\" \/><\/div><div class=\"w-logos-item\"><img loading=\"lazy\" decoding=\"async\" width=\"300\" height=\"300\" src=\"https:\/\/procleanroom.com\/wp-content\/uploads\/2015\/07\/Neways1-300x300.png\" class=\"attachment-medium size-medium\" alt=\"\" srcset=\"https:\/\/procleanroom.com\/wp-content\/uploads\/2015\/07\/Neways1-300x300.png 300w, https:\/\/procleanroom.com\/wp-content\/uploads\/2015\/07\/Neways1-150x150.png 150w, https:\/\/procleanroom.com\/wp-content\/uploads\/2015\/07\/Neways1-350x350.png 350w, https:\/\/procleanroom.com\/wp-content\/uploads\/2015\/07\/Neways1-200x200.png 200w, https:\/\/procleanroom.com\/wp-content\/uploads\/2015\/07\/Neways1.png 500w\" sizes=\"auto, (max-width: 300px) 100vw, 300px\" \/><\/div><div class=\"w-logos-item\"><img loading=\"lazy\" decoding=\"async\" width=\"300\" height=\"300\" src=\"https:\/\/procleanroom.com\/wp-content\/uploads\/2015\/07\/Molnlycke1-300x300.png\" class=\"attachment-medium size-medium\" alt=\"\" srcset=\"https:\/\/procleanroom.com\/wp-content\/uploads\/2015\/07\/Molnlycke1-300x300.png 300w, https:\/\/procleanroom.com\/wp-content\/uploads\/2015\/07\/Molnlycke1-150x150.png 150w, https:\/\/procleanroom.com\/wp-content\/uploads\/2015\/07\/Molnlycke1-350x350.png 350w, https:\/\/procleanroom.com\/wp-content\/uploads\/2015\/07\/Molnlycke1-200x200.png 200w, https:\/\/procleanroom.com\/wp-content\/uploads\/2015\/07\/Molnlycke1.png 500w\" sizes=\"auto, (max-width: 300px) 100vw, 300px\" \/><\/div><div class=\"w-logos-item\"><img loading=\"lazy\" decoding=\"async\" width=\"300\" height=\"300\" src=\"https:\/\/procleanroom.com\/wp-content\/uploads\/2015\/07\/Medisize1-300x300.png\" class=\"attachment-medium size-medium\" alt=\"\" srcset=\"https:\/\/procleanroom.com\/wp-content\/uploads\/2015\/07\/Medisize1-300x300.png 300w, https:\/\/procleanroom.com\/wp-content\/uploads\/2015\/07\/Medisize1-150x150.png 150w, https:\/\/procleanroom.com\/wp-content\/uploads\/2015\/07\/Medisize1-350x350.png 350w, https:\/\/procleanroom.com\/wp-content\/uploads\/2015\/07\/Medisize1-200x200.png 200w, https:\/\/procleanroom.com\/wp-content\/uploads\/2015\/07\/Medisize1.png 500w\" sizes=\"auto, (max-width: 300px) 100vw, 300px\" \/><\/div><div class=\"w-logos-item\"><img loading=\"lazy\" decoding=\"async\" width=\"300\" height=\"300\" src=\"https:\/\/procleanroom.com\/wp-content\/uploads\/2015\/07\/KONI1-300x300.png\" class=\"attachment-medium size-medium\" alt=\"\" srcset=\"https:\/\/procleanroom.com\/wp-content\/uploads\/2015\/07\/KONI1-300x300.png 300w, https:\/\/procleanroom.com\/wp-content\/uploads\/2015\/07\/KONI1-150x150.png 150w, https:\/\/procleanroom.com\/wp-content\/uploads\/2015\/07\/KONI1-600x600.png 600w, https:\/\/procleanroom.com\/wp-content\/uploads\/2015\/07\/KONI1-350x350.png 350w, https:\/\/procleanroom.com\/wp-content\/uploads\/2015\/07\/KONI1-200x200.png 200w, https:\/\/procleanroom.com\/wp-content\/uploads\/2015\/07\/KONI1.png 715w\" sizes=\"auto, (max-width: 300px) 100vw, 300px\" \/><\/div><div class=\"w-logos-item\"><img loading=\"lazy\" decoding=\"async\" width=\"300\" height=\"300\" src=\"https:\/\/procleanroom.com\/wp-content\/uploads\/2015\/07\/Flextronics1-300x300.png\" class=\"attachment-medium size-medium\" alt=\"\" srcset=\"https:\/\/procleanroom.com\/wp-content\/uploads\/2015\/07\/Flextronics1-300x300.png 300w, https:\/\/procleanroom.com\/wp-content\/uploads\/2015\/07\/Flextronics1-150x150.png 150w, https:\/\/procleanroom.com\/wp-content\/uploads\/2015\/07\/Flextronics1-350x350.png 350w, https:\/\/procleanroom.com\/wp-content\/uploads\/2015\/07\/Flextronics1-200x200.png 200w, https:\/\/procleanroom.com\/wp-content\/uploads\/2015\/07\/Flextronics1.png 500w\" sizes=\"auto, (max-width: 300px) 100vw, 300px\" \/><\/div><div class=\"w-logos-item\"><img loading=\"lazy\" decoding=\"async\" width=\"300\" height=\"300\" src=\"https:\/\/procleanroom.com\/wp-content\/uploads\/2015\/07\/ESA1-300x300.png\" class=\"attachment-medium size-medium\" alt=\"\" srcset=\"https:\/\/procleanroom.com\/wp-content\/uploads\/2015\/07\/ESA1-300x300.png 300w, https:\/\/procleanroom.com\/wp-content\/uploads\/2015\/07\/ESA1-150x150.png 150w, https:\/\/procleanroom.com\/wp-content\/uploads\/2015\/07\/ESA1-350x350.png 350w, https:\/\/procleanroom.com\/wp-content\/uploads\/2015\/07\/ESA1-200x200.png 200w, https:\/\/procleanroom.com\/wp-content\/uploads\/2015\/07\/ESA1.png 440w\" sizes=\"auto, (max-width: 300px) 100vw, 300px\" \/><\/div><div class=\"w-logos-item\"><img loading=\"lazy\" decoding=\"async\" width=\"300\" height=\"300\" src=\"https:\/\/procleanroom.com\/wp-content\/uploads\/2015\/07\/ECN1-300x300.png\" class=\"attachment-medium size-medium\" alt=\"\" srcset=\"https:\/\/procleanroom.com\/wp-content\/uploads\/2015\/07\/ECN1-300x300.png 300w, https:\/\/procleanroom.com\/wp-content\/uploads\/2015\/07\/ECN1-150x150.png 150w, https:\/\/procleanroom.com\/wp-content\/uploads\/2015\/07\/ECN1-350x350.png 350w, https:\/\/procleanroom.com\/wp-content\/uploads\/2015\/07\/ECN1-200x200.png 200w, https:\/\/procleanroom.com\/wp-content\/uploads\/2015\/07\/ECN1.png 500w\" sizes=\"auto, (max-width: 300px) 100vw, 300px\" \/><\/div><div class=\"w-logos-item\"><img loading=\"lazy\" decoding=\"async\" width=\"300\" height=\"300\" src=\"https:\/\/procleanroom.com\/wp-content\/uploads\/2015\/07\/Abbott2-300x300.png\" class=\"attachment-medium size-medium\" alt=\"\" srcset=\"https:\/\/procleanroom.com\/wp-content\/uploads\/2015\/07\/Abbott2-300x300.png 300w, https:\/\/procleanroom.com\/wp-content\/uploads\/2015\/07\/Abbott2-150x150.png 150w, https:\/\/procleanroom.com\/wp-content\/uploads\/2015\/07\/Abbott2-600x599.png 600w, https:\/\/procleanroom.com\/wp-content\/uploads\/2015\/07\/Abbott2-350x350.png 350w, https:\/\/procleanroom.com\/wp-content\/uploads\/2015\/07\/Abbott2-200x200.png 200w, https:\/\/procleanroom.com\/wp-content\/uploads\/2015\/07\/Abbott2-351x350.png 351w, https:\/\/procleanroom.com\/wp-content\/uploads\/2015\/07\/Abbott2.png 634w\" sizes=\"auto, (max-width: 300px) 100vw, 300px\" \/><\/div><\/div><\/div><\/div><\/div><\/div><\/div><\/div><\/div><\/div><\/div><\/section>\n","protected":false},"excerpt":{"rendered":"Reinraumspezifikationen ISO-Klasse 7 (ISO 14644-Teil 1) Ma\u00dfe: ca. 35 m2 (7m x 5m) x 2,5m Innenh\u00f6he ca. 60 Luftwechsel pro Stunde 5 HEPA-Fan-Filter-Units vom Typ H14 Integrierte LED-Paneele f\u00fcr optimale Beleuchtung Selbstschlie\u00dfende T\u00fcren Durchsichtige Wandpaneele Wei\u00dfe undurchsichtige Wandpaneele V\u00f6llig b\u00fcndige...","protected":false},"author":5,"featured_media":0,"parent":16170,"menu_order":10,"comment_status":"closed","ping_status":"closed","template":"","meta":{"footnotes":""},"class_list":["post-16134","page","type-page","status-publish","hentry"],"_links":{"self":[{"href":"https:\/\/procleanroom.com\/de\/wp-json\/wp\/v2\/pages\/16134","targetHints":{"allow":["GET"]}}],"collection":[{"href":"https:\/\/procleanroom.com\/de\/wp-json\/wp\/v2\/pages"}],"about":[{"href":"https:\/\/procleanroom.com\/de\/wp-json\/wp\/v2\/types\/page"}],"author":[{"embeddable":true,"href":"https:\/\/procleanroom.com\/de\/wp-json\/wp\/v2\/users\/5"}],"replies":[{"embeddable":true,"href":"https:\/\/procleanroom.com\/de\/wp-json\/wp\/v2\/comments?post=16134"}],"version-history":[{"count":12,"href":"https:\/\/procleanroom.com\/de\/wp-json\/wp\/v2\/pages\/16134\/revisions"}],"predecessor-version":[{"id":18414,"href":"https:\/\/procleanroom.com\/de\/wp-json\/wp\/v2\/pages\/16134\/revisions\/18414"}],"up":[{"embeddable":true,"href":"https:\/\/procleanroom.com\/de\/wp-json\/wp\/v2\/pages\/16170"}],"wp:attachment":[{"href":"https:\/\/procleanroom.com\/de\/wp-json\/wp\/v2\/media?parent=16134"}],"curies":[{"name":"wp","href":"https:\/\/api.w.org\/{rel}","templated":true}]}}