{"id":16126,"date":"2023-09-01T12:11:46","date_gmt":"2023-09-01T12:11:46","guid":{"rendered":"https:\/\/procleanroom.com\/?page_id=16126"},"modified":"2025-06-02T11:58:21","modified_gmt":"2025-06-02T11:58:21","slug":"hardwall-reinraume","status":"publish","type":"page","link":"https:\/\/procleanroom.com\/de\/reinraume\/modulare-reinraume\/hardwall-reinraume\/","title":{"rendered":"Hardwall-Reinr\u00e4ume"},"content":{"rendered":"<section class=\"l-section wpb_row height_medium\"><div class=\"l-section-h i-cf\"><div class=\"g-cols type_default\"><div class=\"vc_col-sm-12 wpb_column vc_column_container\"><div class=\"vc_column-inner\"><div class=\"wpb_wrapper\"><div class=\"g-cols wpb_row type_default vc_inner \"><div class=\"vc_col-sm-12 wpb_column vc_column_container\"><div class=\"vc_column-inner\"><div class=\"wpb_wrapper\"><div class=\"w-image\"><div class=\"us-frame\"><img loading=\"lazy\" decoding=\"async\" width=\"798\" height=\"350\" src=\"https:\/\/procleanroom.com\/wp-content\/uploads\/2016\/12\/3.jpg\" class=\"attachment-full size-full\" alt=\"Reinigen en verpakken van medische consumables in cleanroom\" srcset=\"https:\/\/procleanroom.com\/wp-content\/uploads\/2016\/12\/3.jpg 798w, https:\/\/procleanroom.com\/wp-content\/uploads\/2016\/12\/3-300x132.jpg 300w, https:\/\/procleanroom.com\/wp-content\/uploads\/2016\/12\/3-600x263.jpg 600w, https:\/\/procleanroom.com\/wp-content\/uploads\/2016\/12\/3-150x66.jpg 150w\" sizes=\"auto, (max-width: 798px) 100vw, 798px\" \/><\/div><\/div><div class=\"wpb_text_column \"><div class=\"wpb_wrapper\">\n<h2>Warum ein Hardwall-Reinraum?<\/h2>\n<p>Hardwall-Reinr\u00e4ume bieten dank der widerstandsf\u00e4higen, sto\u00dffesten W\u00e4nde eine klar definierte Konstruktion. Transparente oder undurchsichtige Paneele werden an dem robusten Stahl- oder Edelstahlrahmen befestigt. Die Paneele bilden eine feste Abtrennung um den Reinraum herum. Diese Art von Reinraum eignet sich sehr gut f\u00fcr kritische Umgebungen, in denen ein h\u00f6herer Reinheitsgrad erreicht werden muss (ISO-Klasse 4 bis 7). Die Verarbeitung dieses Wandsystems macht es auch zu einer interessanten Option f\u00fcr Reinr\u00e4ume mit niedrigerer Klassifizierung (ISO-Klasse 7 bis 9). Die Hardwall-W\u00e4nde sind leichter zu reinigen als die Softwall-Variante.<\/p>\n<p><strong>Die modularen Hardwall-Reinr\u00e4ume von ProCleanroom:<\/strong><\/p>\n<ul>\n<li>Flexibles Design &#8211; kann demontiert, versetzt und an wechselnde Bed\u00fcrfnisse angepasst werden<\/li>\n<li>Robuste und langlebige Konstruktion<\/li>\n<li>Leicht zu reinigen und zu warten<\/li>\n<li>Gepflegte Pr\u00e4sentation, Optionen mit eigenem Branding (Logo)<\/li>\n<li>Frei stehender Reinraum durch selbsttragenden Rahmen<\/li>\n<li>Sowohl ma\u00dfgeschneiderte als auch schnelle Standardl\u00f6sungen sind in jeder Gr\u00f6\u00dfe und Form erh\u00e4ltlich<\/li>\n<li>Innovatives b\u00fcndiges Deckenkonzept &#8211; leicht zu reinigen und geringstes Kontaminationsrisiko<\/li>\n<\/ul>\n<p><strong>Umfang:<\/strong><\/p>\n<ul>\n<li>Freistehende Reinr\u00e4ume in jeder Gr\u00f6\u00dfe, Anordnung und H\u00f6he<\/li>\n<li>Geeignet f\u00fcr ISO-Klasse 4 bis 9<\/li>\n<li>Kann auch als ultrasaubere Mini-Umgebung f\u00fcr lokale Reinraumarbeiten in einem bestehenden Reinraum genutzt werden<\/li>\n<li>M\u00e4rkte: z.B. Hightech-Industrie (Fertigung, Reinigung, Montage, Verpackung), Luft- und Raumfahrt, Biowissenschaften, medizinische Ger\u00e4te, Lebensmittel, Kunststoffe, Halbleiter und vieles mehr.<\/li>\n<\/ul>\n<p><strong>Optionen<br \/>\n<\/strong>Die Hardwall-Variante von ProCleanroom bietet eine Reihe von zus\u00e4tzlichen Optionen. Gemeinsam treffen wir die richtige Wahl und entwickeln den optimalen Reinraum f\u00fcr Ihre Anwendung. Die Wandpaneele sind undurchsichtig oder (halb-)transparent. Als Eingang k\u00f6nnen Sie sich f\u00fcr weiche Wandstreifen, Schwenk- oder Schiebet\u00fcren oder Schnelllauftore entscheiden. Der Reinraum kann fest installiert werden oder als mobile, versetzbare Einheit geliefert werden.<\/p>\n<p>Extra Reinraumoptionen:<\/p>\n<p>&nbsp;<\/p>\n<ul>\n<li>Antistatische ESD-Materialien<\/li>\n<li>LED- oder UV-gefilterte (gelbe) Beleuchtung<\/li>\n<li>Temperaturregelung (Klimatisierung &#8211; Heizung\/K\u00fchlung)<\/li>\n<li>Durchreicheklappen<\/li>\n<li>Umkleidebereich(e) und\/oder Warenein- und -ausgangsbereich(e)<\/li>\n<li>HEPA- oder ULPA-Fan-Filter-Units f\u00fcr maximale Leistung<\/li>\n<li>Einfache Bedienung oder automatische Steuerung mit einstellbarem Wochenprogramm und Alarmbenachrichtigungen<\/li>\n<li>Passender Boden aus Epoxidbeschichtung, PVC-Fliesen oder Vinyl (Mipolam)<\/li>\n<li>In \u00dcbereinstimmung mit der internationalen Reinraumnorm ISO14644-1\/3<\/li>\n<\/ul>\n<p>Werfen Sie einen Blick auf die Fallstudien von ProCleanroom und lesen Sie \u00fcber die erfolgreiche Zusammenarbeit mit vielen Organisationen in den Beneluxl\u00e4ndern und Europa. Die M\u00f6glichkeiten f\u00fcr Reinr\u00e4ume sind vielf\u00e4ltig. ProCleanroom bietet f\u00fcr jede Branche und Situation die beste L\u00f6sung.<\/p>\n<p><strong>ProCleanroom: Build your expertise.<\/strong><\/div> <\/div> <\/div><\/div><\/div><\/div><div class=\"w-separator type_invisible size_small thick_1 style_solid color_border cont_none\"><span class=\"w-separator-h\"><\/span><\/div><div class=\"w-actionbox color_primary controls_right\"><div class=\"w-actionbox-text\"><h2>M\u00f6chten Sie mehr erfahren?<\/h2><\/div><div class=\"w-actionbox-controls\"><a class=\"w-btn color_white style_outlined icon_atleft\" href=\"https:\/\/procleanroom.com\/wp-content\/uploads\/2024\/11\/Modular-Cleanrooms-brochure-EN.pdf\"><i class=\"fa fa-file-pdf-o\"><\/i><span class=\"w-btn-label\">BROSCH\u00dcRE MODULARE REINR\u00c4UME HERUNTERLADEN (EN)<\/span><\/a><\/div><\/div><div class=\"w-separator type_invisible size_medium thick_1 style_solid color_border cont_none\"><span class=\"w-separator-h\"><\/span><\/div><div class=\"wpb_text_column \"><div class=\"wpb_wrapper\">\n<h3 style=\"text-align: center;\">Hardwall-Fallstudien<\/h3>\n<\/div> <\/div> <div class=\"w-logos style_2 with_indents type_carousel cols_4\" data-items=\"4\" data-autoplay=\"1\" data-timeout=\"3000\" data-nav=\"0\" data-dots=\"0\"><div class=\"w-logos-item\"><img loading=\"lazy\" decoding=\"async\" width=\"300\" height=\"300\" src=\"https:\/\/procleanroom.com\/wp-content\/uploads\/2015\/07\/ASML2-300x300.png\" class=\"attachment-medium size-medium\" alt=\"\" srcset=\"https:\/\/procleanroom.com\/wp-content\/uploads\/2015\/07\/ASML2-300x300.png 300w, https:\/\/procleanroom.com\/wp-content\/uploads\/2015\/07\/ASML2-150x150.png 150w, https:\/\/procleanroom.com\/wp-content\/uploads\/2015\/07\/ASML2-350x350.png 350w, https:\/\/procleanroom.com\/wp-content\/uploads\/2015\/07\/ASML2-200x200.png 200w, https:\/\/procleanroom.com\/wp-content\/uploads\/2015\/07\/ASML2.png 500w\" sizes=\"auto, (max-width: 300px) 100vw, 300px\" \/><\/div><div class=\"w-logos-item\"><img loading=\"lazy\" decoding=\"async\" width=\"300\" height=\"300\" src=\"https:\/\/procleanroom.com\/wp-content\/uploads\/2023\/04\/logo-anvil-300x300.png\" class=\"attachment-medium size-medium\" alt=\"\" srcset=\"https:\/\/procleanroom.com\/wp-content\/uploads\/2023\/04\/logo-anvil-300x300.png 300w, https:\/\/procleanroom.com\/wp-content\/uploads\/2023\/04\/logo-anvil-150x150.png 150w, https:\/\/procleanroom.com\/wp-content\/uploads\/2023\/04\/logo-anvil-600x600.png 600w, https:\/\/procleanroom.com\/wp-content\/uploads\/2023\/04\/logo-anvil-350x350.png 350w, https:\/\/procleanroom.com\/wp-content\/uploads\/2023\/04\/logo-anvil.png 700w\" sizes=\"auto, (max-width: 300px) 100vw, 300px\" \/><\/div><div class=\"w-logos-item\"><img loading=\"lazy\" decoding=\"async\" width=\"150\" height=\"150\" src=\"https:\/\/procleanroom.com\/wp-content\/uploads\/2023\/04\/VDL-groep-logo.png\" class=\"attachment-medium size-medium\" alt=\"\" \/><\/div><div class=\"w-logos-item\"><img loading=\"lazy\" decoding=\"async\" width=\"150\" height=\"150\" src=\"https:\/\/procleanroom.com\/wp-content\/uploads\/2023\/04\/NTS-group-logo.png\" class=\"attachment-medium size-medium\" alt=\"\" \/><\/div><div class=\"w-logos-item\"><img loading=\"lazy\" decoding=\"async\" width=\"150\" height=\"150\" src=\"https:\/\/procleanroom.com\/wp-content\/uploads\/2023\/04\/Faes-group-logo-1.png\" class=\"attachment-medium size-medium\" alt=\"\" \/><\/div><div class=\"w-logos-item\"><img loading=\"lazy\" decoding=\"async\" width=\"300\" height=\"300\" src=\"https:\/\/procleanroom.com\/wp-content\/uploads\/2015\/07\/Philips_logo_neu-300x300.png\" class=\"attachment-medium size-medium\" alt=\"\" srcset=\"https:\/\/procleanroom.com\/wp-content\/uploads\/2015\/07\/Philips_logo_neu-300x300.png 300w, https:\/\/procleanroom.com\/wp-content\/uploads\/2015\/07\/Philips_logo_neu-150x150.png 150w, https:\/\/procleanroom.com\/wp-content\/uploads\/2015\/07\/Philips_logo_neu-350x350.png 350w, https:\/\/procleanroom.com\/wp-content\/uploads\/2015\/07\/Philips_logo_neu-200x200.png 200w, https:\/\/procleanroom.com\/wp-content\/uploads\/2015\/07\/Philips_logo_neu.png 500w\" sizes=\"auto, (max-width: 300px) 100vw, 300px\" \/><\/div><div class=\"w-logos-item\"><img loading=\"lazy\" decoding=\"async\" width=\"150\" height=\"150\" src=\"https:\/\/procleanroom.com\/wp-content\/uploads\/2023\/04\/Sioux-technologies-logo-1.png\" class=\"attachment-medium size-medium\" alt=\"\" \/><\/div><div class=\"w-logos-item\"><img loading=\"lazy\" decoding=\"async\" width=\"300\" height=\"300\" src=\"https:\/\/procleanroom.com\/wp-content\/uploads\/2015\/07\/Thales1-300x300.png\" class=\"attachment-medium size-medium\" alt=\"\" srcset=\"https:\/\/procleanroom.com\/wp-content\/uploads\/2015\/07\/Thales1-300x300.png 300w, https:\/\/procleanroom.com\/wp-content\/uploads\/2015\/07\/Thales1-150x150.png 150w, https:\/\/procleanroom.com\/wp-content\/uploads\/2015\/07\/Thales1-350x350.png 350w, https:\/\/procleanroom.com\/wp-content\/uploads\/2015\/07\/Thales1-200x200.png 200w, https:\/\/procleanroom.com\/wp-content\/uploads\/2015\/07\/Thales1.png 500w\" sizes=\"auto, (max-width: 300px) 100vw, 300px\" \/><\/div><div class=\"w-logos-item\"><img loading=\"lazy\" decoding=\"async\" width=\"300\" height=\"300\" src=\"https:\/\/procleanroom.com\/wp-content\/uploads\/2015\/07\/kmarine1-300x300.png\" class=\"attachment-medium size-medium\" alt=\"\" srcset=\"https:\/\/procleanroom.com\/wp-content\/uploads\/2015\/07\/kmarine1-300x300.png 300w, https:\/\/procleanroom.com\/wp-content\/uploads\/2015\/07\/kmarine1-150x150.png 150w, https:\/\/procleanroom.com\/wp-content\/uploads\/2015\/07\/kmarine1-350x350.png 350w, https:\/\/procleanroom.com\/wp-content\/uploads\/2015\/07\/kmarine1-200x200.png 200w, https:\/\/procleanroom.com\/wp-content\/uploads\/2015\/07\/kmarine1.png 521w\" sizes=\"auto, (max-width: 300px) 100vw, 300px\" \/><\/div><div class=\"w-logos-item\"><img loading=\"lazy\" decoding=\"async\" width=\"300\" height=\"300\" src=\"https:\/\/procleanroom.com\/wp-content\/uploads\/2015\/07\/Syncreon1-300x300.png\" class=\"attachment-medium size-medium\" alt=\"\" srcset=\"https:\/\/procleanroom.com\/wp-content\/uploads\/2015\/07\/Syncreon1-300x300.png 300w, https:\/\/procleanroom.com\/wp-content\/uploads\/2015\/07\/Syncreon1-150x150.png 150w, https:\/\/procleanroom.com\/wp-content\/uploads\/2015\/07\/Syncreon1-350x350.png 350w, https:\/\/procleanroom.com\/wp-content\/uploads\/2015\/07\/Syncreon1-200x200.png 200w, https:\/\/procleanroom.com\/wp-content\/uploads\/2015\/07\/Syncreon1.png 500w\" sizes=\"auto, (max-width: 300px) 100vw, 300px\" \/><\/div><div class=\"w-logos-item\"><img loading=\"lazy\" decoding=\"async\" width=\"300\" height=\"300\" src=\"https:\/\/procleanroom.com\/wp-content\/uploads\/2015\/07\/logo-300x300.png\" class=\"attachment-medium size-medium\" alt=\"\" srcset=\"https:\/\/procleanroom.com\/wp-content\/uploads\/2015\/07\/logo-300x300.png 300w, https:\/\/procleanroom.com\/wp-content\/uploads\/2015\/07\/logo-150x150.png 150w, https:\/\/procleanroom.com\/wp-content\/uploads\/2015\/07\/logo-350x350.png 350w, https:\/\/procleanroom.com\/wp-content\/uploads\/2015\/07\/logo-200x200.png 200w, https:\/\/procleanroom.com\/wp-content\/uploads\/2015\/07\/logo.png 500w\" sizes=\"auto, (max-width: 300px) 100vw, 300px\" \/><\/div><div class=\"w-logos-item\"><img loading=\"lazy\" decoding=\"async\" width=\"300\" height=\"300\" src=\"https:\/\/procleanroom.com\/wp-content\/uploads\/2015\/07\/Neways1-300x300.png\" class=\"attachment-medium size-medium\" alt=\"\" srcset=\"https:\/\/procleanroom.com\/wp-content\/uploads\/2015\/07\/Neways1-300x300.png 300w, https:\/\/procleanroom.com\/wp-content\/uploads\/2015\/07\/Neways1-150x150.png 150w, https:\/\/procleanroom.com\/wp-content\/uploads\/2015\/07\/Neways1-350x350.png 350w, https:\/\/procleanroom.com\/wp-content\/uploads\/2015\/07\/Neways1-200x200.png 200w, https:\/\/procleanroom.com\/wp-content\/uploads\/2015\/07\/Neways1.png 500w\" sizes=\"auto, (max-width: 300px) 100vw, 300px\" \/><\/div><div class=\"w-logos-item\"><img loading=\"lazy\" decoding=\"async\" width=\"300\" height=\"300\" src=\"https:\/\/procleanroom.com\/wp-content\/uploads\/2015\/07\/Molnlycke1-300x300.png\" class=\"attachment-medium size-medium\" alt=\"\" srcset=\"https:\/\/procleanroom.com\/wp-content\/uploads\/2015\/07\/Molnlycke1-300x300.png 300w, https:\/\/procleanroom.com\/wp-content\/uploads\/2015\/07\/Molnlycke1-150x150.png 150w, https:\/\/procleanroom.com\/wp-content\/uploads\/2015\/07\/Molnlycke1-350x350.png 350w, https:\/\/procleanroom.com\/wp-content\/uploads\/2015\/07\/Molnlycke1-200x200.png 200w, https:\/\/procleanroom.com\/wp-content\/uploads\/2015\/07\/Molnlycke1.png 500w\" sizes=\"auto, (max-width: 300px) 100vw, 300px\" \/><\/div><div class=\"w-logos-item\"><img loading=\"lazy\" decoding=\"async\" width=\"300\" height=\"300\" src=\"https:\/\/procleanroom.com\/wp-content\/uploads\/2015\/07\/Medisize1-300x300.png\" class=\"attachment-medium size-medium\" alt=\"\" srcset=\"https:\/\/procleanroom.com\/wp-content\/uploads\/2015\/07\/Medisize1-300x300.png 300w, https:\/\/procleanroom.com\/wp-content\/uploads\/2015\/07\/Medisize1-150x150.png 150w, https:\/\/procleanroom.com\/wp-content\/uploads\/2015\/07\/Medisize1-350x350.png 350w, https:\/\/procleanroom.com\/wp-content\/uploads\/2015\/07\/Medisize1-200x200.png 200w, https:\/\/procleanroom.com\/wp-content\/uploads\/2015\/07\/Medisize1.png 500w\" sizes=\"auto, (max-width: 300px) 100vw, 300px\" \/><\/div><div class=\"w-logos-item\"><img loading=\"lazy\" decoding=\"async\" width=\"300\" height=\"300\" src=\"https:\/\/procleanroom.com\/wp-content\/uploads\/2015\/07\/KONI1-300x300.png\" class=\"attachment-medium size-medium\" alt=\"\" srcset=\"https:\/\/procleanroom.com\/wp-content\/uploads\/2015\/07\/KONI1-300x300.png 300w, https:\/\/procleanroom.com\/wp-content\/uploads\/2015\/07\/KONI1-150x150.png 150w, https:\/\/procleanroom.com\/wp-content\/uploads\/2015\/07\/KONI1-600x600.png 600w, https:\/\/procleanroom.com\/wp-content\/uploads\/2015\/07\/KONI1-350x350.png 350w, https:\/\/procleanroom.com\/wp-content\/uploads\/2015\/07\/KONI1-200x200.png 200w, https:\/\/procleanroom.com\/wp-content\/uploads\/2015\/07\/KONI1.png 715w\" sizes=\"auto, (max-width: 300px) 100vw, 300px\" \/><\/div><div class=\"w-logos-item\"><img loading=\"lazy\" decoding=\"async\" width=\"300\" height=\"300\" src=\"https:\/\/procleanroom.com\/wp-content\/uploads\/2015\/07\/Flextronics1-300x300.png\" class=\"attachment-medium size-medium\" alt=\"\" srcset=\"https:\/\/procleanroom.com\/wp-content\/uploads\/2015\/07\/Flextronics1-300x300.png 300w, https:\/\/procleanroom.com\/wp-content\/uploads\/2015\/07\/Flextronics1-150x150.png 150w, https:\/\/procleanroom.com\/wp-content\/uploads\/2015\/07\/Flextronics1-350x350.png 350w, https:\/\/procleanroom.com\/wp-content\/uploads\/2015\/07\/Flextronics1-200x200.png 200w, https:\/\/procleanroom.com\/wp-content\/uploads\/2015\/07\/Flextronics1.png 500w\" sizes=\"auto, (max-width: 300px) 100vw, 300px\" \/><\/div><div class=\"w-logos-item\"><img loading=\"lazy\" decoding=\"async\" width=\"300\" height=\"300\" src=\"https:\/\/procleanroom.com\/wp-content\/uploads\/2015\/07\/ESA1-300x300.png\" class=\"attachment-medium size-medium\" alt=\"\" srcset=\"https:\/\/procleanroom.com\/wp-content\/uploads\/2015\/07\/ESA1-300x300.png 300w, https:\/\/procleanroom.com\/wp-content\/uploads\/2015\/07\/ESA1-150x150.png 150w, https:\/\/procleanroom.com\/wp-content\/uploads\/2015\/07\/ESA1-350x350.png 350w, https:\/\/procleanroom.com\/wp-content\/uploads\/2015\/07\/ESA1-200x200.png 200w, https:\/\/procleanroom.com\/wp-content\/uploads\/2015\/07\/ESA1.png 440w\" sizes=\"auto, (max-width: 300px) 100vw, 300px\" \/><\/div><div class=\"w-logos-item\"><img loading=\"lazy\" decoding=\"async\" width=\"300\" height=\"300\" src=\"https:\/\/procleanroom.com\/wp-content\/uploads\/2015\/07\/ECN1-300x300.png\" class=\"attachment-medium size-medium\" alt=\"\" srcset=\"https:\/\/procleanroom.com\/wp-content\/uploads\/2015\/07\/ECN1-300x300.png 300w, https:\/\/procleanroom.com\/wp-content\/uploads\/2015\/07\/ECN1-150x150.png 150w, https:\/\/procleanroom.com\/wp-content\/uploads\/2015\/07\/ECN1-350x350.png 350w, https:\/\/procleanroom.com\/wp-content\/uploads\/2015\/07\/ECN1-200x200.png 200w, https:\/\/procleanroom.com\/wp-content\/uploads\/2015\/07\/ECN1.png 500w\" sizes=\"auto, (max-width: 300px) 100vw, 300px\" \/><\/div><div class=\"w-logos-item\"><img loading=\"lazy\" decoding=\"async\" width=\"300\" height=\"300\" src=\"https:\/\/procleanroom.com\/wp-content\/uploads\/2015\/07\/Abbott2-300x300.png\" class=\"attachment-medium size-medium\" alt=\"\" srcset=\"https:\/\/procleanroom.com\/wp-content\/uploads\/2015\/07\/Abbott2-300x300.png 300w, https:\/\/procleanroom.com\/wp-content\/uploads\/2015\/07\/Abbott2-150x150.png 150w, https:\/\/procleanroom.com\/wp-content\/uploads\/2015\/07\/Abbott2-600x599.png 600w, https:\/\/procleanroom.com\/wp-content\/uploads\/2015\/07\/Abbott2-350x350.png 350w, https:\/\/procleanroom.com\/wp-content\/uploads\/2015\/07\/Abbott2-200x200.png 200w, https:\/\/procleanroom.com\/wp-content\/uploads\/2015\/07\/Abbott2-351x350.png 351w, https:\/\/procleanroom.com\/wp-content\/uploads\/2015\/07\/Abbott2.png 634w\" sizes=\"auto, (max-width: 300px) 100vw, 300px\" \/><\/div><\/div><\/div><\/div><\/div><\/div><\/div><\/section>\n","protected":false},"excerpt":{"rendered":"Warum ein Hardwall-Reinraum? Hardwall-Reinr\u00e4ume bieten dank der widerstandsf\u00e4higen, sto\u00dffesten W\u00e4nde eine klar definierte Konstruktion. Transparente oder undurchsichtige Paneele werden an dem robusten Stahl- oder Edelstahlrahmen befestigt. Die Paneele bilden eine feste Abtrennung um den Reinraum herum. Diese Art von Reinraum...","protected":false},"author":5,"featured_media":0,"parent":16134,"menu_order":10,"comment_status":"closed","ping_status":"closed","template":"","meta":{"footnotes":""},"class_list":["post-16126","page","type-page","status-publish","hentry"],"_links":{"self":[{"href":"https:\/\/procleanroom.com\/de\/wp-json\/wp\/v2\/pages\/16126","targetHints":{"allow":["GET"]}}],"collection":[{"href":"https:\/\/procleanroom.com\/de\/wp-json\/wp\/v2\/pages"}],"about":[{"href":"https:\/\/procleanroom.com\/de\/wp-json\/wp\/v2\/types\/page"}],"author":[{"embeddable":true,"href":"https:\/\/procleanroom.com\/de\/wp-json\/wp\/v2\/users\/5"}],"replies":[{"embeddable":true,"href":"https:\/\/procleanroom.com\/de\/wp-json\/wp\/v2\/comments?post=16126"}],"version-history":[{"count":8,"href":"https:\/\/procleanroom.com\/de\/wp-json\/wp\/v2\/pages\/16126\/revisions"}],"predecessor-version":[{"id":18417,"href":"https:\/\/procleanroom.com\/de\/wp-json\/wp\/v2\/pages\/16126\/revisions\/18417"}],"up":[{"embeddable":true,"href":"https:\/\/procleanroom.com\/de\/wp-json\/wp\/v2\/pages\/16134"}],"wp:attachment":[{"href":"https:\/\/procleanroom.com\/de\/wp-json\/wp\/v2\/media?parent=16126"}],"curies":[{"name":"wp","href":"https:\/\/api.w.org\/{rel}","templated":true}]}}