{"id":16114,"date":"2023-09-01T12:12:42","date_gmt":"2023-09-01T12:12:42","guid":{"rendered":"https:\/\/procleanroom.com\/?page_id=16114"},"modified":"2024-11-19T13:27:17","modified_gmt":"2024-11-19T13:27:17","slug":"mini-umgebungen","status":"publish","type":"page","link":"https:\/\/procleanroom.com\/de\/reinraume\/modulare-reinraume\/mini-umgebungen\/","title":{"rendered":"Mini-Umgebungen"},"content":{"rendered":"<section class=\"l-section wpb_row height_medium\"><div class=\"l-section-h i-cf\"><div class=\"g-cols type_default\"><div class=\"vc_col-sm-12 wpb_column vc_column_container\"><div class=\"vc_column-inner\"><div class=\"wpb_wrapper\"><div class=\"g-cols wpb_row type_default vc_inner \"><div class=\"vc_col-sm-12 wpb_column vc_column_container\"><div class=\"vc_column-inner\"><div class=\"wpb_wrapper\"><div class=\"w-image\"><div class=\"us-frame\"><img loading=\"lazy\" decoding=\"async\" width=\"798\" height=\"350\" src=\"https:\/\/procleanroom.com\/wp-content\/uploads\/2015\/08\/5_bew.jpg\" class=\"attachment-full size-full\" alt=\"Cleanroom mini omgeving voor medische verpakkingen\" srcset=\"https:\/\/procleanroom.com\/wp-content\/uploads\/2015\/08\/5_bew.jpg 798w, https:\/\/procleanroom.com\/wp-content\/uploads\/2015\/08\/5_bew-300x132.jpg 300w, https:\/\/procleanroom.com\/wp-content\/uploads\/2015\/08\/5_bew-600x263.jpg 600w, https:\/\/procleanroom.com\/wp-content\/uploads\/2015\/08\/5_bew-150x66.jpg 150w\" sizes=\"auto, (max-width: 798px) 100vw, 798px\" \/><\/div><\/div><div class=\"wpb_text_column \"><div class=\"wpb_wrapper\">\n<h2>Warum eine Mini-Umgebung?<\/h2>\n<p>Mini-Umgebungen eignen sich hervorragend f\u00fcr lokale und insbesondere f\u00fcr kritische Prozesse. H\u00e4ufig befindet sich die Mini-Umgebung in einem bestehenden Raum oder Reinraum. Durch die Realisierung einer strengeren ISO-Klasse, die nur in der Mini-Umgebung gilt, sparen Sie Energie und Kosten. Die Mini-Umgebung ist in einer Softwall- und\/oder einer Hardwall-Ausf\u00fchrung (verblendet oder transparent) erh\u00e4ltlich. Dank eines einzigartigen und innovativen Rahmenkonzepts und einer b\u00fcndigen Decke ist die Mini-Umgebung leicht zu reinigen. Durch den Einsatz von Fan-Filter-Units der neuesten Generation (DC-Motor) sind die Mini- und Mikro-Umgebungen von ProCleanroom in Bezug auf den Energieverbrauch die besten auf dem Markt.<\/p>\n<p><strong>Die Reinr\u00e4ume von ProCleanroom bieten Folgendes<\/strong>:<\/p>\n<ul>\n<li>Niedrigste Betriebskosten auf dem Markt<\/li>\n<li>Hohe Effizienz und funktionelles Design<\/li>\n<li>Sowohl Ma\u00dfarbeit als auch Standardl\u00f6sungen m\u00f6glich<\/li>\n<li>Steuerung mit automatischem Wochenprogramm<\/li>\n<li>Sauberes Design: Tragende Struktur und Technik hinter der Verkleidung verborgen<\/li>\n<li>Innovative b\u00fcndige Decke und daher leicht zu reinigen. Bleibt sauber<\/li>\n<li>Neueste Generation von Fan-Filter-Units mit DC-Motoren von EBM-Papst<\/li>\n<li>Entspricht der internationalen Reinraumnorm ISO14644-1\/3<\/li>\n<\/ul>\n<p><strong>ProCleanroom: Build your expertise.<\/strong><\/div> <\/div> <\/div><\/div><\/div><\/div><div class=\"g-cols wpb_row type_default vc_inner \"><div class=\"vc_col-sm-12 wpb_column vc_column_container\"><div class=\"vc_column-inner\"><div class=\"wpb_wrapper\">[vc_empty_space]<\/div><\/div><\/div><\/div><div class=\"g-cols wpb_row type_default vc_inner \"><div class=\"vc_col-sm-12 wpb_column vc_column_container\"><div class=\"vc_column-inner\"><div class=\"wpb_wrapper\"><div class=\"w-actionbox color_primary controls_right\"><div class=\"w-actionbox-text\"><h2>M\u00f6chten Sie mehr erfahren?<\/h2><\/div><div class=\"w-actionbox-controls\"><a class=\"w-btn color_white style_outlined icon_atleft\" href=\"https:\/\/procleanroom.com\/wp-content\/uploads\/2024\/11\/Modular-Cleanrooms-brochure-EN.pdf\" target=\"_blank\"><i class=\"fa fa-file-pdf-o\"><\/i><span class=\"w-btn-label\">BROSCH\u00dcRE MODULARE REINR\u00c4UME HERUNTERLADEN (EN)<\/span><\/a><\/div><\/div><\/div><\/div><\/div><\/div><\/div><\/div><\/div><\/div><\/div><\/section>\n","protected":false},"excerpt":{"rendered":"Warum eine Mini-Umgebung? Mini-Umgebungen eignen sich hervorragend f\u00fcr lokale und insbesondere f\u00fcr kritische Prozesse. H\u00e4ufig befindet sich die Mini-Umgebung in einem bestehenden Raum oder Reinraum. Durch die Realisierung einer strengeren ISO-Klasse, die nur in der Mini-Umgebung gilt, sparen Sie Energie...","protected":false},"author":5,"featured_media":0,"parent":16134,"menu_order":30,"comment_status":"closed","ping_status":"closed","template":"","meta":{"footnotes":""},"class_list":["post-16114","page","type-page","status-publish","hentry"],"_links":{"self":[{"href":"https:\/\/procleanroom.com\/de\/wp-json\/wp\/v2\/pages\/16114","targetHints":{"allow":["GET"]}}],"collection":[{"href":"https:\/\/procleanroom.com\/de\/wp-json\/wp\/v2\/pages"}],"about":[{"href":"https:\/\/procleanroom.com\/de\/wp-json\/wp\/v2\/types\/page"}],"author":[{"embeddable":true,"href":"https:\/\/procleanroom.com\/de\/wp-json\/wp\/v2\/users\/5"}],"replies":[{"embeddable":true,"href":"https:\/\/procleanroom.com\/de\/wp-json\/wp\/v2\/comments?post=16114"}],"version-history":[{"count":6,"href":"https:\/\/procleanroom.com\/de\/wp-json\/wp\/v2\/pages\/16114\/revisions"}],"predecessor-version":[{"id":17761,"href":"https:\/\/procleanroom.com\/de\/wp-json\/wp\/v2\/pages\/16114\/revisions\/17761"}],"up":[{"embeddable":true,"href":"https:\/\/procleanroom.com\/de\/wp-json\/wp\/v2\/pages\/16134"}],"wp:attachment":[{"href":"https:\/\/procleanroom.com\/de\/wp-json\/wp\/v2\/media?parent=16114"}],"curies":[{"name":"wp","href":"https:\/\/api.w.org\/{rel}","templated":true}]}}