{"id":16110,"date":"2023-09-01T12:17:39","date_gmt":"2023-09-01T12:17:39","guid":{"rendered":"https:\/\/procleanroom.com\/?page_id=16110"},"modified":"2023-09-01T12:17:39","modified_gmt":"2023-09-01T12:17:39","slug":"temperaturregelung","status":"publish","type":"page","link":"https:\/\/procleanroom.com\/de\/reinraume\/temperaturregelung\/","title":{"rendered":"Temperaturregelung"},"content":{"rendered":"<section class=\"l-section wpb_row height_medium\"><div class=\"l-section-h i-cf\"><div class=\"g-cols type_default\"><div class=\"vc_col-sm-12 wpb_column vc_column_container\"><div class=\"vc_column-inner\"><div class=\"wpb_wrapper\"><div class=\"g-cols wpb_row type_default vc_inner \"><div class=\"vc_col-sm-12 wpb_column vc_column_container\"><div class=\"vc_column-inner\"><div class=\"wpb_wrapper\"><div class=\"w-image\"><div class=\"us-frame\"><img loading=\"lazy\" decoding=\"async\" width=\"798\" height=\"350\" src=\"https:\/\/procleanroom.com\/wp-content\/uploads\/2016\/12\/6.jpg\" class=\"attachment-full size-full\" alt=\"Instellen luchtsnelheid cleanroom door operator\" srcset=\"https:\/\/procleanroom.com\/wp-content\/uploads\/2016\/12\/6.jpg 798w, https:\/\/procleanroom.com\/wp-content\/uploads\/2016\/12\/6-300x132.jpg 300w, https:\/\/procleanroom.com\/wp-content\/uploads\/2016\/12\/6-600x263.jpg 600w, https:\/\/procleanroom.com\/wp-content\/uploads\/2016\/12\/6-150x66.jpg 150w\" sizes=\"auto, (max-width: 798px) 100vw, 798px\" \/><\/div><\/div><div class=\"wpb_text_column \"><div class=\"wpb_wrapper\">\n<h2>Temperaturregelung im Reinraum<\/h2>\n<p>Ein modularer Reinraum von ProCleanroom passt sich automatisch an das Klima des Raumes an, in dem er aufgestellt ist. F\u00fcr Prozesse, bei denen eine Temperaturregelung erw\u00fcnscht oder notwendig ist, bietet ProCleanroom eine optionale Klimasteuerung. Durch den Einsatz von wassergek\u00fchlten W\u00e4rmetauschern oder aktiver Klimatisierung kann die Temperatur im Reinraum gesteuert werden. Die Regulierung der W\u00e4rmebelastung ist f\u00fcr einige kritische Prozesse erforderlich und macht die Arbeit im Reinraum angenehmer.<\/p>\n<p>Entscheidend f\u00fcr die Temperatur (und Luftfeuchtigkeit) im Reinraum ist die Gesamtw\u00e4rmebelastung des Raums.<\/p>\n<p>Die W\u00e4rmebelastung ist die Summe aus:<\/p>\n<ul>\n<li>Anzahl der aktiven Personen im Reinraum<\/li>\n<li>Gesamtw\u00e4rmeabgabe der Ger\u00e4te und\/oder Prozesse im Reinraum<\/li>\n<li>Anzahl und Art der Beleuchtung<\/li>\n<li>Anzahl und Art der Filtereinheiten<\/li>\n<li>Temperatur der Umgebung<\/li>\n<li>Sonneneinstrahlung (falls zutreffend)<\/li>\n<\/ul>\n<p>ProCleanroom bietet Reinr\u00e4ume mit LED-Beleuchtung f\u00fcr eine geringe W\u00e4rmebelastung und einen niedrigen Energieverbrauch. Dar\u00fcber hinaus ist das Filtrationssystem des Reinraums mit Gleichstrommotoren ausgestattet, die f\u00fcr maximale Effizienz, niedrigsten Stromverbrauch und geringste W\u00e4rmebelastung sorgen. Die Klimasteuerung eignet sich unter anderem f\u00fcr Labore, temperatursensible Anwendungen in der Feinmechanik sowie f\u00fcr Mess- und Kalibrierungsanwendungen.<\/p>\n<p><strong>Reinraum-Klimatisierungssystem<br \/>\n<\/strong>Die Klimatisierungssysteme von ProCleanroom sind f\u00fcr ihre Qualit\u00e4t und Zuverl\u00e4ssigkeit bekannt. Sie sind mit K\u00e4ltetechnik der neuesten Generation ausgestattet und sorgen f\u00fcr maximale, effektive K\u00fchlung. Die Klimatisierungssysteme bestehen ausschlie\u00dflich aus hochwertigen Komponenten. Das Ansaugsystem bl\u00e4st die gek\u00fchlte Luft \u00fcber den HEPA- oder ULPA-Filter in den Raum. Wenn es um energieeffiziente K\u00fchll\u00f6sungen f\u00fcr den Reinraum geht, ist ProCleanroom Ihr idealer Partner.<\/p>\n<p><strong>ProCleanroom: Build your expertise.<\/strong><\/div> <\/div> <\/div><\/div><\/div><\/div><div class=\"g-cols wpb_row type_default vc_inner \"><div class=\"vc_col-sm-12 wpb_column vc_column_container\"><div class=\"vc_column-inner\"><div class=\"wpb_wrapper\">[vc_empty_space]<div class=\"w-actionbox color_primary controls_right\"><div class=\"w-actionbox-text\"><h2>Want to know more ?<\/h2><\/div><div class=\"w-actionbox-controls\"><a class=\"w-btn color_white style_outlined icon_atleft\" href=\"https:\/\/procleanroom.com\/contact\/\"><i class=\"fa fa-comments-o\"><\/i><span class=\"w-btn-label\">REQUEST INFORMATION<\/span><\/a><\/div><\/div><\/div><\/div><\/div><\/div><\/div><\/div><\/div><\/div><\/div><\/section>\n","protected":false},"excerpt":{"rendered":"Temperaturregelung im Reinraum Ein modularer Reinraum von ProCleanroom passt sich automatisch an das Klima des Raumes an, in dem er aufgestellt ist. F\u00fcr Prozesse, bei denen eine Temperaturregelung erw\u00fcnscht oder notwendig ist, bietet ProCleanroom eine optionale Klimasteuerung. Durch den Einsatz...","protected":false},"author":5,"featured_media":0,"parent":16170,"menu_order":30,"comment_status":"closed","ping_status":"closed","template":"","meta":{"footnotes":""},"class_list":["post-16110","page","type-page","status-publish","hentry"],"_links":{"self":[{"href":"https:\/\/procleanroom.com\/de\/wp-json\/wp\/v2\/pages\/16110","targetHints":{"allow":["GET"]}}],"collection":[{"href":"https:\/\/procleanroom.com\/de\/wp-json\/wp\/v2\/pages"}],"about":[{"href":"https:\/\/procleanroom.com\/de\/wp-json\/wp\/v2\/types\/page"}],"author":[{"embeddable":true,"href":"https:\/\/procleanroom.com\/de\/wp-json\/wp\/v2\/users\/5"}],"replies":[{"embeddable":true,"href":"https:\/\/procleanroom.com\/de\/wp-json\/wp\/v2\/comments?post=16110"}],"version-history":[{"count":3,"href":"https:\/\/procleanroom.com\/de\/wp-json\/wp\/v2\/pages\/16110\/revisions"}],"predecessor-version":[{"id":16113,"href":"https:\/\/procleanroom.com\/de\/wp-json\/wp\/v2\/pages\/16110\/revisions\/16113"}],"up":[{"embeddable":true,"href":"https:\/\/procleanroom.com\/de\/wp-json\/wp\/v2\/pages\/16170"}],"wp:attachment":[{"href":"https:\/\/procleanroom.com\/de\/wp-json\/wp\/v2\/media?parent=16110"}],"curies":[{"name":"wp","href":"https:\/\/api.w.org\/{rel}","templated":true}]}}