{"id":16104,"date":"2023-09-01T12:18:30","date_gmt":"2023-09-01T12:18:30","guid":{"rendered":"https:\/\/procleanroom.com\/?page_id=16104"},"modified":"2023-09-01T12:18:30","modified_gmt":"2023-09-01T12:18:30","slug":"cleanroom-options","status":"publish","type":"page","link":"https:\/\/procleanroom.com\/de\/reinraume\/cleanroom-options\/","title":{"rendered":"Cleanroom options"},"content":{"rendered":"<section class=\"l-section wpb_row height_medium\"><div class=\"l-section-h i-cf\"><div class=\"g-cols type_default\"><div class=\"vc_col-sm-12 wpb_column vc_column_container\"><div class=\"vc_column-inner\"><div class=\"wpb_wrapper\"><div class=\"g-cols wpb_row type_default vc_inner \"><div class=\"vc_col-sm-12 wpb_column vc_column_container\"><div class=\"vc_column-inner\"><div class=\"wpb_wrapper\"><div class=\"w-image\"><div class=\"us-frame\"><img loading=\"lazy\" decoding=\"async\" width=\"798\" height=\"350\" src=\"https:\/\/procleanroom.com\/wp-content\/uploads\/2016\/12\/111.jpg\" class=\"attachment-full size-full\" alt=\"Cleanroom regelaar bediend door operator\" srcset=\"https:\/\/procleanroom.com\/wp-content\/uploads\/2016\/12\/111.jpg 798w, https:\/\/procleanroom.com\/wp-content\/uploads\/2016\/12\/111-300x132.jpg 300w, https:\/\/procleanroom.com\/wp-content\/uploads\/2016\/12\/111-600x263.jpg 600w, https:\/\/procleanroom.com\/wp-content\/uploads\/2016\/12\/111-150x66.jpg 150w\" sizes=\"auto, (max-width: 798px) 100vw, 798px\" \/><\/div><\/div><div class=\"wpb_text_column \"><div class=\"wpb_wrapper\">\n<h2>Ein \u00dcberblick \u00fcber die M\u00f6glichkeiten in einem Reinraum von ProCleanroom<\/h2>\n<p>Bei ProCleanroom stehen Innovation, Qualit\u00e4t und Service im Mittelpunkt. Aus diesem Grund entwirft und liefert ProCleanroom Produkte, die Ihre Expertise voll unterst\u00fctzen und erleichtern. Da jede Branche und jede Anwendung andere Anforderungen stellt, bietet ProCleanroom eine Reihe von Optionen f\u00fcr die Implementierung eines modularen Reinraums oder einer Laminar-Flow-Werkbank. Es versteht sich von selbst, dass die Produkte von ProCleanroom die Standards der internationalen Reinraumklassifizierungen erf\u00fcllen. Dar\u00fcber hinaus haben die Reinr\u00e4ume den niedrigsten Stromverbrauch und die niedrigsten Betriebskosten auf dem Markt.<\/p>\n<p><strong>Reinraumoptionen<\/strong><\/p>\n<p><strong>1. Reinraum-Wandverkleidungen<\/strong><\/p>\n<p>1.1 Softwall-Streifenvorhang (Streifen\/Paneele)<br \/>\nDie Softwall-Streifen sind in der Regel aus PVC und haben eine leichte Kr\u00fcmmung f\u00fcr eine optimale \u00dcberlappung, so dass die Streifen im Ruhezustand eine geschlossene Wand bilden. Die Softwall-Streifen aus PVC bieten eine gute Best\u00e4ndigkeit gegen Alkohol und andere Reinigungsmittel. Der Vorteil dieser Streifen ist, dass beim Betreten nur eine kleine \u00d6ffnung geschaffen wird. Dadurch bleibt die Integrit\u00e4t des Reinraums v\u00f6llig intakt. Die Softwall-Paneele sind in transparenter oder get\u00f6nter\/verblendeter Ausf\u00fchrung (in verschiedenen Farben) erh\u00e4ltlich und haben antistatische (ESD) Eigenschaften und\/oder (gelbe) UV-Filter. Es ist auch eine spezielle, nicht entgasende Softwall-Version aus Polyurethan erh\u00e4ltlich (insbesondere f\u00fcr die Luft- und Raumfahrt und die Halbleiterindustrie).<\/p>\n<p>1.2 Hardwall-Paneele \u2013 (teilweise) transparent<br \/>\nHergestellt aus Polycarbonat oder PETG. Robust und mit hoher L\u00f6semittelbest\u00e4ndigkeit. Sehr hell und mit guter Sicht, sodass Sie den Prozess von au\u00dfen sehen k\u00f6nnen und das Personal im Reinraum eine gute Sicht von innen hat.<\/p>\n<p>1.3 Hardwall-Paneele \u2013 (teilweise) undurchsichtig<br \/>\nHergestellt aus Hart-PVC. Die Platten bietet eine gute Best\u00e4ndigkeit gegen L\u00f6sungsmittel. Die Verarbeitung ist wei\u00df (oder, falls gew\u00fcnscht, in einer anderen Farbe) und eignet sich sowohl f\u00fcr Innen- als auch f\u00fcr Au\u00dfentrennw\u00e4nde.<\/p>\n<p>1.4 Decke<br \/>\nEinzigartiges, innovatives und 100 % b\u00fcndig verarbeitetes Konzept mit leichten und sehr starken beschichteten Aluminium-Verbundplatten in einem eloxierten Aluminiumrahmen. Dadurch ist die Decke sehr einfach und schnell zu reinigen. Au\u00dferdem bleibt sie sauber. In Kombination mit der LED-Beleuchtung des Reinraums bildet die Decke ein sch\u00f6nes Ganzes.<\/p>\n<p>1.5 Notausg\u00e4nge<br \/>\nSoftwall-Streifenvorh\u00e4nge werden oft als Notausgang verwendet. In einem Hardwall-Reinraum kann es notwendig sein, einen Notausgang zu schaffen. Dabei kann es sich um ein transparentes oder undurchsichtiges abnehmbares Wandpaneel handeln.<\/p>\n<p><strong>2. Rahmen<\/strong><\/p>\n<p>2.1 Pulverbeschichteter Stahl<br \/>\nRobuster Rahmen mit hochwertiger Pulverbeschichtung in RAL9016 (oder anderer Farbe). Dadurch entsteht eine ebene, halbgl\u00e4nzende Oberfl\u00e4che, die sehr resistent gegen Reinigungsmittel ist.<\/p>\n<p>2.2. Edelstahl (304 oder 316)<br \/>\nF\u00fcr eine extrem hochwertige Verarbeitung und f\u00fcr Anwendungen in der Lebensmittel- und Pharmaindustrie ist ein Edelstahlrahmen die richtige Wahl. Edelstahl bietet einen hohen Schutz gegen Oxidation und Korrosion und ein ansprechendes Design.<\/p>\n<p><strong>3. Fu\u00dfoptionen<\/strong><\/p>\n<p>3.1 Feststellbare R\u00e4der<br \/>\nDiese werden an den F\u00fc\u00dfen des Rahmens befestigt und machen den Reinraum mobil. Verschiedene Ausf\u00fchrungen. Auch in Edelstahl erh\u00e4ltlich.<\/p>\n<p>3.2 Nivellierf\u00fc\u00dfe\/verstellbare F\u00fc\u00dfe<br \/>\nWenn der Reinraum auf einer unebenen Fl\u00e4che steht, m\u00fcssen m\u00f6glicherweise Nivellierf\u00fc\u00dfe verwendet werden. Verstellbare F\u00fc\u00dfe eignen sich auch f\u00fcr Anwendungen, bei denen der Reinraum nicht direkt auf dem Boden stehen soll, so dass der Boden ordnungsgem\u00e4\u00df gereinigt werden kann.<\/p>\n<p><strong> 4. Eing\u00e4nge<\/strong><\/p>\n<p>4.1 Softwall-Eing\u00e4nge<br \/>\nTransparente oder get\u00f6nte Softwall-Paneele mit Lichtkurve f\u00fcr maximale Abdichtung. Diese Paneele bieten eine hervorragende und dauerhafte Abtrennung. Siehe 1.1 f\u00fcr weitere Details. Varianten des herk\u00f6mmlichen Streifenvorhangs sind ein Standard-Schiebesystem und ein innovatives Ziehharmonika-System, das sich auf nur 15 % der Wandl\u00e4nge falten l\u00e4sst.<\/p>\n<p>4.2 Dreh-, Schwenk- und Schiebet\u00fcren<br \/>\nIn mehreren manuellen oder automatischen Ausf\u00fchrungen.<\/p>\n<p>4.3 Schnelllauftore<br \/>\nF\u00fcr Anwendungen mit hoher Intensit\u00e4t in der Logistik sind Schnelllauftore eine ausgezeichnete Wahl. Die T\u00fcren \u00f6ffnen sich schnell (sie werden aufgerollt) durch eine Druckknopfsteuerung, ein Tag-System oder automatisch \u00fcber Sensoren. Es sind verschiedene Modelle erh\u00e4ltlich.<\/p>\n<p><strong>5. Beleuchtung<\/strong><br \/>\nProCleanroom liefert seine Standard-Reinr\u00e4ume mit LED-Paneelen. Diese Art der Beleuchtung hat einen geringen Stromverbrauch und eine hohe Lichtintensit\u00e4t. Wenn an der Decke aufgrund eines hohen Anteils an Filtermedien kein Platz f\u00fcr LED-Paneele ist (was bei h\u00f6heren ISO-Klassen h\u00e4ufig der Fall ist), liefert ProCleanroom Reinr\u00e4ume mit &#8222;Teardrop&#8220;-Leuchten. In der Vorbereitungsphase kann eine Beratung durch die Ingenieure von ProCleanroom Ihnen helfen, die richtige Wahl zu treffen.<\/p>\n<p><strong>6. M\u00f6bel<\/strong><br \/>\nProCleanroom liefert Edelstahlm\u00f6bel (Design und Herstellung in eigener Regie) wie z.B. freistehende Tische, Regale und schwebend montierte Arbeitsfl\u00e4chen. Haben Sie Interesse? Erkundigen Sie sich nach den M\u00f6glichkeiten.<\/p>\n<p><strong>7. ESD-Kompatibilit\u00e4t<\/strong><br \/>\nESD ist ein Programm f\u00fcr Prozesse, die empfindlich auf statische Aufladung in der Luft reagieren. Sie k\u00f6nnen zwischen verschiedenen Materialien w\u00e4hlen und das Filtersystem mit aktiven Antistatikst\u00e4ben ausstatten, um die statische Aufladung der zugef\u00fchrten Luft zu neutralisieren.<\/p>\n<p><strong>8. Durchreichen<\/strong><br \/>\nDurchreichen\/Durchgabeschr\u00e4nke erleichtern das verantwortungsvolle Umladen von Produkten aus der Waren- und\/oder Personalluke. Die Durchgabeschr\u00e4nke sind in einfachen und fortschrittlicheren Varianten erh\u00e4ltlich, u.a. mit einem Verriegelungssystem.<\/p>\n<p><strong>9. Filtersystem<\/strong><br \/>\nFan-Filter-Units (FFUs) versorgen den Reinraum mit gefilterter Luft. Je nach ISO-Klasse wird der richtige Filtertyp ermittelt. Lesen Sie hier mehr \u00fcber unsere Fan-Filter-Units.<\/p>\n<p><strong>10. Umkleide-\/Warenbereich<\/strong><br \/>\nUm die Arbeitsabl\u00e4ufe effizient zu unterst\u00fctzen, ist es m\u00f6glich, den Reinraum mit einem Umkleidebereich und\/oder einem Warenein- und -ausgangsbereich auszustatten. Diese Bereiche bieten einen zus\u00e4tzlichen Raum zwischen der Einf\u00fchrung von Waren und den Eintritt von Personal in den Reinraum.<\/p>\n<p><strong>11. Reinraumsteuerung<\/strong><br \/>\nDie Reinr\u00e4ume von ProCleanroom sind mit der Slimline-Reinraumsteuerung ausgestattet. Diese Steuerung ist modular erweiterbar. Die Steuerung verf\u00fcgt \u00fcber eine einfache manuelle Bedienung, ein einstellbares automatisches Wochenprogramm und eine optionale Kopplung mit Sensoren wie Str\u00f6mungssensoren und Partikelz\u00e4hlern. Dies erm\u00f6glicht eine direkte Kontrolle der Partikel oder der Luftgeschwindigkeit.<\/p>\n<p><strong>12. Temperaturregelung<\/strong><br \/>\nDie Klimakontrolle im Reinraum gew\u00e4hrleistet den Komfort der Anwender und\/oder den Schutz kritischer Prozesse. Alle Komponenten des Klimatisierungssystems sind au\u00dferhalb des Reinraums untergebracht, um Kontaminationsquellen im Reinraum zu vermeiden. Das Rezirkulationssystem ist eine energieeffiziente L\u00f6sung. Luftzufuhr durch die HEPA- oder ULPA-Filter. Klicken Sie hier f\u00fcr weitere Informationen.<\/p>\n<p><strong>13. Boden<\/strong><br \/>\nEin modularer Reinraum braucht einen geeigneten Boden, der keine Partikel abgibt und leicht zu reinigen ist. Oft ist der vorhandene Boden bereits f\u00fcr einen Reinraum geeignet. Die B\u00f6den von ProCleanroom sind mit einer Epoxidbeschichtung sowie aus Vinyl oder PVC (Puzzleboden) erh\u00e4ltlich.<\/p>\n<p><strong>14. Inspektion und Reinraumvalidierung<\/strong><br \/>\nProCleanroom ist f\u00fcr die Inspektion und Validierung von Reinr\u00e4umen akkreditiert. Basierend auf einer Analyse Ihrer Anwendung und mit der ISO14644-Reinraumnorm als Ausgangspunkt, bestimmen wir gemeinsam das richtige Inspektions- und Validierungsintervall f\u00fcr Ihren Reinraum. Es ist auch m\u00f6glich, einen Servicevertrag abzuschlie\u00dfen. So k\u00f6nnen Sie sicher sein, dass der Reinraum weiterhin gem\u00e4\u00df den Richtlinien funktioniert. Lesen Sie hier mehr \u00fcber unsere Reinraumvalidierungen.<\/p>\n<p><strong>ProCleanroom: Build your expertise.<\/strong><\/div> <\/div> <\/div><\/div><\/div><\/div><div class=\"g-cols wpb_row type_default vc_inner \"><div class=\"vc_col-sm-12 wpb_column vc_column_container\"><div class=\"vc_column-inner\"><div class=\"wpb_wrapper\">[vc_empty_space]<\/div><\/div><\/div><\/div><div class=\"g-cols wpb_row type_default vc_inner \"><div class=\"vc_col-sm-12 wpb_column vc_column_container\"><div class=\"vc_column-inner\"><div class=\"wpb_wrapper\"><div class=\"w-actionbox color_primary controls_right\"><div class=\"w-actionbox-text\"><h2>M\u00f6chten Sie mehr erfahren?<\/h2><\/div><div class=\"w-actionbox-controls\"><a class=\"w-btn color_white style_outlined icon_none\" href=\"https:\/\/procleanroom.com\/de\/kontakt\/\" title=\"Kontakt\"><span class=\"w-btn-label\">INFORMATIONSANFRAGE<\/span><\/a><\/div><\/div><\/div><\/div><\/div><\/div><\/div><\/div><\/div><\/div><\/div><\/section>\n","protected":false},"excerpt":{"rendered":"Ein \u00dcberblick \u00fcber die M\u00f6glichkeiten in einem Reinraum von ProCleanroom Bei ProCleanroom stehen Innovation, Qualit\u00e4t und Service im Mittelpunkt. Aus diesem Grund entwirft und liefert ProCleanroom Produkte, die Ihre Expertise voll unterst\u00fctzen und erleichtern. Da jede Branche und jede Anwendung...","protected":false},"author":5,"featured_media":0,"parent":16170,"menu_order":70,"comment_status":"closed","ping_status":"closed","template":"","meta":{"footnotes":""},"class_list":["post-16104","page","type-page","status-publish","hentry"],"_links":{"self":[{"href":"https:\/\/procleanroom.com\/de\/wp-json\/wp\/v2\/pages\/16104","targetHints":{"allow":["GET"]}}],"collection":[{"href":"https:\/\/procleanroom.com\/de\/wp-json\/wp\/v2\/pages"}],"about":[{"href":"https:\/\/procleanroom.com\/de\/wp-json\/wp\/v2\/types\/page"}],"author":[{"embeddable":true,"href":"https:\/\/procleanroom.com\/de\/wp-json\/wp\/v2\/users\/5"}],"replies":[{"embeddable":true,"href":"https:\/\/procleanroom.com\/de\/wp-json\/wp\/v2\/comments?post=16104"}],"version-history":[{"count":5,"href":"https:\/\/procleanroom.com\/de\/wp-json\/wp\/v2\/pages\/16104\/revisions"}],"predecessor-version":[{"id":16109,"href":"https:\/\/procleanroom.com\/de\/wp-json\/wp\/v2\/pages\/16104\/revisions\/16109"}],"up":[{"embeddable":true,"href":"https:\/\/procleanroom.com\/de\/wp-json\/wp\/v2\/pages\/16170"}],"wp:attachment":[{"href":"https:\/\/procleanroom.com\/de\/wp-json\/wp\/v2\/media?parent=16104"}],"curies":[{"name":"wp","href":"https:\/\/api.w.org\/{rel}","templated":true}]}}