{"id":16096,"date":"2023-09-01T12:18:06","date_gmt":"2023-09-01T12:18:06","guid":{"rendered":"https:\/\/procleanroom.com\/?page_id=16096"},"modified":"2023-09-01T12:18:06","modified_gmt":"2023-09-01T12:18:06","slug":"reinrauminformationen","status":"publish","type":"page","link":"https:\/\/procleanroom.com\/de\/reinraume\/reinrauminformationen\/","title":{"rendered":"Reinrauminformationen"},"content":{"rendered":"<section class=\"l-section wpb_row height_medium\"><div class=\"l-section-h i-cf\"><div class=\"g-cols type_default\"><div class=\"vc_col-sm-12 wpb_column vc_column_container\"><div class=\"vc_column-inner\"><div class=\"wpb_wrapper\"><div class=\"g-cols wpb_row type_default vc_inner \"><div class=\"vc_col-sm-12 wpb_column vc_column_container\"><div class=\"vc_column-inner\"><div class=\"wpb_wrapper\"><div class=\"w-image\"><div class=\"us-frame\"><img loading=\"lazy\" decoding=\"async\" width=\"798\" height=\"350\" src=\"https:\/\/procleanroom.com\/wp-content\/uploads\/2016\/12\/8.jpg\" class=\"attachment-full size-full\" alt=\"Deeltjestelling tijdens cleanroom validatie uitgevoerd door engineer\" srcset=\"https:\/\/procleanroom.com\/wp-content\/uploads\/2016\/12\/8.jpg 798w, https:\/\/procleanroom.com\/wp-content\/uploads\/2016\/12\/8-300x132.jpg 300w, https:\/\/procleanroom.com\/wp-content\/uploads\/2016\/12\/8-600x263.jpg 600w, https:\/\/procleanroom.com\/wp-content\/uploads\/2016\/12\/8-150x66.jpg 150w\" sizes=\"auto, (max-width: 798px) 100vw, 798px\" \/><\/div><\/div><div class=\"wpb_text_column \"><div class=\"wpb_wrapper\">\n<h1>Was ist ein Reinraum?<\/h1>\n<p>Ein Reinraum ist eine Umgebung mit hoher Reinheit und wurde entwickelt, um die Kontamination (Verschmutzung) von Produkten, Prozessen oder Untersuchungen in diesem Raum zu reduzieren oder sogar zu eliminieren. Eine Kontamination kann aus gro\u00dfen und feinen Partikeln bestehen, die in der Luft vorhanden sind, sowie aus Fasern, Mikroorganismen und chemischen D\u00e4mpfen. Der Kontaminationsgrad in einem Reinraum wird anhand der Anzahl von Partikeln einer bestimmten Gr\u00f6\u00dfe pro Kubikmeter angegeben.<\/p>\n<p>Alle Reinr\u00e4ume m\u00fcssen der internationalen Norm ISO14644-1 entsprechen. Vor kurzem wurde eine neue Version dieser Norm ver\u00f6ffentlicht: die ISO 14644-1:2015 (die die alte 14644-1:1999 ersetzt). Die Definition eines Reinraums gem\u00e4\u00df der aktuellen ISO-Norm:<\/p>\n<p><strong>&#8222;Reinraum &#8211; Raum, in dem die Konzentration luftgetragener Partikel kontrolliert und klassifiziert wird und der so konstruiert ist und genutzt wird, dass das Einbringen, die Erzeugung und der Verbleib von Partikeln im Raum minimiert wird.&#8220;<\/strong><\/p>\n<p>Ref. Internationale Norm ISO14644, erste Ausgabe 2015.<\/div> <\/div> <\/div><\/div><\/div><\/div><div class=\"g-cols wpb_row type_default vc_inner \"><div class=\"vc_col-sm-12 wpb_column vc_column_container\"><div class=\"vc_column-inner\"><div class=\"wpb_wrapper\">[vc_empty_space height=&#8220;15px&#8220;]<\/div><\/div><\/div><\/div><div class=\"g-cols wpb_row type_default vc_inner \"><div class=\"vc_col-sm-12 wpb_column vc_column_container\"><div class=\"vc_column-inner\"><div class=\"wpb_wrapper\"><div class=\"wpb_text_column \"><div class=\"wpb_wrapper\">\n<table style=\"width: 100%;\" border=\"0\" cellspacing=\"0\" cellpadding=\"0\">\n<tbody>\n<tr>\n<td style=\"width: 28%;\"><strong>Reinraumnorm<\/strong><\/td>\n<td style=\"width: 12%;\" colspan=\"6\"><strong>Richtlinien zur Reinraumklassifizierung<\/strong><\/td>\n<\/tr>\n<tr>\n<td style=\"width: 28%;\">ISO 14644-1<\/td>\n<td style=\"width: 12%;\">Klasse 3<\/td>\n<td style=\"width: 12%;\">Klasse 4<\/td>\n<td style=\"width: 12%;\">Klasse 5<\/td>\n<td style=\"width: 12%;\">Klasse 6<\/td>\n<td style=\"width: 12%;\">Klasse 7<\/td>\n<td style=\"width: 12%;\">Klasse 8<\/td>\n<\/tr>\n<tr>\n<td style=\"width: 28%;\">Federal Standard 209E<\/td>\n<td style=\"width: 12%;\">1<\/td>\n<td style=\"width: 12%;\">10<\/td>\n<td style=\"width: 12%;\">100<\/td>\n<td style=\"width: 12%;\">1.000<\/td>\n<td style=\"width: 12%;\">10.000<\/td>\n<td style=\"width: 12%;\">100.000<\/td>\n<\/tr>\n<tr>\n<td style=\"width: 28%;\">EU GGMP<\/td>\n<td style=\"width: 12%;\">&#8211;<\/td>\n<td style=\"width: 12%;\">&#8211;<\/td>\n<td style=\"width: 12%;\">A\/B<\/td>\n<td style=\"width: 12%;\">&#8211;<\/td>\n<td style=\"width: 12%;\">C<\/td>\n<td style=\"width: 12%;\">D<\/td>\n<\/tr>\n<tr>\n<td style=\"width: 28%;\">Luftwechsel \/ Stunde<\/td>\n<td style=\"width: 12%;\">360-540<\/td>\n<td style=\"width: 12%;\">300-540<\/td>\n<td style=\"width: 12%;\">240-480<\/td>\n<td style=\"width: 12%;\">150-240<\/td>\n<td style=\"width: 12%;\">60-90<\/td>\n<td style=\"width: 12%;\">5-48<\/td>\n<\/tr>\n<\/tbody>\n<\/table>\n<\/div> <\/div> <\/div><\/div><\/div><\/div><div class=\"g-cols wpb_row type_default vc_inner \"><div class=\"vc_col-sm-12 wpb_column vc_column_container\"><div class=\"vc_column-inner\"><div class=\"wpb_wrapper\">[vc_empty_space height=&#8220;60px&#8220;]<\/div><\/div><\/div><\/div><div class=\"g-cols wpb_row type_default vc_inner \"><div class=\"vc_col-sm-12 wpb_column vc_column_container\"><div class=\"vc_column-inner\"><div class=\"wpb_wrapper\"><div class=\"wpb_text_column \"><div class=\"wpb_wrapper\">\n<h3>Ausgew\u00e4hlte Reinheitsklassen f\u00fcr luftgetragene Partikel<\/h3>\n<p>F\u00fcr Reinr\u00e4ume und reine Zonen gem\u00e4\u00df ISO 14644-1:2015<\/p>\n<table style=\"width: 100%;\" border=\"0\" cellspacing=\"0\" cellpadding=\"0\">\n<tbody>\n<tr>\n<td style=\"width: 28%;\">ISO-Klassifizierungsnummer<\/td>\n<td style=\"width: 12%;\" colspan=\"6\">Maximale Konzentrationsgrenzwerte (Partikel\/m\u00b3 Luft) f\u00fcr Partikel, die gleich oder gr\u00f6\u00dfer sind als die unten angegebenen Gr\u00f6\u00dfen<\/td>\n<\/tr>\n<tr>\n<td style=\"width: 28%;\"><\/td>\n<td style=\"width: 12%;\"><b>\u22650.1\u00b5m<\/b><\/td>\n<td style=\"width: 12%;\"><b>\u22650.2\u00b5m<\/b><\/td>\n<td style=\"width: 12%;\"><b>\u22650.3\u00b5m<\/b><\/td>\n<td style=\"width: 12%;\"><b>\u22650.5\u00b5m<\/b><\/td>\n<td style=\"width: 12%;\"><b>\u22651.0\u00b5m<\/b><\/td>\n<td style=\"width: 12%;\"><b>\u22655.0\u00b5m<\/b><\/td>\n<\/tr>\n<tr>\n<td style=\"width: 28%;\">ISO Klasse 1<\/td>\n<td style=\"width: 12%;\">10<\/td>\n<td style=\"width: 12%;\">&#8211;<\/td>\n<td style=\"width: 12%;\">&#8211;<\/td>\n<td style=\"width: 12%;\">&#8211;<\/td>\n<td style=\"width: 12%;\">&#8211;<\/td>\n<td style=\"width: 12%;\">&#8211;<\/td>\n<\/tr>\n<tr>\n<td style=\"width: 22%;\">ISO Klasse 2<\/td>\n<td style=\"width: 12%;\">100<\/td>\n<td style=\"width: 12%;\">24<\/td>\n<td style=\"width: 12%;\">10<\/td>\n<td style=\"width: 12%;\">&#8211;<\/td>\n<td style=\"width: 12%;\">&#8211;<\/td>\n<td style=\"width: 12%;\">&#8211;<\/td>\n<\/tr>\n<tr>\n<td style=\"width: 28%;\">ISO Klasse 3<\/td>\n<td style=\"width: 12%;\">1.000<\/td>\n<td style=\"width: 12%;\">237<\/td>\n<td style=\"width: 12%;\">102<\/td>\n<td style=\"width: 12%;\">35<\/td>\n<td style=\"width: 12%;\">&#8211;<\/td>\n<td style=\"width: 12%;\">&#8211;<\/td>\n<\/tr>\n<tr>\n<td style=\"width: 28%;\">ISO Klasse 4<\/td>\n<td style=\"width: 12%;\">10.000<\/td>\n<td style=\"width: 12%;\">2.370<\/td>\n<td style=\"width: 12%;\">1.020<\/td>\n<td style=\"width: 12%;\">352<\/td>\n<td style=\"width: 12%;\">83<\/td>\n<td style=\"width: 12%;\">&#8211;<\/td>\n<\/tr>\n<tr>\n<td style=\"width: 28%;\">ISO Klasse 5<\/td>\n<td style=\"width: 12%;\">100.000<\/td>\n<td style=\"width: 12%;\">23.700<\/td>\n<td style=\"width: 12%;\">10.200<\/td>\n<td style=\"width: 12%;\">3.520<\/td>\n<td style=\"width: 12%;\">832<\/td>\n<td style=\"width: 12%;\">&#8211;<\/td>\n<\/tr>\n<tr>\n<td style=\"width: 28%;\">ISO Klasse 6<\/td>\n<td style=\"width: 12%;\">1.000.000<\/td>\n<td style=\"width: 12%;\">237.000<\/td>\n<td style=\"width: 12%;\">102.000<\/td>\n<td style=\"width: 12%;\">35.200<\/td>\n<td style=\"width: 12%;\">8.320<\/td>\n<td style=\"width: 12%;\">293<\/td>\n<\/tr>\n<tr>\n<td style=\"width: 28%;\">ISO Klasse 7<\/td>\n<td style=\"width: 12%;\">&#8211;<\/td>\n<td style=\"width: 12%;\">&#8211;<\/td>\n<td style=\"width: 12%;\">&#8211;<\/td>\n<td style=\"width: 12%;\">352.000<\/td>\n<td style=\"width: 12%;\">83.200<\/td>\n<td style=\"width: 12%;\">2.930<\/td>\n<\/tr>\n<tr>\n<td style=\"width: 28%;\">ISO Klasse 8<\/td>\n<td style=\"width: 12%;\">&#8211;<\/td>\n<td style=\"width: 12%;\">&#8211;<\/td>\n<td style=\"width: 12%;\">&#8211;<\/td>\n<td style=\"width: 12%;\">3.520.000<\/td>\n<td style=\"width: 12%;\">832.000<\/td>\n<td style=\"width: 12%;\">29.300<\/td>\n<\/tr>\n<tr>\n<td style=\"width: 28%;\">ISO Klasse 9<\/td>\n<td style=\"width: 12%;\">&#8211;<\/td>\n<td style=\"width: 12%;\">&#8211;<\/td>\n<td style=\"width: 12%;\">&#8211;<\/td>\n<td style=\"width: 12%;\">35.200.000<\/td>\n<td style=\"width: 12%;\">8.320.000<\/td>\n<td style=\"width: 12%;\">293.000<\/td>\n<\/tr>\n<\/tbody>\n<\/table>\n<\/div> <\/div> <\/div><\/div><\/div><\/div><div class=\"g-cols wpb_row type_default vc_inner \"><div class=\"vc_col-sm-12 wpb_column vc_column_container\"><div class=\"vc_column-inner\"><div class=\"wpb_wrapper\">[vc_empty_space height=&#8220;60px&#8220;]<\/div><\/div><\/div><\/div><div class=\"g-cols wpb_row type_default vc_inner \"><div class=\"vc_col-sm-12 wpb_column vc_column_container\"><div class=\"vc_column-inner\"><div class=\"wpb_wrapper\"><div class=\"wpb_text_column \"><div class=\"wpb_wrapper\">\n<h3>Reinraum-Grenzwerte f\u00fcr luftgetragene Partikelkontamination<\/h3>\n<p>Bezogen auf GGMP<\/p>\n<table style=\"width: 100%;\" border=\"0\" cellspacing=\"0\" cellpadding=\"0\">\n<tbody>\n<tr>\n<td style=\"width: 28%;\" colspan=\"2\">Reinraumnorm<\/td>\n<td style=\"width: 12%;\" colspan=\"5\">Maximal zul\u00e4ssige Anzahl von Partikeln\/m\u00b3<\/td>\n<\/tr>\n<tr>\n<td style=\"width: 16%;\"><strong>EU GGMP Grade<\/strong><\/td>\n<td style=\"width: 16%;\"><strong>ISO14644-1:1999<\/strong><\/td>\n<td style=\"width: 16%;\"><strong>Im Ruhezustand \u22650.5\u00b5m<\/strong><\/td>\n<td style=\"width: 16%;\"><strong>Im Ruhezustand \u22655.0\u00b5m<\/strong><\/td>\n<td style=\"width: 16%;\"><strong>Im Betriebszustand \u22650.5\u00b5m<\/strong><\/td>\n<td style=\"width: 16%;\"><strong>Im Betriebszustand \u22655.0\u00b5m<\/strong><\/td>\n<\/tr>\n<tr>\n<td>A<\/td>\n<td>5<\/td>\n<td>3.520<\/td>\n<td>20<\/td>\n<td>3.520<\/td>\n<td>20<\/td>\n<\/tr>\n<tr>\n<td>B<\/td>\n<td>5<\/td>\n<td>3.520<\/td>\n<td>29<\/td>\n<td>352.000<\/td>\n<td>2.900<\/td>\n<\/tr>\n<tr>\n<td>C<\/td>\n<td>7<\/td>\n<td>352.000<\/td>\n<td>2.900<\/td>\n<td>3.520.000<\/td>\n<td>29.000<\/td>\n<\/tr>\n<tr>\n<td>D<\/td>\n<td>8<\/td>\n<td>3.520.000<\/td>\n<td>29.000<\/td>\n<td>nicht definiert<\/td>\n<td>nicht definiert<\/td>\n<\/tr>\n<\/tbody>\n<\/table>\n<\/div> <\/div> [vc_empty_space]<div class=\"wpb_text_column \"><div class=\"wpb_wrapper\"><p><\/p><\/div> <\/div> <\/div><\/div><\/div><\/div><div class=\"g-cols wpb_row type_default vc_inner \"><div class=\"vc_col-sm-12 wpb_column vc_column_container\"><div class=\"vc_column-inner\"><div class=\"wpb_wrapper\">[vc_empty_space height=&#8220;60px&#8220;]<\/div><\/div><\/div><\/div><div class=\"g-cols wpb_row type_default vc_inner \"><div class=\"vc_col-sm-12 wpb_column vc_column_container\"><div class=\"vc_column-inner\"><div class=\"wpb_wrapper\"><div class=\"w-actionbox color_primary controls_right\"><div class=\"w-actionbox-text\"><h2>M\u00f6chten Sie mehr erfahren?<\/h2><\/div><div class=\"w-actionbox-controls\"><a class=\"w-btn color_white style_outlined icon_atleft\" href=\"https:\/\/procleanroom.com\/de\/kontakt\/\"><i class=\"fa fa-comments-o\"><\/i><span class=\"w-btn-label\">INFORMATIONSANFRAGE<\/span><\/a><\/div><\/div><\/div><\/div><\/div><\/div><\/div><\/div><\/div><\/div><\/div><\/section>\n","protected":false},"excerpt":{"rendered":"Was ist ein Reinraum? Ein Reinraum ist eine Umgebung mit hoher Reinheit und wurde entwickelt, um die Kontamination (Verschmutzung) von Produkten, Prozessen oder Untersuchungen in diesem Raum zu reduzieren oder sogar zu eliminieren. Eine Kontamination kann aus gro\u00dfen und feinen...","protected":false},"author":5,"featured_media":0,"parent":16170,"menu_order":50,"comment_status":"closed","ping_status":"closed","template":"","meta":{"footnotes":""},"class_list":["post-16096","page","type-page","status-publish","hentry"],"_links":{"self":[{"href":"https:\/\/procleanroom.com\/de\/wp-json\/wp\/v2\/pages\/16096","targetHints":{"allow":["GET"]}}],"collection":[{"href":"https:\/\/procleanroom.com\/de\/wp-json\/wp\/v2\/pages"}],"about":[{"href":"https:\/\/procleanroom.com\/de\/wp-json\/wp\/v2\/types\/page"}],"author":[{"embeddable":true,"href":"https:\/\/procleanroom.com\/de\/wp-json\/wp\/v2\/users\/5"}],"replies":[{"embeddable":true,"href":"https:\/\/procleanroom.com\/de\/wp-json\/wp\/v2\/comments?post=16096"}],"version-history":[{"count":7,"href":"https:\/\/procleanroom.com\/de\/wp-json\/wp\/v2\/pages\/16096\/revisions"}],"predecessor-version":[{"id":16103,"href":"https:\/\/procleanroom.com\/de\/wp-json\/wp\/v2\/pages\/16096\/revisions\/16103"}],"up":[{"embeddable":true,"href":"https:\/\/procleanroom.com\/de\/wp-json\/wp\/v2\/pages\/16170"}],"wp:attachment":[{"href":"https:\/\/procleanroom.com\/de\/wp-json\/wp\/v2\/media?parent=16096"}],"curies":[{"name":"wp","href":"https:\/\/api.w.org\/{rel}","templated":true}]}}