{"id":16091,"date":"2023-09-01T12:04:09","date_gmt":"2023-09-01T12:04:09","guid":{"rendered":"https:\/\/procleanroom.com\/?page_id=16091"},"modified":"2023-09-01T12:04:09","modified_gmt":"2023-09-01T12:04:09","slug":"luftfiltration","status":"publish","type":"page","link":"https:\/\/procleanroom.com\/de\/reinraume\/luftfiltration\/","title":{"rendered":"Luftfiltration"},"content":{"rendered":"<section class=\"l-section wpb_row height_medium\"><div class=\"l-section-h i-cf\"><div class=\"g-cols type_default\"><div class=\"vc_col-sm-12 wpb_column vc_column_container\"><div class=\"vc_column-inner\"><div class=\"wpb_wrapper\"><div class=\"g-cols wpb_row type_default vc_inner \"><div class=\"vc_col-sm-12 wpb_column vc_column_container\"><div class=\"vc_column-inner\"><div class=\"wpb_wrapper\"><div class=\"w-image\"><div class=\"us-frame\"><img loading=\"lazy\" decoding=\"async\" width=\"798\" height=\"350\" src=\"https:\/\/procleanroom.com\/wp-content\/uploads\/2016\/12\/7.jpg\" class=\"attachment-full size-full\" alt=\"HEPA filter en LED verlichting in cleanroom plafond\" srcset=\"https:\/\/procleanroom.com\/wp-content\/uploads\/2016\/12\/7.jpg 798w, https:\/\/procleanroom.com\/wp-content\/uploads\/2016\/12\/7-300x132.jpg 300w, https:\/\/procleanroom.com\/wp-content\/uploads\/2016\/12\/7-600x263.jpg 600w, https:\/\/procleanroom.com\/wp-content\/uploads\/2016\/12\/7-150x66.jpg 150w\" sizes=\"auto, (max-width: 798px) 100vw, 798px\" \/><\/div><\/div><div class=\"wpb_text_column \"><div class=\"wpb_wrapper\">\n<h2>HEPA- und ULPA-Fan-Filter-Units f\u00fcr die Luftfiltration<\/h2>\n<p>Eine der Hauptkomponenten einer Fan-Filter-Unit (FFU) ist der Elektromotor des Ventilators. Seit einigen Jahren schreiben die europ\u00e4ischen Vorschriften vor, dass Ventilatoren \u00fcber DC-EC-Motoren verf\u00fcgen m\u00fcssen. Im Rahmen der ErP 2016 \u00d6kodesign-Richtlinie 2009\/125\/EG stellt die EU strengere Anforderungen an die Effizienz von Elektromotoren. Die Richtlinie legt den Schwerpunkt auf den Schutz des globalen Klimas durch die F\u00f6rderung erneuerbarer Energien, die Verringerung der CO2-Emissionen und die Steigerung der Effizienz von Elektromotoren.<\/p>\n<p>ProCleanroom liefert f\u00fcr seine modularen Reinr\u00e4ume und Laminar-Flow-Werkb\u00e4nke Fan-Filter-Units, die mit den neuesten elektrischen Gleichstrom-Ventilatormotoren ausgestattet sind. Die Motoren werden vom renommierten deutschen Unternehmen EBM Papst hergestellt. ProCleanroom erf\u00fcllt nicht nur die bestehenden Vorschriften, sondern ist den strengen ErP-Richtlinien weit voraus.<\/p>\n<p>Die Fan-Filter-Units von ProCleanroom zeichnen sich durch folgende Eigenschaften aus:<\/p>\n<ul>\n<li><strong>Niedrigster Energieverbrauch<\/strong> auf dem Markt. Sie sparen sofort<\/li>\n<li><strong>Niedriger Ger\u00e4uschpegel<\/strong> durch sorgf\u00e4ltige Isolierung des eloxierten Aluminiumgeh\u00e4uses<\/li>\n<li><strong>Kompaktes Design<\/strong> des FFU-Geh\u00e4uses f\u00fcr maximale Netto-Innenh\u00f6he des Reinraums<\/li>\n<li><strong>Minimaler Vibrationspegel<\/strong> dank EBM Papst-Motor mit ausgewuchtetem Ventilator und Permanentmagnet<\/li>\n<li><strong>\u00a0Stufenlos einstellbar<\/strong> f\u00fcr maximale Kontrolle (lokal oder ferngesteuert)<\/li>\n<li><strong>Wartungsfreundlich<\/strong> durch einfachen Austausch von Vorfiltern und hocheffizienten HEPA- oder ULPA-Absolutfiltern<\/li>\n<\/ul>\n<p><strong>Kostenkontrolle<\/strong><br \/>\nDie Betriebskosten einer Fan-Filter-Unit setzen sich aus den Kosten f\u00fcr den Austausch der Vorfilter und der hocheffizienten Absolutfilter, dem Energieverbrauch und den Wartungsintervallen zusammen.<\/p>\n<p>Die hohe Kapazit\u00e4t der Vorfilter f\u00fchrt zu einem maximalen Wartungsintervall der teureren hocheffizienten Absolutfilter (bis zu 5 Jahre bei Betrieb rund um die Uhr). Au\u00dferdem sind die Kosten f\u00fcr den Austausch der beiden Filter im Vergleich zu Alternativen niedrig. Hinzu kommen die extrem niedrigen Energiekosten dieser Filteranlagen, und Sie k\u00f6nnen verstehen, warum ProCleanroom die niedrigsten Betriebskosten auf dem Markt garantiert.<\/p>\n<p>Zus\u00e4tzlich zum Schutz des hocheffizienten Absolutfilters ist der Vorfilter auch mit einem Aktivkohlefilter erh\u00e4ltlich, der Kohlenwasserstoffe (VOCs) und Ger\u00fcche auf molekularer Ebene herausfiltert, um den Prozess und das Personal zu sch\u00fctzen.<\/p>\n<p>Die Ventilatorfilter von ProCleanroom eignen sich auch hervorragend zur Kontrolle der W\u00e4rmebelastung im Raum. Im Gegensatz zu Ventilatorfiltern mit Wechselstrommotor (AC) ist die W\u00e4rmebelastung der Fan-Filter-Units mit Gleichstrom (DC) gleich null, sodass eine Investition in ein K\u00fchlsystem nicht oder nur begrenzt erforderlich ist. Dies f\u00fchrt zu direkten Kosteneinsparungen.<\/p>\n<p>Lesen Sie unser Whitepaper \u00fcber den Vergleich zwischen AC- und DC-Ventilatormotoren in Reinr\u00e4umen und Laminar-Flow-Werkb\u00e4nken:<\/p>\n<p><img loading=\"lazy\" decoding=\"async\" class=\"alignnone size-full wp-image-5405\" src=\"https:\/\/procleanroom.com\/wp-content\/uploads\/2015\/05\/pdf_download.png\" alt=\"pdf_download\" width=\"45\" height=\"39\" \/>\u00a0 <a href=\"https:\/\/procleanroom.com\/wp-content\/uploads\/2017\/03\/Comparison-AC-DC-fan-motors-cleanrooms-and-flow-units.pdf\" target=\"_blank\" rel=\"noopener noreferrer\">Comparison AC-DC fan motors cleanrooms and flow units (EN)<\/a><\/p>\n<p>&nbsp;<\/p>\n<p><strong>ProCleanroom: Build your expertise.<\/strong><\/div> <\/div> <\/div><\/div><\/div><\/div><div class=\"g-cols wpb_row type_default vc_inner \"><div class=\"vc_col-sm-12 wpb_column vc_column_container\"><div class=\"vc_column-inner\"><div class=\"wpb_wrapper\">[vc_empty_space]<div class=\"w-actionbox color_primary controls_right\"><div class=\"w-actionbox-text\"><h2>M\u00f6chten Sie mehr erfahren?<\/h2><\/div><div class=\"w-actionbox-controls\"><a class=\"w-btn color_white style_outlined icon_atleft\" href=\"https:\/\/procleanroom.com\/de\/kontakt\/\"><i class=\"fa fa-comments-o\"><\/i><span class=\"w-btn-label\">INFORMATIONSANFRAGE<\/span><\/a><\/div><\/div><\/div><\/div><\/div><\/div><\/div><\/div><\/div><\/div><\/div><\/section>\n","protected":false},"excerpt":{"rendered":"HEPA- und ULPA-Fan-Filter-Units f\u00fcr die Luftfiltration Eine der Hauptkomponenten einer Fan-Filter-Unit (FFU) ist der Elektromotor des Ventilators. Seit einigen Jahren schreiben die europ\u00e4ischen Vorschriften vor, dass Ventilatoren \u00fcber DC-EC-Motoren verf\u00fcgen m\u00fcssen. Im Rahmen der ErP 2016 \u00d6kodesign-Richtlinie 2009\/125\/EG stellt die...","protected":false},"author":5,"featured_media":0,"parent":16170,"menu_order":20,"comment_status":"closed","ping_status":"closed","template":"","meta":{"footnotes":""},"class_list":["post-16091","page","type-page","status-publish","hentry"],"_links":{"self":[{"href":"https:\/\/procleanroom.com\/de\/wp-json\/wp\/v2\/pages\/16091","targetHints":{"allow":["GET"]}}],"collection":[{"href":"https:\/\/procleanroom.com\/de\/wp-json\/wp\/v2\/pages"}],"about":[{"href":"https:\/\/procleanroom.com\/de\/wp-json\/wp\/v2\/types\/page"}],"author":[{"embeddable":true,"href":"https:\/\/procleanroom.com\/de\/wp-json\/wp\/v2\/users\/5"}],"replies":[{"embeddable":true,"href":"https:\/\/procleanroom.com\/de\/wp-json\/wp\/v2\/comments?post=16091"}],"version-history":[{"count":4,"href":"https:\/\/procleanroom.com\/de\/wp-json\/wp\/v2\/pages\/16091\/revisions"}],"predecessor-version":[{"id":16095,"href":"https:\/\/procleanroom.com\/de\/wp-json\/wp\/v2\/pages\/16091\/revisions\/16095"}],"up":[{"embeddable":true,"href":"https:\/\/procleanroom.com\/de\/wp-json\/wp\/v2\/pages\/16170"}],"wp:attachment":[{"href":"https:\/\/procleanroom.com\/de\/wp-json\/wp\/v2\/media?parent=16091"}],"curies":[{"name":"wp","href":"https:\/\/api.w.org\/{rel}","templated":true}]}}