{"id":16083,"date":"2023-09-01T12:13:29","date_gmt":"2023-09-01T12:13:29","guid":{"rendered":"https:\/\/procleanroom.com\/?page_id=16083"},"modified":"2023-09-01T12:13:29","modified_gmt":"2023-09-01T12:13:29","slug":"f-a-q","status":"publish","type":"page","link":"https:\/\/procleanroom.com\/de\/uber-uns\/f-a-q\/","title":{"rendered":"F.A.Q."},"content":{"rendered":"<section class=\"l-section wpb_row height_medium\"><div class=\"l-section-h i-cf\"><div class=\"g-cols type_default\"><div class=\"vc_col-sm-12 wpb_column vc_column_container\"><div class=\"vc_column-inner\"><div class=\"wpb_wrapper\"><div class=\"g-cols wpb_row type_default vc_inner \"><div class=\"vc_col-sm-12 wpb_column vc_column_container\"><div class=\"vc_column-inner\"><div class=\"wpb_wrapper\"><div class=\"w-image\"><div class=\"us-frame\"><img loading=\"lazy\" decoding=\"async\" width=\"798\" height=\"350\" src=\"https:\/\/procleanroom.com\/wp-content\/uploads\/2016\/12\/28.jpg\" class=\"attachment-full size-full\" alt=\"ProCleanroom contactpersoon aan de telefoon\" srcset=\"https:\/\/procleanroom.com\/wp-content\/uploads\/2016\/12\/28.jpg 798w, https:\/\/procleanroom.com\/wp-content\/uploads\/2016\/12\/28-300x132.jpg 300w, https:\/\/procleanroom.com\/wp-content\/uploads\/2016\/12\/28-600x263.jpg 600w, https:\/\/procleanroom.com\/wp-content\/uploads\/2016\/12\/28-150x66.jpg 150w\" sizes=\"auto, (max-width: 798px) 100vw, 798px\" \/><\/div><\/div><div class=\"wpb_text_column \"><div class=\"wpb_wrapper\">\n<h3>Wir beantworten gerne alle Ihre Fragen.<\/h3>\n<p>Hier finden Sie Antworten auf Ihre h\u00e4ufigsten Fragen.<br \/>\nIst Ihre Frage nicht dabei? Dann kontaktieren Sie uns bitte. Wir helfen Ihnen gerne weiter.<\/div> <\/div> [vc_empty_space]<\/div><\/div><\/div><\/div><div class=\"g-cols wpb_row type_default vc_inner \"><div class=\"vc_col-sm-12 wpb_column vc_column_container\"><div class=\"vc_column-inner\"><div class=\"wpb_wrapper\"><div class=\"w-tabs layout_default accordion type_togglable title_left icon_chevron iconpos_right \"><div class=\"w-tabs-list items_14\"><div class=\"w-tabs-list-h\"><div class=\"w-tabs-item with_icon\"><div class=\"w-tabs-item-h\"><i class=\"fa fa-question-circle\"><\/i><span class=\"w-tabs-item-title\">WAS IST EIN REINRAUM?<\/span><\/div><\/div>\n<div class=\"w-tabs-item with_icon\"><div class=\"w-tabs-item-h\"><i class=\"fa fa-question-circle\"><\/i><span class=\"w-tabs-item-title\">WAS IST LAMINAR FLOW?<\/span><\/div><\/div>\n<div class=\"w-tabs-item with_icon\"><div class=\"w-tabs-item-h\"><i class=\"fa fa-question-circle\"><\/i><span class=\"w-tabs-item-title\">WAS IST ErP2016?<\/span><\/div><\/div>\n<div class=\"w-tabs-item with_icon\"><div class=\"w-tabs-item-h\"><i class=\"fa fa-question-circle\"><\/i><span class=\"w-tabs-item-title\">WAS IST DIE LEBENSDAUER EINES HEPA\/ULPA-FILTERS?<\/span><\/div><\/div>\n<div class=\"w-tabs-item with_icon\"><div class=\"w-tabs-item-h\"><i class=\"fa fa-question-circle\"><\/i><span class=\"w-tabs-item-title\">WANN MUSS ICH DEN VORFILTER AUSTAUSCHEN ODER REINIGEN?<\/span><\/div><\/div>\n<div class=\"w-tabs-item with_icon\"><div class=\"w-tabs-item-h\"><i class=\"fa fa-question-circle\"><\/i><span class=\"w-tabs-item-title\">BRAUCHE ICH EINE TEMPERATURREGELUNG IN MEINEM REINRAUM?<\/span><\/div><\/div>\n<div class=\"w-tabs-item with_icon\"><div class=\"w-tabs-item-h\"><i class=\"fa fa-question-circle\"><\/i><span class=\"w-tabs-item-title\">ERF\u00dcLLT MEIN REINRAUM DIE ANFORDERUNGEN AN EIN REINRAUM-AUDIT?<\/span><\/div><\/div>\n<div class=\"w-tabs-item with_icon\"><div class=\"w-tabs-item-h\"><i class=\"fa fa-question-circle\"><\/i><span class=\"w-tabs-item-title\">IST EINE DRUCKDIFFERENZ F\u00dcR EINEN REINRAUM ERFORDERLICH?<\/span><\/div><\/div>\n<div class=\"w-tabs-item with_icon\"><div class=\"w-tabs-item-h\"><i class=\"fa fa-question-circle\"><\/i><span class=\"w-tabs-item-title\">WIE KANN ICH ERSATZTEILE BESTELLEN?<\/span><\/div><\/div>\n<div class=\"w-tabs-item with_icon\"><div class=\"w-tabs-item-h\"><i class=\"fa fa-question-circle\"><\/i><span class=\"w-tabs-item-title\">SOLLTE EIN REINRAUM REGELM\u00c4SSIG VALIDIERT WERDEN?<\/span><\/div><\/div>\n<div class=\"w-tabs-item with_icon\"><div class=\"w-tabs-item-h\"><i class=\"fa fa-question-circle\"><\/i><span class=\"w-tabs-item-title\">WAS IST DIE VORLAUFZEIT EINES MODULAREN REINRAUMS?<\/span><\/div><\/div>\n<div class=\"w-tabs-item with_icon\"><div class=\"w-tabs-item-h\"><i class=\"fa fa-question-circle\"><\/i><span class=\"w-tabs-item-title\">WARUM SOLLTE ICH EINEN REINRAUM REINIGEN?<\/span><\/div><\/div>\n<div class=\"w-tabs-item with_icon\"><div class=\"w-tabs-item-h\"><i class=\"fa fa-question-circle\"><\/i><span class=\"w-tabs-item-title\">KANN ICH EINEN REINRAUM MIETEN?<\/span><\/div><\/div>\n<div class=\"w-tabs-item with_icon\"><div class=\"w-tabs-item-h\"><i class=\"fa fa-question-circle\"><\/i><span class=\"w-tabs-item-title\">GIBT ES EINE M\u00d6GLICHKEIT ZUM LEASING (KAUF)?<\/span><\/div><\/div>\n<\/div><\/div><div class=\"w-tabs-sections\"><div class=\"w-tabs-sections-h\"><div class=\"w-tabs-section with_icon\"><div class=\"w-tabs-section-header\"><div class=\"w-tabs-section-header-h\"><i class=\"fa fa-question-circle\"><\/i><h5 class=\"w-tabs-section-title\">WAS IST EIN REINRAUM?<\/h5><div class=\"w-tabs-section-control\"><\/div><\/div><\/div><div class=\"w-tabs-section-content\"><div class=\"w-tabs-section-content-h i-cf\"><div class=\"wpb_text_column \"><div class=\"wpb_wrapper\"><p>Ein Reinraum ist ein Bereich, in dem die Konzentration von luftgetragenen Partikeln reguliert und klassifiziert wird. Ein Reinraum ist so konzipiert, dass die Einf\u00fchrung, Erzeugung und Speicherung von Partikeln im Raum minimiert wird. Referenz: Internationale Norm ISO14644-1 erste Ausgabe 2015.<\/p>\n<p>Hier finden Sie weitere Informationen \u00fcber die ISO-Reinraumnormen.<\/p><\/div> <\/div> <\/div><\/div><\/div><div class=\"w-tabs-section with_icon\"><div class=\"w-tabs-section-header\"><div class=\"w-tabs-section-header-h\"><i class=\"fa fa-question-circle\"><\/i><h5 class=\"w-tabs-section-title\">WAS IST LAMINAR FLOW?<\/h5><div class=\"w-tabs-section-control\"><\/div><\/div><\/div><div class=\"w-tabs-section-content\"><div class=\"w-tabs-section-content-h i-cf\"><div class=\"wpb_text_column \"><div class=\"wpb_wrapper\"><p>Eine laminare Str\u00f6mung ist eine kontrollierte Luftstr\u00f6mung, bei der sich das gesamte Luftvolumen in einem bestimmten Raum mit gleichm\u00e4\u00dfiger Geschwindigkeit in eine einzige parallele Richtung bewegt. Der richtige Begriff f\u00fcr diesen Luftstrom ist unidirektionaler Luftstrom. Der unidirektionale Luftstrom kann sowohl horizontal (Crossflow) als auch vertikal (Downflow) sein. Beide Techniken werden von ProCleanroom in Reinr\u00e4umen und Laminar-Flow-Werkb\u00e4nken eingesetzt.<\/p><\/div> <\/div> <\/div><\/div><\/div><div class=\"w-tabs-section with_icon\"><div class=\"w-tabs-section-header\"><div class=\"w-tabs-section-header-h\"><i class=\"fa fa-question-circle\"><\/i><h5 class=\"w-tabs-section-title\">WAS IST ErP2016?<\/h5><div class=\"w-tabs-section-control\"><\/div><\/div><\/div><div class=\"w-tabs-section-content\"><div class=\"w-tabs-section-content-h i-cf\"><div class=\"wpb_text_column \"><div class=\"wpb_wrapper\"><p>Die ErP-Richtlinie ist eine europ\u00e4ische Gesetzgebung \u00fcber &#8222;energieverbrauchsrelevante Produkte&#8220;. Um die Ziele des europ\u00e4ischen Klimaschutzabkommens zu erreichen, wurde eine Reihe von Leitlinien eingef\u00fchrt, die jedes Jahr ge\u00e4ndert werden sollen. Die Leitlinien enthalten Regeln f\u00fcr Elektromotoren, die in Ventilatoren verwendet werden, und gelten somit auch f\u00fcr die Ventilatoren im Filter eines Reinraums. Das Ziel ist es, die Effizienz der Motoren bis 2020 um 20% zu steigern. Dazu geh\u00f6ren alle Ventilatoren mit einer Leistung zwischen 125 W und 500 kW, die in Europa verkauft werden.<\/p>\n<p>Die Fan-Filter-Units von ProCleanroom sind mit den neuesten DC-Ventilatormotoren ausgestattet. Die Ventilatormotoren stammen vom renommierten deutschen Hersteller EBM Papst. Damit ist ProCleanroom den strengen ErP-Richtlinien weit voraus. Die Reinr\u00e4ume und Laminar-Flow-Werkb\u00e4nke von ProCleanroom verbrauchen bis zu 70 % weniger Energie als die vorherige Generation von Ventilatoren mit Wechselstrommotor, was die niedrigsten Energie- und Betriebskosten garantiert.<\/p><\/div> <\/div> <\/div><\/div><\/div><div class=\"w-tabs-section with_icon\"><div class=\"w-tabs-section-header\"><div class=\"w-tabs-section-header-h\"><i class=\"fa fa-question-circle\"><\/i><h5 class=\"w-tabs-section-title\">WAS IST DIE LEBENSDAUER EINES HEPA\/ULPA-FILTERS?<\/h5><div class=\"w-tabs-section-control\"><\/div><\/div><\/div><div class=\"w-tabs-section-content\"><div class=\"w-tabs-section-content-h i-cf\"><div class=\"wpb_text_column \"><div class=\"wpb_wrapper\"><p>Die typische Lebensdauer eines HEPA- oder ULPA-Filters liegt zwischen 3 und 5 Jahren, je nach Verschmutzung der Umgebung und Wartung des Vorfilters. Die Kapazit\u00e4t der Fan-Filter-Unit (HEPA- oder ULPA-Filter) nimmt mit der Zeit ab, da das Filtermedium ges\u00e4ttigt ist und der statische Druck steigt. Auf diese Weise wird die Effizienz (und damit die Filterleistung) des Filters sogar noch erh\u00f6ht. Sobald die empfohlene Geschwindigkeit von 0,45 m\/s an der Filteroberfl\u00e4che nicht mehr erreicht werden kann, muss der Filter ausgetauscht werden. Dieser Prozess wird von einem Differenzdruckmesser \u00fcberwacht, der Sie auf dem Laufenden h\u00e4lt.<\/p><\/div> <\/div> <\/div><\/div><\/div><div class=\"w-tabs-section with_icon\"><div class=\"w-tabs-section-header\"><div class=\"w-tabs-section-header-h\"><i class=\"fa fa-question-circle\"><\/i><h5 class=\"w-tabs-section-title\">WANN MUSS ICH DEN VORFILTER AUSTAUSCHEN ODER REINIGEN?<\/h5><div class=\"w-tabs-section-control\"><\/div><\/div><\/div><div class=\"w-tabs-section-content\"><div class=\"w-tabs-section-content-h i-cf\"><div class=\"wpb_text_column \"><div class=\"wpb_wrapper\"><p>Das Wartungsintervall f\u00fcr den Vorfilter des Reinraums betr\u00e4gt 3 bis 6 Monate. In extrem schmutzigen Umgebungen kann es jedoch notwendig sein, diesen monatlich zu reinigen oder auszutauschen. Wenn der modulare Reinraum in einen bestehenden Reinraum integriert wird, ist das Wartungsintervall l\u00e4nger (bis zu 12 Monate).<\/p><\/div> <\/div> <\/div><\/div><\/div><div class=\"w-tabs-section with_icon\"><div class=\"w-tabs-section-header\"><div class=\"w-tabs-section-header-h\"><i class=\"fa fa-question-circle\"><\/i><h5 class=\"w-tabs-section-title\">BRAUCHE ICH EINE TEMPERATURREGELUNG IN MEINEM REINRAUM?<\/h5><div class=\"w-tabs-section-control\"><\/div><\/div><\/div><div class=\"w-tabs-section-content\"><div class=\"w-tabs-section-content-h i-cf\"><div class=\"wpb_text_column \"><div class=\"wpb_wrapper\"><p>Die ISO14644-1 enth\u00e4lt keine Anforderungen an die Temperaturregelung in Reinr\u00e4umen. Ein Klimatisierungssystem bietet jedoch Komfort f\u00fcr die Anwender und die Klimasteuerung unterst\u00fctzt temperaturempfindliche Prozesse optimal.<\/p><\/div> <\/div> <\/div><\/div><\/div><div class=\"w-tabs-section with_icon\"><div class=\"w-tabs-section-header\"><div class=\"w-tabs-section-header-h\"><i class=\"fa fa-question-circle\"><\/i><h5 class=\"w-tabs-section-title\">ERF\u00dcLLT MEIN REINRAUM DIE ANFORDERUNGEN AN EIN REINRAUM-AUDIT?<\/h5><div class=\"w-tabs-section-control\"><\/div><\/div><\/div><div class=\"w-tabs-section-content\"><div class=\"w-tabs-section-content-h i-cf\"><div class=\"wpb_text_column \"><div class=\"wpb_wrapper\"><p>Unmittelbar nach der Installation wird ein ausf\u00fchrlicher Reinraum-Validierungsbericht erstellt, der bestimmte Variablen wie Partikelz\u00e4hlung, Str\u00f6mungsgeschwindigkeit, Bestimmung der Str\u00f6mungsrate, Schalldruckpegel und Luxwerte (Helligkeit) enth\u00e4lt. Dieser Bericht entspricht der Norm ISO14644-1 und erf\u00fcllt die Anforderungen von Kundenaudits.<\/p><\/div> <\/div> <\/div><\/div><\/div><div class=\"w-tabs-section with_icon\"><div class=\"w-tabs-section-header\"><div class=\"w-tabs-section-header-h\"><i class=\"fa fa-question-circle\"><\/i><h5 class=\"w-tabs-section-title\">IST EINE DRUCKDIFFERENZ F\u00dcR EINEN REINRAUM ERFORDERLICH?<\/h5><div class=\"w-tabs-section-control\"><\/div><\/div><\/div><div class=\"w-tabs-section-content\"><div class=\"w-tabs-section-content-h i-cf\"><div class=\"wpb_text_column \"><div class=\"wpb_wrapper\"><p>Die Reinraumnorm ISO14644-1 bezieht sich nur auf die grundlegenden Partikelgr\u00f6\u00dfen, daher ist eine Druckdifferenz nicht erforderlich. Luft bewegt sich immer von einem Ort mit einem h\u00f6heren Druck zu einem Ort mit einem niedrigeren Druck. Um das Eindringen von verschmutzter Luft zu verhindern, sollte die saubere Luft vom saubersten Ort zum unreinsten Ort str\u00f6men. Eine Druckdifferenz kann ein Indikator f\u00fcr den Betrieb eines Reinraums sein. Ausreichende Luftwechsel und ein positiver Abluftstrom sind notwendig, um Partikel aus dem Raum zu entfernen.<\/p><\/div> <\/div> <\/div><\/div><\/div><div class=\"w-tabs-section with_icon\"><div class=\"w-tabs-section-header\"><div class=\"w-tabs-section-header-h\"><i class=\"fa fa-question-circle\"><\/i><h5 class=\"w-tabs-section-title\">WIE KANN ICH ERSATZTEILE BESTELLEN?<\/h5><div class=\"w-tabs-section-control\"><\/div><\/div><\/div><div class=\"w-tabs-section-content\"><div class=\"w-tabs-section-content-h i-cf\"><div class=\"wpb_text_column \"><div class=\"wpb_wrapper\"><p>Zur Bestellung von Ersatzteilen k\u00f6nnen Sie sich direkt an ProCleanroom wenden. Teilen Sie uns die Seriennummer des entsprechenden Teils telefonisch oder per Mail mit, und ProCleanroom k\u00fcmmert sich um die Lieferung des Ersatzteils.<\/p><\/div> <\/div> <\/div><\/div><\/div><div class=\"w-tabs-section with_icon\"><div class=\"w-tabs-section-header\"><div class=\"w-tabs-section-header-h\"><i class=\"fa fa-question-circle\"><\/i><h5 class=\"w-tabs-section-title\">SOLLTE EIN REINRAUM REGELM\u00c4SSIG VALIDIERT WERDEN?<\/h5><div class=\"w-tabs-section-control\"><\/div><\/div><\/div><div class=\"w-tabs-section-content\"><div class=\"w-tabs-section-content-h i-cf\"><div class=\"wpb_text_column \"><div class=\"wpb_wrapper\"><p>Die Richtlinien der ISO14644-1 empfehlen eine regelm\u00e4\u00dfige Inspektion und Validierung f\u00fcr jeden Reinraum und jede Laminar-Flow-Werkbank. ProCleanroom schlie\u00dft die Installation Ihres Reinraums mit einer ISO-Validierung und einem Validierungsbericht ab. Das Wartungsintervall des Reinraums ist abh\u00e4ngig von der ISO-Klasse des Reinraums und Ihrem spezifischen Prozess (3-12 Monate). Viele Kunden schlie\u00dfen mit ProCleanroom einen Servicevertrag f\u00fcr die rechtzeitige Wartung und Validierung des Reinraums ab. M\u00f6chten Sie mehr erfahren? Kontaktieren Sie uns.<\/p><\/div> <\/div> <\/div><\/div><\/div><div class=\"w-tabs-section with_icon\"><div class=\"w-tabs-section-header\"><div class=\"w-tabs-section-header-h\"><i class=\"fa fa-question-circle\"><\/i><h5 class=\"w-tabs-section-title\">WAS IST DIE VORLAUFZEIT EINES MODULAREN REINRAUMS?<\/h5><div class=\"w-tabs-section-control\"><\/div><\/div><\/div><div class=\"w-tabs-section-content\"><div class=\"w-tabs-section-content-h i-cf\"><div class=\"wpb_text_column \"><div class=\"wpb_wrapper\"><p>Ja, ProCleanroom verf\u00fcgt \u00fcber mehrere kompakte Reinr\u00e4ume, die Sie mieten k\u00f6nnen. Sind Sie neugierig auf die M\u00f6glichkeiten? Kontaktieren Sie uns.<\/p><\/div> <\/div> <\/div><\/div><\/div><div class=\"w-tabs-section with_icon\"><div class=\"w-tabs-section-header\"><div class=\"w-tabs-section-header-h\"><i class=\"fa fa-question-circle\"><\/i><h5 class=\"w-tabs-section-title\">WARUM SOLLTE ICH EINEN REINRAUM REINIGEN?<\/h5><div class=\"w-tabs-section-control\"><\/div><\/div><\/div><div class=\"w-tabs-section-content\"><div class=\"w-tabs-section-content-h i-cf\"><div class=\"wpb_text_column \"><div class=\"wpb_wrapper\"><p>In einem Reinraum wird das Kontaminationsniveau erheblich reduziert. Der Reinraum muss jedoch regelm\u00e4\u00dfig gereinigt werden, da es unvermeidlich ist, dass Prozesse, Anwender und\/oder Maschinen Partikel in den Raum einbringen. Jeder Reinraum ben\u00f6tigt ein Reinigungsprotokoll. Nach der Installation erhalten Sie ein Dokumentationspaket von ProCleanroom, das ein Protokoll mit Reinigungsempfehlungen f\u00fcr den Reinraum enth\u00e4lt.<\/p><\/div> <\/div> <\/div><\/div><\/div><div class=\"w-tabs-section with_icon\"><div class=\"w-tabs-section-header\"><div class=\"w-tabs-section-header-h\"><i class=\"fa fa-question-circle\"><\/i><h5 class=\"w-tabs-section-title\">KANN ICH EINEN REINRAUM MIETEN?<\/h5><div class=\"w-tabs-section-control\"><\/div><\/div><\/div><div class=\"w-tabs-section-content\"><div class=\"w-tabs-section-content-h i-cf\"><div class=\"wpb_text_column \"><div class=\"wpb_wrapper\"><p>Wir bieten eine Reihe von kompakten Reinr\u00e4umen zur Miete an. Mieten ist sinnvoll, wenn Sie einen Reinraum nur f\u00fcr einen k\u00fcrzeren Zeitraum ben\u00f6tigen. Wenn Sie einen Reinraum mieten m\u00f6chten, nehmen Sie bitte Kontakt mit uns auf, um die Einzelheiten zu besprechen.<\/p><\/div> <\/div> <\/div><\/div><\/div><div class=\"w-tabs-section with_icon\"><div class=\"w-tabs-section-header\"><div class=\"w-tabs-section-header-h\"><i class=\"fa fa-question-circle\"><\/i><h5 class=\"w-tabs-section-title\">GIBT ES EINE M\u00d6GLICHKEIT ZUM LEASING (KAUF)?<\/h5><div class=\"w-tabs-section-control\"><\/div><\/div><\/div><div class=\"w-tabs-section-content\"><div class=\"w-tabs-section-content-h i-cf\"><div class=\"wpb_text_column \"><div class=\"wpb_wrapper\"><p>Ja, ProCleanroom bietet seinen Kunden die M\u00f6glichkeit des Leasings. Sind Sie neugierig auf die M\u00f6glichkeiten? Kontaktieren Sie uns.<\/p><\/div> <\/div> <\/div><\/div><\/div><\/div><\/div><\/div><\/div><\/div><\/div><\/div><div class=\"g-cols wpb_row type_default vc_inner \"><div class=\"vc_col-sm-12 wpb_column vc_column_container\"><div class=\"vc_column-inner\"><div class=\"wpb_wrapper\">[vc_empty_space height=&#8220;60px&#8220;]<\/div><\/div><\/div><\/div><div class=\"g-cols wpb_row type_default vc_inner \"><div class=\"vc_col-sm-12 wpb_column vc_column_container\"><div class=\"vc_column-inner\"><div class=\"wpb_wrapper\"><div class=\"w-actionbox color_primary controls_right\"><div class=\"w-actionbox-text\"><h2>Stellen Sie uns Ihre Frage!<\/h2><\/div><div class=\"w-actionbox-controls\"><a class=\"w-btn color_white style_outlined icon_atleft\" href=\"https:\/\/procleanroom.com\/de\/kontakt\/\"><i class=\"fa fa-comments-o\"><\/i><span class=\"w-btn-label\">KONTAKTIEREN SIE UNS<\/span><\/a><\/div><\/div><\/div><\/div><\/div><\/div><\/div><\/div><\/div><\/div><\/div><\/section>\n","protected":false},"excerpt":{"rendered":"Wir beantworten gerne alle Ihre Fragen. Hier finden Sie Antworten auf Ihre h\u00e4ufigsten Fragen. Ist Ihre Frage nicht dabei? Dann kontaktieren Sie uns bitte. Wir helfen Ihnen gerne weiter. [vc_empty_space]WAS IST EIN REINRAUM? WAS IST LAMINAR FLOW? WAS IST ErP2016?...","protected":false},"author":5,"featured_media":0,"parent":15606,"menu_order":99,"comment_status":"closed","ping_status":"closed","template":"","meta":{"footnotes":""},"class_list":["post-16083","page","type-page","status-publish","hentry"],"_links":{"self":[{"href":"https:\/\/procleanroom.com\/de\/wp-json\/wp\/v2\/pages\/16083","targetHints":{"allow":["GET"]}}],"collection":[{"href":"https:\/\/procleanroom.com\/de\/wp-json\/wp\/v2\/pages"}],"about":[{"href":"https:\/\/procleanroom.com\/de\/wp-json\/wp\/v2\/types\/page"}],"author":[{"embeddable":true,"href":"https:\/\/procleanroom.com\/de\/wp-json\/wp\/v2\/users\/5"}],"replies":[{"embeddable":true,"href":"https:\/\/procleanroom.com\/de\/wp-json\/wp\/v2\/comments?post=16083"}],"version-history":[{"count":7,"href":"https:\/\/procleanroom.com\/de\/wp-json\/wp\/v2\/pages\/16083\/revisions"}],"predecessor-version":[{"id":16090,"href":"https:\/\/procleanroom.com\/de\/wp-json\/wp\/v2\/pages\/16083\/revisions\/16090"}],"up":[{"embeddable":true,"href":"https:\/\/procleanroom.com\/de\/wp-json\/wp\/v2\/pages\/15606"}],"wp:attachment":[{"href":"https:\/\/procleanroom.com\/de\/wp-json\/wp\/v2\/media?parent=16083"}],"curies":[{"name":"wp","href":"https:\/\/api.w.org\/{rel}","templated":true}]}}