{"id":16078,"date":"2023-09-01T12:10:07","date_gmt":"2023-09-01T12:10:07","guid":{"rendered":"https:\/\/procleanroom.com\/?page_id=16078"},"modified":"2023-09-01T12:10:07","modified_gmt":"2023-09-01T12:10:07","slug":"laminar-flow-werkbanke-laf","status":"publish","type":"page","link":"https:\/\/procleanroom.com\/de\/laminar-flow-werkbanke-laf\/","title":{"rendered":"LAMINAR-FLOW-WERKB\u00c4NKE (LAF)"},"content":{"rendered":"<section class=\"l-section wpb_row height_medium\"><div class=\"l-section-h i-cf\"><div class=\"g-cols type_default\"><div class=\"vc_col-sm-12 wpb_column vc_column_container\"><div class=\"vc_column-inner\"><div class=\"wpb_wrapper\"><div class=\"g-cols wpb_row type_default vc_inner \"><div class=\"vc_col-sm-12 wpb_column vc_column_container\"><div class=\"vc_column-inner\"><div class=\"wpb_wrapper\"><div class=\"w-image\"><div class=\"us-frame\"><img loading=\"lazy\" decoding=\"async\" width=\"798\" height=\"350\" src=\"https:\/\/procleanroom.com\/wp-content\/uploads\/2016\/12\/12.jpg\" class=\"attachment-full size-full\" alt=\"Verpakken van electronica in LAF kast\" srcset=\"https:\/\/procleanroom.com\/wp-content\/uploads\/2016\/12\/12.jpg 798w, https:\/\/procleanroom.com\/wp-content\/uploads\/2016\/12\/12-300x132.jpg 300w, https:\/\/procleanroom.com\/wp-content\/uploads\/2016\/12\/12-600x263.jpg 600w, https:\/\/procleanroom.com\/wp-content\/uploads\/2016\/12\/12-150x66.jpg 150w\" sizes=\"auto, (max-width: 798px) 100vw, 798px\" \/><\/div><\/div><div class=\"wpb_text_column \"><div class=\"wpb_wrapper\">\n<h2>Sauberes und gesch\u00fctztes Arbeiten in den Laminar-Flow-Werkb\u00e4nken von ProCleanroom<\/h2>\n<p>Wenn Sie eine Arbeitsstation in einer Reinraumumgebung ben\u00f6tigen, bietet ProCleanroom mit seinen Laminar-Flow-Werkb\u00e4nken die perfekte L\u00f6sung. Durch den unidirektionalen Luftstrom wird eine partikelfreie Umgebung geschaffen, in der kritische Prozesse nach h\u00f6chsten Standards ablaufen k\u00f6nnen. Die Luft in der LAF-Werkbank ist (fast) frei von Partikeln und Mikroorganismen und sch\u00fctzt vor sch\u00e4dlichen Produkt- und Prozessverunreinigungen<\/p>\n<p><strong>Was ist ein unidirektionaler Luftstrom?<\/strong><br \/>\nEin unidirektionaler Luftstrom ist ein Luftstrom in einer Richtung ohne Unterbrechung durch Turbulenzen. In einer LAF-Werkbank str\u00f6mt die Luft in einer einzigen Richtung von der HEPA- oder ULPA-Filteroberfl\u00e4che. Dabei kann es sich um einen horizontalen Luftstrom (Crossflow) oder einen vertikalen Luftstrom (Downflow) handeln.<\/p>\n<p><strong>Vertikale oder Horizontale Laminar-Flow-Werkbank?<br \/>\n<\/strong>Die Laminar-Flow-Werkb\u00e4nke sind als vertikale oder horizontale Werkb\u00e4nke erh\u00e4ltlich:<\/p>\n<ul>\n<li>Vertikale LAF-Werkb\u00e4nke, die einen vertikalen Luftstrom \u00fcber den Arbeitsbereich erzeugen (von oben nach unten)<\/li>\n<li>Horizontale LAF-Werkb\u00e4nke, die einen horizontalen Luftstrom \u00fcber den Arbeitsbereich erzeugen (von vorne nach hinten)<\/li>\n<\/ul>\n<p>Die <strong>VLFU -Serie<\/strong> von ProCleanroom besteht aus einer Standardreihe von vertikalen Laminar-Flow-Werkb\u00e4nken (Downflow). Die Serie besteht aus Laminar-Flow-Werkb\u00e4nken in vier Standardgr\u00f6\u00dfen.<br \/>\nDie <strong>HLFU -Serie<\/strong> besteht aus einer Standardreihe von horizontalen Laminar-Flow-Werkb\u00e4nken (Crossflow).<br \/>\nAuch diese Serie besteht aus vier Standardgr\u00f6\u00dfen.<\/p>\n<p>Je nach Anwendung bietet eine vertikale Laminar-Flow-Werkbank Vorteile gegen\u00fcber einer horizontalen Laminar-Flow-Werkbank oder umgekehrt. Setzen Sie sich mit uns in Verbindung, um Ihre Anwendung zu besprechen. Wir helfen Ihnen, die richtige Wahl zu treffen.<\/p>\n<p><strong>Ma\u00dfgeschneiderte L\u00f6sung<br \/>\n<\/strong>Neben dem Standardangebot bietet ProCleanroom auch die M\u00f6glichkeit, ma\u00dfgeschneiderte L\u00f6sungen zu entwickeln. Die ma\u00dfgeschneiderten vertikalen und horizontalen LAF-L\u00f6sungen sind vollst\u00e4ndig auf die Bed\u00fcrfnisse und Anforderungen des Kunden zugeschnitten. Als kompetenter Spezialist ist ProCleanroom Ihr Partner in Sachen Beratung und Expertise.<\/p>\n<p><strong>ProCleanroom: Build your expertise.<\/strong><\/div> <\/div> <\/div><\/div><\/div><\/div><div class=\"g-cols wpb_row type_default vc_inner \"><div class=\"vc_col-sm-12 wpb_column vc_column_container\"><div class=\"vc_column-inner\"><div class=\"wpb_wrapper\">[vc_empty_space]<\/div><\/div><\/div><\/div><div class=\"g-cols wpb_row type_default vc_inner \"><div class=\"vc_col-sm-12 wpb_column vc_column_container\"><div class=\"vc_column-inner\"><div class=\"wpb_wrapper\"><div class=\"w-actionbox color_primary controls_right\"><div class=\"w-actionbox-text\"><h2>M\u00f6chten Sie mehr erfahren?<\/h2><\/div><div class=\"w-actionbox-controls\"><a class=\"w-btn color_white style_outlined icon_atleft\" href=\"https:\/\/procleanroom.com\/contact\/\"><i class=\"fa fa-comments-o\"><\/i><span class=\"w-btn-label\">INFORMATIONSANFRAGE<\/span><\/a><\/div><\/div><\/div><\/div><\/div><\/div><\/div><\/div><\/div><\/div><\/div><\/section>\n","protected":false},"excerpt":{"rendered":"Sauberes und gesch\u00fctztes Arbeiten in den Laminar-Flow-Werkb\u00e4nken von ProCleanroom Wenn Sie eine Arbeitsstation in einer Reinraumumgebung ben\u00f6tigen, bietet ProCleanroom mit seinen Laminar-Flow-Werkb\u00e4nken die perfekte L\u00f6sung. Durch den unidirektionalen Luftstrom wird eine partikelfreie Umgebung geschaffen, in der kritische Prozesse nach h\u00f6chsten...","protected":false},"author":5,"featured_media":0,"parent":0,"menu_order":20,"comment_status":"closed","ping_status":"closed","template":"","meta":{"footnotes":""},"class_list":["post-16078","page","type-page","status-publish","hentry"],"_links":{"self":[{"href":"https:\/\/procleanroom.com\/de\/wp-json\/wp\/v2\/pages\/16078","targetHints":{"allow":["GET"]}}],"collection":[{"href":"https:\/\/procleanroom.com\/de\/wp-json\/wp\/v2\/pages"}],"about":[{"href":"https:\/\/procleanroom.com\/de\/wp-json\/wp\/v2\/types\/page"}],"author":[{"embeddable":true,"href":"https:\/\/procleanroom.com\/de\/wp-json\/wp\/v2\/users\/5"}],"replies":[{"embeddable":true,"href":"https:\/\/procleanroom.com\/de\/wp-json\/wp\/v2\/comments?post=16078"}],"version-history":[{"count":4,"href":"https:\/\/procleanroom.com\/de\/wp-json\/wp\/v2\/pages\/16078\/revisions"}],"predecessor-version":[{"id":16082,"href":"https:\/\/procleanroom.com\/de\/wp-json\/wp\/v2\/pages\/16078\/revisions\/16082"}],"wp:attachment":[{"href":"https:\/\/procleanroom.com\/de\/wp-json\/wp\/v2\/media?parent=16078"}],"curies":[{"name":"wp","href":"https:\/\/api.w.org\/{rel}","templated":true}]}}