{"id":16073,"date":"2023-09-01T12:10:46","date_gmt":"2023-09-01T12:10:46","guid":{"rendered":"https:\/\/procleanroom.com\/?page_id=16073"},"modified":"2024-11-19T14:12:46","modified_gmt":"2024-11-19T14:12:46","slug":"vertikale-laminar-flow-werkbanke","status":"publish","type":"page","link":"https:\/\/procleanroom.com\/de\/laminar-flow-werkbanke-laf\/vertikale-laminar-flow-werkbanke\/","title":{"rendered":"Vertikale Laminar-Flow-Werkb\u00e4nke"},"content":{"rendered":"<section class=\"l-section wpb_row height_medium\"><div class=\"l-section-h i-cf\"><div class=\"g-cols type_default\"><div class=\"vc_col-sm-12 wpb_column vc_column_container\"><div class=\"vc_column-inner\"><div class=\"wpb_wrapper\"><div class=\"g-cols wpb_row type_default vc_inner \"><div class=\"vc_col-sm-12 wpb_column vc_column_container\"><div class=\"vc_column-inner\"><div class=\"wpb_wrapper\"><div class=\"wpb_text_column \"><div class=\"wpb_wrapper\">\n<h2>Gro\u00dfe Auswahl mit den vertikalen Laminar-Flow-Werkb\u00e4nken der VLFU-Serie von ProCleanroom<\/h2>\n<\/div> <\/div> [vc_empty_space height=&#8220;10px&#8220;]<\/div><\/div><\/div><\/div><div class=\"g-cols wpb_row type_default vc_inner \"><div class=\"vc_col-sm-6 wpb_column vc_column_container\"><div class=\"vc_column-inner\"><div class=\"wpb_wrapper\">[vc_empty_space height=&#8220;6px&#8220;]<div class=\"w-image\"><div class=\"us-frame\"><img loading=\"lazy\" decoding=\"async\" width=\"398\" height=\"482\" src=\"https:\/\/procleanroom.com\/wp-content\/uploads\/2017\/01\/11090REV1.jpg\" class=\"attachment-full size-full\" alt=\"Laminaire flowkast 1\" srcset=\"https:\/\/procleanroom.com\/wp-content\/uploads\/2017\/01\/11090REV1.jpg 398w, https:\/\/procleanroom.com\/wp-content\/uploads\/2017\/01\/11090REV1-248x300.jpg 248w, https:\/\/procleanroom.com\/wp-content\/uploads\/2017\/01\/11090REV1-150x182.jpg 150w, https:\/\/procleanroom.com\/wp-content\/uploads\/2017\/01\/11090REV1-300x363.jpg 300w, https:\/\/procleanroom.com\/wp-content\/uploads\/2017\/01\/11090REV1-165x200.jpg 165w, https:\/\/procleanroom.com\/wp-content\/uploads\/2017\/01\/11090REV1-289x350.jpg 289w\" sizes=\"auto, (max-width: 398px) 100vw, 398px\" \/><\/div><\/div><\/div><\/div><\/div><div class=\"vc_col-sm-6 wpb_column vc_column_container\"><div class=\"vc_column-inner\"><div class=\"wpb_wrapper\"><div class=\"wpb_text_column \"><div class=\"wpb_wrapper\"><p>ProCleanroom arbeitet immer mit seinen Kunden zusammen, um die bestm\u00f6glichen L\u00f6sungen zu finden. Mit der VLFU-Serie in vier Standardgr\u00f6\u00dfen bieten wir eine Reihe von hochwertigen vertikalen Laminar-Flow-Werkb\u00e4nken an.<\/p>\n<p>Die LAF-Werkb\u00e4nke erzeugen einen vertikalen Luftstrom, um das Produkt und den Prozess vor Verunreinigungen innerhalb der Werkbank zu sch\u00fctzen. Innerhalb der LAF-Werkb\u00e4nke entsteht eine saubere Arbeitsumgebung, die frei von Mikroorganismen und Staubpartikeln ist.<\/p>\n<p>Je nach gew\u00e4hltem Filtertyp (H14 oder U15) erreicht die vertikale Laminar-Flow-Werkbank eine Arbeitsumgebung der ISO-Klasse 3 bis 5 (ISO14644-1).<\/p>\n<p><strong>Vorteile:<\/strong><\/p>\n<ul>\n<li>Niedrigster Energieverbrauch auf dem Markt. Sofortige Einsparungen<\/li>\n<li>Niedrigste Betriebskosten durch kosteng\u00fcnstige Ersatzfilter<\/li>\n<li>Keine W\u00e4rmebelastung durch effiziente Motortechnologie<\/li>\n<li>Einfach zu bedienen und zuverl\u00e4ssig<\/li>\n<li>Ergonomisches Design und leicht zu reinigen<\/li>\n<\/ul>\n<\/p><\/div> <\/div> <\/div><\/div><\/div><\/div><div class=\"g-cols wpb_row type_default vc_inner \"><div class=\"vc_col-sm-12 wpb_column vc_column_container\"><div class=\"vc_column-inner\"><div class=\"wpb_wrapper\">[vc_empty_space height=&#8220;15px&#8220;]<div class=\"wpb_text_column \"><div class=\"wpb_wrapper\"><p>Die vertikalen Laminar-Flow-Werkb\u00e4nke der VLFU-Serie von ProCleanroom sind ideal f\u00fcr Branchen geeignet, in denen Produkt- oder Prozessschutz besonders wichtig ist. Dazu geh\u00f6ren die Hightech-, Elektronik- und Medizinindustrie sowie Forschungsinstitute und Labors. Durch die Platzierung der Laminar-Flow-Werkb\u00e4nke aus der VLFU-Serie in der Umgebung wird eine hochreine Mikroumgebung geschaffen. In dieser Umgebung k\u00f6nnen kritische Prozesse (wie Probenahme, Reinigung, Verpackung usw.) effizient durchgef\u00fchrt werden.<\/p>\n<p><strong>\u00a0Kundenspezifische L\u00f6sung<br \/>\n<\/strong>Die meisten Anwendungen sind einzigartig und erfordern einen besonderen Ansatz. Die hauseigene Engineering- und CAD-Abteilung von ProCleanroom entwickelt vollst\u00e4ndig ma\u00dfgeschneiderte L\u00f6sungen f\u00fcr unsere Kunden. Die ma\u00dfgeschneiderte Downflow-L\u00f6sung ist vollst\u00e4ndig auf die Spezifikationen des Anwenders zugeschnitten. Als Spezialist f\u00fcr professionelle Reinraumtechnik ist ProCleanroom Ihr bester Partner in Sachen Beratung und Know-how.<\/p>\n<p><strong>Standard-VLFU-Serie<br \/>\n<\/strong>Die Standard-VLFU-Serie von ProCleanroom besteht aus einer Reihe von vertikalen Laminar-Flow-Werkb\u00e4nken. Die Serie besteht aus Laminar-Flow-Werkb\u00e4nken als Tischmodell und als Modell mit einem Edelstahltisch\/-rahmen . Die vertikalen Standard-Laminar-Flow-Werkb\u00e4nke von ProCleanroom sind mit einem HEPA-Absolutfilter ausgestattet, der eine effiziente Filtration von &gt;99,995 % bis zu 0,3 Mikron bietet. Die vertikalen Laminar-Flow-Werkb\u00e4nke aus der VLFU-Serie erm\u00f6glichen eine Arbeitsumgebung der ISO-Klasse 5 oder sauberer (gem\u00e4\u00df ISO14644-1) und eignen sich hervorragend f\u00fcr Bereiche, in denen Produkt- oder Prozessschutz besonders wichtig ist. Die vertikalen Laminar-Flow-Werkb\u00e4nke der VLFU-Serie sind ab Lager verf\u00fcgbar und in unserem <a href=\"https:\/\/shop.procleanroom.com\/flowkasten\/\" target=\"_blank\" rel=\"noopener noreferrer\">Onlineshop<\/a> erh\u00e4ltlich<\/p>\n<p><strong>\u00a0Installation und Validierung<br \/>\n<\/strong>Die Ingenieure von ProCleanroom garantieren eine professionelle Installation vor Ort. Nach einer umfassenden ISO-Validierung erhalten die Kunden ein Qualit\u00e4tszertifikat, das die Validierung best\u00e4tigt. Auch f\u00fcr die regelm\u00e4\u00dfige Inspektion, Wartung und erneute Validierung von Laminar-Flow-Werkb\u00e4nken ist ProCleanroom der ideale Partner.<\/p>\n<p><strong>ProCleanroom: Build your expertise.<\/strong><\/p><\/div> <\/div> <\/div><\/div><\/div><\/div><div class=\"w-separator type_invisible size_small thick_1 style_solid color_border cont_none\"><span class=\"w-separator-h\"><\/span><\/div><div class=\"w-actionbox color_primary controls_right\"><div class=\"w-actionbox-text\"><h2>M\u00f6chten Sie mehr erfahren?<\/h2><\/div><div class=\"w-actionbox-controls\"><a class=\"w-btn color_white style_outlined icon_atleft\" href=\"https:\/\/procleanroom.com\/wp-content\/uploads\/2024\/11\/Downflow-Unit-brochure-EN.pdf\" target=\"_blank\"><i class=\"fa fa-comments-o\"><\/i><span class=\"w-btn-label\">BROSCH\u00dcRE VERTIKALEN LAMINAR FLOW WERKB\u00c4NKEN HERUNTERLADEN (EN)<\/span><\/a><\/div><\/div><\/div><\/div><\/div><\/div><\/div><\/section>\n","protected":false},"excerpt":{"rendered":"Gro\u00dfe Auswahl mit den vertikalen Laminar-Flow-Werkb\u00e4nken der VLFU-Serie von ProCleanroom [vc_empty_space height=\"10px\"][vc_empty_space height=\"6px\"]ProCleanroom arbeitet immer mit seinen Kunden zusammen, um die bestm\u00f6glichen L\u00f6sungen zu finden. Mit der VLFU-Serie in vier Standardgr\u00f6\u00dfen bieten wir eine Reihe von hochwertigen vertikalen Laminar-Flow-Werkb\u00e4nken an....","protected":false},"author":5,"featured_media":0,"parent":16078,"menu_order":10,"comment_status":"closed","ping_status":"closed","template":"","meta":{"footnotes":""},"class_list":["post-16073","page","type-page","status-publish","hentry"],"_links":{"self":[{"href":"https:\/\/procleanroom.com\/de\/wp-json\/wp\/v2\/pages\/16073","targetHints":{"allow":["GET"]}}],"collection":[{"href":"https:\/\/procleanroom.com\/de\/wp-json\/wp\/v2\/pages"}],"about":[{"href":"https:\/\/procleanroom.com\/de\/wp-json\/wp\/v2\/types\/page"}],"author":[{"embeddable":true,"href":"https:\/\/procleanroom.com\/de\/wp-json\/wp\/v2\/users\/5"}],"replies":[{"embeddable":true,"href":"https:\/\/procleanroom.com\/de\/wp-json\/wp\/v2\/comments?post=16073"}],"version-history":[{"count":6,"href":"https:\/\/procleanroom.com\/de\/wp-json\/wp\/v2\/pages\/16073\/revisions"}],"predecessor-version":[{"id":17766,"href":"https:\/\/procleanroom.com\/de\/wp-json\/wp\/v2\/pages\/16073\/revisions\/17766"}],"up":[{"embeddable":true,"href":"https:\/\/procleanroom.com\/de\/wp-json\/wp\/v2\/pages\/16078"}],"wp:attachment":[{"href":"https:\/\/procleanroom.com\/de\/wp-json\/wp\/v2\/media?parent=16073"}],"curies":[{"name":"wp","href":"https:\/\/api.w.org\/{rel}","templated":true}]}}