{"id":16064,"date":"2023-09-01T12:10:27","date_gmt":"2023-09-01T12:10:27","guid":{"rendered":"https:\/\/procleanroom.com\/?page_id=16064"},"modified":"2024-11-19T14:17:17","modified_gmt":"2024-11-19T14:17:17","slug":"horizontale-laminar-flow-werkbanke","status":"publish","type":"page","link":"https:\/\/procleanroom.com\/de\/laminar-flow-werkbanke-laf\/horizontale-laminar-flow-werkbanke\/","title":{"rendered":"Horizontale Laminar-Flow-Werkb\u00e4nke &#8211;"},"content":{"rendered":"<section class=\"l-section wpb_row height_medium\"><div class=\"l-section-h i-cf\"><div class=\"g-cols type_default\"><div class=\"vc_col-sm-12 wpb_column vc_column_container\"><div class=\"vc_column-inner\"><div class=\"wpb_wrapper\"><div class=\"g-cols wpb_row type_default vc_inner \"><div class=\"vc_col-sm-12 wpb_column vc_column_container\"><div class=\"vc_column-inner\"><div class=\"wpb_wrapper\"><div class=\"wpb_text_column \"><div class=\"wpb_wrapper\">\n<h2>Maximale Flexibilit\u00e4t mit den horizontalen Laminar-Flow-Werkb\u00e4nken der HLFU-Serie von ProCleanroom<\/h2>\n<\/div> <\/div> [vc_empty_space height=&#8220;10px&#8220;]<\/div><\/div><\/div><\/div><div class=\"g-cols wpb_row type_default vc_inner \"><div class=\"vc_col-sm-6 wpb_column vc_column_container\"><div class=\"vc_column-inner\"><div class=\"wpb_wrapper\">[vc_empty_space height=&#8220;6px&#8220;]<div class=\"w-image\"><div class=\"us-frame\"><img loading=\"lazy\" decoding=\"async\" width=\"1488\" height=\"1446\" src=\"https:\/\/procleanroom.com\/wp-content\/uploads\/2017\/05\/Crossflow-kast1.jpg\" class=\"attachment-full size-full\" alt=\"\" srcset=\"https:\/\/procleanroom.com\/wp-content\/uploads\/2017\/05\/Crossflow-kast1.jpg 1488w, https:\/\/procleanroom.com\/wp-content\/uploads\/2017\/05\/Crossflow-kast1-300x292.jpg 300w, https:\/\/procleanroom.com\/wp-content\/uploads\/2017\/05\/Crossflow-kast1-1024x995.jpg 1024w, https:\/\/procleanroom.com\/wp-content\/uploads\/2017\/05\/Crossflow-kast1-600x583.jpg 600w, https:\/\/procleanroom.com\/wp-content\/uploads\/2017\/05\/Crossflow-kast1-150x146.jpg 150w, https:\/\/procleanroom.com\/wp-content\/uploads\/2017\/05\/Crossflow-kast1-206x200.jpg 206w, https:\/\/procleanroom.com\/wp-content\/uploads\/2017\/05\/Crossflow-kast1-360x350.jpg 360w\" sizes=\"auto, (max-width: 1488px) 100vw, 1488px\" \/><\/div><\/div><\/div><\/div><\/div><div class=\"vc_col-sm-6 wpb_column vc_column_container\"><div class=\"vc_column-inner\"><div class=\"wpb_wrapper\"><div class=\"wpb_text_column \"><div class=\"wpb_wrapper\"><p>Horizontale Laminar-Flow-Werkb\u00e4nke sorgen f\u00fcr einen horizontalen Strom gefilterter Luft \u00fcber die gesamte Arbeitsfl\u00e4che. Dadurch wird Ihr Produkt und\/oder Ihr Prozess innerhalb der Laminar-Flow-Werkbank vor Verunreinigungen gesch\u00fctzt. Die Arbeitsumgebung der horizontalen Laminar-Flow-Werkb\u00e4nke ist arm an Staubpartikeln und Mikroorganismen.<\/p>\n<p>Die sterile Luft str\u00f6mt in einem unidirektionalen (laminaren) Muster von hinten nach vorne \u00fcber die Arbeitsstation und gibt die Luft in den vorhandenen Raum ab. Aufgrund des positiven Luftstroms in der horizontalen LAF-Werkbank werden die w\u00e4hrend des Prozesses freigesetzten Partikel sofort nach au\u00dfen abgeleitet. Der positive Luftstrom verhindert zudem das Eindringen von Partikeln von au\u00dfen. Die Arbeitsumgebung entspricht der ISO-Klasse 3, 4 oder 5 gem\u00e4\u00df ISO14644 und GMP A, je nach den verwendeten HEPA- oder ULPA-Absolutfiltern.<\/p><\/div> <\/div> <\/div><\/div><\/div><\/div><div class=\"g-cols wpb_row type_default vc_inner \"><div class=\"vc_col-sm-12 wpb_column vc_column_container\"><div class=\"vc_column-inner\"><div class=\"wpb_wrapper\">[vc_empty_space height=&#8220;15px&#8220;][vc_empty_space height=&#8220;15px&#8220;]<div class=\"wpb_text_column \"><div class=\"wpb_wrapper\"><strong>Kundenspezifische L\u00f6sung<\/strong><br \/>\nViele unserer Laminar-Flow-Projekte sind ma\u00dfgeschneidert; hier liegt unsere St\u00e4rke. Wir finden immer eine passende L\u00f6sung und das innerhalb jedes Budgets. Unsere hauseigene Engineering-Abteilung entwirft eine vollst\u00e4ndig ma\u00dfgeschneiderte L\u00f6sung und gestaltet sie in Inventor 3D. Die M\u00f6glichkeiten und die Flexibilit\u00e4t sind unbegrenzt. Werfen Sie einen Blick auf unsere Fallstudien f\u00fcr eine Auswahl unserer abgeschlossenen Projekte.<\/p>\n<p><strong>Standard-HLFU-Serie<br \/>\n<\/strong>Die Standard-HLFU-Serie von ProCleanroom besteht aus einer Reihe von horizontalen Laminar-Flow-Werkb\u00e4nken. Die Serie besteht aus Laminar-Flow-Werkb\u00e4nken als Tischmodell und als Modell mit einem Edelstahltisch\/-rahmen . Die horizontalen Standard-Laminar-Flow-Werkb\u00e4nke von ProCleanroom sind mit einem HEPA-Absolutfilter ausgestattet, der eine effiziente Filtration von &gt;99,995 % bis zu 0,3 Mikron bietet. Die horizontalen Laminar-Flow-Werkb\u00e4nke aus der HLFU-Serie erm\u00f6glichen eine Arbeitsumgebung der ISO-Klasse 5 oder sauberer (gem\u00e4\u00df ISO14644-1) und eignen sich hervorragend f\u00fcr Bereiche, in denen Produkt- oder Prozessschutz besonders wichtig ist. Die horizontalen Laminar-Flow-Werkb\u00e4nke der HLFU-Serie sind ab Lager verf\u00fcgbar und in unserem <a href=\"https:\/\/shop.procleanroom.com\/flowkasten\/\" target=\"_blank\" rel=\"noopener noreferrer\">Onlineshop<\/a> erh\u00e4ltlich.<\/div> <\/div> [vc_empty_space height=&#8220;15px&#8220;]<\/div><\/div><\/div><\/div><div class=\"g-cols wpb_row type_default vc_inner \"><div class=\"vc_col-sm-12 wpb_column vc_column_container\"><div class=\"vc_column-inner\"><div class=\"wpb_wrapper\"><div class=\"w-tabs layout_default icon_chevron iconpos_right \"><div class=\"w-tabs-list items_3\"><div class=\"w-tabs-list-h\"><div class=\"w-tabs-item active\"><div class=\"w-tabs-item-h\"><span class=\"w-tabs-item-title\">Konfiguration<\/span><\/div><\/div>\n<div class=\"w-tabs-item\"><div class=\"w-tabs-item-h\"><span class=\"w-tabs-item-title\">Optionen<\/span><\/div><\/div>\n<div class=\"w-tabs-item\"><div class=\"w-tabs-item-h\"><span class=\"w-tabs-item-title\">Vorteile f\u00fcr den Anwender<\/span><\/div><\/div>\n<\/div><\/div><div class=\"w-tabs-sections\"><div class=\"w-tabs-sections-h\"><div class=\"w-tabs-section active\"><div class=\"w-tabs-section-header\"><div class=\"w-tabs-section-header-h\"><h5 class=\"w-tabs-section-title\">Konfiguration<\/h5><div class=\"w-tabs-section-control\"><\/div><\/div><\/div><div class=\"w-tabs-section-content\"><div class=\"w-tabs-section-content-h i-cf\"><div class=\"wpb_text_column \"><div class=\"wpb_wrapper\">\n<ul>\n<li>Kundenspezifische Ma\u00dfe<\/li>\n<li>Pulverbeschichtete oder Edelstahlstruktur und R\u00fcckwand<\/li>\n<li>Transparente Seitenscheiben aus Polycarbonat<\/li>\n<li>Magnehelic Manometer<\/li>\n<li>Einfache Steuerung oder fortschrittliche Steuerung, w\u00f6chentlich programmierbar<\/li>\n<li>Arbeitsplatte aus Edelstahl oder HPL (Trespa)<\/li>\n<li>LED-Beleuchtung<\/li>\n<\/ul>\n<\/div> <\/div> <\/div><\/div><\/div><div class=\"w-tabs-section\"><div class=\"w-tabs-section-header\"><div class=\"w-tabs-section-header-h\"><h5 class=\"w-tabs-section-title\">Optionen<\/h5><div class=\"w-tabs-section-control\"><\/div><\/div><\/div><div class=\"w-tabs-section-content\"><div class=\"w-tabs-section-content-h i-cf\"><div class=\"wpb_text_column \"><div class=\"wpb_wrapper\">\n<ul>\n<li>Ma\u00dfgeschneiderte L\u00f6sungen, die f\u00fcr Ihre Umgebung und Ihren Prozess optimiert sind.<\/li>\n<li>Rahmen\/Tisch aus Edelstahl oder pulverbeschichtetem Stahl (h\u00f6henverstellbar)<\/li>\n<li>Durchf\u00fchrungen f\u00fcr Kabel, Vakuum und Gas<\/li>\n<li>Str\u00f6mungssensor zur \u00dcberwachung und Regulierung der Luftgeschwindigkeit<\/li>\n<li>Ausgie\u00dfer-Anschl\u00fcsse<\/li>\n<li>Ionisationsstab zur Neutralisierung der statischen Aufladung<\/li>\n<\/ul>\n<\/div> <\/div> <\/div><\/div><\/div><div class=\"w-tabs-section\"><div class=\"w-tabs-section-header\"><div class=\"w-tabs-section-header-h\"><h5 class=\"w-tabs-section-title\">Vorteile f\u00fcr den Anwender<\/h5><div class=\"w-tabs-section-control\"><\/div><\/div><\/div><div class=\"w-tabs-section-content\"><div class=\"w-tabs-section-content-h i-cf\"><div class=\"wpb_text_column \"><div class=\"wpb_wrapper\">\n<ul>\n<li>Standardgr\u00f6\u00dfen oder 100 % Ma\u00dfanfertigung<\/li>\n<li>Niedriger Energieverbrauch, daher niedrige Betriebskosten<\/li>\n<li>\u00c4u\u00dferst geringe W\u00e4rmebelastung durch EC-Motortechnologie<\/li>\n<li>Niedriger Ger\u00e4uschpegel; bessere Konzentration und weniger Erm\u00fcdung<\/li>\n<li>Einfach zu bedienen und wartungsfreundlich<\/li>\n<li>Intelligentes Design und leicht zu reinigen<\/li>\n<\/ul>\n<\/div> <\/div> <\/div><\/div><\/div><\/div><\/div><\/div><\/div><\/div><\/div><\/div><div class=\"g-cols wpb_row type_default vc_inner  vc_custom_1535550803669\"><div class=\"vc_col-sm-12 wpb_column vc_column_container\"><div class=\"vc_column-inner\"><div class=\"wpb_wrapper\"><div class=\"wpb_text_column \"><div class=\"wpb_wrapper\"><p>Die horizontalen LAF-Werkb\u00e4nke der HLFU-Serie von ProCleanroom eignen sich besonders f\u00fcr Branchen, in denen Produkt- oder Prozessschutz gefragt ist. Dazu geh\u00f6ren die Hightech-, Elektronik- und Medizinger\u00e4teindustrie sowie Universit\u00e4ten und Labors. Mit unseren vertikalen Laminar-Flow-Werkb\u00e4nken k\u00f6nnen kritische Prozesse wie Probenahme, Reinraumreinigung, Reinraumverpackung usw. perfekt durchgef\u00fchrt werden.<\/p>\n<p><strong>Installation und ISO-Validierung<\/strong><br \/>\nDie Ingenieure von ProCleanroom sorgen f\u00fcr eine professionelle Installation. Nach der Durchf\u00fchrung einer Validierung gem\u00e4\u00df ISO14644 erhalten Sie einen Validierungsbericht. Auch f\u00fcr die regelm\u00e4\u00dfige Inspektion, Wartung und Neuvalidierung von horizontalen Laminar-Flow-Werkb\u00e4nken ist ProCleanroom Ihr Partner.<\/p>\n<p><strong>ProCleanroom: Build your expertise<\/strong><\/p><\/div> <\/div> <div class=\"w-separator type_invisible size_small thick_1 style_solid color_border cont_none\"><span class=\"w-separator-h\"><\/span><\/div><div class=\"w-actionbox color_primary controls_right\"><div class=\"w-actionbox-text\"><h2>M\u00f6chten Sie mehr erfahren?<\/h2><\/div><div class=\"w-actionbox-controls\"><a class=\"w-btn color_white style_outlined icon_atleft\" href=\"https:\/\/procleanroom.com\/wp-content\/uploads\/2024\/11\/Crossflow-units-brochure-EN.pdf\" target=\"_blank\" title=\"Kontakt\"><i class=\"fa fa-comments-o\"><\/i><span class=\"w-btn-label\">BROSCH\u00dcRE HORIZONTALEN LAMINAR FLOW WERKB\u00c4NKEN HERUNTERLADEN (EN)<\/span><\/a><\/div><\/div><\/div><\/div><\/div><\/div><\/div><\/div><\/div><\/div><\/div><\/section>\n","protected":false},"excerpt":{"rendered":"Maximale Flexibilit\u00e4t mit den horizontalen Laminar-Flow-Werkb\u00e4nken der HLFU-Serie von ProCleanroom [vc_empty_space height=\"10px\"][vc_empty_space height=\"6px\"]Horizontale Laminar-Flow-Werkb\u00e4nke sorgen f\u00fcr einen horizontalen Strom gefilterter Luft \u00fcber die gesamte Arbeitsfl\u00e4che. Dadurch wird Ihr Produkt und\/oder Ihr Prozess innerhalb der Laminar-Flow-Werkbank vor Verunreinigungen gesch\u00fctzt. Die Arbeitsumgebung...","protected":false},"author":5,"featured_media":0,"parent":16078,"menu_order":0,"comment_status":"closed","ping_status":"closed","template":"","meta":{"footnotes":""},"class_list":["post-16064","page","type-page","status-publish","hentry"],"_links":{"self":[{"href":"https:\/\/procleanroom.com\/de\/wp-json\/wp\/v2\/pages\/16064","targetHints":{"allow":["GET"]}}],"collection":[{"href":"https:\/\/procleanroom.com\/de\/wp-json\/wp\/v2\/pages"}],"about":[{"href":"https:\/\/procleanroom.com\/de\/wp-json\/wp\/v2\/types\/page"}],"author":[{"embeddable":true,"href":"https:\/\/procleanroom.com\/de\/wp-json\/wp\/v2\/users\/5"}],"replies":[{"embeddable":true,"href":"https:\/\/procleanroom.com\/de\/wp-json\/wp\/v2\/comments?post=16064"}],"version-history":[{"count":9,"href":"https:\/\/procleanroom.com\/de\/wp-json\/wp\/v2\/pages\/16064\/revisions"}],"predecessor-version":[{"id":17770,"href":"https:\/\/procleanroom.com\/de\/wp-json\/wp\/v2\/pages\/16064\/revisions\/17770"}],"up":[{"embeddable":true,"href":"https:\/\/procleanroom.com\/de\/wp-json\/wp\/v2\/pages\/16078"}],"wp:attachment":[{"href":"https:\/\/procleanroom.com\/de\/wp-json\/wp\/v2\/media?parent=16064"}],"curies":[{"name":"wp","href":"https:\/\/api.w.org\/{rel}","templated":true}]}}