{"id":16035,"date":"2023-09-01T12:37:07","date_gmt":"2023-09-01T12:37:07","guid":{"rendered":"https:\/\/procleanroom.com\/?page_id=16035"},"modified":"2025-06-02T12:09:41","modified_gmt":"2025-06-02T12:09:41","slug":"reinraume-fuer-die-pharmazie","status":"publish","type":"page","link":"https:\/\/procleanroom.com\/de\/markte\/reinraume-fuer-die-pharmazie\/","title":{"rendered":"Reinr\u00e4ume f\u00fcr die Pharmazie"},"content":{"rendered":"<section class=\"l-section wpb_row height_medium\"><div class=\"l-section-h i-cf\"><div class=\"g-cols type_default\"><div class=\"vc_col-sm-12 wpb_column vc_column_container\"><div class=\"vc_column-inner\"><div class=\"wpb_wrapper\"><div class=\"g-cols wpb_row type_default vc_inner \"><div class=\"vc_col-sm-12 wpb_column vc_column_container\"><div class=\"vc_column-inner\"><div class=\"wpb_wrapper\"><div class=\"w-image\"><div class=\"us-frame\"><img loading=\"lazy\" decoding=\"async\" width=\"798\" height=\"350\" src=\"https:\/\/procleanroom.com\/wp-content\/uploads\/2016\/12\/20.jpg\" class=\"attachment-full size-full\" alt=\"Inspectie en verpakken medische producten in LAF kast\" srcset=\"https:\/\/procleanroom.com\/wp-content\/uploads\/2016\/12\/20.jpg 798w, https:\/\/procleanroom.com\/wp-content\/uploads\/2016\/12\/20-300x132.jpg 300w, https:\/\/procleanroom.com\/wp-content\/uploads\/2016\/12\/20-600x263.jpg 600w, https:\/\/procleanroom.com\/wp-content\/uploads\/2016\/12\/20-150x66.jpg 150w\" sizes=\"auto, (max-width: 798px) 100vw, 798px\" \/><\/div><\/div><div class=\"wpb_text_column \"><div class=\"wpb_wrapper\"><p>Bei der Entwicklung Ihrer Expertise in der pharmazeutischen Industrie steht die Qualit\u00e4t an erster Stelle. Strenge Vorschriften in der Industrie sorgen f\u00fcr einen Bedarf an Reinr\u00e4umen mit Einrichtungen, die alle Vorschriften erf\u00fcllen.<\/p>\n<p>ProCleanroom liefert Mini-Umgebungen und integrierte Laminar-Flow-Zonen mit ISO-Klasse 5 (EU GGMP A\/B). Diese sch\u00fctzen kritische Prozesse, sodass der Rest des Reinraums mit einer niedrigeren ISO-Klasse auskommen kann. Dies erm\u00f6glicht eine Optimierung der Betriebskosten. Die EU GGMP enth\u00e4lt einen Querverweis auf die Reinraumnorm ISO14644-1.<\/p>\n<p><strong>Isolierung<\/strong><br \/>\nUm Kreuzkontaminationen zu vermeiden, liefert ProCleanroom Isolationsreinr\u00e4ume, optional mit kontinuierlicher \u00dcberwachung der Prozesse. Das Design des Reinraums gew\u00e4hrleistet die Isolierung aller luftgetragenen Kontaminationen von Personal und Prozessen au\u00dferhalb des Raums. Ein sauberer Downflow sch\u00fctzt den Prozess im Isolierraum. Isolationsreinr\u00e4ume sind ideal f\u00fcr die Behandlung von Pulvern, das Wiegen, Reinheitstests, chemische Analysen und die Verpackung.<\/p>\n<p><strong>Typische Prozesse in der pharmazeutischen Industrie:<\/strong><\/p>\n<ul>\n<li>Herstellung durch Dritte (Auftragsfertigung)<\/li>\n<li>Blister-Verpackung<\/li>\n<li>Herstellung von Sleeves f\u00fcr medizinische Verpackungen<\/li>\n<li>Herstellung von Kapseln und Tabletten<\/li>\n<li>Probenahme von Produkten und Neuverpackung<\/li>\n<li>Handhabung von Pulvern, Wiegen<\/li>\n<li>Abdecken von Maschinen \/ Produktionslinien<\/li>\n<\/ul>\n<p><span style=\"font-weight: 400;\"><strong>ProCleanroom: Build your expertise.<\/strong><br \/>\n<\/span><\/p><\/div> <\/div> <div class=\"w-logos style_2 with_indents type_carousel cols_4\" data-items=\"4\" data-autoplay=\"1\" data-timeout=\"3000\" data-nav=\"0\" data-dots=\"0\"><div class=\"w-logos-item\"><img loading=\"lazy\" decoding=\"async\" width=\"300\" height=\"300\" src=\"https:\/\/procleanroom.com\/wp-content\/uploads\/2015\/07\/ASML2-300x300.png\" class=\"attachment-medium size-medium\" alt=\"\" srcset=\"https:\/\/procleanroom.com\/wp-content\/uploads\/2015\/07\/ASML2-300x300.png 300w, https:\/\/procleanroom.com\/wp-content\/uploads\/2015\/07\/ASML2-150x150.png 150w, https:\/\/procleanroom.com\/wp-content\/uploads\/2015\/07\/ASML2-350x350.png 350w, https:\/\/procleanroom.com\/wp-content\/uploads\/2015\/07\/ASML2-200x200.png 200w, https:\/\/procleanroom.com\/wp-content\/uploads\/2015\/07\/ASML2.png 500w\" sizes=\"auto, (max-width: 300px) 100vw, 300px\" \/><\/div><div class=\"w-logos-item\"><img loading=\"lazy\" decoding=\"async\" width=\"300\" height=\"300\" src=\"https:\/\/procleanroom.com\/wp-content\/uploads\/2023\/04\/logo-anvil-300x300.png\" class=\"attachment-medium size-medium\" alt=\"\" srcset=\"https:\/\/procleanroom.com\/wp-content\/uploads\/2023\/04\/logo-anvil-300x300.png 300w, https:\/\/procleanroom.com\/wp-content\/uploads\/2023\/04\/logo-anvil-150x150.png 150w, https:\/\/procleanroom.com\/wp-content\/uploads\/2023\/04\/logo-anvil-600x600.png 600w, https:\/\/procleanroom.com\/wp-content\/uploads\/2023\/04\/logo-anvil-350x350.png 350w, https:\/\/procleanroom.com\/wp-content\/uploads\/2023\/04\/logo-anvil.png 700w\" sizes=\"auto, (max-width: 300px) 100vw, 300px\" \/><\/div><div class=\"w-logos-item\"><img loading=\"lazy\" decoding=\"async\" width=\"150\" height=\"150\" src=\"https:\/\/procleanroom.com\/wp-content\/uploads\/2023\/04\/VDL-groep-logo.png\" class=\"attachment-medium size-medium\" alt=\"\" \/><\/div><div class=\"w-logos-item\"><img loading=\"lazy\" decoding=\"async\" width=\"150\" height=\"150\" src=\"https:\/\/procleanroom.com\/wp-content\/uploads\/2023\/04\/NTS-group-logo.png\" class=\"attachment-medium size-medium\" alt=\"\" \/><\/div><div class=\"w-logos-item\"><img loading=\"lazy\" decoding=\"async\" width=\"150\" height=\"150\" src=\"https:\/\/procleanroom.com\/wp-content\/uploads\/2023\/04\/Faes-group-logo-1.png\" class=\"attachment-medium size-medium\" alt=\"\" \/><\/div><div class=\"w-logos-item\"><img loading=\"lazy\" decoding=\"async\" width=\"300\" height=\"300\" src=\"https:\/\/procleanroom.com\/wp-content\/uploads\/2015\/07\/Philips_logo_neu-300x300.png\" class=\"attachment-medium size-medium\" alt=\"\" srcset=\"https:\/\/procleanroom.com\/wp-content\/uploads\/2015\/07\/Philips_logo_neu-300x300.png 300w, https:\/\/procleanroom.com\/wp-content\/uploads\/2015\/07\/Philips_logo_neu-150x150.png 150w, https:\/\/procleanroom.com\/wp-content\/uploads\/2015\/07\/Philips_logo_neu-350x350.png 350w, https:\/\/procleanroom.com\/wp-content\/uploads\/2015\/07\/Philips_logo_neu-200x200.png 200w, https:\/\/procleanroom.com\/wp-content\/uploads\/2015\/07\/Philips_logo_neu.png 500w\" sizes=\"auto, (max-width: 300px) 100vw, 300px\" \/><\/div><div class=\"w-logos-item\"><img loading=\"lazy\" decoding=\"async\" width=\"150\" height=\"150\" src=\"https:\/\/procleanroom.com\/wp-content\/uploads\/2023\/04\/Sioux-technologies-logo-1.png\" class=\"attachment-medium size-medium\" alt=\"\" \/><\/div><div class=\"w-logos-item\"><img loading=\"lazy\" decoding=\"async\" width=\"300\" height=\"300\" src=\"https:\/\/procleanroom.com\/wp-content\/uploads\/2015\/07\/Thales1-300x300.png\" class=\"attachment-medium size-medium\" alt=\"\" srcset=\"https:\/\/procleanroom.com\/wp-content\/uploads\/2015\/07\/Thales1-300x300.png 300w, https:\/\/procleanroom.com\/wp-content\/uploads\/2015\/07\/Thales1-150x150.png 150w, https:\/\/procleanroom.com\/wp-content\/uploads\/2015\/07\/Thales1-350x350.png 350w, https:\/\/procleanroom.com\/wp-content\/uploads\/2015\/07\/Thales1-200x200.png 200w, https:\/\/procleanroom.com\/wp-content\/uploads\/2015\/07\/Thales1.png 500w\" sizes=\"auto, (max-width: 300px) 100vw, 300px\" \/><\/div><div class=\"w-logos-item\"><img loading=\"lazy\" decoding=\"async\" width=\"300\" height=\"300\" src=\"https:\/\/procleanroom.com\/wp-content\/uploads\/2015\/07\/kmarine1-300x300.png\" class=\"attachment-medium size-medium\" alt=\"\" srcset=\"https:\/\/procleanroom.com\/wp-content\/uploads\/2015\/07\/kmarine1-300x300.png 300w, https:\/\/procleanroom.com\/wp-content\/uploads\/2015\/07\/kmarine1-150x150.png 150w, https:\/\/procleanroom.com\/wp-content\/uploads\/2015\/07\/kmarine1-350x350.png 350w, https:\/\/procleanroom.com\/wp-content\/uploads\/2015\/07\/kmarine1-200x200.png 200w, https:\/\/procleanroom.com\/wp-content\/uploads\/2015\/07\/kmarine1.png 521w\" sizes=\"auto, (max-width: 300px) 100vw, 300px\" \/><\/div><div class=\"w-logos-item\"><img loading=\"lazy\" decoding=\"async\" width=\"300\" height=\"300\" src=\"https:\/\/procleanroom.com\/wp-content\/uploads\/2015\/07\/Syncreon1-300x300.png\" class=\"attachment-medium size-medium\" alt=\"\" srcset=\"https:\/\/procleanroom.com\/wp-content\/uploads\/2015\/07\/Syncreon1-300x300.png 300w, https:\/\/procleanroom.com\/wp-content\/uploads\/2015\/07\/Syncreon1-150x150.png 150w, https:\/\/procleanroom.com\/wp-content\/uploads\/2015\/07\/Syncreon1-350x350.png 350w, https:\/\/procleanroom.com\/wp-content\/uploads\/2015\/07\/Syncreon1-200x200.png 200w, https:\/\/procleanroom.com\/wp-content\/uploads\/2015\/07\/Syncreon1.png 500w\" sizes=\"auto, (max-width: 300px) 100vw, 300px\" \/><\/div><div class=\"w-logos-item\"><img loading=\"lazy\" decoding=\"async\" width=\"300\" height=\"300\" src=\"https:\/\/procleanroom.com\/wp-content\/uploads\/2015\/07\/logo-300x300.png\" class=\"attachment-medium size-medium\" alt=\"\" srcset=\"https:\/\/procleanroom.com\/wp-content\/uploads\/2015\/07\/logo-300x300.png 300w, https:\/\/procleanroom.com\/wp-content\/uploads\/2015\/07\/logo-150x150.png 150w, https:\/\/procleanroom.com\/wp-content\/uploads\/2015\/07\/logo-350x350.png 350w, https:\/\/procleanroom.com\/wp-content\/uploads\/2015\/07\/logo-200x200.png 200w, https:\/\/procleanroom.com\/wp-content\/uploads\/2015\/07\/logo.png 500w\" sizes=\"auto, (max-width: 300px) 100vw, 300px\" \/><\/div><div class=\"w-logos-item\"><img loading=\"lazy\" decoding=\"async\" width=\"300\" height=\"300\" src=\"https:\/\/procleanroom.com\/wp-content\/uploads\/2015\/07\/Neways1-300x300.png\" class=\"attachment-medium size-medium\" alt=\"\" srcset=\"https:\/\/procleanroom.com\/wp-content\/uploads\/2015\/07\/Neways1-300x300.png 300w, https:\/\/procleanroom.com\/wp-content\/uploads\/2015\/07\/Neways1-150x150.png 150w, https:\/\/procleanroom.com\/wp-content\/uploads\/2015\/07\/Neways1-350x350.png 350w, https:\/\/procleanroom.com\/wp-content\/uploads\/2015\/07\/Neways1-200x200.png 200w, https:\/\/procleanroom.com\/wp-content\/uploads\/2015\/07\/Neways1.png 500w\" sizes=\"auto, (max-width: 300px) 100vw, 300px\" \/><\/div><div class=\"w-logos-item\"><img loading=\"lazy\" decoding=\"async\" width=\"300\" height=\"300\" src=\"https:\/\/procleanroom.com\/wp-content\/uploads\/2015\/07\/Molnlycke1-300x300.png\" class=\"attachment-medium size-medium\" alt=\"\" srcset=\"https:\/\/procleanroom.com\/wp-content\/uploads\/2015\/07\/Molnlycke1-300x300.png 300w, https:\/\/procleanroom.com\/wp-content\/uploads\/2015\/07\/Molnlycke1-150x150.png 150w, https:\/\/procleanroom.com\/wp-content\/uploads\/2015\/07\/Molnlycke1-350x350.png 350w, https:\/\/procleanroom.com\/wp-content\/uploads\/2015\/07\/Molnlycke1-200x200.png 200w, https:\/\/procleanroom.com\/wp-content\/uploads\/2015\/07\/Molnlycke1.png 500w\" sizes=\"auto, (max-width: 300px) 100vw, 300px\" \/><\/div><div class=\"w-logos-item\"><img loading=\"lazy\" decoding=\"async\" width=\"300\" height=\"300\" src=\"https:\/\/procleanroom.com\/wp-content\/uploads\/2015\/07\/Medisize1-300x300.png\" class=\"attachment-medium size-medium\" alt=\"\" srcset=\"https:\/\/procleanroom.com\/wp-content\/uploads\/2015\/07\/Medisize1-300x300.png 300w, https:\/\/procleanroom.com\/wp-content\/uploads\/2015\/07\/Medisize1-150x150.png 150w, https:\/\/procleanroom.com\/wp-content\/uploads\/2015\/07\/Medisize1-350x350.png 350w, https:\/\/procleanroom.com\/wp-content\/uploads\/2015\/07\/Medisize1-200x200.png 200w, https:\/\/procleanroom.com\/wp-content\/uploads\/2015\/07\/Medisize1.png 500w\" sizes=\"auto, (max-width: 300px) 100vw, 300px\" \/><\/div><div class=\"w-logos-item\"><img loading=\"lazy\" decoding=\"async\" width=\"300\" height=\"300\" src=\"https:\/\/procleanroom.com\/wp-content\/uploads\/2015\/07\/KONI1-300x300.png\" class=\"attachment-medium size-medium\" alt=\"\" srcset=\"https:\/\/procleanroom.com\/wp-content\/uploads\/2015\/07\/KONI1-300x300.png 300w, https:\/\/procleanroom.com\/wp-content\/uploads\/2015\/07\/KONI1-150x150.png 150w, https:\/\/procleanroom.com\/wp-content\/uploads\/2015\/07\/KONI1-600x600.png 600w, https:\/\/procleanroom.com\/wp-content\/uploads\/2015\/07\/KONI1-350x350.png 350w, https:\/\/procleanroom.com\/wp-content\/uploads\/2015\/07\/KONI1-200x200.png 200w, https:\/\/procleanroom.com\/wp-content\/uploads\/2015\/07\/KONI1.png 715w\" sizes=\"auto, (max-width: 300px) 100vw, 300px\" \/><\/div><div class=\"w-logos-item\"><img loading=\"lazy\" decoding=\"async\" width=\"300\" height=\"300\" src=\"https:\/\/procleanroom.com\/wp-content\/uploads\/2015\/07\/Flextronics1-300x300.png\" class=\"attachment-medium size-medium\" alt=\"\" srcset=\"https:\/\/procleanroom.com\/wp-content\/uploads\/2015\/07\/Flextronics1-300x300.png 300w, https:\/\/procleanroom.com\/wp-content\/uploads\/2015\/07\/Flextronics1-150x150.png 150w, https:\/\/procleanroom.com\/wp-content\/uploads\/2015\/07\/Flextronics1-350x350.png 350w, https:\/\/procleanroom.com\/wp-content\/uploads\/2015\/07\/Flextronics1-200x200.png 200w, https:\/\/procleanroom.com\/wp-content\/uploads\/2015\/07\/Flextronics1.png 500w\" sizes=\"auto, (max-width: 300px) 100vw, 300px\" \/><\/div><div class=\"w-logos-item\"><img loading=\"lazy\" decoding=\"async\" width=\"300\" height=\"300\" src=\"https:\/\/procleanroom.com\/wp-content\/uploads\/2015\/07\/ESA1-300x300.png\" class=\"attachment-medium size-medium\" alt=\"\" srcset=\"https:\/\/procleanroom.com\/wp-content\/uploads\/2015\/07\/ESA1-300x300.png 300w, https:\/\/procleanroom.com\/wp-content\/uploads\/2015\/07\/ESA1-150x150.png 150w, https:\/\/procleanroom.com\/wp-content\/uploads\/2015\/07\/ESA1-350x350.png 350w, https:\/\/procleanroom.com\/wp-content\/uploads\/2015\/07\/ESA1-200x200.png 200w, https:\/\/procleanroom.com\/wp-content\/uploads\/2015\/07\/ESA1.png 440w\" sizes=\"auto, (max-width: 300px) 100vw, 300px\" \/><\/div><div class=\"w-logos-item\"><img loading=\"lazy\" decoding=\"async\" width=\"300\" height=\"300\" src=\"https:\/\/procleanroom.com\/wp-content\/uploads\/2015\/07\/ECN1-300x300.png\" class=\"attachment-medium size-medium\" alt=\"\" srcset=\"https:\/\/procleanroom.com\/wp-content\/uploads\/2015\/07\/ECN1-300x300.png 300w, https:\/\/procleanroom.com\/wp-content\/uploads\/2015\/07\/ECN1-150x150.png 150w, https:\/\/procleanroom.com\/wp-content\/uploads\/2015\/07\/ECN1-350x350.png 350w, https:\/\/procleanroom.com\/wp-content\/uploads\/2015\/07\/ECN1-200x200.png 200w, https:\/\/procleanroom.com\/wp-content\/uploads\/2015\/07\/ECN1.png 500w\" sizes=\"auto, (max-width: 300px) 100vw, 300px\" \/><\/div><div class=\"w-logos-item\"><img loading=\"lazy\" decoding=\"async\" width=\"300\" height=\"300\" src=\"https:\/\/procleanroom.com\/wp-content\/uploads\/2015\/07\/Abbott2-300x300.png\" class=\"attachment-medium size-medium\" alt=\"\" srcset=\"https:\/\/procleanroom.com\/wp-content\/uploads\/2015\/07\/Abbott2-300x300.png 300w, https:\/\/procleanroom.com\/wp-content\/uploads\/2015\/07\/Abbott2-150x150.png 150w, https:\/\/procleanroom.com\/wp-content\/uploads\/2015\/07\/Abbott2-600x599.png 600w, https:\/\/procleanroom.com\/wp-content\/uploads\/2015\/07\/Abbott2-350x350.png 350w, https:\/\/procleanroom.com\/wp-content\/uploads\/2015\/07\/Abbott2-200x200.png 200w, https:\/\/procleanroom.com\/wp-content\/uploads\/2015\/07\/Abbott2-351x350.png 351w, https:\/\/procleanroom.com\/wp-content\/uploads\/2015\/07\/Abbott2.png 634w\" sizes=\"auto, (max-width: 300px) 100vw, 300px\" \/><\/div><\/div><\/div><\/div><\/div><\/div><div class=\"g-cols wpb_row type_default vc_inner \"><div class=\"vc_col-sm-12 wpb_column vc_column_container\"><div class=\"vc_column-inner\"><div class=\"wpb_wrapper\">[vc_empty_space]<div class=\"w-actionbox color_primary controls_right\"><div class=\"w-actionbox-text\"><h2>M\u00f6chten Sie mehr erfahren?<\/h2><\/div><div class=\"w-actionbox-controls\"><a class=\"w-btn color_white style_outlined icon_atleft\" href=\"https:\/\/procleanroom.com\/de\/kontakt\/\"><i class=\"fa fa-comments-o\"><\/i><span class=\"w-btn-label\">INFORMATIONSANFRAGE<\/span><\/a><\/div><\/div><\/div><\/div><\/div><\/div><\/div><\/div><\/div><\/div><\/div><\/section>\n","protected":false},"excerpt":{"rendered":"Bei der Entwicklung Ihrer Expertise in der pharmazeutischen Industrie steht die Qualit\u00e4t an erster Stelle. Strenge Vorschriften in der Industrie sorgen f\u00fcr einen Bedarf an Reinr\u00e4umen mit Einrichtungen, die alle Vorschriften erf\u00fcllen. ProCleanroom liefert Mini-Umgebungen und integrierte Laminar-Flow-Zonen mit ISO-Klasse...","protected":false},"author":5,"featured_media":0,"parent":16048,"menu_order":50,"comment_status":"closed","ping_status":"closed","template":"","meta":{"footnotes":""},"class_list":["post-16035","page","type-page","status-publish","hentry"],"_links":{"self":[{"href":"https:\/\/procleanroom.com\/de\/wp-json\/wp\/v2\/pages\/16035","targetHints":{"allow":["GET"]}}],"collection":[{"href":"https:\/\/procleanroom.com\/de\/wp-json\/wp\/v2\/pages"}],"about":[{"href":"https:\/\/procleanroom.com\/de\/wp-json\/wp\/v2\/types\/page"}],"author":[{"embeddable":true,"href":"https:\/\/procleanroom.com\/de\/wp-json\/wp\/v2\/users\/5"}],"replies":[{"embeddable":true,"href":"https:\/\/procleanroom.com\/de\/wp-json\/wp\/v2\/comments?post=16035"}],"version-history":[{"count":4,"href":"https:\/\/procleanroom.com\/de\/wp-json\/wp\/v2\/pages\/16035\/revisions"}],"predecessor-version":[{"id":18432,"href":"https:\/\/procleanroom.com\/de\/wp-json\/wp\/v2\/pages\/16035\/revisions\/18432"}],"up":[{"embeddable":true,"href":"https:\/\/procleanroom.com\/de\/wp-json\/wp\/v2\/pages\/16048"}],"wp:attachment":[{"href":"https:\/\/procleanroom.com\/de\/wp-json\/wp\/v2\/media?parent=16035"}],"curies":[{"name":"wp","href":"https:\/\/api.w.org\/{rel}","templated":true}]}}