{"id":16027,"date":"2023-09-01T12:39:09","date_gmt":"2023-09-01T12:39:09","guid":{"rendered":"https:\/\/procleanroom.com\/?page_id=16027"},"modified":"2025-06-02T12:12:11","modified_gmt":"2025-06-02T12:12:11","slug":"reinraume-fuer-die-feinmechanik","status":"publish","type":"page","link":"https:\/\/procleanroom.com\/de\/markte\/reinraume-fuer-die-feinmechanik\/","title":{"rendered":"Reinr\u00e4ume f\u00fcr die Feinmechanik"},"content":{"rendered":"<section class=\"l-section wpb_row height_medium\"><div class=\"l-section-h i-cf\"><div class=\"g-cols type_default\"><div class=\"vc_col-sm-12 wpb_column vc_column_container\"><div class=\"vc_column-inner\"><div class=\"wpb_wrapper\"><div class=\"g-cols wpb_row type_default vc_inner \"><div class=\"vc_col-sm-12 wpb_column vc_column_container\"><div class=\"vc_column-inner\"><div class=\"wpb_wrapper\"><div class=\"w-image\"><div class=\"us-frame\"><img loading=\"lazy\" decoding=\"async\" width=\"798\" height=\"350\" src=\"https:\/\/procleanroom.com\/wp-content\/uploads\/2016\/12\/24.jpg\" class=\"attachment-full size-full\" alt=\"Reinigen van high tech vacuum component in cleanroom\" srcset=\"https:\/\/procleanroom.com\/wp-content\/uploads\/2016\/12\/24.jpg 798w, https:\/\/procleanroom.com\/wp-content\/uploads\/2016\/12\/24-300x132.jpg 300w, https:\/\/procleanroom.com\/wp-content\/uploads\/2016\/12\/24-600x263.jpg 600w, https:\/\/procleanroom.com\/wp-content\/uploads\/2016\/12\/24-150x66.jpg 150w\" sizes=\"auto, (max-width: 798px) 100vw, 798px\" \/><\/div><\/div><div class=\"wpb_text_column \"><div class=\"wpb_wrapper\"><p>Die Entwicklung Ihrer Expertise in der Feinmechanikindustrie erfordert h\u00e4ufig Reinr\u00e4ume der ISO-Klasse 6 oder 7. In Kombination mit einer oder mehreren vertikalen oder horizontalen Laminar-Flow-Werkb\u00e4nken (ISO 4 oder 5) bietet ProCleanroom hochwertige kompakte lokale L\u00f6sungen. Dank kurzer Lieferzeiten und einem hohen Ma\u00df an Flexibilit\u00e4t und Mobilit\u00e4t hilft ProCleanroom seinen Kunden, schnell auf Marktver\u00e4nderungen zu reagieren. Und das sorgt f\u00fcr h\u00f6here Ertr\u00e4ge.<\/p>\n<p><strong>Verschiedene Ausf\u00fchrungen<\/strong><br \/>\nDie Gr\u00f6\u00dfenordnungen von Reinr\u00e4umen in dieser Branche reichen von relativ kompakten R\u00e4umen (einige m2) bis hin zu Reinr\u00e4umen mit bis zu 1000 m2. Bei Bedarf kann dies in Kombination mit antistatischen (ESD) Materialien oder Antistatikst\u00e4ben an den HEPA-Fan-Filter-Units geschehen, damit die elektrische Ladung in der Luft neutralisiert wird.<\/p>\n<p>Die R\u00e4ume sind ideal f\u00fcr reinraumkompatible Verpackungen. Aufgrund der M\u00f6glichkeit, den Raum abzudunkeln, ist eine Inspektion mit UV-Licht zur Qualit\u00e4tskontrolle m\u00f6glich. ProCleanroom hat seinen Ursprung in der Hightech-Branche und ist sich daher der Anforderungen in diesem Bereich voll bewusst. Mit diesem Fachwissen unterst\u00fctzt ProCleanroom seine Kunden bei der optimalen Gestaltung von Prozessen.<\/p>\n<p><strong>Typische Prozesse in der Feinmechanikindustrie:<\/strong><\/p>\n<ul>\n<li>Montage von Hightech-Komponenten<\/li>\n<li>Reinraumreinigung und Verpackung<\/li>\n<li>ASML Grade 4-, ASML Grade 2-Reinigung und Verpackung, gem\u00e4\u00df ASML GSA-Standards<\/li>\n<\/ul>\n<p><span style=\"font-weight: 400;\"><strong>ProCleanroom: Build your expertise.<\/strong><\/span><\/p><\/div> <\/div> <div class=\"w-logos style_2 with_indents type_carousel cols_4\" data-items=\"4\" data-autoplay=\"1\" data-timeout=\"3000\" data-nav=\"0\" data-dots=\"0\"><div class=\"w-logos-item\"><img loading=\"lazy\" decoding=\"async\" width=\"300\" height=\"300\" src=\"https:\/\/procleanroom.com\/wp-content\/uploads\/2015\/07\/ASML2-300x300.png\" class=\"attachment-medium size-medium\" alt=\"\" srcset=\"https:\/\/procleanroom.com\/wp-content\/uploads\/2015\/07\/ASML2-300x300.png 300w, https:\/\/procleanroom.com\/wp-content\/uploads\/2015\/07\/ASML2-150x150.png 150w, https:\/\/procleanroom.com\/wp-content\/uploads\/2015\/07\/ASML2-350x350.png 350w, https:\/\/procleanroom.com\/wp-content\/uploads\/2015\/07\/ASML2-200x200.png 200w, https:\/\/procleanroom.com\/wp-content\/uploads\/2015\/07\/ASML2.png 500w\" sizes=\"auto, (max-width: 300px) 100vw, 300px\" \/><\/div><div class=\"w-logos-item\"><img loading=\"lazy\" decoding=\"async\" width=\"300\" height=\"300\" src=\"https:\/\/procleanroom.com\/wp-content\/uploads\/2023\/04\/logo-anvil-300x300.png\" class=\"attachment-medium size-medium\" alt=\"\" srcset=\"https:\/\/procleanroom.com\/wp-content\/uploads\/2023\/04\/logo-anvil-300x300.png 300w, https:\/\/procleanroom.com\/wp-content\/uploads\/2023\/04\/logo-anvil-150x150.png 150w, https:\/\/procleanroom.com\/wp-content\/uploads\/2023\/04\/logo-anvil-600x600.png 600w, https:\/\/procleanroom.com\/wp-content\/uploads\/2023\/04\/logo-anvil-350x350.png 350w, https:\/\/procleanroom.com\/wp-content\/uploads\/2023\/04\/logo-anvil.png 700w\" sizes=\"auto, (max-width: 300px) 100vw, 300px\" \/><\/div><div class=\"w-logos-item\"><img loading=\"lazy\" decoding=\"async\" width=\"150\" height=\"150\" src=\"https:\/\/procleanroom.com\/wp-content\/uploads\/2023\/04\/VDL-groep-logo.png\" class=\"attachment-medium size-medium\" alt=\"\" \/><\/div><div class=\"w-logos-item\"><img loading=\"lazy\" decoding=\"async\" width=\"150\" height=\"150\" src=\"https:\/\/procleanroom.com\/wp-content\/uploads\/2023\/04\/NTS-group-logo.png\" class=\"attachment-medium size-medium\" alt=\"\" \/><\/div><div class=\"w-logos-item\"><img loading=\"lazy\" decoding=\"async\" width=\"150\" height=\"150\" src=\"https:\/\/procleanroom.com\/wp-content\/uploads\/2023\/04\/Faes-group-logo-1.png\" class=\"attachment-medium size-medium\" alt=\"\" \/><\/div><div class=\"w-logos-item\"><img loading=\"lazy\" decoding=\"async\" width=\"300\" height=\"300\" src=\"https:\/\/procleanroom.com\/wp-content\/uploads\/2015\/07\/Philips_logo_neu-300x300.png\" class=\"attachment-medium size-medium\" alt=\"\" srcset=\"https:\/\/procleanroom.com\/wp-content\/uploads\/2015\/07\/Philips_logo_neu-300x300.png 300w, https:\/\/procleanroom.com\/wp-content\/uploads\/2015\/07\/Philips_logo_neu-150x150.png 150w, https:\/\/procleanroom.com\/wp-content\/uploads\/2015\/07\/Philips_logo_neu-350x350.png 350w, https:\/\/procleanroom.com\/wp-content\/uploads\/2015\/07\/Philips_logo_neu-200x200.png 200w, https:\/\/procleanroom.com\/wp-content\/uploads\/2015\/07\/Philips_logo_neu.png 500w\" sizes=\"auto, (max-width: 300px) 100vw, 300px\" \/><\/div><div class=\"w-logos-item\"><img loading=\"lazy\" decoding=\"async\" width=\"150\" height=\"150\" src=\"https:\/\/procleanroom.com\/wp-content\/uploads\/2023\/04\/Sioux-technologies-logo-1.png\" class=\"attachment-medium size-medium\" alt=\"\" \/><\/div><div class=\"w-logos-item\"><img loading=\"lazy\" decoding=\"async\" width=\"300\" height=\"300\" src=\"https:\/\/procleanroom.com\/wp-content\/uploads\/2015\/07\/Thales1-300x300.png\" class=\"attachment-medium size-medium\" alt=\"\" srcset=\"https:\/\/procleanroom.com\/wp-content\/uploads\/2015\/07\/Thales1-300x300.png 300w, https:\/\/procleanroom.com\/wp-content\/uploads\/2015\/07\/Thales1-150x150.png 150w, https:\/\/procleanroom.com\/wp-content\/uploads\/2015\/07\/Thales1-350x350.png 350w, https:\/\/procleanroom.com\/wp-content\/uploads\/2015\/07\/Thales1-200x200.png 200w, https:\/\/procleanroom.com\/wp-content\/uploads\/2015\/07\/Thales1.png 500w\" sizes=\"auto, (max-width: 300px) 100vw, 300px\" \/><\/div><div class=\"w-logos-item\"><img loading=\"lazy\" decoding=\"async\" width=\"300\" height=\"300\" src=\"https:\/\/procleanroom.com\/wp-content\/uploads\/2015\/07\/kmarine1-300x300.png\" class=\"attachment-medium size-medium\" alt=\"\" srcset=\"https:\/\/procleanroom.com\/wp-content\/uploads\/2015\/07\/kmarine1-300x300.png 300w, https:\/\/procleanroom.com\/wp-content\/uploads\/2015\/07\/kmarine1-150x150.png 150w, https:\/\/procleanroom.com\/wp-content\/uploads\/2015\/07\/kmarine1-350x350.png 350w, https:\/\/procleanroom.com\/wp-content\/uploads\/2015\/07\/kmarine1-200x200.png 200w, https:\/\/procleanroom.com\/wp-content\/uploads\/2015\/07\/kmarine1.png 521w\" sizes=\"auto, (max-width: 300px) 100vw, 300px\" \/><\/div><div class=\"w-logos-item\"><img loading=\"lazy\" decoding=\"async\" width=\"300\" height=\"300\" src=\"https:\/\/procleanroom.com\/wp-content\/uploads\/2015\/07\/Syncreon1-300x300.png\" class=\"attachment-medium size-medium\" alt=\"\" srcset=\"https:\/\/procleanroom.com\/wp-content\/uploads\/2015\/07\/Syncreon1-300x300.png 300w, https:\/\/procleanroom.com\/wp-content\/uploads\/2015\/07\/Syncreon1-150x150.png 150w, https:\/\/procleanroom.com\/wp-content\/uploads\/2015\/07\/Syncreon1-350x350.png 350w, https:\/\/procleanroom.com\/wp-content\/uploads\/2015\/07\/Syncreon1-200x200.png 200w, https:\/\/procleanroom.com\/wp-content\/uploads\/2015\/07\/Syncreon1.png 500w\" sizes=\"auto, (max-width: 300px) 100vw, 300px\" \/><\/div><div class=\"w-logos-item\"><img loading=\"lazy\" decoding=\"async\" width=\"300\" height=\"300\" src=\"https:\/\/procleanroom.com\/wp-content\/uploads\/2015\/07\/logo-300x300.png\" class=\"attachment-medium size-medium\" alt=\"\" srcset=\"https:\/\/procleanroom.com\/wp-content\/uploads\/2015\/07\/logo-300x300.png 300w, https:\/\/procleanroom.com\/wp-content\/uploads\/2015\/07\/logo-150x150.png 150w, https:\/\/procleanroom.com\/wp-content\/uploads\/2015\/07\/logo-350x350.png 350w, https:\/\/procleanroom.com\/wp-content\/uploads\/2015\/07\/logo-200x200.png 200w, https:\/\/procleanroom.com\/wp-content\/uploads\/2015\/07\/logo.png 500w\" sizes=\"auto, (max-width: 300px) 100vw, 300px\" \/><\/div><div class=\"w-logos-item\"><img loading=\"lazy\" decoding=\"async\" width=\"150\" height=\"150\" src=\"https:\/\/procleanroom.com\/wp-content\/uploads\/2024\/03\/Nieuw-NEWAYS_LOGO-150x150-2.png\" class=\"attachment-medium size-medium\" alt=\"\" \/><\/div><div class=\"w-logos-item\"><img loading=\"lazy\" decoding=\"async\" width=\"300\" height=\"300\" src=\"https:\/\/procleanroom.com\/wp-content\/uploads\/2015\/07\/Molnlycke1-300x300.png\" class=\"attachment-medium size-medium\" alt=\"\" srcset=\"https:\/\/procleanroom.com\/wp-content\/uploads\/2015\/07\/Molnlycke1-300x300.png 300w, https:\/\/procleanroom.com\/wp-content\/uploads\/2015\/07\/Molnlycke1-150x150.png 150w, https:\/\/procleanroom.com\/wp-content\/uploads\/2015\/07\/Molnlycke1-350x350.png 350w, https:\/\/procleanroom.com\/wp-content\/uploads\/2015\/07\/Molnlycke1-200x200.png 200w, https:\/\/procleanroom.com\/wp-content\/uploads\/2015\/07\/Molnlycke1.png 500w\" sizes=\"auto, (max-width: 300px) 100vw, 300px\" \/><\/div><div class=\"w-logos-item\"><img loading=\"lazy\" decoding=\"async\" width=\"300\" height=\"300\" src=\"https:\/\/procleanroom.com\/wp-content\/uploads\/2015\/07\/Medisize1-300x300.png\" class=\"attachment-medium size-medium\" alt=\"\" srcset=\"https:\/\/procleanroom.com\/wp-content\/uploads\/2015\/07\/Medisize1-300x300.png 300w, https:\/\/procleanroom.com\/wp-content\/uploads\/2015\/07\/Medisize1-150x150.png 150w, https:\/\/procleanroom.com\/wp-content\/uploads\/2015\/07\/Medisize1-350x350.png 350w, https:\/\/procleanroom.com\/wp-content\/uploads\/2015\/07\/Medisize1-200x200.png 200w, https:\/\/procleanroom.com\/wp-content\/uploads\/2015\/07\/Medisize1.png 500w\" sizes=\"auto, (max-width: 300px) 100vw, 300px\" \/><\/div><div class=\"w-logos-item\"><img loading=\"lazy\" decoding=\"async\" width=\"300\" height=\"300\" src=\"https:\/\/procleanroom.com\/wp-content\/uploads\/2015\/07\/KONI1-300x300.png\" class=\"attachment-medium size-medium\" alt=\"\" srcset=\"https:\/\/procleanroom.com\/wp-content\/uploads\/2015\/07\/KONI1-300x300.png 300w, https:\/\/procleanroom.com\/wp-content\/uploads\/2015\/07\/KONI1-150x150.png 150w, https:\/\/procleanroom.com\/wp-content\/uploads\/2015\/07\/KONI1-600x600.png 600w, https:\/\/procleanroom.com\/wp-content\/uploads\/2015\/07\/KONI1-350x350.png 350w, https:\/\/procleanroom.com\/wp-content\/uploads\/2015\/07\/KONI1-200x200.png 200w, https:\/\/procleanroom.com\/wp-content\/uploads\/2015\/07\/KONI1.png 715w\" sizes=\"auto, (max-width: 300px) 100vw, 300px\" \/><\/div><div class=\"w-logos-item\"><img loading=\"lazy\" decoding=\"async\" width=\"300\" height=\"300\" src=\"https:\/\/procleanroom.com\/wp-content\/uploads\/2015\/07\/Flextronics1-300x300.png\" class=\"attachment-medium size-medium\" alt=\"\" srcset=\"https:\/\/procleanroom.com\/wp-content\/uploads\/2015\/07\/Flextronics1-300x300.png 300w, https:\/\/procleanroom.com\/wp-content\/uploads\/2015\/07\/Flextronics1-150x150.png 150w, https:\/\/procleanroom.com\/wp-content\/uploads\/2015\/07\/Flextronics1-350x350.png 350w, https:\/\/procleanroom.com\/wp-content\/uploads\/2015\/07\/Flextronics1-200x200.png 200w, https:\/\/procleanroom.com\/wp-content\/uploads\/2015\/07\/Flextronics1.png 500w\" sizes=\"auto, (max-width: 300px) 100vw, 300px\" \/><\/div><div class=\"w-logos-item\"><img loading=\"lazy\" decoding=\"async\" width=\"300\" height=\"300\" src=\"https:\/\/procleanroom.com\/wp-content\/uploads\/2015\/07\/ESA1-300x300.png\" class=\"attachment-medium size-medium\" alt=\"\" srcset=\"https:\/\/procleanroom.com\/wp-content\/uploads\/2015\/07\/ESA1-300x300.png 300w, https:\/\/procleanroom.com\/wp-content\/uploads\/2015\/07\/ESA1-150x150.png 150w, https:\/\/procleanroom.com\/wp-content\/uploads\/2015\/07\/ESA1-350x350.png 350w, https:\/\/procleanroom.com\/wp-content\/uploads\/2015\/07\/ESA1-200x200.png 200w, https:\/\/procleanroom.com\/wp-content\/uploads\/2015\/07\/ESA1.png 440w\" sizes=\"auto, (max-width: 300px) 100vw, 300px\" \/><\/div><div class=\"w-logos-item\"><img loading=\"lazy\" decoding=\"async\" width=\"300\" height=\"300\" src=\"https:\/\/procleanroom.com\/wp-content\/uploads\/2015\/07\/ECN1-300x300.png\" class=\"attachment-medium size-medium\" alt=\"\" srcset=\"https:\/\/procleanroom.com\/wp-content\/uploads\/2015\/07\/ECN1-300x300.png 300w, https:\/\/procleanroom.com\/wp-content\/uploads\/2015\/07\/ECN1-150x150.png 150w, https:\/\/procleanroom.com\/wp-content\/uploads\/2015\/07\/ECN1-350x350.png 350w, https:\/\/procleanroom.com\/wp-content\/uploads\/2015\/07\/ECN1-200x200.png 200w, https:\/\/procleanroom.com\/wp-content\/uploads\/2015\/07\/ECN1.png 500w\" sizes=\"auto, (max-width: 300px) 100vw, 300px\" \/><\/div><div class=\"w-logos-item\"><img loading=\"lazy\" decoding=\"async\" width=\"300\" height=\"300\" src=\"https:\/\/procleanroom.com\/wp-content\/uploads\/2015\/07\/Abbott2-300x300.png\" class=\"attachment-medium size-medium\" alt=\"\" srcset=\"https:\/\/procleanroom.com\/wp-content\/uploads\/2015\/07\/Abbott2-300x300.png 300w, https:\/\/procleanroom.com\/wp-content\/uploads\/2015\/07\/Abbott2-150x150.png 150w, https:\/\/procleanroom.com\/wp-content\/uploads\/2015\/07\/Abbott2-600x599.png 600w, https:\/\/procleanroom.com\/wp-content\/uploads\/2015\/07\/Abbott2-350x350.png 350w, https:\/\/procleanroom.com\/wp-content\/uploads\/2015\/07\/Abbott2-200x200.png 200w, https:\/\/procleanroom.com\/wp-content\/uploads\/2015\/07\/Abbott2-351x350.png 351w, https:\/\/procleanroom.com\/wp-content\/uploads\/2015\/07\/Abbott2.png 634w\" sizes=\"auto, (max-width: 300px) 100vw, 300px\" \/><\/div><\/div><\/div><\/div><\/div><\/div><div class=\"g-cols wpb_row type_default vc_inner \"><div class=\"vc_col-sm-12 wpb_column vc_column_container\"><div class=\"vc_column-inner\"><div class=\"wpb_wrapper\">[vc_empty_space]<div class=\"w-actionbox color_primary controls_right\"><div class=\"w-actionbox-text\"><h2>M\u00f6chten Sie mehr erfahren?<\/h2><\/div><div class=\"w-actionbox-controls\"><a class=\"w-btn color_white style_outlined icon_atleft\" href=\"https:\/\/procleanroom.com\/de\/kontakt\/\"><i class=\"fa fa-comments-o\"><\/i><span class=\"w-btn-label\">INFORMATIONSANFRAGE<\/span><\/a><\/div><\/div><\/div><\/div><\/div><\/div><\/div><\/div><\/div><\/div><\/div><\/section>\n","protected":false},"excerpt":{"rendered":"Die Entwicklung Ihrer Expertise in der Feinmechanikindustrie erfordert h\u00e4ufig Reinr\u00e4ume der ISO-Klasse 6 oder 7. In Kombination mit einer oder mehreren vertikalen oder horizontalen Laminar-Flow-Werkb\u00e4nken (ISO 4 oder 5) bietet ProCleanroom hochwertige kompakte lokale L\u00f6sungen. Dank kurzer Lieferzeiten und einem...","protected":false},"author":5,"featured_media":0,"parent":16048,"menu_order":90,"comment_status":"closed","ping_status":"closed","template":"","meta":{"footnotes":""},"class_list":["post-16027","page","type-page","status-publish","hentry"],"_links":{"self":[{"href":"https:\/\/procleanroom.com\/de\/wp-json\/wp\/v2\/pages\/16027","targetHints":{"allow":["GET"]}}],"collection":[{"href":"https:\/\/procleanroom.com\/de\/wp-json\/wp\/v2\/pages"}],"about":[{"href":"https:\/\/procleanroom.com\/de\/wp-json\/wp\/v2\/types\/page"}],"author":[{"embeddable":true,"href":"https:\/\/procleanroom.com\/de\/wp-json\/wp\/v2\/users\/5"}],"replies":[{"embeddable":true,"href":"https:\/\/procleanroom.com\/de\/wp-json\/wp\/v2\/comments?post=16027"}],"version-history":[{"count":5,"href":"https:\/\/procleanroom.com\/de\/wp-json\/wp\/v2\/pages\/16027\/revisions"}],"predecessor-version":[{"id":18438,"href":"https:\/\/procleanroom.com\/de\/wp-json\/wp\/v2\/pages\/16027\/revisions\/18438"}],"up":[{"embeddable":true,"href":"https:\/\/procleanroom.com\/de\/wp-json\/wp\/v2\/pages\/16048"}],"wp:attachment":[{"href":"https:\/\/procleanroom.com\/de\/wp-json\/wp\/v2\/media?parent=16027"}],"curies":[{"name":"wp","href":"https:\/\/api.w.org\/{rel}","templated":true}]}}