{"id":16014,"date":"2023-09-01T12:38:21","date_gmt":"2023-09-01T12:38:21","guid":{"rendered":"https:\/\/procleanroom.com\/?page_id=16014"},"modified":"2025-06-02T12:16:40","modified_gmt":"2025-06-02T12:16:40","slug":"reinraume-fuer-den-maschinenbau","status":"publish","type":"page","link":"https:\/\/procleanroom.com\/de\/markte\/reinraume-fuer-den-maschinenbau\/","title":{"rendered":"Reinr\u00e4ume f\u00fcr den Maschinenbau"},"content":{"rendered":"<section class=\"l-section wpb_row height_medium\"><div class=\"l-section-h i-cf\"><div class=\"g-cols type_default\"><div class=\"vc_col-sm-12 wpb_column vc_column_container\"><div class=\"vc_column-inner\"><div class=\"wpb_wrapper\"><div class=\"g-cols wpb_row type_default vc_inner \"><div class=\"vc_col-sm-12 wpb_column vc_column_container\"><div class=\"vc_column-inner\"><div class=\"wpb_wrapper\"><div class=\"w-image\"><div class=\"us-frame\"><img loading=\"lazy\" decoding=\"async\" width=\"798\" height=\"350\" src=\"https:\/\/procleanroom.com\/wp-content\/uploads\/2016\/12\/23.jpg\" class=\"attachment-full size-full\" alt=\"Reinigen van high tech vacuum component in flowkast\" srcset=\"https:\/\/procleanroom.com\/wp-content\/uploads\/2016\/12\/23.jpg 798w, https:\/\/procleanroom.com\/wp-content\/uploads\/2016\/12\/23-300x132.jpg 300w, https:\/\/procleanroom.com\/wp-content\/uploads\/2016\/12\/23-600x263.jpg 600w, https:\/\/procleanroom.com\/wp-content\/uploads\/2016\/12\/23-150x66.jpg 150w\" sizes=\"auto, (max-width: 798px) 100vw, 798px\" \/><\/div><\/div><div class=\"wpb_text_column \"><div class=\"wpb_wrapper\"><p>Die Entwicklung Ihrer Expertise im Maschinenbaubereich erfordert Reinr\u00e4ume, die Flexibilit\u00e4t bieten. ProCleanroom liefert Reinr\u00e4ume mit sehr flexiblen Ma\u00dfen und Layouts. Die Erweiterung des Reinraums gelingt m\u00fchelos, und die M\u00f6glichkeiten in Bezug auf das Layout sind gro\u00df. Dar\u00fcber hinaus sind die modularen Reinr\u00e4ume beweglich. Wie Sie feststellen k\u00f6nnen, bietet ProCleanroom eine L\u00f6sung f\u00fcr jedes Problem.<\/p>\n<p>Softwalls bieten ein hohes Ma\u00df an Flexibilit\u00e4t. Neben den klassischen Softwall-Streifen bietet ProCleanroom auch robuste Schiebe- und Harmonika-Faltsysteme an. Nat\u00fcrlich ist es m\u00f6glich, einen einzelnen Reinraum \u00fcber einer Maschinenschnittstelle zu platzieren. Dar\u00fcber hinaus sind die M\u00f6glichkeiten endlos, denn Sie k\u00f6nnen mehrere mobile Reinr\u00e4ume miteinander kombinieren. Auf diese Weise ist jedes gew\u00fcnschte Format machbar (z.B. ein Durchgangsbereich f\u00fcr Waren, f\u00fcr Personal oder eine Kombination aus beidem).<\/p>\n<p><strong>\u00dcberdachung<\/strong><br \/>\nDie Reinr\u00e4ume k\u00f6nnen vorhandene Ger\u00e4te oder Einrichtungen teilweise oder ganz abdecken. ProCleanroom liefert unidirektionale Laminar-Flow-Werkb\u00e4nke und -Hauben, die auf oder \u00fcber kritischen Prozessen oder Komponenten angebracht werden k\u00f6nnen. Auf diese Weise bietet ProCleanroom Schutz vor Verunreinigungen aus der Umgebung.<\/p>\n<p><strong>Typische Prozesse im Maschinenbaubereich:<\/strong><\/p>\n<ul>\n<li>Spritzgie\u00dfen<\/li>\n<li>Pr\u00e4zisions-Extrusion<\/li>\n<li>Optik<\/li>\n<li>Drucken<\/li>\n<li>Herstellung von Verbundwerkstoffen<\/li>\n<li>Automobilindustrie<\/li>\n<li>Reinigung und Verpackung<\/li>\n<\/ul>\n<p><strong>ProCleanroom: Build your expertise.<\/strong><\/p><\/div> <\/div> <div class=\"w-logos style_2 with_indents type_carousel cols_4\" data-items=\"4\" data-autoplay=\"1\" data-timeout=\"3000\" data-nav=\"0\" data-dots=\"0\"><div class=\"w-logos-item\"><img loading=\"lazy\" decoding=\"async\" width=\"300\" height=\"300\" src=\"https:\/\/procleanroom.com\/wp-content\/uploads\/2015\/07\/ASML2-300x300.png\" class=\"attachment-medium size-medium\" alt=\"\" srcset=\"https:\/\/procleanroom.com\/wp-content\/uploads\/2015\/07\/ASML2-300x300.png 300w, https:\/\/procleanroom.com\/wp-content\/uploads\/2015\/07\/ASML2-150x150.png 150w, https:\/\/procleanroom.com\/wp-content\/uploads\/2015\/07\/ASML2-350x350.png 350w, https:\/\/procleanroom.com\/wp-content\/uploads\/2015\/07\/ASML2-200x200.png 200w, https:\/\/procleanroom.com\/wp-content\/uploads\/2015\/07\/ASML2.png 500w\" sizes=\"auto, (max-width: 300px) 100vw, 300px\" \/><\/div><div class=\"w-logos-item\"><img loading=\"lazy\" decoding=\"async\" width=\"300\" height=\"300\" src=\"https:\/\/procleanroom.com\/wp-content\/uploads\/2023\/04\/logo-anvil-300x300.png\" class=\"attachment-medium size-medium\" alt=\"\" srcset=\"https:\/\/procleanroom.com\/wp-content\/uploads\/2023\/04\/logo-anvil-300x300.png 300w, https:\/\/procleanroom.com\/wp-content\/uploads\/2023\/04\/logo-anvil-150x150.png 150w, https:\/\/procleanroom.com\/wp-content\/uploads\/2023\/04\/logo-anvil-600x600.png 600w, https:\/\/procleanroom.com\/wp-content\/uploads\/2023\/04\/logo-anvil-350x350.png 350w, https:\/\/procleanroom.com\/wp-content\/uploads\/2023\/04\/logo-anvil.png 700w\" sizes=\"auto, (max-width: 300px) 100vw, 300px\" \/><\/div><div class=\"w-logos-item\"><img loading=\"lazy\" decoding=\"async\" width=\"150\" height=\"150\" src=\"https:\/\/procleanroom.com\/wp-content\/uploads\/2023\/04\/VDL-groep-logo.png\" class=\"attachment-medium size-medium\" alt=\"\" \/><\/div><div class=\"w-logos-item\"><img loading=\"lazy\" decoding=\"async\" width=\"150\" height=\"150\" src=\"https:\/\/procleanroom.com\/wp-content\/uploads\/2023\/04\/NTS-group-logo.png\" class=\"attachment-medium size-medium\" alt=\"\" \/><\/div><div class=\"w-logos-item\"><img loading=\"lazy\" decoding=\"async\" width=\"150\" height=\"150\" src=\"https:\/\/procleanroom.com\/wp-content\/uploads\/2023\/04\/Faes-group-logo-1.png\" class=\"attachment-medium size-medium\" alt=\"\" \/><\/div><div class=\"w-logos-item\"><img loading=\"lazy\" decoding=\"async\" width=\"300\" height=\"300\" src=\"https:\/\/procleanroom.com\/wp-content\/uploads\/2015\/07\/Philips_logo_neu-300x300.png\" class=\"attachment-medium size-medium\" alt=\"\" srcset=\"https:\/\/procleanroom.com\/wp-content\/uploads\/2015\/07\/Philips_logo_neu-300x300.png 300w, https:\/\/procleanroom.com\/wp-content\/uploads\/2015\/07\/Philips_logo_neu-150x150.png 150w, https:\/\/procleanroom.com\/wp-content\/uploads\/2015\/07\/Philips_logo_neu-350x350.png 350w, https:\/\/procleanroom.com\/wp-content\/uploads\/2015\/07\/Philips_logo_neu-200x200.png 200w, https:\/\/procleanroom.com\/wp-content\/uploads\/2015\/07\/Philips_logo_neu.png 500w\" sizes=\"auto, (max-width: 300px) 100vw, 300px\" \/><\/div><div class=\"w-logos-item\"><img loading=\"lazy\" decoding=\"async\" width=\"150\" height=\"150\" src=\"https:\/\/procleanroom.com\/wp-content\/uploads\/2023\/04\/Sioux-technologies-logo-1.png\" class=\"attachment-medium size-medium\" alt=\"\" \/><\/div><div class=\"w-logos-item\"><img loading=\"lazy\" decoding=\"async\" width=\"300\" height=\"300\" src=\"https:\/\/procleanroom.com\/wp-content\/uploads\/2015\/07\/Thales1-300x300.png\" class=\"attachment-medium size-medium\" alt=\"\" srcset=\"https:\/\/procleanroom.com\/wp-content\/uploads\/2015\/07\/Thales1-300x300.png 300w, https:\/\/procleanroom.com\/wp-content\/uploads\/2015\/07\/Thales1-150x150.png 150w, https:\/\/procleanroom.com\/wp-content\/uploads\/2015\/07\/Thales1-350x350.png 350w, https:\/\/procleanroom.com\/wp-content\/uploads\/2015\/07\/Thales1-200x200.png 200w, https:\/\/procleanroom.com\/wp-content\/uploads\/2015\/07\/Thales1.png 500w\" sizes=\"auto, (max-width: 300px) 100vw, 300px\" \/><\/div><div class=\"w-logos-item\"><img loading=\"lazy\" decoding=\"async\" width=\"300\" height=\"300\" src=\"https:\/\/procleanroom.com\/wp-content\/uploads\/2015\/07\/kmarine1-300x300.png\" class=\"attachment-medium size-medium\" alt=\"\" srcset=\"https:\/\/procleanroom.com\/wp-content\/uploads\/2015\/07\/kmarine1-300x300.png 300w, https:\/\/procleanroom.com\/wp-content\/uploads\/2015\/07\/kmarine1-150x150.png 150w, https:\/\/procleanroom.com\/wp-content\/uploads\/2015\/07\/kmarine1-350x350.png 350w, https:\/\/procleanroom.com\/wp-content\/uploads\/2015\/07\/kmarine1-200x200.png 200w, https:\/\/procleanroom.com\/wp-content\/uploads\/2015\/07\/kmarine1.png 521w\" sizes=\"auto, (max-width: 300px) 100vw, 300px\" \/><\/div><div class=\"w-logos-item\"><img loading=\"lazy\" decoding=\"async\" width=\"300\" height=\"300\" src=\"https:\/\/procleanroom.com\/wp-content\/uploads\/2015\/07\/Syncreon1-300x300.png\" class=\"attachment-medium size-medium\" alt=\"\" srcset=\"https:\/\/procleanroom.com\/wp-content\/uploads\/2015\/07\/Syncreon1-300x300.png 300w, https:\/\/procleanroom.com\/wp-content\/uploads\/2015\/07\/Syncreon1-150x150.png 150w, https:\/\/procleanroom.com\/wp-content\/uploads\/2015\/07\/Syncreon1-350x350.png 350w, https:\/\/procleanroom.com\/wp-content\/uploads\/2015\/07\/Syncreon1-200x200.png 200w, https:\/\/procleanroom.com\/wp-content\/uploads\/2015\/07\/Syncreon1.png 500w\" sizes=\"auto, (max-width: 300px) 100vw, 300px\" \/><\/div><div class=\"w-logos-item\"><img loading=\"lazy\" decoding=\"async\" width=\"300\" height=\"300\" src=\"https:\/\/procleanroom.com\/wp-content\/uploads\/2015\/07\/logo-300x300.png\" class=\"attachment-medium size-medium\" alt=\"\" srcset=\"https:\/\/procleanroom.com\/wp-content\/uploads\/2015\/07\/logo-300x300.png 300w, https:\/\/procleanroom.com\/wp-content\/uploads\/2015\/07\/logo-150x150.png 150w, https:\/\/procleanroom.com\/wp-content\/uploads\/2015\/07\/logo-350x350.png 350w, https:\/\/procleanroom.com\/wp-content\/uploads\/2015\/07\/logo-200x200.png 200w, https:\/\/procleanroom.com\/wp-content\/uploads\/2015\/07\/logo.png 500w\" sizes=\"auto, (max-width: 300px) 100vw, 300px\" \/><\/div><div class=\"w-logos-item\"><img loading=\"lazy\" decoding=\"async\" width=\"150\" height=\"150\" src=\"https:\/\/procleanroom.com\/wp-content\/uploads\/2024\/03\/Nieuw-NEWAYS_LOGO-150x150-2.png\" class=\"attachment-medium size-medium\" alt=\"\" \/><\/div><div class=\"w-logos-item\"><img loading=\"lazy\" decoding=\"async\" width=\"300\" height=\"300\" src=\"https:\/\/procleanroom.com\/wp-content\/uploads\/2015\/07\/Molnlycke1-300x300.png\" class=\"attachment-medium size-medium\" alt=\"\" srcset=\"https:\/\/procleanroom.com\/wp-content\/uploads\/2015\/07\/Molnlycke1-300x300.png 300w, https:\/\/procleanroom.com\/wp-content\/uploads\/2015\/07\/Molnlycke1-150x150.png 150w, https:\/\/procleanroom.com\/wp-content\/uploads\/2015\/07\/Molnlycke1-350x350.png 350w, https:\/\/procleanroom.com\/wp-content\/uploads\/2015\/07\/Molnlycke1-200x200.png 200w, https:\/\/procleanroom.com\/wp-content\/uploads\/2015\/07\/Molnlycke1.png 500w\" sizes=\"auto, (max-width: 300px) 100vw, 300px\" \/><\/div><div class=\"w-logos-item\"><img loading=\"lazy\" decoding=\"async\" width=\"300\" height=\"300\" src=\"https:\/\/procleanroom.com\/wp-content\/uploads\/2015\/07\/Medisize1-300x300.png\" class=\"attachment-medium size-medium\" alt=\"\" srcset=\"https:\/\/procleanroom.com\/wp-content\/uploads\/2015\/07\/Medisize1-300x300.png 300w, https:\/\/procleanroom.com\/wp-content\/uploads\/2015\/07\/Medisize1-150x150.png 150w, https:\/\/procleanroom.com\/wp-content\/uploads\/2015\/07\/Medisize1-350x350.png 350w, https:\/\/procleanroom.com\/wp-content\/uploads\/2015\/07\/Medisize1-200x200.png 200w, https:\/\/procleanroom.com\/wp-content\/uploads\/2015\/07\/Medisize1.png 500w\" sizes=\"auto, (max-width: 300px) 100vw, 300px\" \/><\/div><div class=\"w-logos-item\"><img loading=\"lazy\" decoding=\"async\" width=\"300\" height=\"300\" src=\"https:\/\/procleanroom.com\/wp-content\/uploads\/2015\/07\/KONI1-300x300.png\" class=\"attachment-medium size-medium\" alt=\"\" srcset=\"https:\/\/procleanroom.com\/wp-content\/uploads\/2015\/07\/KONI1-300x300.png 300w, https:\/\/procleanroom.com\/wp-content\/uploads\/2015\/07\/KONI1-150x150.png 150w, https:\/\/procleanroom.com\/wp-content\/uploads\/2015\/07\/KONI1-600x600.png 600w, https:\/\/procleanroom.com\/wp-content\/uploads\/2015\/07\/KONI1-350x350.png 350w, https:\/\/procleanroom.com\/wp-content\/uploads\/2015\/07\/KONI1-200x200.png 200w, https:\/\/procleanroom.com\/wp-content\/uploads\/2015\/07\/KONI1.png 715w\" sizes=\"auto, (max-width: 300px) 100vw, 300px\" \/><\/div><div class=\"w-logos-item\"><img loading=\"lazy\" decoding=\"async\" width=\"300\" height=\"300\" src=\"https:\/\/procleanroom.com\/wp-content\/uploads\/2015\/07\/Flextronics1-300x300.png\" class=\"attachment-medium size-medium\" alt=\"\" srcset=\"https:\/\/procleanroom.com\/wp-content\/uploads\/2015\/07\/Flextronics1-300x300.png 300w, https:\/\/procleanroom.com\/wp-content\/uploads\/2015\/07\/Flextronics1-150x150.png 150w, https:\/\/procleanroom.com\/wp-content\/uploads\/2015\/07\/Flextronics1-350x350.png 350w, https:\/\/procleanroom.com\/wp-content\/uploads\/2015\/07\/Flextronics1-200x200.png 200w, https:\/\/procleanroom.com\/wp-content\/uploads\/2015\/07\/Flextronics1.png 500w\" sizes=\"auto, (max-width: 300px) 100vw, 300px\" \/><\/div><div class=\"w-logos-item\"><img loading=\"lazy\" decoding=\"async\" width=\"300\" height=\"300\" src=\"https:\/\/procleanroom.com\/wp-content\/uploads\/2015\/07\/ESA1-300x300.png\" class=\"attachment-medium size-medium\" alt=\"\" srcset=\"https:\/\/procleanroom.com\/wp-content\/uploads\/2015\/07\/ESA1-300x300.png 300w, https:\/\/procleanroom.com\/wp-content\/uploads\/2015\/07\/ESA1-150x150.png 150w, https:\/\/procleanroom.com\/wp-content\/uploads\/2015\/07\/ESA1-350x350.png 350w, https:\/\/procleanroom.com\/wp-content\/uploads\/2015\/07\/ESA1-200x200.png 200w, https:\/\/procleanroom.com\/wp-content\/uploads\/2015\/07\/ESA1.png 440w\" sizes=\"auto, (max-width: 300px) 100vw, 300px\" \/><\/div><div class=\"w-logos-item\"><img loading=\"lazy\" decoding=\"async\" width=\"300\" height=\"300\" src=\"https:\/\/procleanroom.com\/wp-content\/uploads\/2015\/07\/ECN1-300x300.png\" class=\"attachment-medium size-medium\" alt=\"\" srcset=\"https:\/\/procleanroom.com\/wp-content\/uploads\/2015\/07\/ECN1-300x300.png 300w, https:\/\/procleanroom.com\/wp-content\/uploads\/2015\/07\/ECN1-150x150.png 150w, https:\/\/procleanroom.com\/wp-content\/uploads\/2015\/07\/ECN1-350x350.png 350w, https:\/\/procleanroom.com\/wp-content\/uploads\/2015\/07\/ECN1-200x200.png 200w, https:\/\/procleanroom.com\/wp-content\/uploads\/2015\/07\/ECN1.png 500w\" sizes=\"auto, (max-width: 300px) 100vw, 300px\" \/><\/div><div class=\"w-logos-item\"><img loading=\"lazy\" decoding=\"async\" width=\"300\" height=\"300\" src=\"https:\/\/procleanroom.com\/wp-content\/uploads\/2015\/07\/Abbott2-300x300.png\" class=\"attachment-medium size-medium\" alt=\"\" srcset=\"https:\/\/procleanroom.com\/wp-content\/uploads\/2015\/07\/Abbott2-300x300.png 300w, https:\/\/procleanroom.com\/wp-content\/uploads\/2015\/07\/Abbott2-150x150.png 150w, https:\/\/procleanroom.com\/wp-content\/uploads\/2015\/07\/Abbott2-600x599.png 600w, https:\/\/procleanroom.com\/wp-content\/uploads\/2015\/07\/Abbott2-350x350.png 350w, https:\/\/procleanroom.com\/wp-content\/uploads\/2015\/07\/Abbott2-200x200.png 200w, https:\/\/procleanroom.com\/wp-content\/uploads\/2015\/07\/Abbott2-351x350.png 351w, https:\/\/procleanroom.com\/wp-content\/uploads\/2015\/07\/Abbott2.png 634w\" sizes=\"auto, (max-width: 300px) 100vw, 300px\" \/><\/div><\/div><\/div><\/div><\/div><\/div><div class=\"g-cols wpb_row type_default vc_inner \"><div class=\"vc_col-sm-12 wpb_column vc_column_container\"><div class=\"vc_column-inner\"><div class=\"wpb_wrapper\">[vc_empty_space]<div class=\"w-actionbox color_primary controls_right\"><div class=\"w-actionbox-text\"><h2>M\u00f6chten Sie mehr erfahren?<\/h2><\/div><div class=\"w-actionbox-controls\"><a class=\"w-btn color_white style_outlined icon_atleft\" href=\"https:\/\/procleanroom.com\/contact\/\"><i class=\"fa fa-comments-o\"><\/i><span class=\"w-btn-label\">INFORMATIONSANFRAGE<\/span><\/a><\/div><\/div><\/div><\/div><\/div><\/div><\/div><\/div><\/div><\/div><\/div><\/section>\n","protected":false},"excerpt":{"rendered":"Die Entwicklung Ihrer Expertise im Maschinenbaubereich erfordert Reinr\u00e4ume, die Flexibilit\u00e4t bieten. ProCleanroom liefert Reinr\u00e4ume mit sehr flexiblen Ma\u00dfen und Layouts. Die Erweiterung des Reinraums gelingt m\u00fchelos, und die M\u00f6glichkeiten in Bezug auf das Layout sind gro\u00df. Dar\u00fcber hinaus sind die...","protected":false},"author":5,"featured_media":0,"parent":16048,"menu_order":80,"comment_status":"closed","ping_status":"closed","template":"","meta":{"footnotes":""},"class_list":["post-16014","page","type-page","status-publish","hentry"],"_links":{"self":[{"href":"https:\/\/procleanroom.com\/de\/wp-json\/wp\/v2\/pages\/16014","targetHints":{"allow":["GET"]}}],"collection":[{"href":"https:\/\/procleanroom.com\/de\/wp-json\/wp\/v2\/pages"}],"about":[{"href":"https:\/\/procleanroom.com\/de\/wp-json\/wp\/v2\/types\/page"}],"author":[{"embeddable":true,"href":"https:\/\/procleanroom.com\/de\/wp-json\/wp\/v2\/users\/5"}],"replies":[{"embeddable":true,"href":"https:\/\/procleanroom.com\/de\/wp-json\/wp\/v2\/comments?post=16014"}],"version-history":[{"count":6,"href":"https:\/\/procleanroom.com\/de\/wp-json\/wp\/v2\/pages\/16014\/revisions"}],"predecessor-version":[{"id":18447,"href":"https:\/\/procleanroom.com\/de\/wp-json\/wp\/v2\/pages\/16014\/revisions\/18447"}],"up":[{"embeddable":true,"href":"https:\/\/procleanroom.com\/de\/wp-json\/wp\/v2\/pages\/16048"}],"wp:attachment":[{"href":"https:\/\/procleanroom.com\/de\/wp-json\/wp\/v2\/media?parent=16014"}],"curies":[{"name":"wp","href":"https:\/\/api.w.org\/{rel}","templated":true}]}}