{"id":15606,"date":"2023-09-01T12:13:52","date_gmt":"2023-09-01T12:13:52","guid":{"rendered":"https:\/\/procleanroom.com\/?page_id=15606"},"modified":"2025-10-13T06:59:24","modified_gmt":"2025-10-13T06:59:24","slug":"uber-uns","status":"publish","type":"page","link":"https:\/\/procleanroom.com\/de\/uber-uns\/","title":{"rendered":"\u00dcBER UNS"},"content":{"rendered":"<section class=\"l-section wpb_row height_medium\"><div class=\"l-section-h i-cf\"><div class=\"g-cols type_default\"><div class=\"vc_col-sm-12 wpb_column vc_column_container\"><div class=\"vc_column-inner\"><div class=\"wpb_wrapper\"><div class=\"g-cols wpb_row type_default vc_inner \"><div class=\"vc_col-sm-12 wpb_column vc_column_container\"><div class=\"vc_column-inner\"><div class=\"wpb_wrapper\"><div class=\"w-image\"><div class=\"us-frame\"><img loading=\"lazy\" decoding=\"async\" width=\"1563\" height=\"541\" src=\"https:\/\/procleanroom.com\/wp-content\/uploads\/2025\/10\/ProCleanroom-contactpagina-header.jpg\" class=\"attachment-full size-full\" alt=\"\" srcset=\"https:\/\/procleanroom.com\/wp-content\/uploads\/2025\/10\/ProCleanroom-contactpagina-header.jpg 1563w, https:\/\/procleanroom.com\/wp-content\/uploads\/2025\/10\/ProCleanroom-contactpagina-header-300x104.jpg 300w, https:\/\/procleanroom.com\/wp-content\/uploads\/2025\/10\/ProCleanroom-contactpagina-header-1024x354.jpg 1024w, https:\/\/procleanroom.com\/wp-content\/uploads\/2025\/10\/ProCleanroom-contactpagina-header-768x266.jpg 768w, https:\/\/procleanroom.com\/wp-content\/uploads\/2025\/10\/ProCleanroom-contactpagina-header-1536x532.jpg 1536w, https:\/\/procleanroom.com\/wp-content\/uploads\/2025\/10\/ProCleanroom-contactpagina-header-600x208.jpg 600w, https:\/\/procleanroom.com\/wp-content\/uploads\/2025\/10\/ProCleanroom-contactpagina-header-798x276.jpg 798w\" sizes=\"auto, (max-width: 1563px) 100vw, 1563px\" \/><\/div><\/div><div class=\"wpb_text_column \"><div class=\"wpb_wrapper\">\n<h2>Willkommen bei ProCleanroom!<\/h2>\n<p>Gerne m\u00f6chten wir uns Ihnen pers\u00f6nlich vorstellen. Wir sind ProCleanroom: der flexible Spezialist f\u00fcr Ihre modularen Reinr\u00e4ume und Laminar-Flow-Werkb\u00e4nke. Wir entwerfen, fertigen, installieren und validieren Reinr\u00e4ume f\u00fcr unsere Kunden. ProCleanroom hat seinen Sitz in den Niederlanden und arbeitet in \u00dcbereinstimmung mit den strengsten europ\u00e4ischen Vorschriften.<\/p>\n<p>Unser Unternehmen hat seine Wurzeln in der Hightech-Branche. Als echte Profis verstehen wir die Bed\u00fcrfnisse und Anforderungen bei der Abwicklung kritischer Prozesse besser als jeder andere. ProCleanroom ist Ihr Partner auf dem Gebiet der Kontaminationsherausforderungen. Wir helfen Ihnen, Ihr Fachwissen weiterzuentwickeln und aufrechtzuerhalten und sich in Ihrem Fachgebiet auszuzeichnen.<\/p>\n<p><strong>Leistung auf hohem Niveau<\/strong><br \/>\nGenau wie Sie haben wir den Drang, auf h\u00f6chstem Niveau zu agieren. Qualit\u00e4t ist selbstverst\u00e4ndlich. Die Produkte von ProCleanroom sind die besten auf dem Markt in Bezug auf Nachhaltigkeit und Effizienz. Wir sind ehrgeizig und arbeiten nicht nur nach den strengsten Vorschriften, sondern sind den zunehmend strengeren europ\u00e4ischen Energierichtlinien (ErP2016) einen Schritt voraus. Und darauf sind wir stolz. Au\u00dferdem garantieren wir von ProCleanroom die niedrigsten Verbrauchs- und Betriebskosten auf dem Markt.<\/p>\n<p><strong>Kernwerte<\/strong><\/p>\n<ul>\n<li>Garantierte Qualit\u00e4t<\/li>\n<li>Engagement und Verantwortung<\/li>\n<li>Professionell und zuverl\u00e4ssig<\/li>\n<li>Pers\u00f6nliche, langfristige Beziehungen<\/li>\n<\/ul>\n<p><strong>Erleben Sie ProCleanroom<\/strong><br \/>\nNeugierig auf die Produkte von ProCleanroom? Fragen Sie nach einer Vorf\u00fchrung unserer Reinr\u00e4ume der ISO-Klasse 7 und unserer Laminar-Flow-Werkb\u00e4nke der ISO-Klasse 3-5. Erleben Sie aus erster Hand, was ProCleanroom zu bieten hat.<\/p>\n<p><strong>ProCleanroom: Build your expertise.<\/strong><\/p>\n<p>Niels Ferguson &#8211; Gesch\u00e4ftsf\u00fchrer ProCleanroom<\/div> <\/div> <\/div><\/div><\/div><\/div><div class=\"g-cols wpb_row type_default vc_inner \"><div class=\"vc_col-sm-12 wpb_column vc_column_container\"><div class=\"vc_column-inner\"><div class=\"wpb_wrapper\">[vc_empty_space]<\/div><\/div><\/div><\/div><div class=\"g-cols wpb_row type_default vc_inner \"><div class=\"vc_col-sm-12 wpb_column vc_column_container\"><div class=\"vc_column-inner\"><div class=\"wpb_wrapper\"><div class=\"w-actionbox color_primary controls_right\"><div class=\"w-actionbox-text\"><h2>M\u00f6chten Sie mehr erfahren?<\/h2><\/div><div class=\"w-actionbox-controls\"><a class=\"w-btn color_white style_outlined icon_atleft\" href=\"https:\/\/procleanroom.com\/de\/contact\/\"><i class=\"fa fa-comments-o\"><\/i><span class=\"w-btn-label\">INFORMATIONSANFRAGE<\/span><\/a><\/div><\/div><\/div><\/div><\/div><\/div><\/div><\/div><\/div><\/div><\/div><\/section>\n","protected":false},"excerpt":{"rendered":"Willkommen bei ProCleanroom! Gerne m\u00f6chten wir uns Ihnen pers\u00f6nlich vorstellen. Wir sind ProCleanroom: der flexible Spezialist f\u00fcr Ihre modularen Reinr\u00e4ume und Laminar-Flow-Werkb\u00e4nke. Wir entwerfen, fertigen, installieren und validieren Reinr\u00e4ume f\u00fcr unsere Kunden. ProCleanroom hat seinen Sitz in den Niederlanden und...","protected":false},"author":5,"featured_media":0,"parent":0,"menu_order":80,"comment_status":"closed","ping_status":"closed","template":"","meta":{"footnotes":""},"class_list":["post-15606","page","type-page","status-publish","hentry"],"_links":{"self":[{"href":"https:\/\/procleanroom.com\/de\/wp-json\/wp\/v2\/pages\/15606","targetHints":{"allow":["GET"]}}],"collection":[{"href":"https:\/\/procleanroom.com\/de\/wp-json\/wp\/v2\/pages"}],"about":[{"href":"https:\/\/procleanroom.com\/de\/wp-json\/wp\/v2\/types\/page"}],"author":[{"embeddable":true,"href":"https:\/\/procleanroom.com\/de\/wp-json\/wp\/v2\/users\/5"}],"replies":[{"embeddable":true,"href":"https:\/\/procleanroom.com\/de\/wp-json\/wp\/v2\/comments?post=15606"}],"version-history":[{"count":7,"href":"https:\/\/procleanroom.com\/de\/wp-json\/wp\/v2\/pages\/15606\/revisions"}],"predecessor-version":[{"id":18789,"href":"https:\/\/procleanroom.com\/de\/wp-json\/wp\/v2\/pages\/15606\/revisions\/18789"}],"wp:attachment":[{"href":"https:\/\/procleanroom.com\/de\/wp-json\/wp\/v2\/media?parent=15606"}],"curies":[{"name":"wp","href":"https:\/\/api.w.org\/{rel}","templated":true}]}}