{"id":15601,"date":"2023-09-01T12:09:40","date_gmt":"2023-09-01T12:09:40","guid":{"rendered":"https:\/\/procleanroom.com\/?page_id=15601"},"modified":"2023-09-01T12:09:40","modified_gmt":"2023-09-01T12:09:40","slug":"reinraumgestaltung","status":"publish","type":"page","link":"https:\/\/procleanroom.com\/de\/reinraumgestaltung\/","title":{"rendered":"Reinraumgestaltung"},"content":{"rendered":"<section class=\"l-section wpb_row height_medium\"><div class=\"l-section-h i-cf\"><div class=\"g-cols type_default\"><div class=\"vc_col-sm-12 wpb_column vc_column_container\"><div class=\"vc_column-inner\"><div class=\"wpb_wrapper\"><div class=\"g-cols wpb_row type_default vc_inner \"><div class=\"vc_col-sm-12 wpb_column vc_column_container\"><div class=\"vc_column-inner\"><div class=\"wpb_wrapper\"><div class=\"w-image\"><div class=\"us-frame\"><img loading=\"lazy\" decoding=\"async\" width=\"798\" height=\"350\" src=\"https:\/\/procleanroom.com\/wp-content\/uploads\/2016\/12\/29.jpg\" class=\"attachment-full size-full\" alt=\"Tekenen van modulaire cleanroom in CAD software\" srcset=\"https:\/\/procleanroom.com\/wp-content\/uploads\/2016\/12\/29.jpg 798w, https:\/\/procleanroom.com\/wp-content\/uploads\/2016\/12\/29-300x132.jpg 300w, https:\/\/procleanroom.com\/wp-content\/uploads\/2016\/12\/29-600x263.jpg 600w, https:\/\/procleanroom.com\/wp-content\/uploads\/2016\/12\/29-150x66.jpg 150w\" sizes=\"auto, (max-width: 798px) 100vw, 798px\" \/><\/div><\/div><div class=\"wpb_text_column \"><div class=\"wpb_wrapper\"><p>Sind Sie auf der Suche nach einem Experten f\u00fcr die Gestaltung Ihres Reinraums oder Ihrer Laminar-Flow-Werkbank? Dann ist ProCleanroom Ihr Partner! Unsere qualifizierten Projektingenieure entwerfen ma\u00dfgeschneiderte Reinr\u00e4ume, ganz nach Ihren W\u00fcnschen. Dank jahrelanger Erfahrung in der Reinraumbranche, einer hauseigenen 3D-CAD-Abteilung und einer hochwertigen Produktpalette ist ProCleanroom der ideale Partner, um Sie bei der Weiterentwicklung Ihrer Kompetenzen zu unterst\u00fctzen.<\/p>\n<p><strong>ProCleanroom<\/strong><\/p>\n<ul>\n<li>F\u00fcr tempor\u00e4re oder permanente modulare Reinr\u00e4ume<\/li>\n<li>F\u00fcr hochwertige Laminar-Flow-Werkb\u00e4nke<\/li>\n<li>Kurze \u00dcbergangszeiten<\/li>\n<li>Geringste Betriebskosten<\/li>\n<li>Zertifiziert nach den h\u00f6chsten ISO-Standards<\/li>\n<li>Qualifizierte Projektingenieure<\/li>\n<li>Flexible Abmessungen<\/li>\n<li>Einfach zu erweitern oder zu verlegen<\/li>\n<li>Fester Ansprechpartner<\/li>\n<\/ul>\n<p><strong>Wie arbeitet ProCleanroom?<br \/>\n<\/strong><\/p>\n<p>Die Experten von ProCleanroom arbeiten mit Ihnen zusammen, um die bestm\u00f6gliche Reinraumumgebung zu schaffen. Durch gr\u00fcndliche Untersuchungen und Bewertungen der Bed\u00fcrfnisse, Anforderungen und der Situation vor Ort liefert ProCleanroom das beste Endergebnis. Jeder Reinraum wurde ma\u00dfgeschneidert und nach dem Lean-Prinzip gestaltet. Das Ziel ist es, durch Effizienz einen Reinraum mit den niedrigsten Betriebskosten zu schaffen.<\/p>\n<p>Nach der Voruntersuchung entwerfen die Ingenieure von ProCleanroom einen Reinraum gem\u00e4\u00df den vereinbarten Spezifikationen und der ISO-Klasse. Nach der Genehmigung der technischen Zeichnungen kann die Fertigung beginnen. Nach der Lieferung und Installation bietet ProCleanroom eine Validierung vor Ort gem\u00e4\u00df den internationalen Reinraumnormen. Selbstverst\u00e4ndlich erhalten Sie einen offiziellen Bericht, und ProCleanroom bleibt Ihre Anlaufstelle f\u00fcr Fragen und Anliegen.<\/p>\n<p><strong>ProCleanroom: Build your expertise.<\/strong><\/p><\/div> <\/div> <\/div><\/div><\/div><\/div><div class=\"g-cols wpb_row type_default vc_inner \"><div class=\"vc_col-sm-12 wpb_column vc_column_container\"><div class=\"vc_column-inner\"><div class=\"wpb_wrapper\">[vc_empty_space height=&#8220;45px&#8220;]<div class=\"w-actionbox color_primary controls_right\"><div class=\"w-actionbox-text\"><h2>M\u00f6chten Sie mehr erfahren?<\/h2><\/div><div class=\"w-actionbox-controls\"><a class=\"w-btn color_white style_outlined icon_atleft\" href=\"https:\/\/procleanroom.com\/de\/kontakt\/\" title=\"Kontakt\"><i class=\"fa fa-comments-o\"><\/i><span class=\"w-btn-label\">INFORMATIONSANFRAGE<\/span><\/a><\/div><\/div><\/div><\/div><\/div><\/div><\/div><\/div><\/div><\/div><\/div><\/section>\n","protected":false},"excerpt":{"rendered":"Sind Sie auf der Suche nach einem Experten f\u00fcr die Gestaltung Ihres Reinraums oder Ihrer Laminar-Flow-Werkbank? Dann ist ProCleanroom Ihr Partner! Unsere qualifizierten Projektingenieure entwerfen ma\u00dfgeschneiderte Reinr\u00e4ume, ganz nach Ihren W\u00fcnschen. Dank jahrelanger Erfahrung in der Reinraumbranche, einer hauseigenen 3D-CAD-Abteilung...","protected":false},"author":5,"featured_media":0,"parent":0,"menu_order":10,"comment_status":"closed","ping_status":"closed","template":"","meta":{"footnotes":""},"class_list":["post-15601","page","type-page","status-publish","hentry"],"_links":{"self":[{"href":"https:\/\/procleanroom.com\/de\/wp-json\/wp\/v2\/pages\/15601","targetHints":{"allow":["GET"]}}],"collection":[{"href":"https:\/\/procleanroom.com\/de\/wp-json\/wp\/v2\/pages"}],"about":[{"href":"https:\/\/procleanroom.com\/de\/wp-json\/wp\/v2\/types\/page"}],"author":[{"embeddable":true,"href":"https:\/\/procleanroom.com\/de\/wp-json\/wp\/v2\/users\/5"}],"replies":[{"embeddable":true,"href":"https:\/\/procleanroom.com\/de\/wp-json\/wp\/v2\/comments?post=15601"}],"version-history":[{"count":4,"href":"https:\/\/procleanroom.com\/de\/wp-json\/wp\/v2\/pages\/15601\/revisions"}],"predecessor-version":[{"id":15671,"href":"https:\/\/procleanroom.com\/de\/wp-json\/wp\/v2\/pages\/15601\/revisions\/15671"}],"wp:attachment":[{"href":"https:\/\/procleanroom.com\/de\/wp-json\/wp\/v2\/media?parent=15601"}],"curies":[{"name":"wp","href":"https:\/\/api.w.org\/{rel}","templated":true}]}}