{"id":15596,"date":"2023-09-01T12:33:28","date_gmt":"2023-09-01T12:33:28","guid":{"rendered":"https:\/\/procleanroom.com\/?page_id=15596"},"modified":"2023-09-01T12:33:28","modified_gmt":"2023-09-01T12:33:28","slug":"reinraumfertigung","status":"publish","type":"page","link":"https:\/\/procleanroom.com\/de\/reinraumfertigung\/","title":{"rendered":"Reinraumfertigung"},"content":{"rendered":"<section class=\"l-section wpb_row height_medium\"><div class=\"l-section-h i-cf\"><div class=\"g-cols type_default\"><div class=\"vc_col-sm-12 wpb_column vc_column_container\"><div class=\"vc_column-inner\"><div class=\"wpb_wrapper\"><div class=\"g-cols wpb_row type_default vc_inner \"><div class=\"vc_col-sm-12 wpb_column vc_column_container\"><div class=\"vc_column-inner\"><div class=\"wpb_wrapper\"><div class=\"w-image\"><div class=\"us-frame\"><img loading=\"lazy\" decoding=\"async\" width=\"798\" height=\"350\" src=\"https:\/\/procleanroom.com\/wp-content\/uploads\/2016\/12\/30.jpg\" class=\"attachment-full size-full\" alt=\"Ontwerpen van cleanroom met 3D software\" srcset=\"https:\/\/procleanroom.com\/wp-content\/uploads\/2016\/12\/30.jpg 798w, https:\/\/procleanroom.com\/wp-content\/uploads\/2016\/12\/30-300x132.jpg 300w, https:\/\/procleanroom.com\/wp-content\/uploads\/2016\/12\/30-600x263.jpg 600w, https:\/\/procleanroom.com\/wp-content\/uploads\/2016\/12\/30-150x66.jpg 150w\" sizes=\"auto, (max-width: 798px) 100vw, 798px\" \/><\/div><\/div><div class=\"wpb_text_column \"><div class=\"wpb_wrapper\"><p>Sind Sie auf der Suche nach einem Experten f\u00fcr die Fertigung Ihres Reinraums oder Ihrer Laminar-Flow-Werkbank, dann ist ProCleanroom der richtige Partner f\u00fcr Sie. ProCleanroom fertigt und testet jeden Reinraum und jede Laminar-Flow-Werkbank vor Ort. Durch die optimale Vorbereitung in unserer Werkstatt ist die Installationszeit vor Ort kurz. Durch die minimale Unterbrechung von Forschung und Produktion bietet ProCleanroom eine Zeit- und Kostenersparnis. Die Laminar-Flow-Werkb\u00e4nke sind sogar komplett montiert und getestet und somit Plug-and-Play.<\/p>\n<p><strong>ProCleanroom<\/strong><\/p>\n<ul>\n<li>F\u00fcr tempor\u00e4re oder permanente modulare Reinr\u00e4ume<\/li>\n<li>F\u00fcr hochwertige Laminar-Flow-Werkb\u00e4nke<\/li>\n<li>Kurze \u00dcbergangszeiten<\/li>\n<li>Geringste Betriebskosten<\/li>\n<li>Zertifiziert nach den h\u00f6chsten ISO-Standards<\/li>\n<li>Qualifizierte Projektingenieure<\/li>\n<li>Flexible Abmessungen<\/li>\n<li>Einfach zu erweitern oder zu verlegen<\/li>\n<li>Fester Ansprechpartner<\/li>\n<\/ul>\n<p><strong>\u00a0Vorf\u00fchrraum<br \/>\n<\/strong>Neben der eigenen Werkstatt und dem Lager empf\u00e4ngt ProCleanroom seine Kunden auch in seinem neuen Vorf\u00fchrraum in Valkenswaard. Dort k\u00f6nnen Sie die Reinraumtechnik der neuesten Generation aus n\u00e4chster N\u00e4he erleben. Besuchen Sie uns und \u00fcberzeugen Sie sich von den Vorteilen der Reinr\u00e4ume und Laminar-Flow-Werkb\u00e4nke von ProCleanroom.<\/p>\n<p><strong>ProCleanroom: Build your expertise.<\/strong><\/p><\/div> <\/div> <\/div><\/div><\/div><\/div><div class=\"g-cols wpb_row type_default vc_inner \"><div class=\"vc_col-sm-12 wpb_column vc_column_container\"><div class=\"vc_column-inner\"><div class=\"wpb_wrapper\">[vc_empty_space]<div class=\"w-actionbox color_primary controls_right\"><div class=\"w-actionbox-text\"><h2>M\u00f6chten Sie mehr erfahren?<\/h2><\/div><div class=\"w-actionbox-controls\"><a class=\"w-btn color_white style_outlined icon_atleft\" href=\"https:\/\/procleanroom.com\/de\/kontakt\/\" title=\"Kontakt\"><i class=\"fa fa-comments-o\"><\/i><span class=\"w-btn-label\">INFORMATIONSANFRAGE<\/span><\/a><\/div><\/div><\/div><\/div><\/div><\/div><\/div><\/div><\/div><\/div><\/div><\/section>\n","protected":false},"excerpt":{"rendered":"Sind Sie auf der Suche nach einem Experten f\u00fcr die Fertigung Ihres Reinraums oder Ihrer Laminar-Flow-Werkbank, dann ist ProCleanroom der richtige Partner f\u00fcr Sie. ProCleanroom fertigt und testet jeden Reinraum und jede Laminar-Flow-Werkbank vor Ort. Durch die optimale Vorbereitung in...","protected":false},"author":5,"featured_media":0,"parent":0,"menu_order":20,"comment_status":"closed","ping_status":"closed","template":"","meta":{"footnotes":""},"class_list":["post-15596","page","type-page","status-publish","hentry"],"_links":{"self":[{"href":"https:\/\/procleanroom.com\/de\/wp-json\/wp\/v2\/pages\/15596","targetHints":{"allow":["GET"]}}],"collection":[{"href":"https:\/\/procleanroom.com\/de\/wp-json\/wp\/v2\/pages"}],"about":[{"href":"https:\/\/procleanroom.com\/de\/wp-json\/wp\/v2\/types\/page"}],"author":[{"embeddable":true,"href":"https:\/\/procleanroom.com\/de\/wp-json\/wp\/v2\/users\/5"}],"replies":[{"embeddable":true,"href":"https:\/\/procleanroom.com\/de\/wp-json\/wp\/v2\/comments?post=15596"}],"version-history":[{"count":5,"href":"https:\/\/procleanroom.com\/de\/wp-json\/wp\/v2\/pages\/15596\/revisions"}],"predecessor-version":[{"id":15672,"href":"https:\/\/procleanroom.com\/de\/wp-json\/wp\/v2\/pages\/15596\/revisions\/15672"}],"wp:attachment":[{"href":"https:\/\/procleanroom.com\/de\/wp-json\/wp\/v2\/media?parent=15596"}],"curies":[{"name":"wp","href":"https:\/\/api.w.org\/{rel}","templated":true}]}}