{"id":15592,"date":"2023-09-01T12:34:41","date_gmt":"2023-09-01T12:34:41","guid":{"rendered":"https:\/\/procleanroom.com\/?page_id=15592"},"modified":"2023-09-01T12:34:41","modified_gmt":"2023-09-01T12:34:41","slug":"reinrauminstallation","status":"publish","type":"page","link":"https:\/\/procleanroom.com\/de\/reinrauminstallation\/","title":{"rendered":"Reinrauminstallation"},"content":{"rendered":"<section class=\"l-section wpb_row height_medium\"><div class=\"l-section-h i-cf\"><div class=\"g-cols type_default\"><div class=\"vc_col-sm-12 wpb_column vc_column_container\"><div class=\"vc_column-inner\"><div class=\"wpb_wrapper\"><div class=\"g-cols wpb_row type_default vc_inner \"><div class=\"vc_col-sm-12 wpb_column vc_column_container\"><div class=\"vc_column-inner\"><div class=\"wpb_wrapper\"><div class=\"w-image\"><div class=\"us-frame\"><img loading=\"lazy\" decoding=\"async\" width=\"798\" height=\"300\" src=\"https:\/\/procleanroom.com\/wp-content\/uploads\/2016\/12\/31.jpg\" class=\"attachment-full size-full\" alt=\"Cleanroom in opbouw tijdens installatiewerkzaamheden\" srcset=\"https:\/\/procleanroom.com\/wp-content\/uploads\/2016\/12\/31.jpg 798w, https:\/\/procleanroom.com\/wp-content\/uploads\/2016\/12\/31-300x113.jpg 300w, https:\/\/procleanroom.com\/wp-content\/uploads\/2016\/12\/31-600x226.jpg 600w, https:\/\/procleanroom.com\/wp-content\/uploads\/2016\/12\/31-150x56.jpg 150w\" sizes=\"auto, (max-width: 798px) 100vw, 798px\" \/><\/div><\/div><div class=\"wpb_text_column \"><div class=\"wpb_wrapper\"><p>Sind Sie auf der Suche nach einem Experten f\u00fcr die Installation Ihres Reinraums oder Ihrer Laminar-Flow-Werkbank, dann ist ProCleanroom der richtige Partner f\u00fcr Sie. In der Praxis dauert die Entwicklung und Herstellung von Reinr\u00e4umen nur wenige Wochen. Sobald der Reinraum f\u00fcr die Installation bereit ist, erhalten Sie einen Anruf, um die Lieferung und Installation zu planen.<\/p>\n<p>ProCleanroom bem\u00fcht sich um eine effiziente Installation und Lieferung vor Ort. Aufgrund des straffen Zeitplans ist die Beeintr\u00e4chtigung von Forschung und Produktion minimal. Dar\u00fcber hinaus pr\u00fcfen die Ingenieure von ProCleanroom gemeinsam mit Ihnen die M\u00f6glichkeiten, so viele Prozesse wie m\u00f6glich w\u00e4hrend der Installation fortzusetzen.<\/p>\n<p><strong>ProCleanroom<\/strong><\/p>\n<ul>\n<li>F\u00fcr tempor\u00e4re oder permanente modulare Reinr\u00e4ume<\/li>\n<li>F\u00fcr hochwertige Laminar-Flow-Werkb\u00e4nke<\/li>\n<li>Kurze \u00dcbergangszeiten<\/li>\n<li>Geringste Betriebskosten<\/li>\n<li>Zertifiziert nach den h\u00f6chsten ISO-Standards<\/li>\n<li>Qualifizierte Projektingenieure<\/li>\n<li>Flexible Abmessungen<\/li>\n<li>Einfach zu erweitern oder zu verlegen<\/li>\n<li>Fester Ansprechpartner<\/li>\n<\/ul>\n<p><strong>Kontrolle und Flexibilit\u00e4t<br \/>\n<\/strong>Nach der Installation werden Reinraum und Laminar-Flow-Werkbank anhand eines \u00dcbergabeprotokolls \u00fcberpr\u00fcft. Diese Pr\u00fcfung stellt sicher, dass die gelieferten Produkte den Spezifikationen entsprechen. Wenn in Zukunft der Bedarf besteht, den Reinraum zu erweitern oder zu modifizieren, dann bietet das ProCleanroom-Konzept eine Vielzahl von M\u00f6glichkeiten. Die Abmessungen und das Layout des Reinraums lassen sich leicht anpassen. Dies erm\u00f6glicht Flexibilit\u00e4t bei der Qualit\u00e4tssicherung.<\/p>\n<p><strong>ProCleanroom: Build your expertise.<\/strong><\/p><\/div> <\/div> <\/div><\/div><\/div><\/div><div class=\"g-cols wpb_row type_default vc_inner \"><div class=\"vc_col-sm-12 wpb_column vc_column_container\"><div class=\"vc_column-inner\"><div class=\"wpb_wrapper\">[vc_empty_space height=&#8220;45px&#8220;]<\/div><\/div><\/div><\/div><div class=\"g-cols wpb_row type_default vc_inner \"><div class=\"vc_col-sm-12 wpb_column vc_column_container\"><div class=\"vc_column-inner\"><div class=\"wpb_wrapper\"><div class=\"w-actionbox color_primary controls_right\"><div class=\"w-actionbox-text\"><h2>M\u00f6chten Sie mehr erfahren?<\/h2><\/div><div class=\"w-actionbox-controls\"><a class=\"w-btn color_white style_outlined icon_none\" href=\"https:\/\/procleanroom.com\/de\/kontakt\/\" title=\"Kontakt\"><span class=\"w-btn-label\">INFORMATIONSANFRAGE<\/span><\/a><\/div><\/div><\/div><\/div><\/div><\/div><\/div><\/div><\/div><\/div><\/div><\/section>\n","protected":false},"excerpt":{"rendered":"Sind Sie auf der Suche nach einem Experten f\u00fcr die Installation Ihres Reinraums oder Ihrer Laminar-Flow-Werkbank, dann ist ProCleanroom der richtige Partner f\u00fcr Sie. In der Praxis dauert die Entwicklung und Herstellung von Reinr\u00e4umen nur wenige Wochen. Sobald der Reinraum...","protected":false},"author":5,"featured_media":0,"parent":0,"menu_order":30,"comment_status":"closed","ping_status":"closed","template":"","meta":{"footnotes":""},"class_list":["post-15592","page","type-page","status-publish","hentry"],"_links":{"self":[{"href":"https:\/\/procleanroom.com\/de\/wp-json\/wp\/v2\/pages\/15592","targetHints":{"allow":["GET"]}}],"collection":[{"href":"https:\/\/procleanroom.com\/de\/wp-json\/wp\/v2\/pages"}],"about":[{"href":"https:\/\/procleanroom.com\/de\/wp-json\/wp\/v2\/types\/page"}],"author":[{"embeddable":true,"href":"https:\/\/procleanroom.com\/de\/wp-json\/wp\/v2\/users\/5"}],"replies":[{"embeddable":true,"href":"https:\/\/procleanroom.com\/de\/wp-json\/wp\/v2\/comments?post=15592"}],"version-history":[{"count":4,"href":"https:\/\/procleanroom.com\/de\/wp-json\/wp\/v2\/pages\/15592\/revisions"}],"predecessor-version":[{"id":15673,"href":"https:\/\/procleanroom.com\/de\/wp-json\/wp\/v2\/pages\/15592\/revisions\/15673"}],"wp:attachment":[{"href":"https:\/\/procleanroom.com\/de\/wp-json\/wp\/v2\/media?parent=15592"}],"curies":[{"name":"wp","href":"https:\/\/api.w.org\/{rel}","templated":true}]}}