{"id":15587,"date":"2023-09-01T12:40:17","date_gmt":"2023-09-01T12:40:17","guid":{"rendered":"https:\/\/procleanroom.com\/?page_id=15587"},"modified":"2023-09-01T12:40:17","modified_gmt":"2023-09-01T12:40:17","slug":"reinraumvalidierung","status":"publish","type":"page","link":"https:\/\/procleanroom.com\/de\/reinraumvalidierung\/","title":{"rendered":"Reinraumvalidierung"},"content":{"rendered":"<section class=\"l-section wpb_row height_medium\"><div class=\"l-section-h i-cf\"><div class=\"g-cols type_default\"><div class=\"vc_col-sm-12 wpb_column vc_column_container\"><div class=\"vc_column-inner\"><div class=\"wpb_wrapper\"><div class=\"g-cols wpb_row type_default vc_inner \"><div class=\"vc_col-sm-12 wpb_column vc_column_container\"><div class=\"vc_column-inner\"><div class=\"wpb_wrapper\"><div class=\"w-image\"><div class=\"us-frame\"><img loading=\"lazy\" decoding=\"async\" width=\"798\" height=\"350\" src=\"https:\/\/procleanroom.com\/wp-content\/uploads\/2016\/12\/32.jpg\" class=\"attachment-full size-full\" alt=\"Cleanroom operator bedient deeltjesteller tijdens validatie\" srcset=\"https:\/\/procleanroom.com\/wp-content\/uploads\/2016\/12\/32.jpg 798w, https:\/\/procleanroom.com\/wp-content\/uploads\/2016\/12\/32-300x132.jpg 300w, https:\/\/procleanroom.com\/wp-content\/uploads\/2016\/12\/32-600x263.jpg 600w, https:\/\/procleanroom.com\/wp-content\/uploads\/2016\/12\/32-150x66.jpg 150w\" sizes=\"auto, (max-width: 798px) 100vw, 798px\" \/><\/div><\/div><div class=\"wpb_text_column \"><div class=\"wpb_wrapper\"><p>Sind Sie auf der Suche nach einem Experten f\u00fcr die Validierung Ihres Reinraums oder Ihrer Laminar-Flow-Werkbank, dann ist ProCleanroom der richtige Partner f\u00fcr Sie. ProCleanroom f\u00fchrt Validierungen gem\u00e4\u00df der internationalen Norm (ISO14644-1:2015) durch. Die Validierung erfolgt nach einem vorgegebenen Validierungsprotokoll. Nach Fertigstellung eines neuen Reinraums durch ProCleanroom erhalten Sie ein vorl\u00e4ufiges Qualit\u00e4tspapier. Der umfassende, endg\u00fcltige Validierungsbericht wird Ihnen innerhalb von 1-2 Wochen zur Verf\u00fcgung gestellt.<\/p>\n<p>ProCleanroom bietet auch regelm\u00e4\u00dfige Validierungen f\u00fcr seine Kunden an. Auf diese Weise wird Qualit\u00e4t gew\u00e4hrleistet. Neben seinen eigenen Reinr\u00e4umen validiert ProCleanroom auch fest installierte Reinr\u00e4ume anderer Anbieter.<\/p>\n<p><strong>Validierung<\/strong><\/p>\n<ul>\n<li>Partikelz\u00e4hlung (Konzentration von Partikeln in der Luft) &#8211; Standard<\/li>\n<li>Messung der Luftgeschwindigkeit<\/li>\n<li>Messung der Lichtintensit\u00e4t (Lux)<\/li>\n<li>Luftwechsel (Zirkulationsrate)<\/li>\n<li>Druckdifferenztest<\/li>\n<li>Aerosol-Rauch-Visualisierungstest<\/li>\n<li>Messung von L\u00e4rm &#8211; Schalldruckpegel (dB (A))<\/li>\n<li>Messungen von Temperatur und Luftfeuchtigkeit<\/li>\n<li>HEPA- oder ULPA-Filterintegrit\u00e4tstest\/Effizienztest (Aerosol-Challenge\/DOP-Test)<\/li>\n<\/ul>\n<p><strong>Validierungsintervall<\/strong><br \/>\nGem\u00e4\u00df ISO14644-1:2015 m\u00fcssen Reinraum und Laminar-Flow-Werkbank in \u00dcbereinstimmung mit einem auf den jeweiligen Prozess zugeschnittenen Wartungs- und Validierungsprogramm validiert werden. In der Praxis f\u00fchrt dies in der Regel zu einem Validierungsintervall von 12 Monaten f\u00fcr Reinr\u00e4ume der ISO-Klasse 6 oder h\u00f6her. F\u00fcr Reinr\u00e4ume oder Laminar-Flow-Werkb\u00e4nke der ISO-Klasse 5 oder niedriger betr\u00e4gt das Validierungsintervall normalerweise 6 Monate. M\u00f6chten Sie sicherstellen, dass Ihre Reinr\u00e4ume oder Laminar-Flow-Werkb\u00e4nke auch weiterhin den Spezifikationen entsprechen? Dann vereinbaren Sie einen Termin mit einem qualifizierten CTCB-I-Ingenieur von ProCleanroom.<\/p>\n<p><strong>ProCleanroom: Build your expertise.<\/strong><\/p><\/div> <\/div> <\/div><\/div><\/div><\/div><div class=\"g-cols wpb_row type_default vc_inner \"><div class=\"vc_col-sm-12 wpb_column vc_column_container\"><div class=\"vc_column-inner\"><div class=\"wpb_wrapper\">[vc_empty_space]<\/div><\/div><\/div><\/div><div class=\"g-cols wpb_row type_default vc_inner \"><div class=\"vc_col-sm-12 wpb_column vc_column_container\"><div class=\"vc_column-inner\"><div class=\"wpb_wrapper\"><div class=\"w-actionbox color_primary controls_right\"><div class=\"w-actionbox-text\"><h2>M\u00f6chten Sie mehr erfahren?<\/h2><\/div><div class=\"w-actionbox-controls\"><a class=\"w-btn color_white style_outlined icon_none\" href=\"https:\/\/procleanroom.com\/de\/kontakt\/\" title=\"Contact\"><span class=\"w-btn-label\">INFORMATIONSANFRAGE<\/span><\/a><\/div><\/div><\/div><\/div><\/div><\/div><\/div><\/div><\/div><\/div><\/div><\/section>\n","protected":false},"excerpt":{"rendered":"Sind Sie auf der Suche nach einem Experten f\u00fcr die Validierung Ihres Reinraums oder Ihrer Laminar-Flow-Werkbank, dann ist ProCleanroom der richtige Partner f\u00fcr Sie. ProCleanroom f\u00fchrt Validierungen gem\u00e4\u00df der internationalen Norm (ISO14644-1:2015) durch. Die Validierung erfolgt nach einem vorgegebenen Validierungsprotokoll....","protected":false},"author":5,"featured_media":0,"parent":0,"menu_order":40,"comment_status":"closed","ping_status":"closed","template":"","meta":{"footnotes":""},"class_list":["post-15587","page","type-page","status-publish","hentry"],"_links":{"self":[{"href":"https:\/\/procleanroom.com\/de\/wp-json\/wp\/v2\/pages\/15587","targetHints":{"allow":["GET"]}}],"collection":[{"href":"https:\/\/procleanroom.com\/de\/wp-json\/wp\/v2\/pages"}],"about":[{"href":"https:\/\/procleanroom.com\/de\/wp-json\/wp\/v2\/types\/page"}],"author":[{"embeddable":true,"href":"https:\/\/procleanroom.com\/de\/wp-json\/wp\/v2\/users\/5"}],"replies":[{"embeddable":true,"href":"https:\/\/procleanroom.com\/de\/wp-json\/wp\/v2\/comments?post=15587"}],"version-history":[{"count":5,"href":"https:\/\/procleanroom.com\/de\/wp-json\/wp\/v2\/pages\/15587\/revisions"}],"predecessor-version":[{"id":15674,"href":"https:\/\/procleanroom.com\/de\/wp-json\/wp\/v2\/pages\/15587\/revisions\/15674"}],"wp:attachment":[{"href":"https:\/\/procleanroom.com\/de\/wp-json\/wp\/v2\/media?parent=15587"}],"curies":[{"name":"wp","href":"https:\/\/api.w.org\/{rel}","templated":true}]}}