{"id":15582,"date":"2023-09-01T12:06:32","date_gmt":"2023-09-01T12:06:32","guid":{"rendered":"https:\/\/procleanroom.com\/?page_id=15582"},"modified":"2023-09-01T12:06:32","modified_gmt":"2023-09-01T12:06:32","slug":"mission-vision","status":"publish","type":"page","link":"https:\/\/procleanroom.com\/de\/mission-vision\/","title":{"rendered":"Mission &#038; Vision"},"content":{"rendered":"<section class=\"l-section wpb_row height_medium\"><div class=\"l-section-h i-cf\"><div class=\"g-cols type_default\"><div class=\"vc_col-sm-12 wpb_column vc_column_container\"><div class=\"vc_column-inner\"><div class=\"wpb_wrapper\"><div class=\"w-image\"><div class=\"us-frame\"><img loading=\"lazy\" decoding=\"async\" width=\"798\" height=\"350\" src=\"https:\/\/procleanroom.com\/wp-content\/uploads\/2016\/12\/34.jpg\" class=\"attachment-full size-full\" alt=\"ProCleanroom team in vergadering met klanten\" srcset=\"https:\/\/procleanroom.com\/wp-content\/uploads\/2016\/12\/34.jpg 798w, https:\/\/procleanroom.com\/wp-content\/uploads\/2016\/12\/34-300x132.jpg 300w, https:\/\/procleanroom.com\/wp-content\/uploads\/2016\/12\/34-600x263.jpg 600w, https:\/\/procleanroom.com\/wp-content\/uploads\/2016\/12\/34-150x66.jpg 150w\" sizes=\"auto, (max-width: 798px) 100vw, 798px\" \/><\/div><\/div><div class=\"wpb_text_column \"><div class=\"wpb_wrapper\"><p>ProCleanroom ist bestrebt, ein zuverl\u00e4ssiger und f\u00fchrender Anbieter von hochwertigen Reinrauml\u00f6sungen, Produkten und damit verbundenen Dienstleistungen in den Benelux-L\u00e4ndern und Europa zu sein. Damit erm\u00f6glicht ProCleanroom jedem Unternehmen und jeder Forschungseinrichtung, den Einsatz bahnbrechender Technologien zu beschleunigen. Der Kunde und seine Bed\u00fcrfnisse stehen bei uns an erster Stelle, sodass wir unseren Kunden die am besten geeignete L\u00f6sung anbieten k\u00f6nnen, die zudem die niedrigsten Betriebskosten hat. ProCleanroom strebt nach langfristigen Beziehungen (Partnerschaften) mit unseren Kunden, Lieferanten und allen Mitarbeiterinnen und Mitarbeitern. Wir wollen ein \u00fcberdurchschnittlich guter Arbeitgeber sein, bei dem unsere Mitarbeiterinnen und Mitarbeiter in einem angenehmen Arbeitsumfeld arbeiten k\u00f6nnen und gefordert werden.<\/p>\n<p><strong>ProCleanroom: Build your expertise.<\/strong><\/p><\/div> <\/div> <\/div><\/div><\/div><\/div><\/div><\/section>\n","protected":false},"excerpt":{"rendered":"ProCleanroom ist bestrebt, ein zuverl\u00e4ssiger und f\u00fchrender Anbieter von hochwertigen Reinrauml\u00f6sungen, Produkten und damit verbundenen Dienstleistungen in den Benelux-L\u00e4ndern und Europa zu sein. Damit erm\u00f6glicht ProCleanroom jedem Unternehmen und jeder Forschungseinrichtung, den Einsatz bahnbrechender Technologien zu beschleunigen. Der Kunde und...","protected":false},"author":5,"featured_media":0,"parent":0,"menu_order":1,"comment_status":"closed","ping_status":"closed","template":"","meta":{"footnotes":""},"class_list":["post-15582","page","type-page","status-publish","hentry"],"_links":{"self":[{"href":"https:\/\/procleanroom.com\/de\/wp-json\/wp\/v2\/pages\/15582","targetHints":{"allow":["GET"]}}],"collection":[{"href":"https:\/\/procleanroom.com\/de\/wp-json\/wp\/v2\/pages"}],"about":[{"href":"https:\/\/procleanroom.com\/de\/wp-json\/wp\/v2\/types\/page"}],"author":[{"embeddable":true,"href":"https:\/\/procleanroom.com\/de\/wp-json\/wp\/v2\/users\/5"}],"replies":[{"embeddable":true,"href":"https:\/\/procleanroom.com\/de\/wp-json\/wp\/v2\/comments?post=15582"}],"version-history":[{"count":3,"href":"https:\/\/procleanroom.com\/de\/wp-json\/wp\/v2\/pages\/15582\/revisions"}],"predecessor-version":[{"id":15585,"href":"https:\/\/procleanroom.com\/de\/wp-json\/wp\/v2\/pages\/15582\/revisions\/15585"}],"wp:attachment":[{"href":"https:\/\/procleanroom.com\/de\/wp-json\/wp\/v2\/media?parent=15582"}],"curies":[{"name":"wp","href":"https:\/\/api.w.org\/{rel}","templated":true}]}}