{"id":15576,"date":"2023-09-01T12:05:12","date_gmt":"2023-09-01T12:05:12","guid":{"rendered":"https:\/\/procleanroom.com\/?page_id=15576"},"modified":"2025-10-13T06:56:29","modified_gmt":"2025-10-13T06:56:29","slug":"geschichte","status":"publish","type":"page","link":"https:\/\/procleanroom.com\/de\/geschichte\/","title":{"rendered":"Geschichte"},"content":{"rendered":"<section class=\"l-section wpb_row height_small\"><div class=\"l-section-h i-cf\"><div class=\"g-cols type_default\"><div class=\"vc_col-sm-12 wpb_column vc_column_container\"><div class=\"vc_column-inner\"><div class=\"wpb_wrapper\"><div class=\"w-image align_center\"><div class=\"us-frame\"><img loading=\"lazy\" decoding=\"async\" width=\"1563\" height=\"541\" src=\"https:\/\/procleanroom.com\/wp-content\/uploads\/2025\/10\/ProCleanroom-contactpagina-header.jpg\" class=\"attachment-full size-full\" alt=\"\" srcset=\"https:\/\/procleanroom.com\/wp-content\/uploads\/2025\/10\/ProCleanroom-contactpagina-header.jpg 1563w, https:\/\/procleanroom.com\/wp-content\/uploads\/2025\/10\/ProCleanroom-contactpagina-header-300x104.jpg 300w, https:\/\/procleanroom.com\/wp-content\/uploads\/2025\/10\/ProCleanroom-contactpagina-header-1024x354.jpg 1024w, https:\/\/procleanroom.com\/wp-content\/uploads\/2025\/10\/ProCleanroom-contactpagina-header-768x266.jpg 768w, https:\/\/procleanroom.com\/wp-content\/uploads\/2025\/10\/ProCleanroom-contactpagina-header-1536x532.jpg 1536w, https:\/\/procleanroom.com\/wp-content\/uploads\/2025\/10\/ProCleanroom-contactpagina-header-600x208.jpg 600w, https:\/\/procleanroom.com\/wp-content\/uploads\/2025\/10\/ProCleanroom-contactpagina-header-798x276.jpg 798w\" sizes=\"auto, (max-width: 1563px) 100vw, 1563px\" \/><\/div><\/div><\/div><\/div><\/div><\/div><\/div><\/section><section class=\"l-section wpb_row height_auto\"><div class=\"l-section-h i-cf\"><div class=\"g-cols type_default\"><div class=\"vc_col-sm-12 wpb_column vc_column_container\"><div class=\"vc_column-inner\"><div class=\"wpb_wrapper\"><div class=\"wpb_text_column \"><div class=\"wpb_wrapper\">\n<h2 style=\"text-align: center;\">Geschichte<\/h2>\n<\/div> <\/div> <\/div><\/div><\/div><\/div><\/div><\/section><section class=\"l-section wpb_row height_auto\"><div class=\"l-section-h i-cf\"><div class=\"g-cols type_default\"><div class=\"vc_col-sm-12 wpb_column vc_column_container\"><div class=\"vc_column-inner\"><div class=\"wpb_wrapper\">[vc_empty_space]<\/div><\/div><\/div><\/div><\/div><\/section><section class=\"l-section wpb_row height_auto\"><div class=\"l-section-h i-cf\"><div class=\"g-cols type_default\"><div class=\"vc_col-sm-12 wpb_column vc_column_container\"><div class=\"vc_column-inner\"><div class=\"wpb_wrapper\"><div class=\"w-tabs layout_trendy icon_chevron iconpos_right \"><div class=\"w-tabs-list items_8\"><div class=\"w-tabs-list-h\"><div class=\"w-tabs-item active\"><div class=\"w-tabs-item-h\"><span class=\"w-tabs-item-title\">1997<\/span><\/div><\/div>\n<div class=\"w-tabs-item\"><div class=\"w-tabs-item-h\"><span class=\"w-tabs-item-title\">2005<\/span><\/div><\/div>\n<div class=\"w-tabs-item\"><div class=\"w-tabs-item-h\"><span class=\"w-tabs-item-title\">2009<\/span><\/div><\/div>\n<div class=\"w-tabs-item\"><div class=\"w-tabs-item-h\"><span class=\"w-tabs-item-title\">2016<\/span><\/div><\/div>\n<div class=\"w-tabs-item\"><a href=\"#1694768222372-2e3f0b47-1aaa\" class=\"w-tabs-item-h\"><span class=\"w-tabs-item-title\">2019<\/span><\/a><\/div>\n<div class=\"w-tabs-item\"><a href=\"#1694768316990-a438406b-7732\" class=\"w-tabs-item-h\"><span class=\"w-tabs-item-title\">2020<\/span><\/a><\/div>\n<div class=\"w-tabs-item\"><a href=\"#1694768378656-c97c2711-f0c8\" class=\"w-tabs-item-h\"><span class=\"w-tabs-item-title\">2022<\/span><\/a><\/div>\n<div class=\"w-tabs-item\"><a href=\"#1694768489753-b4c4a842-48d6\" class=\"w-tabs-item-h\"><span class=\"w-tabs-item-title\">2023<\/span><\/a><\/div>\n<\/div><\/div><div class=\"w-tabs-sections\"><div class=\"w-tabs-sections-h\"><div class=\"w-tabs-section active\"><div class=\"w-tabs-section-header\"><div class=\"w-tabs-section-header-h\"><h5 class=\"w-tabs-section-title\">1997<\/h5><div class=\"w-tabs-section-control\"><\/div><\/div><\/div><div class=\"w-tabs-section-content\"><div class=\"w-tabs-section-content-h i-cf\"><div class=\"wpb_text_column \"><div class=\"wpb_wrapper\"><p>Frank Ferguson, ehemaliger Leiter der damals sehr gro\u00dfen Abteilung f\u00fcr Vakuumtechnik der Philips Forschungslabors (NATLAB), gr\u00fcndet das Ingenieurb\u00fcro Fergutec B.V. In diesen ersten Jahren konzentriert sich Fergutec B.V. auf die Beratung von Forschungsinstituten und Hightech-Unternehmen bei gesch\u00e4ftskritischen Vakuumprozessen. Es konzentrierte sich auch auf die Lieferung von wichtigen Hochvakuumkomponenten und -systemen an diese Institutionen und Unternehmen.<\/p><\/div> <\/div> <\/div><\/div><\/div><div class=\"w-tabs-section\"><div class=\"w-tabs-section-header\"><div class=\"w-tabs-section-header-h\"><h5 class=\"w-tabs-section-title\">2005<\/h5><div class=\"w-tabs-section-control\"><\/div><\/div><\/div><div class=\"w-tabs-section-content\"><div class=\"w-tabs-section-content-h i-cf\"><div class=\"wpb_text_column \"><div class=\"wpb_wrapper\"><p>Die Einfl\u00fcsse von Verunreinigungen durch kleine Partikel begannen eine immer gr\u00f6\u00dfere Rolle in den Prozessen unserer Kunden zu spielen. Aufgrund steigender Qualit\u00e4tsanforderungen und immer kleinerer Details wurde die Kontrolle von Vakuumpartikeln immer wichtiger. Angesichts der steigenden Nachfrage unserer Kunden, in immer saubereren Umgebungen zu arbeiten, hat Fergutec B.V. das Portfolio um Reinigungsr\u00e4ume zur Unterst\u00fctzung kritischer Vakuumprozesse erweitert.<\/p><\/div> <\/div> <\/div><\/div><\/div><div class=\"w-tabs-section\"><div class=\"w-tabs-section-header\"><div class=\"w-tabs-section-header-h\"><h5 class=\"w-tabs-section-title\">2009<\/h5><div class=\"w-tabs-section-control\"><\/div><\/div><\/div><div class=\"w-tabs-section-content\"><div class=\"w-tabs-section-content-h i-cf\"><div class=\"wpb_text_column \"><div class=\"wpb_wrapper\"><p>Immer mehr Unternehmen und Forschungseinrichtungen aus einer wachsenden Anzahl von Sektoren vertrauen auf Fergutec B.V., wenn es um flexible Reinr\u00e4ume und Laminar-Flow-Werkb\u00e4nke zum Schutz und zur Unterst\u00fctzung ihrer kritischen Gesch\u00e4ftsprozesse geht. Um diese verschiedenen Sektoren besser zu bedienen und weiterzuentwickeln, wurde ProCleanroom gegr\u00fcndet. Ein echter Spezialist erblickte das Licht der Welt. Von Profis gegr\u00fcndet und aufgebaut.<\/p><\/div> <\/div> <\/div><\/div><\/div><div class=\"w-tabs-section\"><div class=\"w-tabs-section-header\"><div class=\"w-tabs-section-header-h\"><h5 class=\"w-tabs-section-title\">2016<\/h5><div class=\"w-tabs-section-control\"><\/div><\/div><\/div><div class=\"w-tabs-section-content\"><div class=\"w-tabs-section-content-h i-cf\"><div class=\"g-cols wpb_row type_default vc_inner \"><div class=\"vc_col-sm-6 wpb_column vc_column_container\"><div class=\"vc_column-inner\"><div class=\"wpb_wrapper\"><div class=\"wpb_text_column \"><div class=\"wpb_wrapper\"><p>April 2016 &#8211; Einf\u00fchrung unseres einzigartigen modularen Reinraumkonzepts, das sogar die immer strengeren europ\u00e4ischen Energierichtlinien (ErP2016) antizipiert.<\/p>\n<p>Merkmale des Konzepts im \u00dcberblick: eine vollst\u00e4ndig b\u00fcndige Decke, eine innovative Rahmen-\/Wandkonstruktion und eine erneuerte Filterung. F\u00fcr Sie als Anwender bedeutet dies Folgendes: die garantiert niedrigsten Verbrauchs- und Betriebskosten auf dem Markt. Die Reinigung und Reinhaltung des Reinraums ist einfacher und schneller als je zuvor. Au\u00dferdem sieht er mit seinem schlanken Design besser aus als alles, was heute auf dem Markt erh\u00e4ltlich ist.<\/p><\/div> <\/div> <\/div><\/div><\/div><div class=\"vc_col-sm-6 wpb_column vc_column_container\"><div class=\"vc_column-inner\"><div class=\"wpb_wrapper\"><div class=\"wpb_text_column \"><div class=\"wpb_wrapper\"><p>September 2016 \u2013 Der Staffelstab wird an eine neue Generation \u00fcbergeben. Niels Ferguson arbeitet seit 11 Jahren im Unternehmen und ist seit dem 1. September der neue Eigent\u00fcmer und Gesch\u00e4ftsf\u00fchrer. Niels hat einen Hintergrund als Vertriebsingenieur. Durch seine Ausbildung und jahrelange Erfahrung in der Branche hat er die richtige Mischung aus technischem Know-how und unternehmerischem Weitblick entwickelt, um die innovativen und erfolgreichen Produkte und Dienstleistungen fortzuf\u00fchren und in den Beneluxl\u00e4ndern und Europa weiter zu expandieren.<\/p><\/div> <\/div> <\/div><\/div><\/div><\/div><\/div><\/div><\/div><div class=\"w-tabs-section\" id=\"1694768222372-2e3f0b47-1aaa\"><a href=\"#1694768222372-2e3f0b47-1aaa\" class=\"w-tabs-section-header\"><div class=\"w-tabs-section-header-h\"><h5 class=\"w-tabs-section-title\">2019<\/h5><div class=\"w-tabs-section-control\"><\/div><\/div><\/a><div class=\"w-tabs-section-content\"><div class=\"w-tabs-section-content-h i-cf\"><div class=\"wpb_text_column \"><div class=\"wpb_wrapper\"><strong>Start der Abteilung Accessories &amp; Consumables<br \/>\n<\/strong>ProCleanroom expandiert mit der neuen Abteilung Accessories &amp; Consumables. Diese Abteilung versorgt Nutzer von Reinr\u00e4umen und Flow-Werkb\u00e4nken mit Einrichtungsgegenst\u00e4nden, M\u00f6beln, verschiedenem Zubeh\u00f6r und Verbrauchsmaterialien. Kunden k\u00f6nnen Produkte ganz einfach \u00fcber den neuen professionellen Webshop (<a href=\"https:\/\/shop.procleanroom.com\/\" target=\"_blank\" rel=\"noopener noreferrer\">shop.procleanroom.com<\/a>) bestellen.<\/p>\n<p><strong>\u00a0<\/strong><\/div> <\/div> <\/div><\/div><\/div><div class=\"w-tabs-section\" id=\"1694768316990-a438406b-7732\"><a href=\"#1694768316990-a438406b-7732\" class=\"w-tabs-section-header\"><div class=\"w-tabs-section-header-h\"><h5 class=\"w-tabs-section-title\">2020<\/h5><div class=\"w-tabs-section-control\"><\/div><\/div><\/a><div class=\"w-tabs-section-content\"><div class=\"w-tabs-section-content-h i-cf\"><div class=\"wpb_text_column \"><div class=\"wpb_wrapper\"><strong><span lang=\"DE\" style=\"font-family: 'Noto Sans',sans-serif;\">Einf\u00fchrung des Panelbloc\u00ae Premium-Reinraumsystems<br \/>\n<\/span><\/strong>Einf\u00fchrung des patentierten PanelBloc\u00ae -Wand- und Deckensystems f\u00fcr Reinr\u00e4ume. In Kombination mit energieeffizienter Luftaufbereitung und LED-Beleuchtung ist dies der n\u00e4chste Schritt, station\u00e4re Reinrauml\u00f6sungen nachhaltiger zu gestalten. Dieses System bietet komplett ebene W\u00e4nde und Decken mit hochwertigen D\u00e4mmeigenschaften (Schall und W\u00e4rme). Die PanelBloc\u00ae-Platten sind mit einer speziellen Beschichtung versehen, sodass die R\u00e4ume schnell und einfach gereinigt werden k\u00f6nnen. Dieses System garantiert maximale Reinraum- und Prozesseffizienz.<\/p>\n<p><strong><span lang=\"DE\" style=\"font-family: 'Noto Sans',sans-serif;\">\u00a0<\/span><\/strong><\/div> <\/div> <\/div><\/div><\/div><div class=\"w-tabs-section\" id=\"1694768378656-c97c2711-f0c8\"><a href=\"#1694768378656-c97c2711-f0c8\" class=\"w-tabs-section-header\"><div class=\"w-tabs-section-header-h\"><h5 class=\"w-tabs-section-title\">2022<\/h5><div class=\"w-tabs-section-control\"><\/div><\/div><\/a><div class=\"w-tabs-section-content\"><div class=\"w-tabs-section-content-h i-cf\"><div class=\"g-cols wpb_row type_default vc_inner \"><div class=\"vc_col-sm-6 wpb_column vc_column_container\"><div class=\"vc_column-inner\"><div class=\"wpb_wrapper\"><div class=\"wpb_text_column \"><div class=\"wpb_wrapper\"><strong>Oktober 2022 &#8211; Verst\u00e4rkung der Gesch\u00e4ftsf\u00fchrung mit Mike Ferguson<br \/>\n<\/strong>Die Gesch\u00e4ftsf\u00fchrung des Familienunternehmens begr\u00fc\u00dft Mike Ferguson, den Bruder des Gesch\u00e4ftsf\u00fchrers Niels Ferguson. Mike \u00fcbernimmt in dem Unternehmen die Funktion des Operativen Gesch\u00e4ftsf\u00fchrers. Sein Wissen und seine fast 20-j\u00e4hrige Erfahrung als Betriebswirt schlie\u00dfen nahtlos an die Wachstumsphase an, in der sich ProCleanroom gerade befindet. Mike Ferguson wird sich auf die strategische Gesch\u00e4ftsf\u00fchrung, auf kommerzielle Entwicklungen und die Organisationsstruktur fokussieren. Damit wird die Basis f\u00fcr weiteres Wachstum und mehr Entwicklung gest\u00e4rkt.<strong><br \/>\n<\/strong><\/div> <\/div> <\/div><\/div><\/div><div class=\"vc_col-sm-6 wpb_column vc_column_container\"><div class=\"vc_column-inner\"><div class=\"wpb_wrapper\"><div class=\"wpb_text_column \"><div class=\"wpb_wrapper\"><strong>Dezember 2022 &#8211; ProCleanroom ist FD Gazelle 2022<br \/>\n<\/strong>ProCleanroom geh\u00f6rt zu den am schnellsten wachsenden Unternehmen in den Niederlanden! Zum 19. Mal verleiht das Financieel Dagblad (niederl\u00e4ndische Tageszeitung) die prestigetr\u00e4chtigen FD Gazellen-Awards an profitable niederl\u00e4ndische Unternehmen mit einem Umsatzwachstum von mindestens 20 % in den vergangenen 3 Jahren (bis einschlie\u00dflich 2021). Auch der Anstieg der Besch\u00e4ftigten geh\u00f6rt zu den Kriterien. Der Umsatz von ProCleanroom stieg in dem Zeitraum um 53 % und 2022 betr\u00e4gt das Umsatzwachstum sogar 90 %! Im gleichen Zeitraum hat sich unser Team verdreifacht!<br \/>\n<strong><br \/>\n<\/strong><\/div> <\/div> <\/div><\/div><\/div><\/div><\/div><\/div><\/div><div class=\"w-tabs-section\" id=\"1694768489753-b4c4a842-48d6\"><a href=\"#1694768489753-b4c4a842-48d6\" class=\"w-tabs-section-header\"><div class=\"w-tabs-section-header-h\"><h5 class=\"w-tabs-section-title\">2023<\/h5><div class=\"w-tabs-section-control\"><\/div><\/div><\/a><div class=\"w-tabs-section-content\"><div class=\"w-tabs-section-content-h i-cf\"><div class=\"g-cols wpb_row type_default vc_inner \"><div class=\"vc_col-sm-6 wpb_column vc_column_container\"><div class=\"vc_column-inner\"><div class=\"wpb_wrapper\"><div class=\"wpb_text_column \"><div class=\"wpb_wrapper\"><strong>Neubau des Firmengeb\u00e4udes in Eersel<br \/>\n<\/strong>Nach 8 Jahren an dem derzeitigen Standort Valkenswaard ist ProCleanroom so stark gewachsen, dass es Zeit f\u00fcr einen neuen Schritt ist. Im Gewerbegebiet Meerheide III in Eersel wird in Eigenregie ein brandneues Firmengeb\u00e4ude errichtet. An diesem Standort k\u00f6nnen wir unsere Kunden noch besser bedienen und dar\u00fcber hinaus bieten wir unseren Besch\u00e4ftigten ein fantastisches und inspirierendes Arbeitsumfeld, das mit allem Komfort ausgestattet ist.<\/p>\n<p><strong>\u00a0<\/strong><\/div> <\/div> <\/div><\/div><\/div><div class=\"vc_col-sm-6 wpb_column vc_column_container\"><div class=\"vc_column-inner\"><div class=\"wpb_wrapper\"><div class=\"wpb_text_column \"><div class=\"wpb_wrapper\"><strong>November 2023 \u2013 ProCleanroom ist zum zweiten Mal FD Gazelle!<\/strong><br \/>\nProCleanroom wurde zum zweiten Mal in Folge als FD Gazelle nominiert. In der Region: S\u00fcden, Kategorie: mittel, wurden wir auf Platz 8 von 74 Unternehmen nominiert. Die Kriterien f\u00fcr die Nominierung f\u00fcr eine Auszeichnung sind streng und es ist eine fantastische Leistung des gesamten ProCleanroom-Teams.<\/div> <\/div> <\/div><\/div><\/div><\/div><\/div><\/div><\/div><\/div><\/div><\/div><\/div><\/div><\/div><\/div><\/div><\/section><section class=\"l-section wpb_row height_auto\"><div class=\"l-section-h i-cf\"><div class=\"g-cols type_default\"><div class=\"vc_col-sm-12 wpb_column vc_column_container\"><div class=\"vc_column-inner\"><div class=\"wpb_wrapper\">[vc_empty_space height=&#8220;60px&#8220;]<\/div><\/div><\/div><\/div><\/div><\/section><section class=\"l-section wpb_row height_small\"><div class=\"l-section-h i-cf\"><div class=\"g-cols type_default\"><div class=\"vc_col-sm-12 wpb_column vc_column_container\"><div class=\"vc_column-inner\"><div class=\"wpb_wrapper\"><div class=\"w-actionbox color_primary controls_right\"><div class=\"w-actionbox-text\"><h2>M\u00f6chten Sie mehr erfahren?<\/h2><\/div><div class=\"w-actionbox-controls\"><a class=\"w-btn color_white style_outlined icon_atleft\" href=\"https:\/\/procleanroom.com\/de\/contact\/\" title=\"Contact\"><i class=\"fa fa-comments-o\"><\/i><span class=\"w-btn-label\">INFORMATIONSANFRAGE<\/span><\/a><\/div><\/div><\/div><\/div><\/div><\/div><\/div><\/section>\n","protected":false},"excerpt":{"rendered":"Geschichte [vc_empty_space]1997 2005 2009 2016 2019 2020 2022 2023 1997Frank Ferguson, ehemaliger Leiter der damals sehr gro\u00dfen Abteilung f\u00fcr Vakuumtechnik der Philips Forschungslabors (NATLAB), gr\u00fcndet das Ingenieurb\u00fcro Fergutec B.V. In diesen ersten Jahren konzentriert sich Fergutec B.V. auf die Beratung...","protected":false},"author":5,"featured_media":0,"parent":0,"menu_order":0,"comment_status":"closed","ping_status":"closed","template":"","meta":{"footnotes":""},"class_list":["post-15576","page","type-page","status-publish","hentry"],"_links":{"self":[{"href":"https:\/\/procleanroom.com\/de\/wp-json\/wp\/v2\/pages\/15576","targetHints":{"allow":["GET"]}}],"collection":[{"href":"https:\/\/procleanroom.com\/de\/wp-json\/wp\/v2\/pages"}],"about":[{"href":"https:\/\/procleanroom.com\/de\/wp-json\/wp\/v2\/types\/page"}],"author":[{"embeddable":true,"href":"https:\/\/procleanroom.com\/de\/wp-json\/wp\/v2\/users\/5"}],"replies":[{"embeddable":true,"href":"https:\/\/procleanroom.com\/de\/wp-json\/wp\/v2\/comments?post=15576"}],"version-history":[{"count":11,"href":"https:\/\/procleanroom.com\/de\/wp-json\/wp\/v2\/pages\/15576\/revisions"}],"predecessor-version":[{"id":18786,"href":"https:\/\/procleanroom.com\/de\/wp-json\/wp\/v2\/pages\/15576\/revisions\/18786"}],"wp:attachment":[{"href":"https:\/\/procleanroom.com\/de\/wp-json\/wp\/v2\/media?parent=15576"}],"curies":[{"name":"wp","href":"https:\/\/api.w.org\/{rel}","templated":true}]}}