{"id":15572,"date":"2023-09-01T12:11:06","date_gmt":"2023-09-01T12:11:06","guid":{"rendered":"https:\/\/procleanroom.com\/?page_id=15572"},"modified":"2026-02-20T11:02:49","modified_gmt":"2026-02-20T11:02:49","slug":"qualitaet-und-akkreditierung","status":"publish","type":"page","link":"https:\/\/procleanroom.com\/de\/qualitaet-und-akkreditierung\/","title":{"rendered":"Qualit\u00e4t und Akkreditierung"},"content":{"rendered":"<section class=\"l-section wpb_row height_medium\"><div class=\"l-section-h i-cf\"><div class=\"g-cols type_default\"><div class=\"vc_col-sm-12 wpb_column vc_column_container\"><div class=\"vc_column-inner\"><div class=\"wpb_wrapper\"><div class=\"w-image\"><div class=\"us-frame\"><img loading=\"lazy\" decoding=\"async\" width=\"798\" height=\"350\" src=\"https:\/\/procleanroom.com\/wp-content\/uploads\/2016\/12\/35.jpg\" class=\"attachment-full size-full\" alt=\"Deeltjesteller in cleanroom\" srcset=\"https:\/\/procleanroom.com\/wp-content\/uploads\/2016\/12\/35.jpg 798w, https:\/\/procleanroom.com\/wp-content\/uploads\/2016\/12\/35-300x132.jpg 300w, https:\/\/procleanroom.com\/wp-content\/uploads\/2016\/12\/35-600x263.jpg 600w, https:\/\/procleanroom.com\/wp-content\/uploads\/2016\/12\/35-150x66.jpg 150w\" sizes=\"auto, (max-width: 798px) 100vw, 798px\" \/><\/div><\/div><div class=\"wpb_text_column \"><div class=\"wpb_wrapper\"><p>ProCleanroom versteht die Prozesse seiner Kunden sowie die hierf\u00fcr erforderliche Expertise. Da Qualit\u00e4t und Pr\u00e4zision eine Grundvoraussetzung sind, \u00fcberwacht ProCleanroom die Qualit\u00e4t seiner Produkte und Prozesse kontinuierlich; das Unternehmen ist nach ISO 9001:2015 zertifiziert. Die fachkundigen Ingenieure von ProCleanroom (qualifiziert nach den Standards des International Cleanroom and Certification Board) sind f\u00fcr die Durchf\u00fchrung von Validierungen gem\u00e4\u00df der Norm ISO 14644-1\/3 akkreditiert.<\/p>\n<p>Die Ingenieure bei ProCleanroom sind VCA-qualifiziert. Dies ist eine Garantie f\u00fcr eine sichere Arbeitsumgebung und sichere Arbeitsbedingungen. Au\u00dferdem ist ProCleanroom Mitglied der VCCN (Vereinigung Kontaminationskontrolle Niederlande). Alle Reinr\u00e4ume und Laminar-Flow-Werkb\u00e4nke sind CE-gekennzeichnet und entsprechen somit den CE-Richtlinien.<\/p>\n<p>&nbsp;<\/p>\n<p><a ref=\"magnificPopup\" href=\"https:\/\/procleanroom.com\/wp-content\/uploads\/2026\/02\/Logos-naast-elkaar-2026-1.png\"><img loading=\"lazy\" decoding=\"async\" class=\"alignnone wp-image-19093 size-full\" src=\"https:\/\/procleanroom.com\/wp-content\/uploads\/2026\/02\/Logos-naast-elkaar-2026-1.png\" alt=\"\" width=\"829\" height=\"139\" srcset=\"https:\/\/procleanroom.com\/wp-content\/uploads\/2026\/02\/Logos-naast-elkaar-2026-1.png 829w, https:\/\/procleanroom.com\/wp-content\/uploads\/2026\/02\/Logos-naast-elkaar-2026-1-300x50.png 300w, https:\/\/procleanroom.com\/wp-content\/uploads\/2026\/02\/Logos-naast-elkaar-2026-1-768x129.png 768w, https:\/\/procleanroom.com\/wp-content\/uploads\/2026\/02\/Logos-naast-elkaar-2026-1-600x101.png 600w, https:\/\/procleanroom.com\/wp-content\/uploads\/2026\/02\/Logos-naast-elkaar-2026-1-798x134.png 798w\" sizes=\"auto, (max-width: 829px) 100vw, 829px\" \/><\/a><\/p><\/div> <\/div> <\/div><\/div><\/div><\/div><\/div><\/section>\n","protected":false},"excerpt":{"rendered":"ProCleanroom versteht die Prozesse seiner Kunden sowie die hierf\u00fcr erforderliche Expertise. Da Qualit\u00e4t und Pr\u00e4zision eine Grundvoraussetzung sind, \u00fcberwacht ProCleanroom die Qualit\u00e4t seiner Produkte und Prozesse kontinuierlich; das Unternehmen ist nach ISO 9001:2015 zertifiziert. Die fachkundigen Ingenieure von ProCleanroom (qualifiziert...","protected":false},"author":5,"featured_media":0,"parent":0,"menu_order":20,"comment_status":"closed","ping_status":"closed","template":"","meta":{"footnotes":""},"class_list":["post-15572","page","type-page","status-publish","hentry"],"_links":{"self":[{"href":"https:\/\/procleanroom.com\/de\/wp-json\/wp\/v2\/pages\/15572","targetHints":{"allow":["GET"]}}],"collection":[{"href":"https:\/\/procleanroom.com\/de\/wp-json\/wp\/v2\/pages"}],"about":[{"href":"https:\/\/procleanroom.com\/de\/wp-json\/wp\/v2\/types\/page"}],"author":[{"embeddable":true,"href":"https:\/\/procleanroom.com\/de\/wp-json\/wp\/v2\/users\/5"}],"replies":[{"embeddable":true,"href":"https:\/\/procleanroom.com\/de\/wp-json\/wp\/v2\/comments?post=15572"}],"version-history":[{"count":5,"href":"https:\/\/procleanroom.com\/de\/wp-json\/wp\/v2\/pages\/15572\/revisions"}],"predecessor-version":[{"id":19101,"href":"https:\/\/procleanroom.com\/de\/wp-json\/wp\/v2\/pages\/15572\/revisions\/19101"}],"wp:attachment":[{"href":"https:\/\/procleanroom.com\/de\/wp-json\/wp\/v2\/media?parent=15572"}],"curies":[{"name":"wp","href":"https:\/\/api.w.org\/{rel}","templated":true}]}}