{"id":15527,"date":"2023-09-01T12:40:52","date_gmt":"2023-09-01T12:40:52","guid":{"rendered":"https:\/\/procleanroom.com\/?page_id=15527"},"modified":"2023-09-01T12:40:52","modified_gmt":"2023-09-01T12:40:52","slug":"garantieerklarung","status":"publish","type":"page","link":"https:\/\/procleanroom.com\/de\/garantieerklarung\/","title":{"rendered":"Garantieerkl\u00e4rung"},"content":{"rendered":"<section class=\"l-section wpb_row height_medium\"><div class=\"l-section-h i-cf\"><div class=\"g-cols type_default\"><div class=\"vc_col-sm-12 wpb_column vc_column_container\"><div class=\"vc_column-inner\"><div class=\"wpb_wrapper\"><div class=\"g-cols wpb_row type_default vc_inner \"><div class=\"vc_col-sm-12 wpb_column vc_column_container\"><div class=\"vc_column-inner\"><div class=\"wpb_wrapper\"><div class=\"w-image\"><div class=\"us-frame\"><img loading=\"lazy\" decoding=\"async\" width=\"798\" height=\"350\" src=\"https:\/\/procleanroom.com\/wp-content\/uploads\/2016\/12\/10.jpg\" class=\"attachment-full size-full\" alt=\"Cleanroom validatie uitgevoerd door engineer\" srcset=\"https:\/\/procleanroom.com\/wp-content\/uploads\/2016\/12\/10.jpg 798w, https:\/\/procleanroom.com\/wp-content\/uploads\/2016\/12\/10-300x132.jpg 300w, https:\/\/procleanroom.com\/wp-content\/uploads\/2016\/12\/10-600x263.jpg 600w, https:\/\/procleanroom.com\/wp-content\/uploads\/2016\/12\/10-150x66.jpg 150w\" sizes=\"auto, (max-width: 798px) 100vw, 798px\" \/><\/div><\/div><div class=\"wpb_text_column \"><div class=\"wpb_wrapper\">\n<h2>Eine Produktgarantie von f\u00fcnf Jahren mit ProCleanroom-Wartung.<\/h2>\n<p>Die Reinr\u00e4ume und Laminar-Flow-Werkb\u00e4nke von ProCleanroom werden mit einer Standardproduktgarantie von 1 Jahr geliefert. M\u00f6chten Sie noch mehr Sicherheit? Dann entscheiden Sie sich f\u00fcr einen Servicevertrag mit ProCleanroom und erhalten Sie eine 5-j\u00e4hrige Produktgarantie. Diese Garantie gilt f\u00fcr alle Materialien und Dienstleistungen, mit Ausnahme der Filtermedien. Neben einer langen Garantiezeit (5 Jahre) k\u00f6nnen Sie sich auf eine optimale Leistung Ihres Reinraums und Ihrer Laminar-Flow-Werkbank verlassen. Validiert und verifiziert nach den derzeit strengsten Vorschriften. ProCleanroom glaubt an die Qualit\u00e4t seiner Produkte und Dienstleistungen. Au\u00dferdem setzt es auf langfristige Kundenbeziehungen. Haben Sie Interesse? Senden Sie eine E-Mail oder rufen Sie an, um eine angemessene Beratung oder ein Angebot zu erhalten.<\/p>\n<p><strong>ProCleanroom: Build your expertise.<\/strong><\/div> <\/div> <\/div><\/div><\/div><\/div><div class=\"g-cols wpb_row type_default vc_inner \"><div class=\"vc_col-sm-12 wpb_column vc_column_container\"><div class=\"vc_column-inner\"><div class=\"wpb_wrapper\">[vc_empty_space height=&#8220;60px&#8220;]<div class=\"w-actionbox color_primary controls_right\"><div class=\"w-actionbox-text\"><h2>M\u00f6chten Sie mehr erfahren?<\/h2><\/div><div class=\"w-actionbox-controls\"><a class=\"w-btn color_white style_outlined icon_atleft\" href=\"https:\/\/procleanroom.com\/de\/contact\/\" title=\"Contact\"><i class=\"fa fa-comments-o\"><\/i><span class=\"w-btn-label\">INFORMATIONSANFRAGE<\/span><\/a><\/div><\/div><\/div><\/div><\/div><\/div><\/div><\/div><\/div><\/div><\/div><\/section>\n","protected":false},"excerpt":{"rendered":"Eine Produktgarantie von f\u00fcnf Jahren mit ProCleanroom-Wartung. Die Reinr\u00e4ume und Laminar-Flow-Werkb\u00e4nke von ProCleanroom werden mit einer Standardproduktgarantie von 1 Jahr geliefert. M\u00f6chten Sie noch mehr Sicherheit? Dann entscheiden Sie sich f\u00fcr einen Servicevertrag mit ProCleanroom und erhalten Sie eine 5-j\u00e4hrige...","protected":false},"author":5,"featured_media":0,"parent":0,"menu_order":60,"comment_status":"closed","ping_status":"closed","template":"","meta":{"footnotes":""},"class_list":["post-15527","page","type-page","status-publish","hentry"],"_links":{"self":[{"href":"https:\/\/procleanroom.com\/de\/wp-json\/wp\/v2\/pages\/15527","targetHints":{"allow":["GET"]}}],"collection":[{"href":"https:\/\/procleanroom.com\/de\/wp-json\/wp\/v2\/pages"}],"about":[{"href":"https:\/\/procleanroom.com\/de\/wp-json\/wp\/v2\/types\/page"}],"author":[{"embeddable":true,"href":"https:\/\/procleanroom.com\/de\/wp-json\/wp\/v2\/users\/5"}],"replies":[{"embeddable":true,"href":"https:\/\/procleanroom.com\/de\/wp-json\/wp\/v2\/comments?post=15527"}],"version-history":[{"count":4,"href":"https:\/\/procleanroom.com\/de\/wp-json\/wp\/v2\/pages\/15527\/revisions"}],"predecessor-version":[{"id":15531,"href":"https:\/\/procleanroom.com\/de\/wp-json\/wp\/v2\/pages\/15527\/revisions\/15531"}],"wp:attachment":[{"href":"https:\/\/procleanroom.com\/de\/wp-json\/wp\/v2\/media?parent=15527"}],"curies":[{"name":"wp","href":"https:\/\/api.w.org\/{rel}","templated":true}]}}