{"id":15516,"date":"2023-09-01T12:09:03","date_gmt":"2023-09-01T12:09:03","guid":{"rendered":"https:\/\/procleanroom.com\/?page_id=15516"},"modified":"2024-11-19T14:52:43","modified_gmt":"2024-11-19T14:52:43","slug":"broschueren","status":"publish","type":"page","link":"https:\/\/procleanroom.com\/de\/broschueren\/","title":{"rendered":"Brosch\u00fcren"},"content":{"rendered":"<section class=\"l-section wpb_row height_medium\"><div class=\"l-section-h i-cf\"><div class=\"g-cols type_default\"><div class=\"vc_col-sm-12 wpb_column vc_column_container\"><div class=\"vc_column-inner\"><div class=\"wpb_wrapper\"><div class=\"g-cols wpb_row type_default vc_inner \"><div class=\"vc_col-sm-12 wpb_column vc_column_container\"><div class=\"vc_column-inner\"><div class=\"wpb_wrapper\"><div class=\"w-image\"><div class=\"us-frame\"><img loading=\"lazy\" decoding=\"async\" width=\"798\" height=\"350\" src=\"https:\/\/procleanroom.com\/wp-content\/uploads\/2016\/12\/33.jpg\" class=\"attachment-full size-full\" alt=\"Softwall cleanroom\" srcset=\"https:\/\/procleanroom.com\/wp-content\/uploads\/2016\/12\/33.jpg 798w, https:\/\/procleanroom.com\/wp-content\/uploads\/2016\/12\/33-300x132.jpg 300w, https:\/\/procleanroom.com\/wp-content\/uploads\/2016\/12\/33-600x263.jpg 600w, https:\/\/procleanroom.com\/wp-content\/uploads\/2016\/12\/33-150x66.jpg 150w\" sizes=\"auto, (max-width: 798px) 100vw, 798px\" \/><\/div><\/div><div class=\"wpb_text_column \"><div class=\"wpb_wrapper\"><strong>Produktbrosch\u00fcren:<\/strong><\/p>\n<p>Laden Sie hier die Brosch\u00fcren von ProCleanroom f\u00fcr Spezifikationen und Anwendungen von Reinr\u00e4umen und Laminar-Flow-Werkb\u00e4nken herunter.<br \/>\nHaben Sie noch Fragen? Kontaktieren Sie uns<\/p>\n<p><img loading=\"lazy\" decoding=\"async\" class=\"alignnone size-full wp-image-5405\" src=\"https:\/\/procleanroom.com\/wp-content\/uploads\/2015\/05\/pdf_download.png\" alt=\"pdf_download\" width=\"45\" height=\"39\" \/>\u00a0\u00a0<a href=\"https:\/\/procleanroom.com\/wp-content\/uploads\/2024\/11\/Bedrijfsbrochure-ProCleanroom-EN.pdf\" target=\"_blank\" rel=\"noopener noreferrer\">Brochure ProCleanroom EN<\/a><\/p>\n<p><img loading=\"lazy\" decoding=\"async\" class=\"alignnone size-full wp-image-5405\" src=\"https:\/\/procleanroom.com\/wp-content\/uploads\/2015\/05\/pdf_download.png\" alt=\"pdf_download\" width=\"45\" height=\"39\" \/>\u00a0 <a href=\"https:\/\/procleanroom.com\/wp-content\/uploads\/2023\/03\/ProCleanroom_Panelbloc-Versatile-.pdf\" target=\"_blank\" rel=\"noopener noreferrer\">PanelBloc\u00ae cleanroom &#8211; <strong>Semi-Flush<\/strong> systeem EN<\/a><\/p>\n<p><img loading=\"lazy\" decoding=\"async\" class=\"alignnone size-full wp-image-5405\" src=\"https:\/\/procleanroom.com\/wp-content\/uploads\/2015\/05\/pdf_download.png\" alt=\"pdf_download\" width=\"45\" height=\"39\" \/>\u00a0 <a href=\"https:\/\/procleanroom.com\/wp-content\/uploads\/2023\/03\/ProCleanroom_Ultratech-Precision_Brochure.pdf\" target=\"_blank\" rel=\"noopener noreferrer\">PanelBloc\u00ae cleanroom &#8211; <strong>Fully-Flush<\/strong> systeem EN<\/a><\/p>\n<p><img loading=\"lazy\" decoding=\"async\" class=\"alignnone size-full wp-image-5405\" src=\"https:\/\/procleanroom.com\/wp-content\/uploads\/2015\/05\/pdf_download.png\" alt=\"pdf_download\" width=\"45\" height=\"39\" \/>\u00a0 <a href=\"https:\/\/procleanroom.com\/wp-content\/uploads\/2024\/11\/Modular-Cleanrooms-brochure-EN.pdf\" target=\"_blank\" rel=\"noopener noreferrer\">Modular cleanrooms brochure EN<\/a><\/p>\n<p><img loading=\"lazy\" decoding=\"async\" class=\"alignnone size-full wp-image-5405\" src=\"https:\/\/procleanroom.com\/wp-content\/uploads\/2015\/05\/pdf_download.png\" alt=\"pdf_download\" width=\"45\" height=\"39\" \/>\u00a0 <a href=\"https:\/\/procleanroom.com\/wp-content\/uploads\/2024\/11\/Downflow-Unit-brochure-EN.pdf\" target=\"_blank\" rel=\"noopener noreferrer\">Downflow units brochure EN<\/a><\/p>\n<p><img loading=\"lazy\" decoding=\"async\" class=\"alignnone size-full wp-image-5405\" src=\"https:\/\/procleanroom.com\/wp-content\/uploads\/2015\/05\/pdf_download.png\" alt=\"pdf_download\" width=\"45\" height=\"39\" \/>\u00a0 <a href=\"https:\/\/procleanroom.com\/wp-content\/uploads\/2024\/11\/Crossflow-units-brochure-EN.pdf\" target=\"_blank\" rel=\"noopener noreferrer\">Crossflow units brochure EN<\/a><\/p>\n<p><strong>ProCleanroom: Build your expertise.<\/strong><\/div> <\/div> <\/div><\/div><\/div><\/div><div class=\"g-cols wpb_row type_default vc_inner \"><div class=\"vc_col-sm-12 wpb_column vc_column_container\"><div class=\"vc_column-inner\"><div class=\"wpb_wrapper\">[vc_empty_space height=&#8220;60px&#8220;]<\/div><\/div><\/div><\/div><div class=\"g-cols wpb_row type_default vc_inner \"><div class=\"vc_col-sm-12 wpb_column vc_column_container\"><div class=\"vc_column-inner\"><div class=\"wpb_wrapper\"><div class=\"w-actionbox color_primary controls_right\"><div class=\"w-actionbox-text\"><h2>M\u00f6chten Sie mehr erfahren?<\/h2><\/div><div class=\"w-actionbox-controls\"><a class=\"w-btn color_white style_outlined icon_none\" href=\"https:\/\/procleanroom.com\/de\/contact\/\" title=\"Contact\"><span class=\"w-btn-label\">INFORMATIONSANFRAGE<\/span><\/a><\/div><\/div><\/div><\/div><\/div><\/div><\/div><\/div><\/div><\/div><\/div><\/section>\n","protected":false},"excerpt":{"rendered":"Produktbrosch\u00fcren: Laden Sie hier die Brosch\u00fcren von ProCleanroom f\u00fcr Spezifikationen und Anwendungen von Reinr\u00e4umen und Laminar-Flow-Werkb\u00e4nken herunter. Haben Sie noch Fragen? Kontaktieren Sie uns \u00a0\u00a0Brochure ProCleanroom EN \u00a0 PanelBloc\u00ae cleanroom - Semi-Flush systeem EN \u00a0 PanelBloc\u00ae cleanroom - Fully-Flush systeem...","protected":false},"author":5,"featured_media":0,"parent":0,"menu_order":10,"comment_status":"closed","ping_status":"closed","template":"","meta":{"footnotes":""},"class_list":["post-15516","page","type-page","status-publish","hentry"],"_links":{"self":[{"href":"https:\/\/procleanroom.com\/de\/wp-json\/wp\/v2\/pages\/15516","targetHints":{"allow":["GET"]}}],"collection":[{"href":"https:\/\/procleanroom.com\/de\/wp-json\/wp\/v2\/pages"}],"about":[{"href":"https:\/\/procleanroom.com\/de\/wp-json\/wp\/v2\/types\/page"}],"author":[{"embeddable":true,"href":"https:\/\/procleanroom.com\/de\/wp-json\/wp\/v2\/users\/5"}],"replies":[{"embeddable":true,"href":"https:\/\/procleanroom.com\/de\/wp-json\/wp\/v2\/comments?post=15516"}],"version-history":[{"count":6,"href":"https:\/\/procleanroom.com\/de\/wp-json\/wp\/v2\/pages\/15516\/revisions"}],"predecessor-version":[{"id":17775,"href":"https:\/\/procleanroom.com\/de\/wp-json\/wp\/v2\/pages\/15516\/revisions\/17775"}],"wp:attachment":[{"href":"https:\/\/procleanroom.com\/de\/wp-json\/wp\/v2\/media?parent=15516"}],"curies":[{"name":"wp","href":"https:\/\/api.w.org\/{rel}","templated":true}]}}