{"id":15511,"date":"2023-09-01T12:06:15","date_gmt":"2023-09-01T12:06:15","guid":{"rendered":"https:\/\/procleanroom.com\/?page_id=15511"},"modified":"2023-09-01T12:06:15","modified_gmt":"2023-09-01T12:06:15","slug":"wissensdatenbank","status":"publish","type":"page","link":"https:\/\/procleanroom.com\/de\/wissensdatenbank\/","title":{"rendered":"Wissensdatenbank"},"content":{"rendered":"<section class=\"l-section wpb_row height_medium\"><div class=\"l-section-h i-cf\"><div class=\"g-cols type_default\"><div class=\"vc_col-sm-12 wpb_column vc_column_container\"><div class=\"vc_column-inner\"><div class=\"wpb_wrapper\"><div class=\"g-cols wpb_row type_default vc_inner \"><div class=\"vc_col-sm-12 wpb_column vc_column_container\"><div class=\"vc_column-inner\"><div class=\"wpb_wrapper\"><div class=\"w-image\"><div class=\"us-frame\"><img loading=\"lazy\" decoding=\"async\" width=\"798\" height=\"350\" src=\"https:\/\/procleanroom.com\/wp-content\/uploads\/2016\/12\/33.jpg\" class=\"attachment-full size-full\" alt=\"Softwall cleanroom\" srcset=\"https:\/\/procleanroom.com\/wp-content\/uploads\/2016\/12\/33.jpg 798w, https:\/\/procleanroom.com\/wp-content\/uploads\/2016\/12\/33-300x132.jpg 300w, https:\/\/procleanroom.com\/wp-content\/uploads\/2016\/12\/33-600x263.jpg 600w, https:\/\/procleanroom.com\/wp-content\/uploads\/2016\/12\/33-150x66.jpg 150w\" sizes=\"auto, (max-width: 798px) 100vw, 798px\" \/><\/div><\/div><div class=\"wpb_text_column \"><div class=\"wpb_wrapper\"><p>ProCleanroom ver\u00f6ffentlicht regelm\u00e4\u00dfig Whitepaper und Anwendungshinweise, um Wissen mit Anwendern und interessierten Lesern zu teilen. Diese Informationen helfen Ihnen, die richtigen Entscheidungen zu treffen, wenn Sie eine Laminar-Flow-Werkbank oder einen Reinraum kaufen oder verwenden.<\/p>\n<p>Laden Sie die Whitepaper und Anwendungshinweise von ProCleanroom herunter, um mehr \u00fcber ein Produkt, eine Dienstleistung, eine Technologie oder eine Methode zu erfahren.<br \/>\nHaben Sie noch Fragen? Kontaktieren Sie uns<\/p>\n<p><strong>White papers:<\/strong><\/p>\n<p><img loading=\"lazy\" decoding=\"async\" class=\"alignnone size-full wp-image-5405\" src=\"https:\/\/procleanroom.com\/wp-content\/uploads\/2015\/05\/pdf_download.png\" alt=\"pdf_download\" width=\"45\" height=\"39\" \/>\u00a0 <a href=\"https:\/\/procleanroom.com\/wp-content\/uploads\/2017\/03\/Comparison-AC-DC-fan-motors-cleanrooms-and-flow-units.pdf\" target=\"_blank\" rel=\"noopener noreferrer\">Comparison AC-DC fan motors cleanrooms and flow units<\/a><\/p>\n<p><img loading=\"lazy\" decoding=\"async\" class=\"alignnone size-full wp-image-5405\" src=\"https:\/\/procleanroom.com\/wp-content\/uploads\/2015\/05\/pdf_download.png\" alt=\"pdf_download\" width=\"45\" height=\"39\" \/>\u00a0 <a href=\"https:\/\/procleanroom.com\/wp-content\/uploads\/2017\/05\/ISO14644-Guide-introduction-and-changes-of-the-cleanrooms-standard.pdf\" target=\"_blank\" rel=\"noopener noreferrer\">ISO14644 Guide &#8211; introduction and changes of the cleanroom standard<\/a><\/p>\n<p><img loading=\"lazy\" decoding=\"async\" class=\"alignnone size-full wp-image-5405\" src=\"https:\/\/procleanroom.com\/wp-content\/uploads\/2015\/05\/pdf_download.png\" alt=\"pdf_download\" width=\"45\" height=\"39\" \/>\u00a0\u00a0<a href=\"https:\/\/procleanroom.com\/wp-content\/uploads\/2018\/06\/Laminar-flow-units-downflow-vs.-crossflow-comparison.pdf\" target=\"_blank\" rel=\"noopener noreferrer\">Laminar flow units &#8211; downflow vs. crossflow comparison<\/a><\/p>\n<p><strong>Application notes:<\/strong><\/p>\n<p><img loading=\"lazy\" decoding=\"async\" class=\"alignnone size-full wp-image-5405\" src=\"https:\/\/procleanroom.com\/wp-content\/uploads\/2015\/05\/pdf_download.png\" alt=\"pdf_download\" width=\"45\" height=\"39\" \/>\u00a0 <a href=\"https:\/\/procleanroom.com\/wp-content\/uploads\/2018\/03\/Constant-flow-in-clean-environments.pdf\" target=\"_blank\" rel=\"noopener noreferrer\">Constant flow in clean environments<\/a><\/p>\n<p><strong>ProCleanroom: Build your expertise.<\/strong><\/p><\/div> <\/div> <\/div><\/div><\/div><\/div><div class=\"g-cols wpb_row type_default vc_inner \"><div class=\"vc_col-sm-12 wpb_column vc_column_container\"><div class=\"vc_column-inner\"><div class=\"wpb_wrapper\">[vc_empty_space height=&#8220;60px&#8220;]<\/div><\/div><\/div><\/div><div class=\"g-cols wpb_row type_default vc_inner \"><div class=\"vc_col-sm-12 wpb_column vc_column_container\"><div class=\"vc_column-inner\"><div class=\"wpb_wrapper\"><div class=\"w-actionbox color_primary controls_right\"><div class=\"w-actionbox-text\"><h2>M\u00f6chten Sie mehr erfahren?<\/h2><\/div><div class=\"w-actionbox-controls\"><a class=\"w-btn color_white style_outlined icon_none\" href=\"https:\/\/procleanroom.com\/de\/contact\/\" title=\"Contact\"><span class=\"w-btn-label\">INFORMATIONSANFRAGE<\/span><\/a><\/div><\/div><\/div><\/div><\/div><\/div><\/div><\/div><\/div><\/div><\/div><\/section>\n","protected":false},"excerpt":{"rendered":"ProCleanroom ver\u00f6ffentlicht regelm\u00e4\u00dfig Whitepaper und Anwendungshinweise, um Wissen mit Anwendern und interessierten Lesern zu teilen. Diese Informationen helfen Ihnen, die richtigen Entscheidungen zu treffen, wenn Sie eine Laminar-Flow-Werkbank oder einen Reinraum kaufen oder verwenden. Laden Sie die Whitepaper und Anwendungshinweise...","protected":false},"author":5,"featured_media":0,"parent":0,"menu_order":0,"comment_status":"closed","ping_status":"closed","template":"","meta":{"footnotes":""},"class_list":["post-15511","page","type-page","status-publish","hentry"],"_links":{"self":[{"href":"https:\/\/procleanroom.com\/de\/wp-json\/wp\/v2\/pages\/15511","targetHints":{"allow":["GET"]}}],"collection":[{"href":"https:\/\/procleanroom.com\/de\/wp-json\/wp\/v2\/pages"}],"about":[{"href":"https:\/\/procleanroom.com\/de\/wp-json\/wp\/v2\/types\/page"}],"author":[{"embeddable":true,"href":"https:\/\/procleanroom.com\/de\/wp-json\/wp\/v2\/users\/5"}],"replies":[{"embeddable":true,"href":"https:\/\/procleanroom.com\/de\/wp-json\/wp\/v2\/comments?post=15511"}],"version-history":[{"count":4,"href":"https:\/\/procleanroom.com\/de\/wp-json\/wp\/v2\/pages\/15511\/revisions"}],"predecessor-version":[{"id":15515,"href":"https:\/\/procleanroom.com\/de\/wp-json\/wp\/v2\/pages\/15511\/revisions\/15515"}],"wp:attachment":[{"href":"https:\/\/procleanroom.com\/de\/wp-json\/wp\/v2\/media?parent=15511"}],"curies":[{"name":"wp","href":"https:\/\/api.w.org\/{rel}","templated":true}]}}