{"id":15505,"date":"2023-07-31T13:28:48","date_gmt":"2023-07-31T13:28:48","guid":{"rendered":"https:\/\/procleanroom.com\/?page_id=15505"},"modified":"2023-09-01T12:34:17","modified_gmt":"2023-09-01T12:34:17","slug":"reinraumvideos","status":"publish","type":"page","link":"https:\/\/procleanroom.com\/de\/reinraumvideos\/","title":{"rendered":"Reinraumvideos"},"content":{"rendered":"<section class=\"l-section wpb_row height_medium\"><div class=\"l-section-h i-cf\"><div class=\"g-cols type_default\"><div class=\"vc_col-sm-12 wpb_column vc_column_container\"><div class=\"vc_column-inner\"><div class=\"wpb_wrapper\"><div class=\"g-cols wpb_row type_default vc_inner \"><div class=\"vc_col-sm-12 wpb_column vc_column_container\"><div class=\"vc_column-inner\"><div class=\"wpb_wrapper\"><div class=\"wpb_text_column \"><div class=\"wpb_wrapper\"><p>\n<\/p><\/div> <\/div> <\/div><\/div><\/div><\/div><div class=\"g-cols wpb_row type_default vc_inner \"><div class=\"vc_col-sm-6 wpb_column vc_column_container\"><div class=\"vc_column-inner\"><div class=\"wpb_wrapper\"><div class=\"wpb_text_column \"><div class=\"wpb_wrapper\"><span style=\"font-weight: 400;\"><strong>Virtueller Rundgang in einem Reinraum<\/strong><br \/>\nSind Sie neugierig auf das Innere eines unserer Reinr\u00e4ume? Treten Sie ein und lassen Sie sich inspirieren!<br \/>\nMachen Sie einen virtuellen Rundgang durch einen Reinraum und erleben Sie die M\u00f6glichkeiten und das Aussehen unserer hochwertigen Reinrauml\u00f6sungen.<br \/>\n<\/span><\/div> <\/div> [vc_empty_space height=&#8220;20px&#8220;][vc_empty_space height=&#8220;23px&#8220;]<div class=\"w-video ratio_16x9 align_left\" style=\"max-width: 550px\"><div class=\"w-video-h\"><iframe loading=\"lazy\" width=\"420\" height=\"315\" src=\"\/\/www.youtube.com\/embed\/K2JbXQYg4kI?rel=0\" allowfullscreen><\/iframe><\/div><\/div><\/div><\/div><\/div><div class=\"vc_col-sm-6 wpb_column vc_column_container\"><div class=\"vc_column-inner\"><div class=\"wpb_wrapper\"><div class=\"wpb_text_column \"><div class=\"wpb_wrapper\"><span style=\"font-weight: 400;\"><strong>Test zur Visualisierung von Luftstr\u00f6mungs-Rauch<\/strong><br \/>\nDas Video unten zeigt einen der Tests, die wir anbieten. Neben den &#8222;Standard&#8220;-Tests bei Validierungen wie Luftgeschwindigkeitsmessungen und Partikelz\u00e4hlungen bieten wir auch Rauchvisualisierungen zur \u00dcberpr\u00fcfung des Luftstr\u00f6mungsmusters und Erholtests zur \u00dcberpr\u00fcfung der Erholzeit eines Reinraums an.<br \/>\n<\/span><\/div> <\/div> [vc_empty_space height=&#8220;20px&#8220;]<div class=\"w-video ratio_16x9 align_left\" style=\"max-width: 550px\"><div class=\"w-video-h\"><iframe loading=\"lazy\" width=\"420\" height=\"315\" src=\"\/\/www.youtube.com\/embed\/zHfxigfvl3A?rel=0\" allowfullscreen><\/iframe><\/div><\/div><\/div><\/div><\/div><\/div><div class=\"g-cols wpb_row type_default vc_inner \"><div class=\"vc_col-sm-12 wpb_column vc_column_container\"><div class=\"vc_column-inner\"><div class=\"wpb_wrapper\">[vc_empty_space]<\/div><\/div><\/div><\/div><div class=\"g-cols wpb_row type_default vc_inner \"><div class=\"vc_col-sm-6 wpb_column vc_column_container\"><div class=\"vc_column-inner\"><div class=\"wpb_wrapper\"><div class=\"wpb_text_column \"><div class=\"wpb_wrapper\"><span style=\"font-weight: 400;\"><strong>Softwall-Harmonikat\u00fcr<br \/>\n<\/strong>Dieses Video zeigt eine Softwall-Harmonikat\u00fcr, die eine maximale \u00d6ffnung f\u00fcr ein einfaches Ein- und Ausfahren bei der Verwendung von Wagen oder Karren erm\u00f6glicht. Wenn sie vollst\u00e4ndig ge\u00f6ffnet ist, l\u00e4sst sich die T\u00fcr auf nur 15 % der Gesamtl\u00e4nge zusammenfalten. Eine 2 Meter lange Seite kann zum Beispiel bis zu 1,7 m ge\u00f6ffnet werden.<br \/>\n<\/span><\/div> <\/div> [vc_empty_space height=&#8220;20px&#8220;]<div class=\"w-video ratio_16x9 align_left\" style=\"max-width: 550px\"><div class=\"w-video-h\"><iframe loading=\"lazy\" width=\"420\" height=\"315\" src=\"\/\/www.youtube.com\/embed\/cZLCj5dFu8s?rel=0\" allowfullscreen><\/iframe><\/div><\/div><\/div><\/div><\/div><div class=\"vc_col-sm-6 wpb_column vc_column_container\"><div class=\"vc_column-inner\"><div class=\"wpb_wrapper\"><div class=\"wpb_text_column \"><div class=\"wpb_wrapper\"><strong>Slimline-Reinraumsteuerung<\/strong><br \/>\nLernen Sie unsere neue Slimline-Reinraumsteuerung kennen. Diese eigenst\u00e4ndige Reinraumsteuerung bietet maximale Flexibilit\u00e4t und Kontrolle \u00fcber Ihren Reinraum und Ihre Prozesse. Sehen Sie sich das Video an, um einen Eindruck von den Funktionen und M\u00f6glichkeiten dieser neuen Steuerung zu erhalten.<\/div> <\/div> [vc_empty_space height=&#8220;20px&#8220;]<div class=\"w-video ratio_16x9 align_left\" style=\"max-width: 550px\"><div class=\"w-video-h\"><iframe loading=\"lazy\" width=\"420\" height=\"315\" src=\"\/\/www.youtube.com\/embed\/OyCXXMtSEB4?rel=0\" allowfullscreen><\/iframe><\/div><\/div><\/div><\/div><\/div><\/div><div class=\"g-cols wpb_row type_default vc_inner \"><div class=\"vc_col-sm-12 wpb_column vc_column_container\"><div class=\"vc_column-inner\"><div class=\"wpb_wrapper\">[vc_empty_space]<\/div><\/div><\/div><\/div><div class=\"g-cols wpb_row type_default vc_inner \"><div class=\"vc_col-sm-6 wpb_column vc_column_container\"><div class=\"vc_column-inner\"><div class=\"wpb_wrapper\"><div class=\"wpb_text_column \"><div class=\"wpb_wrapper\"><span style=\"font-weight: 400;\"><strong>Schiebbarer Softwall-Eingang<\/strong><br \/>\nDieses Video zeigt einen schiebbaren Softwall-Eingang, um eine \u00d6ffnung zu schaffen, die das Ein- und Ausfahren mit Wagen oder Karren erleichtert.<br \/>\n<\/span><\/div> <\/div> [vc_empty_space height=&#8220;20px&#8220;][vc_empty_space height=&#8220;23px&#8220;]<div class=\"w-video ratio_16x9 align_left\" style=\"max-width: 550px\"><div class=\"w-video-h\"><iframe loading=\"lazy\" width=\"420\" height=\"315\" src=\"\/\/www.youtube.com\/embed\/yODrvwuCWf8?rel=0\" allowfullscreen><\/iframe><\/div><\/div><\/div><\/div><\/div><div class=\"vc_col-sm-6 wpb_column vc_column_container\"><div class=\"vc_column-inner\"><div class=\"wpb_wrapper\"><div class=\"wpb_text_column \"><div class=\"wpb_wrapper\"><span style=\"font-weight: 400;\"><strong>Reinraum-Inspektionstisch<\/strong><br \/>\nDas Video unten zeigt einen ma\u00dfgefertigten Reinraum-Inspektionstisch mit b\u00fcndig integriertem Lichtpfad, gesch\u00fctzt durch verst\u00e4rktes Glas. Er ist elektrisch h\u00f6henverstellbar mit benutzerdefinierten Speichereinstellungen und hat eine Trespa-Arbeitsplatte.<br \/>\n<\/span><\/div> <\/div> [vc_empty_space height=&#8220;20px&#8220;]<div class=\"w-video ratio_16x9 align_left\" style=\"max-width: 550px\"><div class=\"w-video-h\"><iframe loading=\"lazy\" width=\"420\" height=\"315\" src=\"\/\/www.youtube.com\/embed\/-EFNwJ2C2_g?rel=0\" allowfullscreen><\/iframe><\/div><\/div><\/div><\/div><\/div><\/div><div class=\"g-cols wpb_row type_default vc_inner \"><div class=\"vc_col-sm-12 wpb_column vc_column_container\"><div class=\"vc_column-inner\"><div class=\"wpb_wrapper\">[vc_empty_space]<\/div><\/div><\/div><\/div><div class=\"g-cols wpb_row type_default vc_inner \"><div class=\"vc_col-sm-6 wpb_column vc_column_container\"><div class=\"vc_column-inner\"><div class=\"wpb_wrapper\"><div class=\"wpb_text_column \"><div class=\"wpb_wrapper\"><span style=\"font-weight: 400;\"><strong>Konstante Luftstr\u00f6mung in Reinraumumgebungen<\/strong><br \/>\nDieses Video zeigt, wie die Reinraumsteuerung und der Str\u00f6mungssensor funktionieren und wie Ihr Prozess oder Ihre Forschung davon profitiert.<br \/>\n<\/span><\/div> <\/div> [vc_empty_space height=&#8220;20px&#8220;]<div class=\"w-video ratio_16x9 align_left\" style=\"max-width: 550px\"><div class=\"w-video-h\"><iframe loading=\"lazy\" width=\"420\" height=\"315\" src=\"\/\/www.youtube.com\/embed\/s5m3kA1hit8?rel=0\" allowfullscreen><\/iframe><\/div><\/div><\/div><\/div><\/div><div class=\"vc_col-sm-6 wpb_column vc_column_container\"><div class=\"vc_column-inner\"><div class=\"wpb_wrapper\"><div class=\"wpb_text_column \"><div class=\"wpb_wrapper\"><span style=\"font-weight: 400;\"><strong>Zeitraffer Reinraumbau ProCleanroom D&amp;D Kunststoffen<\/strong><br \/>\nDieser Reinraum wurde bei D&amp;D Kunststofbewerking im Herzen der niederl\u00e4ndischen Hightech-Industrie installiert und dient der Reinigung, Montage und Verpackung von Hightech-Kunststoffkomponenten. Sind Sie neugierig, was wir f\u00fcr Sie tun k\u00f6nnen?<br \/>\n<\/span><\/div> <\/div> [vc_empty_space height=&#8220;20px&#8220;]<div class=\"w-video ratio_16x9 align_left\" style=\"max-width: 550px\"><div class=\"w-video-h\"><iframe loading=\"lazy\" width=\"420\" height=\"315\" src=\"\/\/www.youtube.com\/embed\/BGHHr8wdThk?rel=0\" allowfullscreen><\/iframe><\/div><\/div><\/div><\/div><\/div><\/div><\/div><\/div><\/div><\/div><\/div><\/section>\n","protected":false},"excerpt":{"rendered":"Virtueller Rundgang in einem Reinraum Sind Sie neugierig auf das Innere eines unserer Reinr\u00e4ume? Treten Sie ein und lassen Sie sich inspirieren! Machen Sie einen virtuellen Rundgang durch einen Reinraum und erleben Sie die M\u00f6glichkeiten und das Aussehen unserer hochwertigen...","protected":false},"author":5,"featured_media":0,"parent":0,"menu_order":20,"comment_status":"closed","ping_status":"closed","template":"","meta":{"footnotes":""},"class_list":["post-15505","page","type-page","status-publish","hentry"],"_links":{"self":[{"href":"https:\/\/procleanroom.com\/de\/wp-json\/wp\/v2\/pages\/15505","targetHints":{"allow":["GET"]}}],"collection":[{"href":"https:\/\/procleanroom.com\/de\/wp-json\/wp\/v2\/pages"}],"about":[{"href":"https:\/\/procleanroom.com\/de\/wp-json\/wp\/v2\/types\/page"}],"author":[{"embeddable":true,"href":"https:\/\/procleanroom.com\/de\/wp-json\/wp\/v2\/users\/5"}],"replies":[{"embeddable":true,"href":"https:\/\/procleanroom.com\/de\/wp-json\/wp\/v2\/comments?post=15505"}],"version-history":[{"count":5,"href":"https:\/\/procleanroom.com\/de\/wp-json\/wp\/v2\/pages\/15505\/revisions"}],"predecessor-version":[{"id":15510,"href":"https:\/\/procleanroom.com\/de\/wp-json\/wp\/v2\/pages\/15505\/revisions\/15510"}],"wp:attachment":[{"href":"https:\/\/procleanroom.com\/de\/wp-json\/wp\/v2\/media?parent=15505"}],"curies":[{"name":"wp","href":"https:\/\/api.w.org\/{rel}","templated":true}]}}