{"id":15452,"date":"2017-01-17T20:06:38","date_gmt":"2017-01-17T20:06:38","guid":{"rendered":"https:\/\/procleanroom.com\/modular-cleanrooms-and-laminar-flow-units\/"},"modified":"2026-03-26T13:43:45","modified_gmt":"2026-03-26T13:43:45","slug":"modular-cleanrooms-and-laminar-flow-units","status":"publish","type":"page","link":"https:\/\/procleanroom.com\/de\/","title":{"rendered":"Modulare Reinr\u00e4ume und Laminar-Flow-Werkb\u00e4nke &#8211;"},"content":{"rendered":"<section class=\"l-section wpb_row height_auto width_full\"><div class=\"l-section-h i-cf\"><div class=\"g-cols type_default\"><div class=\"vc_col-sm-12 wpb_column vc_column_container\"><div class=\"vc_column-inner\"><div class=\"wpb_wrapper\"><div class=\"w-image\"><div class=\"us-frame\"><img loading=\"lazy\" decoding=\"async\" width=\"2501\" height=\"500\" src=\"https:\/\/procleanroom.com\/wp-content\/uploads\/2026\/03\/Key-visual-witte-tekst-website-homepagina-header-2.jpg\" class=\"attachment-full size-full\" alt=\"\" srcset=\"https:\/\/procleanroom.com\/wp-content\/uploads\/2026\/03\/Key-visual-witte-tekst-website-homepagina-header-2.jpg 2501w, https:\/\/procleanroom.com\/wp-content\/uploads\/2026\/03\/Key-visual-witte-tekst-website-homepagina-header-2-300x60.jpg 300w, https:\/\/procleanroom.com\/wp-content\/uploads\/2026\/03\/Key-visual-witte-tekst-website-homepagina-header-2-1024x205.jpg 1024w, https:\/\/procleanroom.com\/wp-content\/uploads\/2026\/03\/Key-visual-witte-tekst-website-homepagina-header-2-768x154.jpg 768w, https:\/\/procleanroom.com\/wp-content\/uploads\/2026\/03\/Key-visual-witte-tekst-website-homepagina-header-2-1536x307.jpg 1536w, https:\/\/procleanroom.com\/wp-content\/uploads\/2026\/03\/Key-visual-witte-tekst-website-homepagina-header-2-2048x409.jpg 2048w, https:\/\/procleanroom.com\/wp-content\/uploads\/2026\/03\/Key-visual-witte-tekst-website-homepagina-header-2-600x120.jpg 600w, https:\/\/procleanroom.com\/wp-content\/uploads\/2026\/03\/Key-visual-witte-tekst-website-homepagina-header-2-798x160.jpg 798w\" sizes=\"auto, (max-width: 2501px) 100vw, 2501px\" \/><\/div><\/div><\/div><\/div><\/div><\/div><\/div><\/section><section class=\"l-section wpb_row height_medium\"><div class=\"l-section-h i-cf\"><div class=\"g-cols type_default\"><div class=\"vc_col-sm-12 wpb_column vc_column_container\"><div class=\"vc_column-inner\"><div class=\"wpb_wrapper\"><div class=\"wpb_text_column \"><div class=\"wpb_wrapper\">\n<h1 style=\"text-align: center;\"><strong>BUILD YOUR EXPERTISE<\/strong><\/h1>\n<p style=\"text-align: center;\">ProCleanroom ist spezialisiert auf Reinraum- und Laminar-Flow-L\u00f6sungen f\u00fcr Technologieunternehmen und Forschungseinrichtungen in verschiedenen Branchen.<br \/>\nDie Reinr\u00e4ume sind modular und daher leicht zu erweitern, zu versetzen und zu integrieren. Erweitern Sie Ihre Expertise durch Innovation und Entwicklung mit ProCleanroom als Ihrem zuverl\u00e4ssigen Partner. ProCleanroom befindet sich im Herzen der Hightech-Region Niederlande und der Beneluxl\u00e4nder. In diesem Wachstumsmarkt arbeiten wir gemeinsam an der Entwicklung der innovativsten L\u00f6sungen f\u00fcr einen energieeffizienten Betrieb in einer ultra-reinen Umgebung, gem\u00e4\u00df den neuesten europ\u00e4ischen Richtlinien.<br \/>\n<strong>Gemeinsam teilen wir unser Know-how und entwickeln nur die besten L\u00f6sungen!<\/strong><\/p>\n<\/div> <\/div> [vc_empty_space][vc_raw_html]JTNDZGl2JTIwc3R5bGUlM0QlMjJmbG9hdCUzQWxlZnQlM0J3aWR0aCUzQTUwJTI1JTNCJTIyJTNFJTBBJTNDZGl2JTIwY2xhc3MlM0QlMjJob21lc2VsZWN0b3JsZWZ0JTIyJTNFJTBBJTNDYiUzRVdBUyUyMElTVCUyMElIUiUyME1BUktUJTNGJTNDJTJGYiUzRSUwQSUzQyUyRmRpdiUzRSUwQSUzQyUyRmRpdiUzRSUwQSUwQSUzQ2RpdiUyMHN0eWxlJTNEJTIyZmxvYXQlM0FsZWZ0JTNCd2lkdGglM0E1MCUyNSUzQiUyMiUzRSUwQSUzQ2RpdiUyMGNsYXNzJTNEJTIyaG9tZXNlbGVjdG9ycmlnaHQlMjIlM0UlMEElM0NzZWxlY3QlMjBpZCUzRCUyMmV4cGVydGlzZXNlbGVjdG9yJTIyJTNFJTBBJTNDb3B0aW9uJTIwdmFsdWUlM0QlMjIlMjIlM0VUcmVmZmVuJTIwU2llJTIwZWluZSUyMFdhaGwlM0MlMkZvcHRpb24lM0UlMEElM0NvcHRpb24lMjB2YWx1ZSUzRCUyMmh0dHAlM0ElMkYlMkZwcm9jbGVhbnJvb20uY29tJTJGbWFya2V0cyUyRmNsZWFucm9vbXMtZm9yLXNlbWljb25kdWN0b3IlMkYlMjIlM0VTZW1pY29uZHVjdG9yJTNDJTJGb3B0aW9uJTNFJTBBJTNDb3B0aW9uJTIwdmFsdWUlM0QlMjJodHRwJTNBJTJGJTJGcHJvY2xlYW5yb29tLmNvbSUyRm1hcmtldHMlMkZjbGVhbnJvb21zLWZvci1hZXJvc3BhY2UlMkYlMjIlM0VBZXJvc3BhY2UlM0MlMkZvcHRpb24lM0UlMEElM0NvcHRpb24lMjB2YWx1ZSUzRCUyMmh0dHAlM0ElMkYlMkZwcm9jbGVhbnJvb20uY29tJTJGbWFya2V0cyUyRmNsZWFucm9vbXMtZm9yLXBoYXJtYWNldXRpY2FsJTJGJTIyJTNFUGhhcm1hY2V1dGljYWwlM0MlMkZvcHRpb24lM0UlMEElM0NvcHRpb24lMjB2YWx1ZSUzRCUyMmh0dHAlM0ElMkYlMkZwcm9jbGVhbnJvb20uY29tJTJGbWFya2V0cyUyRmNsZWFucm9vbXMtZm9yLW51Y2xlYXItYW5kLWVuZXJneSUyRiUyMiUzRU51Y2xlYXIlMjBhbmQlMjBlbmVyZ3klM0MlMkZvcHRpb24lM0UlMEElM0NvcHRpb24lMjB2YWx1ZSUzRCUyMmh0dHAlM0ElMkYlMkZwcm9jbGVhbnJvb20uY29tJTJGbWFya2V0cyUyRmNsZWFucm9vbXMtZm9yLXByZWNpc2lvbi1tZWNoYW5pY3MlMkYlMjIlM0VQcmVjaXNpb24lMjBtZWNoYW5pY3MlM0MlMkZvcHRpb24lM0UlMEElM0NvcHRpb24lMjB2YWx1ZSUzRCUyMmh0dHAlM0ElMkYlMkZwcm9jbGVhbnJvb20uY29tJTJGbWFya2V0cyUyRmNsZWFucm9vbXMtZm9yLWZvb2QtaW5kdXN0cnklMkYlMjIlM0VGb29kJTIwaW5kdXN0cnklM0MlMkZvcHRpb24lM0UlMEElM0NvcHRpb24lMjB2YWx1ZSUzRCUyMmh0dHAlM0ElMkYlMkZwcm9jbGVhbnJvb20uY29tJTJGbWFya2V0cyUyRmNsZWFucm9vbXMtZm9yLWVsZWN0cm9uaWNzJTJGJTIyJTNFRWxlY3Ryb25pY3MlM0MlMkZvcHRpb24lM0UlMEElM0NvcHRpb24lMjB2YWx1ZSUzRCUyMmh0dHAlM0ElMkYlMkZwcm9jbGVhbnJvb20uY29tJTJGbWFya2V0cyUyRmNsZWFucm9vbXMtZm9yLWVuZ2luZWVyaW5nJTJGJTIyJTNFRW5naW5lZXJpbmclM0MlMkZvcHRpb24lM0UlMEElM0NvcHRpb24lMjB2YWx1ZSUzRCUyMmh0dHAlM0ElMkYlMkZwcm9jbGVhbnJvb20uY29tJTJGbWFya2V0cyUyRmNsZWFucm9vbXMtZm9yLWRlZmVuY2UlMkYlMjIlM0VEZWZlbmNlJTNDJTJGb3B0aW9uJTNFJTBBJTNDb3B0aW9uJTIwdmFsdWUlM0QlMjJodHRwJTNBJTJGJTJGcHJvY2xlYW5yb29tLmNvbSUyRm1hcmtldHMlMkZjbGVhbnJvb21zLWZvci1oZWFsdGhjYXJlJTJGJTIyJTNFSGVhbHRoY2FyZSUzQyUyRm9wdGlvbiUzRSUwQSUzQyUyRnNlbGVjdCUzRSUwQSUzQyUyRmRpdiUzRSUwQSUzQyUyRmRpdiUzRQ==[\/vc_raw_html][vc_empty_space]<\/div><\/div><\/div><\/div><\/div><\/section><section class=\"l-section wpb_row height_auto color_primary with_img with_overlay\"><div class=\"l-section-img\" style=\"background-image: url(https:\/\/procleanroom.com\/wp-content\/uploads\/2015\/08\/11097_v1.jpg);\" data-img-width=\"1500\" data-img-height=\"641\"><\/div><div class=\"l-section-overlay\" style=\"background-color: rgba(0,0,0,0.3)\"><\/div><div class=\"l-section-h i-cf\"><div class=\"g-cols type_default\"><div class=\"vc_col-sm-6 wpb_column vc_column_container animate_hfc d1\"><div class=\"vc_column-inner\"><div class=\"wpb_wrapper\"><div class=\"w-separator type_invisible size_medium thick_1 style_solid color_border cont_none\"><span class=\"w-separator-h\"><\/span><\/div><div class=\"wpb_text_column \"><div class=\"wpb_wrapper\">\n<h1>DIE EFFIZIENTESTEN REINR\u00c4UME DER WELT<\/h1>\n<p>ProCleanroom hat ein Reinraumkonzept entwickelt, das sich durch Effizienz auszeichnet. Wie? Durch die Entwicklung eines Konzepts, das die kritischen Prozesse im Reinraum vollst\u00e4ndig unterst\u00fctzt. Das bedeutet, dass wir nach den bestm\u00f6glichen L\u00f6sungen streben, uns bei der Einhaltung der Vorschriften der Zukunft auszeichnen und Technologien einsetzen, die den niedrigsten Stromverbrauch auf dem Markt gew\u00e4hrleisten. Wir entwickeln st\u00e4ndig neue Designs, um die Reinigung des Reinraums f\u00fcr den Anwender einfacher und schneller zu gestalten. Dar\u00fcber hinaus verl\u00e4uft die Lieferung und Installation dank der Vorfertigung in unseren Einrichtungen reibungslos und ohne \u00fcberm\u00e4\u00dfige Unterbrechung Ihrer Gesch\u00e4ftsabl\u00e4ufe. Das spart Geld. ProCleanroom versetzt sich in den Kunden hinein. <strong>Build your expertise.<\/strong><\/div> <\/div> <div class=\"w-separator type_invisible size_medium thick_1 style_solid color_border cont_none\"><span class=\"w-separator-h\"><\/span><\/div><div class=\"w-btn-wrapper align_left\"><a class=\"w-btn style_outlined color_primary icon_atleft\" href=\"\/cleanrooms\/modular-cleanrooms\/\"><i class=\"fa fa-comments-o\"><\/i><span class=\"w-btn-label\">M\u00d6CHTEN SIE MEHR ERFAHREN?<\/span><\/a><\/div><div class=\"w-separator type_invisible size_medium thick_1 style_solid color_border cont_none\"><span class=\"w-separator-h\"><\/span><\/div>[vc_empty_space height=&#8220;0px&#8220;]<\/div><\/div><\/div><div class=\"vc_col-sm-6 wpb_column vc_column_container\"><div class=\"vc_column-inner\"><div class=\"wpb_wrapper\"><\/div><\/div><\/div><\/div><\/div><\/section><section class=\"l-section wpb_row height_medium\"><div class=\"l-section-h i-cf\"><div class=\"g-cols type_default\"><div class=\"vc_col-sm-12 wpb_column vc_column_container\"><div class=\"vc_column-inner\"><div class=\"wpb_wrapper\"><div class=\"g-cols wpb_row type_default vc_inner \"><div class=\"vc_col-sm-12 wpb_column vc_column_container\"><div class=\"vc_column-inner\"><div class=\"wpb_wrapper\"><div class=\"w-separator type_invisible size_small thick_1 style_solid color_border cont_none\"><span class=\"w-separator-h\"><\/span><\/div><div class=\"wpb_text_column \"><div class=\"wpb_wrapper\">\n<h2 style=\"text-align: center;\"><strong>VORTEILE VON PROCLEANROOM<\/strong><\/h2>\n<\/div> <\/div> <\/div><\/div><\/div><\/div><div class=\" uavc-icons-center uavc-icons \">\n<div class=\"aio-icon  \" data-animation=\"\" data-animation-delay=\"03\" style=\"font-size:32px;margin-right:5px;\">\n\t<i class=\"Defaults-chevron-down\"><\/i>\n<\/div><\/div><div class=\"w-separator type_invisible size_medium thick_1 style_solid color_border cont_none\"><span class=\"w-separator-h\"><\/span><\/div><div class=\"g-cols wpb_row type_default vc_inner \"><div class=\"vc_col-sm-4 wpb_column vc_column_container animate_afl\"><div class=\"vc_column-inner\"><div class=\"wpb_wrapper\"><div class=\"w-iconbox iconpos_left style_default color_primary\"><div class=\"w-iconbox-icon\" style=\"font-size:48px;\"><i class=\"fa fa-leaf\"><\/i><\/div><div class=\"w-iconbox-meta\"><h4 class=\"w-iconbox-title\">Effizientestes Energiekonzept<\/h4><div class=\"w-iconbox-text\">Geringster Energieverbrauch durch den Einsatz eines Luftfiltersystems.<br \/>\n<\/div><\/div><\/div><div class=\"w-separator type_invisible size_medium thick_1 style_solid color_border cont_none\"><span class=\"w-separator-h\"><\/span><\/div><div class=\"w-iconbox iconpos_left style_default color_primary\"><div class=\"w-iconbox-icon\" style=\"font-size:48px;\"><i class=\"fa fa-graduation-cap\"><\/i><\/div><div class=\"w-iconbox-meta\"><h4 class=\"w-iconbox-title\">18 Jahre Erfahrung<\/h4><div class=\"w-iconbox-text\">Bew\u00e4hrte L\u00f6sungen f\u00fcr die Reinraumindustrie. Zertifizierte Ingenieure kennen Ihr Fachgebiet und arbeiten nach den h\u00f6chsten Standards.<\/div><\/div><\/div><div class=\"w-separator type_invisible size_medium thick_1 style_solid color_border cont_none\"><span class=\"w-separator-h\"><\/span><\/div><div class=\"w-iconbox iconpos_left style_default color_primary\"><div class=\"w-iconbox-icon\" style=\"font-size:48px;\"><i class=\"fa fa-money\"><\/i><\/div><div class=\"w-iconbox-meta\"><h4 class=\"w-iconbox-title\">Niedrigste Kosten<\/h4><div class=\"w-iconbox-text\">Reinr\u00e4ume mit den niedrigsten Betriebskosten auf dem Markt.<\/div><\/div><\/div><\/div><\/div><\/div><div class=\"vc_col-sm-4 wpb_column vc_column_container animate_afb\"><div class=\"vc_column-inner\"><div class=\"wpb_wrapper\"><div class=\"w-iconbox iconpos_left style_default color_primary\"><div class=\"w-iconbox-icon\" style=\"font-size:48px;\"><i class=\"fa fa-check-square-o\"><\/i><\/div><div class=\"w-iconbox-meta\"><h4 class=\"w-iconbox-title\">Qualit\u00e4t<\/h4><div class=\"w-iconbox-text\">Hochwertigste Technologien und Materialien.<\/div><\/div><\/div><div class=\"w-separator type_invisible size_medium thick_1 style_solid color_border cont_none\"><span class=\"w-separator-h\"><\/span><\/div><div class=\"w-iconbox iconpos_left style_default color_primary\"><div class=\"w-iconbox-icon\" style=\"font-size:48px;\"><i class=\"fa fa-building-o\"><\/i><\/div><div class=\"w-iconbox-meta\"><h4 class=\"w-iconbox-title\">Kann in jedem Raum installiert werden<\/h4><div class=\"w-iconbox-text\">Die reinr\u00e4ume k\u00f6nnen unabh\u00e4ngig voneinander in jedem Raum oder Arbeitsbereich platziert werden. In Labors, Produktionshallen oder bestehenden Reinr\u00e4umen.<\/div><\/div><\/div><div class=\"w-separator type_invisible size_medium thick_1 style_solid color_border cont_none\"><span class=\"w-separator-h\"><\/span><\/div><div class=\"w-iconbox iconpos_left style_default color_primary\"><div class=\"w-iconbox-icon\" style=\"font-size:48px;\"><i class=\"fa fa-random\"><\/i><\/div><div class=\"w-iconbox-meta\"><h4 class=\"w-iconbox-title\">Flexibles Design<\/h4><div class=\"w-iconbox-text\">ProCleanroom bietet ma\u00dfgeschneiderte Dienstleistungen f\u00fcr jede Situation. Gr\u00f6\u00dfen von 1 bis \u00fcber 1000 m2.<br \/>\n<\/div><\/div><\/div><\/div><\/div><\/div><div class=\"vc_col-sm-4 wpb_column vc_column_container animate_afr\"><div class=\"vc_column-inner\"><div class=\"wpb_wrapper\"><div class=\"w-iconbox iconpos_left style_default color_primary\"><div class=\"w-iconbox-icon\" style=\"font-size:48px;\"><i class=\"fa fa-signal\"><\/i><\/div><div class=\"w-iconbox-meta\"><h4 class=\"w-iconbox-title\">ISO-Klasse 3 - 9<\/h4><div class=\"w-iconbox-text\">ProCleanroom realisiert professionelle Reinr\u00e4ume der ISO-Klassen 3-9 gem\u00e4\u00df der internationalen Norm ISO14644-1\/3.<\/div><\/div><\/div><div class=\"w-separator type_invisible size_medium thick_1 style_solid color_border cont_none\"><span class=\"w-separator-h\"><\/span><\/div><div class=\"w-iconbox iconpos_left style_default color_primary\"><div class=\"w-iconbox-icon\" style=\"font-size:48px;\"><i class=\"fa fa-dashboard\"><\/i><\/div><div class=\"w-iconbox-meta\"><h4 class=\"w-iconbox-title\">Schnelle Lieferung<\/h4><div class=\"w-iconbox-text\">Ma\u00dfgeschneiderte Designs, hergestellt und geliefert innerhalb weniger Wochen. Installation innerhalb weniger Tage einschlie\u00dflich Validierung gem\u00e4\u00df ISO14644-1\/3.<\/div><\/div><\/div><div class=\"w-separator type_invisible size_medium thick_1 style_solid color_border cont_none\"><span class=\"w-separator-h\"><\/span><\/div><div class=\"w-iconbox iconpos_left style_default color_primary\"><div class=\"w-iconbox-icon\" style=\"font-size:48px;\"><i class=\"fa fa-cube\"><\/i><\/div><div class=\"w-iconbox-meta\"><h4 class=\"w-iconbox-title\">Permanent und mobil<\/h4><div class=\"w-iconbox-text\">Unsere Reinr\u00e4ume lassen sich leicht erweitern oder modifizieren, das modulare Konzept erm\u00f6glicht sogar einen einfachen Umzug oder Standortwechsel.<\/div><\/div><\/div><\/div><\/div><\/div><\/div><div class=\"g-cols wpb_row type_default vc_inner \"><div class=\"vc_col-sm-12 wpb_column vc_column_container\"><div class=\"vc_column-inner\"><div class=\"wpb_wrapper\"><div class=\"w-separator type_short size_small thick_1 style_solid color_border cont_icon\"><span class=\"w-separator-h\"><i class=\"fa fa-chevron-down\"><\/i><\/span><\/div><div class=\"w-btn-wrapper align_center\"><a class=\"w-btn style_outlined color_primary icon_none\" href=\"https:\/\/procleanroom.com\/cleanrooms\/\"><span class=\"w-btn-label\">M\u00d6CHTEN SIE MEHR ERFAHREN?<\/span><\/a><\/div><\/div><\/div><\/div><\/div><\/div><\/div><\/div><\/div><\/div><\/section><section class=\"l-section wpb_row height_medium color_alternate hexagonalrow\"><div class=\"l-section-h i-cf\"><div class=\"g-cols type_default\"><div class=\"vc_col-sm-3 wpb_column vc_column_container animate_afc\"><div class=\"vc_column-inner\"><div class=\"wpb_wrapper\"><div class=\"w-counter size_small color_primary align_center\" data-initial=\"0\" data-target=\"18\" data-prefix=\"\" data-suffix=\"\">\r\n\t<div class=\"w-counter-h\">\r\n\t\t<div class=\"w-counter-number\">\r\n\t\t\t0\t\t<\/div>\r\n\t\t\t\t<h6 class=\"w-counter-title\">Jahre erfolgreich aktiv\t<\/h6>\r\n\t<\/div>\r\n<\/div>\r\n<\/div><\/div><\/div><div class=\"vc_col-sm-3 wpb_column vc_column_container animate_afc d1\"><div class=\"vc_column-inner\"><div class=\"wpb_wrapper\"><div class=\"w-counter size_small color_primary align_center\" data-initial=\"0\" data-target=\"97\" data-prefix=\"\" data-suffix=\"%\">\r\n\t<div class=\"w-counter-h\">\r\n\t\t<div class=\"w-counter-number\">\r\n\t\t\t0%\t\t<\/div>\r\n\t\t\t\t<h6 class=\"w-counter-title\">Nach Zeitplan geliefert\t<\/h6>\r\n\t<\/div>\r\n<\/div>\r\n<\/div><\/div><\/div><div class=\"vc_col-sm-3 wpb_column vc_column_container animate_afc d2\"><div class=\"vc_column-inner\"><div class=\"wpb_wrapper\"><div class=\"w-counter size_small color_primary align_center\" data-initial=\"0\" data-target=\"483\" data-prefix=\"\" data-suffix=\"\">\r\n\t<div class=\"w-counter-h\">\r\n\t\t<div class=\"w-counter-number\">\r\n\t\t\t0\t\t<\/div>\r\n\t\t\t\t<h6 class=\"w-counter-title\">In Auftrag gegebene Projekte\t<\/h6>\r\n\t<\/div>\r\n<\/div>\r\n<\/div><\/div><\/div><div class=\"vc_col-sm-3 wpb_column vc_column_container animate_afc d3\"><div class=\"vc_column-inner\"><div class=\"wpb_wrapper\"><div class=\"w-counter size_small color_primary align_center\" data-initial=\"0\" data-target=\"14\" data-prefix=\"\" data-suffix=\"\">\r\n\t<div class=\"w-counter-h\">\r\n\t\t<div class=\"w-counter-number\">\r\n\t\t\t0\t\t<\/div>\r\n\t\t\t\t<h6 class=\"w-counter-title\">L\u00e4nder, in denen wir Projekte realisiert haben.\t<\/h6>\r\n\t<\/div>\r\n<\/div>\r\n<\/div><\/div><\/div><\/div><\/div><\/section><section class=\"l-section wpb_row height_medium\"><div class=\"l-section-h i-cf\"><div class=\"g-cols type_default\"><div class=\"vc_col-sm-12 wpb_column vc_column_container\"><div class=\"vc_column-inner\"><div class=\"wpb_wrapper\"><div class=\"g-cols wpb_row type_default vc_inner \"><div class=\"vc_col-sm-12 wpb_column vc_column_container\"><div class=\"vc_column-inner\"><div class=\"wpb_wrapper\"><div class=\"wpb_text_column \"><div class=\"wpb_wrapper\">\n<h3 style=\"text-align: center;\"><strong>Was sagen andere zu unseren L\u00f6sungen?<\/strong><\/h3>\n<\/div> <\/div> <div class=\"w-separator type_invisible size_medium thick_1 style_solid color_border cont_none\"><span class=\"w-separator-h\"><\/span><\/div><\/div><\/div><\/div><\/div><div class=\"g-cols wpb_row type_default vc_inner \"><div class=\"vc_col-sm-4 wpb_column vc_column_container animate_afc d1\"><div class=\"vc_column-inner\"><div class=\"wpb_wrapper\"><div class=\"w-testimonials style_4\"><div class=\"w-testimonial\"><blockquote class=\"w-testimonial-h\"><div class=\"w-testimonial-text\">Das Downflow-Projekt wurde wie geplant realisiert. Perfekter Service und hervorragende Zusammenarbeit. Zufriedenstellendes Ergebnis innerhalb des Budgets und der verf\u00fcgbaren Zeit<\/div><div class=\"w-testimonial-author\"><div><span class=\"w-testimonial-author-name\"><span>R. v.d. Heuvel - Operations<\/span><\/span><span class=\"w-testimonial-author-role\">Merck Window Technologies<\/span><\/div><\/div><\/blockquote><\/div><\/div><\/div><\/div><\/div><div class=\"vc_col-sm-4 wpb_column vc_column_container animate_afc d1\"><div class=\"vc_column-inner\"><div class=\"wpb_wrapper\"><div class=\"w-testimonials style_4\"><div class=\"w-testimonial\"><blockquote class=\"w-testimonial-h\"><div class=\"w-testimonial-text\">ProCleanroom hat uns bei der Konfiguration des gew\u00fcnschten Moduls gut und kompetent geholfen. Lieferung und Installation erfolgten wie vereinbart und die Nachbetreuung ist gut, auch bei den j\u00e4hrlichen Kontrollen<\/div><div class=\"w-testimonial-author\"><div><span class=\"w-testimonial-author-name\"><span>P. v. Doorn<\/span><\/span><span class=\"w-testimonial-author-role\">Tokyo Electron Europe - Halbleiterindustrie<\/span><\/div><\/div><\/blockquote><\/div><\/div><\/div><\/div><\/div><div class=\"vc_col-sm-4 wpb_column vc_column_container animate_afc d1\"><div class=\"vc_column-inner\"><div class=\"wpb_wrapper\"><div class=\"w-testimonials style_4\"><div class=\"w-testimonial\"><blockquote class=\"w-testimonial-h\"><div class=\"w-testimonial-text\">Wichtig f\u00fcr KONI war die kurze Vorlaufzeit und Installationszeit des Reinraums. Da der anspruchsvolle Zeitplan eingehalten wurde, konnten wir wie geplant mit der Inbetriebnahme unserer FSD-Produktionslinie fortfahren.<\/div><div class=\"w-testimonial-author\"><div><span class=\"w-testimonial-author-name\"><span>B. Scholte<\/span><\/span><span class=\"w-testimonial-author-role\">KONI - Automotive<\/span><\/div><\/div><\/blockquote><\/div><\/div><\/div><\/div><\/div><\/div><\/div><\/div><\/div><\/div><\/div><\/section><section class=\"l-section wpb_row height_medium color_custom\" style=\"background-color: #b1dde6;\"><div class=\"l-section-h i-cf\"><div class=\"g-cols type_default\"><div class=\"vc_col-sm-12 wpb_column vc_column_container\"><div class=\"vc_column-inner\"><div class=\"wpb_wrapper\">[vc_empty_space height=&#8220;30px&#8220;][vc_empty_space height=&#8220;30px&#8220;]<\/div><\/div><\/div><\/div><\/div><\/section>\n","protected":false},"excerpt":{"rendered":"BUILD YOUR EXPERTISE ProCleanroom ist spezialisiert auf Reinraum- und Laminar-Flow-L\u00f6sungen f\u00fcr Technologieunternehmen und Forschungseinrichtungen in verschiedenen Branchen. Die Reinr\u00e4ume sind modular und daher leicht zu erweitern, zu versetzen und zu integrieren. Erweitern Sie Ihre Expertise durch Innovation und Entwicklung mit...","protected":false},"author":2,"featured_media":0,"parent":0,"menu_order":0,"comment_status":"closed","ping_status":"closed","template":"","meta":{"footnotes":""},"class_list":["post-15452","page","type-page","status-publish","hentry"],"_links":{"self":[{"href":"https:\/\/procleanroom.com\/de\/wp-json\/wp\/v2\/pages\/15452","targetHints":{"allow":["GET"]}}],"collection":[{"href":"https:\/\/procleanroom.com\/de\/wp-json\/wp\/v2\/pages"}],"about":[{"href":"https:\/\/procleanroom.com\/de\/wp-json\/wp\/v2\/types\/page"}],"author":[{"embeddable":true,"href":"https:\/\/procleanroom.com\/de\/wp-json\/wp\/v2\/users\/2"}],"replies":[{"embeddable":true,"href":"https:\/\/procleanroom.com\/de\/wp-json\/wp\/v2\/comments?post=15452"}],"version-history":[{"count":10,"href":"https:\/\/procleanroom.com\/de\/wp-json\/wp\/v2\/pages\/15452\/revisions"}],"predecessor-version":[{"id":19236,"href":"https:\/\/procleanroom.com\/de\/wp-json\/wp\/v2\/pages\/15452\/revisions\/19236"}],"wp:attachment":[{"href":"https:\/\/procleanroom.com\/de\/wp-json\/wp\/v2\/media?parent=15452"}],"curies":[{"name":"wp","href":"https:\/\/api.w.org\/{rel}","templated":true}]}}